{"id":10,"date":"2017-10-17T10:56:59","date_gmt":"2017-10-17T08:56:59","guid":{"rendered":"https:\/\/2018.pontevedra.wordcamp.org\/sponsors\/"},"modified":"2018-09-26T11:51:14","modified_gmt":"2018-09-26T09:51:14","slug":"nuestros-patrocinadores","status":"publish","type":"page","link":"https:\/\/pontevedra.wordcamp.org\/2018\/nuestros-patrocinadores\/","title":{"rendered":"Patrocinadores"},"content":{"rendered":"<p><em>Una WordCamp no se podr\u00eda realizar sin el trabajo desinteresado de organizadores, voluntarios, ponentes y asistentes. Pero<strong> son los patrocinadores la pieza clave que apoyan que las WordCamp<\/strong> alrededor del mundo se celebren. Queremos darles <strong>infinitas gracias por su apoyo<\/strong> y os invitamos a todos a conocerlos un poco mejor. Y es que su apoyo a la comunidad de WordPress es una muestra de unos valores y unos principios que tambi\u00e9n tienen en sus productos y servicios. \u00a1Gracias por todo!<\/em><\/p>\n<h2 style=\"text-align: center\">Patrocinadores Oro<\/h2>\n<hr \/>\n<p><a href=\"https:\/\/2018.pontevedra.wordcamp.org\/sponsor\/woocommerce\/\"><img loading=\"lazy\" decoding=\"async\" class=\"alignleft wp-image-1003\" src=\"https:\/\/2018.pontevedra.wordcamp.org\/files\/2018\/08\/logo-woocommerce-300x80.jpg\" alt=\"Logo WooCommerce\" width=\"250\" height=\"67\" srcset=\"https:\/\/pontevedra.wordcamp.org\/2018\/files\/2018\/08\/logo-woocommerce-300x80.jpg 300w, https:\/\/pontevedra.wordcamp.org\/2018\/files\/2018\/08\/logo-woocommerce-500x133.jpg 500w, https:\/\/pontevedra.wordcamp.org\/2018\/files\/2018\/08\/logo-woocommerce.jpg 600w\" sizes=\"auto, (max-width: 250px) 85vw, 250px\" \/><\/a><a href=\"https:\/\/2018.pontevedra.wordcamp.org\/sponsor\/woocommerce\/\"><strong>WooCommerce<\/strong><\/a><br \/>\nEl motor del 28 % de todas las tiendas del mundo, un plugin con m\u00e1s de 1 mill\u00f3n de instalaciones activas y m\u00e1s de 400 extensiones para ampliar funcionalidades.<\/p>\n<hr \/>\n<p><a href=\"https:\/\/2018.pontevedra.wordcamp.org\/sponsor\/jetpack\/\"><img loading=\"lazy\" decoding=\"async\" class=\"alignleft wp-image-1001\" src=\"https:\/\/2018.pontevedra.wordcamp.org\/files\/2018\/08\/logo-jetpack-300x80.jpg\" alt=\"Logo Jetpack\" width=\"250\" height=\"67\" srcset=\"https:\/\/pontevedra.wordcamp.org\/2018\/files\/2018\/08\/logo-jetpack-300x80.jpg 300w, https:\/\/pontevedra.wordcamp.org\/2018\/files\/2018\/08\/logo-jetpack-500x133.jpg 500w, https:\/\/pontevedra.wordcamp.org\/2018\/files\/2018\/08\/logo-jetpack.jpg 600w\" sizes=\"auto, (max-width: 250px) 85vw, 250px\" \/><\/a><a href=\"https:\/\/2018.pontevedra.wordcamp.org\/sponsor\/jetpack\/\"><strong>Jetpack<\/strong><\/a><br \/>\nEl plugin que conecta tu sitio a los servicios globales, comunidad y soporte de WordPress.com para que te puedas centrar s\u00f3lo en las cosas que importan.<\/p>\n<hr \/>\n<p><a href=\"https:\/\/2018.pontevedra.wordcamp.org\/sponsor\/universidade-de-vigo-facultade-de-ciencias-sociais-e-da-comunicacion\/\"><img loading=\"lazy\" decoding=\"async\" class=\"alignleft wp-image-1001\" src=\"https:\/\/2018.pontevedra.wordcamp.org\/files\/2018\/08\/logo-uvigo-300x80.jpg\" alt=\"Logo Facultade de Ciencias Sociais e da Comunicaci\u00f3n\" width=\"250\" height=\"67\" \/><\/a><a href=\"https:\/\/2018.pontevedra.wordcamp.org\/sponsor\/universidade-de-vigo-facultade-de-ciencias-sociais-e-da-comunicacion\/\"><strong>Universidade de Vigo &#8211; Facultad de Ciencias Sociais e da Comunicaci\u00f3n<\/strong><\/a><br \/>\nTanto desde la Facultad como desde el Vicerrectorado apoyan la difusi\u00f3n del conocimiento sobre WordPress.<\/p>\n<hr \/>\n<p><a href=\"https:\/\/2018.pontevedra.wordcamp.org\/sponsor\/dinahosting\/\"><img loading=\"lazy\" decoding=\"async\" class=\"alignleft wp-image-1001\" src=\"https:\/\/2018.pontevedra.wordcamp.org\/files\/2018\/08\/logo-dinahosting-300x80.jpg\" alt=\"Logo Dinahosting\" width=\"250\" height=\"67\" \/><\/a><a href=\"https:\/\/2018.pontevedra.wordcamp.org\/sponsor\/dinahosting\/\"><strong>Dinahosting<\/strong><\/a><br \/>\nDesde 2001 en el mundo del hosting y la web, siendo diferentes, ilusion\u00e1ndose y aprendiendo. Servidores cuidados hasta el \u00faltimo detalle.<\/p>\n<hr \/>\n<p><a href=\"https:\/\/2018.pontevedra.wordcamp.org\/sponsor\/yith\/\"><img loading=\"lazy\" decoding=\"async\" class=\"alignleft wp-image-1001\" src=\"https:\/\/2018.pontevedra.wordcamp.org\/files\/2018\/08\/logo-yith-300x80.jpg\" alt=\"Logo Yith\" width=\"250\" height=\"67\" \/><\/a><a href=\"https:\/\/2018.pontevedra.wordcamp.org\/sponsor\/yith\/\"><strong>Yith<\/strong><\/a><br \/>\nDesarrollan temas y plugins innovadores para sitios web basados en WooCommerce. Simples, efectivos y con un gran soporte.<\/p>\n<hr \/>\n<p><a href=\"https:\/\/2018.pontevedra.wordcamp.org\/sponsor\/siteground\/\"><img loading=\"lazy\" decoding=\"async\" class=\"alignleft wp-image-1001\" src=\"https:\/\/2018.pontevedra.wordcamp.org\/files\/2018\/07\/logo-siteground-300x80.jpg\" alt=\"Logo SiteGround\" width=\"250\" height=\"67\" \/><\/a><a href=\"https:\/\/2018.pontevedra.wordcamp.org\/sponsor\/siteground\/\"><strong>SiteGround<\/strong><\/a><br \/>\nM\u00e1s de 13 a\u00f1os de experiencia en el sector, proporciona servicios de hosting gestionado de WordPress de alta calidad y prestaciones.<\/p>\n<hr \/>\n<h2 style=\"text-align: center\">Patrocinadores Plata<\/h2>\n<hr \/>\n<p><a href=\"https:\/\/2018.pontevedra.wordcamp.org\/sponsor\/godaddy\/\"><img loading=\"lazy\" decoding=\"async\" class=\"alignleft wp-image-1001\" src=\"https:\/\/2018.pontevedra.wordcamp.org\/files\/2017\/10\/logo-godady-300x80.jpg\" alt=\"Logo GoDaddy Pro\" width=\"250\" height=\"67\" \/><\/a><a href=\"https:\/\/2018.pontevedra.wordcamp.org\/sponsor\/godaddy\/\"><strong>GoDaddy Pro<\/strong><\/a><br \/>\nUn programa gratuito para desarrolladores web, dise\u00f1adores y agencias especializados en WordPress.<\/p>\n<hr \/>\n<p><a href=\"https:\/\/2018.pontevedra.wordcamp.org\/sponsor\/bluehost\/\"><img loading=\"lazy\" decoding=\"async\" class=\"alignleft wp-image-1001\" src=\"https:\/\/2018.pontevedra.wordcamp.org\/files\/2017\/10\/logo-bluehost-300x80.jpg\" alt=\"Logo Bluehost\" width=\"250\" height=\"67\" \/><\/a><a href=\"https:\/\/2018.pontevedra.wordcamp.org\/sponsor\/bluehost\/\"><strong>Bluehost<\/strong><\/a><br \/>\nPartners de WordPress desde 2005 y hacen correr m\u00e1s de un mill\u00f3n de sitios WP por todo el mundo.<\/p>\n<hr \/>\n<p><a href=\"https:\/\/2018.pontevedra.wordcamp.org\/sponsor\/arsys\/\"><img loading=\"lazy\" decoding=\"async\" class=\"alignleft wp-image-1001\" src=\"https:\/\/2018.pontevedra.wordcamp.org\/files\/2018\/08\/logo-arsys-300x80.jpg\" alt=\"Logo Arsys\" width=\"250\" height=\"67\" \/><\/a><a href=\"https:\/\/2018.pontevedra.wordcamp.org\/sponsor\/arsys\/\"><strong>Arsys<\/strong><\/a><br \/>\nPionero del Cloud Hosting en Europa gracias a su compromiso con la innovaci\u00f3n.<\/p>\n<hr \/>\n<p><a href=\"https:\/\/2018.pontevedra.wordcamp.org\/sponsor\/raiola-networks\/\"><img loading=\"lazy\" decoding=\"async\" class=\"alignleft wp-image-1001\" src=\"https:\/\/2018.pontevedra.wordcamp.org\/files\/2018\/08\/logo-raiola-300x80.jpg\" alt=\"Logo Raiola Networks\" width=\"250\" height=\"67\" \/><\/a><a href=\"https:\/\/2018.pontevedra.wordcamp.org\/sponsor\/raiola-networks\/\"><strong>Raiola Networks<\/strong><\/a><br \/>\nCuentan con hosting WordPress SSD y un servicio t\u00e9cnico especializado en WordPress.<\/p>\n<hr \/>\n<h2 style=\"text-align: center\">Patrocinadores Bronce<\/h2>\n<hr \/>\n<p><a href=\"https:\/\/2018.pontevedra.wordcamp.org\/sponsor\/yoast\/\"><img loading=\"lazy\" decoding=\"async\" class=\"alignleft wp-image-1001\" src=\"https:\/\/2018.pontevedra.wordcamp.org\/files\/2018\/07\/logo-yoast-300x80.jpg\" alt=\"Logo Yoast\" width=\"250\" height=\"67\" \/><\/a><a href=\"https:\/\/2018.pontevedra.wordcamp.org\/sponsor\/yoast\/\"><strong>Yoast<\/strong><\/a><br \/>\nEl plugin y mucha formaci\u00f3n sobre SEO.<\/p>\n<hr \/>\n<p><a href=\"https:\/\/2018.pontevedra.wordcamp.org\/sponsor\/espacio-arroelo\/\"><img loading=\"lazy\" decoding=\"async\" class=\"alignleft wp-image-1001\" src=\"https:\/\/2018.pontevedra.wordcamp.org\/files\/2018\/09\/logo-arroelo-300x80.jpg\" alt=\"Logo Espacio Arroelo\" width=\"250\" height=\"67\" \/><\/a><a href=\"https:\/\/2018.pontevedra.wordcamp.org\/sponsor\/arroelo\/\"><strong>Espacio Arroelo<\/strong><\/a><br \/>\nTu espacio de coworking en Pontevedra.<\/p>\n<hr \/>\n<p><a href=\"https:\/\/2018.pontevedra.wordcamp.org\/sponsor\/hacce\/\"><img loading=\"lazy\" decoding=\"async\" class=\"alignleft wp-image-1001\" src=\"https:\/\/2018.pontevedra.wordcamp.org\/files\/2018\/09\/logo-hacce-300x80.jpg\" alt=\"Logo Hacce\" width=\"250\" height=\"67\" \/><\/a><a href=\"https:\/\/2018.pontevedra.wordcamp.org\/sponsor\/hacce\/\"><strong>Hacce<\/strong><\/a><br \/>\nDise\u00f1amos sitios web, ecommerce, interfaz y aplicaciones orientados a la conversi\u00f3n y experiencia de usuario.<\/p>\n<hr \/>\n<h2 style=\"text-align: center\">Patrocinadores en especie<\/h2>\n<hr \/>\n<p><a href=\"https:\/\/2018.pontevedra.wordcamp.org\/sponsor\/sticker-mule\/\"><img loading=\"lazy\" decoding=\"async\" class=\"alignleft wp-image-1001\" src=\"https:\/\/2018.pontevedra.wordcamp.org\/files\/2018\/09\/logo-stickermule-300x80.jpg\" alt=\"Logo Sticker Mule\" width=\"250\" height=\"67\" \/><\/a><a href=\"https:\/\/2018.pontevedra.wordcamp.org\/sponsor\/sticker-mule\/\"><strong>Sticker Mule<\/strong><\/a><br \/>\nTus pegatinas al mejor precio.<\/p>\n<hr \/>\n<p><a href=\"https:\/\/2018.pontevedra.wordcamp.org\/sponsor\/estrella-galicia\/\"><img loading=\"lazy\" decoding=\"async\" class=\"alignleft wp-image-1001\" src=\"https:\/\/2018.pontevedra.wordcamp.org\/files\/2018\/09\/logo-estrellagalicia-1-300x80.jpg\" alt=\"Logo Estrella Galicia\" width=\"250\" height=\"67\" \/><\/a><a href=\"https:\/\/2018.pontevedra.wordcamp.org\/sponsor\/sticker-mule\/\"><strong>Estrella Galicia<\/strong><\/a><br \/>\nJunto a Cabreiro\u00e1, bebida oficial del evento.<\/p>\n<hr \/>\n<h2 style=\"text-align: center\">Micropatrocinadores<\/h2>\n<hr \/>\n<ul>\n<li>Sergio Acu\u00f1a de <strong><a href=\"https:\/\/www.youtube.com\/channel\/UCo2f6PZeLKFZc28gUh0sEVw\">Enredando no Garaxe<\/a><\/strong>, un canal de proyectos de carpinter\u00eda.<\/li>\n<li>Natalia de la Pe\u00f1a de <strong><a href=\"https:\/\/enclaveproductiva.es\/\">EnClaveProductiva<\/a><\/strong>, gesti\u00f3n de presencia online de tu negocio.<\/li>\n<li><strong><a href=\"http:\/\/industriasi.com\/\">Industrias I<\/a><\/strong>, asesoramiento para elegir la mejor tecnolog\u00eda para tu proyecto.<\/li>\n<li>Jos\u00e9 Antonio Gonz\u00e1lez de <strong><a href=\"http:\/\/codigoofuscado.com\/\">C\u00f3digo Ofuscado<\/a><\/strong>, una web de programaci\u00f3n y desarrollo.<\/li>\n<li>Caribay Camacho de <strong><a href=\"https:\/\/www.marcacraft.com\/\">Marca Craft<\/a><\/strong>, asesor\u00eda legal personalizada para tu proyecto.<\/li>\n<\/ul>\n<hr \/>\n<h2 style=\"text-align: center\">Fila Cero<\/h2>\n<hr \/>\n<h3 style=\"text-align: center\"><a href=\"https:\/\/2018.pontevedra.wordcamp.org\/patrocinadores\/\">\u00a1Apoya t\u00fa tambi\u00e9n! Apoia ti tam\u00e9n! Sponsor us too!<\/a><\/h3>\n<p>&nbsp;<\/p>\n","protected":false},"excerpt":{"rendered":"<p>Una WordCamp no se podr\u00eda realizar sin el trabajo desinteresado de organizadores, voluntarios, ponentes y asistentes. Pero son los patrocinadores la pieza clave que apoyan que las WordCamp alrededor del mundo se celebren. Queremos darles infinitas gracias por su apoyo y os invitamos a todos a conocerlos un poco mejor. Y es que su apoyo &hellip; <a href=\"https:\/\/pontevedra.wordcamp.org\/2018\/nuestros-patrocinadores\/\" class=\"more-link\">Continuar leyendo<span class=\"screen-reader-text\"> \u00abPatrocinadores\u00bb<\/span><\/a><\/p>\n","protected":false},"author":14240579,"featured_media":0,"parent":0,"menu_order":0,"comment_status":"closed","ping_status":"closed","template":"","meta":{"jetpack_post_was_ever_published":false,"footnotes":""},"class_list":["post-10","page","type-page","status-publish","hentry"],"jetpack_sharing_enabled":true,"jetpack_shortlink":"https:\/\/wp.me\/P9i2Dj-a","_links":{"self":[{"href":"https:\/\/pontevedra.wordcamp.org\/2018\/wp-json\/wp\/v2\/pages\/10","targetHints":{"allow":["GET"]}}],"collection":[{"href":"https:\/\/pontevedra.wordcamp.org\/2018\/wp-json\/wp\/v2\/pages"}],"about":[{"href":"https:\/\/pontevedra.wordcamp.org\/2018\/wp-json\/wp\/v2\/types\/page"}],"author":[{"embeddable":true,"href":"https:\/\/pontevedra.wordcamp.org\/2018\/wp-json\/wp\/v2\/users\/14240579"}],"replies":[{"embeddable":true,"href":"https:\/\/pontevedra.wordcamp.org\/2018\/wp-json\/wp\/v2\/comments?post=10"}],"version-history":[{"count":27,"href":"https:\/\/pontevedra.wordcamp.org\/2018\/wp-json\/wp\/v2\/pages\/10\/revisions"}],"predecessor-version":[{"id":1989,"href":"https:\/\/pontevedra.wordcamp.org\/2018\/wp-json\/wp\/v2\/pages\/10\/revisions\/1989"}],"wp:attachment":[{"href":"https:\/\/pontevedra.wordcamp.org\/2018\/wp-json\/wp\/v2\/media?parent=10"}],"curies":[{"name":"wp","href":"https:\/\/api.w.org\/{rel}","templated":true}]}}