{"id":13,"date":"2017-10-17T10:56:59","date_gmt":"2017-10-17T08:56:59","guid":{"rendered":"https:\/\/2018.pontevedra.wordcamp.org\/?page_id=13"},"modified":"2018-09-21T21:25:09","modified_gmt":"2018-09-21T19:25:09","slug":"entradas","status":"publish","type":"page","link":"https:\/\/pontevedra.wordcamp.org\/2018\/entradas\/","title":{"rendered":"Entradas"},"content":{"rendered":"<p style=\"text-align: right\"><a class=\"lang\" href=\"#gal\">[Galego]<\/a> <a class=\"lang\" href=\"#eng\">[English]<\/a><\/p>\n<h1>Entradas \/ Tickets<\/h1>\n<h2>\u00bfQu\u00e9 incluye mi entrada?<\/h2>\n<p>La entrada da <strong>acceso a todas las actividades<\/strong> los d\u00edas 22 y 23 de septiembre: por un lado, las <strong>conferencias<\/strong> del s\u00e1bado (habr\u00e1 dos <em>tracks<\/em> con charlas de todos los niveles, que detallaremos en el programa) y, por otro, el <strong>D\u00eda de la Comunidad<\/strong> o D\u00eda del Contribuidor el domingo.<\/p>\n<p>Est\u00e1n incluidas las <strong>comidas<\/strong> durante el evento, tanto el s\u00e1bado como el domingo, as\u00ed como el <strong>caf\u00e9 \/ t\u00e9 \/ agua<\/strong> durante las pausas del evento que se realizar\u00e1n por la ma\u00f1ana y por la tarde.<\/p>\n<p>Tambi\u00e9n te permitir\u00e1 acudir a la <em>after party<\/em> (o <em>festa rachada<\/em>) del s\u00e1bado por la noche donde podr\u00e1s tomar algo de forma distendida con otros asistentes al evento. Adem\u00e1s, recibir\u00e1s una <strong>camiseta conmemorativa<\/strong> de la WordCamp Pontevedra 2018 (eliges tu talla al comprar la entrada), una <strong>acreditaci\u00f3n personalizada<\/strong>\u2026 \u00a1y alguna sorpresa m\u00e1s!<\/p>\n<h2>Tipos de entrada<\/h2>\n<ul>\n<li><strong class=\"tix-ticket-title\">Entrada WordCamp Pontevedra<\/strong><br \/>\n<span class=\"tix-ticket-excerpt\">Acceso a todas las charlas y talleres del s\u00e1bado, acceso al D\u00eda del Contribuidor del domingo y otras actividades, as\u00ed como comidas, caf\u00e9s y algunas sorpresas m\u00e1s.<\/span><\/li>\n<li><strong class=\"tix-ticket-title\">Microsponsor WordCamp Pontevedra<\/strong><br \/>\n<span class=\"tix-ticket-excerpt\">Aparte de lo que ofrece la entrada general, mostraremos nuestro agradecimiento mencion\u00e1ndote en nuestras redes y poniendo un enlace en esta web por colaborar en hacer una gran WordCamp.<\/span><\/li>\n<li><strong class=\"tix-ticket-title\">Fila 0 \u2013 Colabora si no puedes asistir<\/strong><br \/>\n<span class=\"tix-ticket-excerpt\">Si quieres manifestar tu apoyo a la WordCamp pero no puedes venir, puedes colaborar con la Fila 0. Gracias a ti podremos ofrecer descuentos a universitarios y montar un gran evento.<\/span><\/li>\n<\/ul>\n<h2>Importante: antes de comprar<\/h2>\n<ul>\n<li><strong>\u00bfEres estudiante o profesor de la Universidad de Vigo?<\/strong> Tenemos un <strong>descuento del 60 %<\/strong> para las primeras 40 entradas de personas de esta comunidad que lo acrediten, quedando el precio de la entrada en 10 \u20ac. <a href=\"https:\/\/2018.pontevedra.wordcamp.org\/contacto\/\">Contacta con nosotros<\/a> para que generemos tu cup\u00f3n personalizado.<\/li>\n<li>\u00bfQuieres optar a ser ponente, voluntario o patrocinador? No compres a\u00fan tu entrada. Si resultas seleccionado, la asistencia ser\u00e1 gratis para ti.<\/li>\n<li>Utilizamos el sistema <a href=\"https:\/\/es.gravatar.com\/\">Gravatar<\/a> para mostrar la foto o avatar de los asistentes en la p\u00e1gina de asistentes. Si quieres que tu foto aparezca en el listado y en tu acreditaci\u00f3n personalizada, basta con crear una cuenta y asignarle tu avatar o foto al correo electr\u00f3nico que utilizar\u00e1s para adquirir tu entrada.<\/li>\n<li><strong>AUTORIZACI\u00d3N<\/strong>: Por el bien de la comunidad y con fines de promoci\u00f3n, habr\u00e1 voluntarios y\/o fot\u00f3grafos profesionales en la WordCamp Pontevedra 2018. Al acudir al evento autorizas la utilizaci\u00f3n de tu imagen si apareces en fotos o v\u00eddeos que se puedan tomar que muestren tu participaci\u00f3n en la WordCamp.<\/li>\n<\/ul>\n<a href=\"https:\/\/pontevedra.wordcamp.org\/2018\/entradas\/\">Por favor, ve esta p\u00e1gina en un navegador para hacer una compra o gestionar entradas.<\/a>\n<hr \/>\n<h2 id=\"gal\"><span style=\"color: #3576ba\">Que \u00e9 o que incl\u00fae a mi\u00f1a entrada?<\/span><\/h2>\n<p><span style=\"color: #3576ba\">A entrada darache acceso a <strong>todas as actividades<\/strong> dos d\u00edas 22 e 23 de setembro: as <strong>conferencias<\/strong> do s\u00e1bado (haber\u00e1 d\u00faas <em>tracks<\/em> con charlas de todos os niveis, que detallaremos no programa) mailo <strong>D\u00eda da Comunidade<\/strong> ou o D\u00eda do Contribu\u00ednte que se levar\u00e1 a cabo o domingo.<\/span><\/p>\n<p><span style=\"color: #3576ba\">Incl\u00fae o <strong>xantar<\/strong> durante o evento, tanto o s\u00e1bado coma o domingo, as\u00ed como <strong>caf\u00e9 \/ t\u00e9 \/ auga<\/strong> durante as pausas previstas pola ma\u00f1\u00e1 e pola tarde.<\/span><\/p>\n<p><span style=\"color: #3576ba\">Tam\u00e9n vale para asistir na noite do s\u00e1bado \u00e1 <em>after party<\/em> (ou festa rachada), onde poder\u00e1s tomar algo de maneira distendida con outros asistentes. E, enriba, levar\u00e1s unha <strong>camiseta conmemorativa<\/strong> da WordCamp Pontevedra 2018 (elixe o teu talle cando compres a entrada), unha <strong>acreditaci\u00f3n personalizada<\/strong>\u2026 e algunha outra sorpresa!<\/span><\/p>\n<h2><span style=\"color: #3576ba\">Tipos de entrada<\/span><\/h2>\n<ul>\n<li><span style=\"color: #3576ba\"><strong class=\"tix-ticket-title\">Entrada WordCamp Pontevedra<\/strong><\/span><br \/>\n<span style=\"color: #3576ba\">Acceso a todas as charlas e obradoiros do s\u00e1bado, acceso ao D\u00eda do Contribu\u00ednte do domingo e outras actividades, as\u00ed como comidas, caf\u00e9s e algunhas sorpresas m\u00e1is.<\/span><\/li>\n<li><span style=\"color: #3576ba\"><strong class=\"tix-ticket-title\">Microsponsor WordCamp Pontevedra<\/strong><\/span><br \/>\n<span style=\"color: #3576ba\">A maiores do que ofrece a entrada xeral, amosar\u00e9mosche o noso agradecemento cunha menci\u00f3n nas nosas redes e un enlace nesta web por colaborares connosco na confecci\u00f3n dunha WordCamp xeitosa.<\/span><\/li>\n<li><span style=\"color: #3576ba\"><strong class=\"tix-ticket-title\">Fila 0 \u2013 Colabora si no puedes asistir<\/strong><\/span><br \/>\n<span style=\"color: #3576ba\">Se queres darnos azos pero non podes vir a Pontevedra, a\u00ednda podes colaborar con Fila 0. Grazas a ti seremos quen de ofrecer descontos aos estudantes universitarios e darlle forma a un gran evento.<\/span><\/li>\n<\/ul>\n<h2><span style=\"color: #3576ba\">Importante: antes de mercar<\/span><\/h2>\n<ul>\n<li><span style=\"color: #3576ba\"><strong>Estudas ou impartes clase na Universidade de Vigo?<\/strong> Dispomos dun <strong>desconto do 60 %<\/strong> para as primeiras 40 entradas mercadas por persoas que pertencen a esta comunidade e que o acrediten, ficando o prezo en 10 \u20ac. <a href=\"https:\/\/2018.pontevedra.wordcamp.org\/contacto\/\">Contacta connosco<\/a> para xerar un cup\u00f3n personalizado.<\/span><\/li>\n<li><span style=\"color: #3576ba\">Queres intervir como relator, voluntario ou patrocinador? Agarda un pouqui\u00f1o antes de sacar a t\u00faa entrada. Se saes seleccionado, sairache de balde.<\/span><\/li>\n<li><span style=\"color: #3576ba\">Empregamos o sistema <a href=\"https:\/\/gravatar.com\">Gravatar<\/a> para amosar a foto ou avatar dos asistentes na p\u00e1xina de asistentes. Se che gostar\u00eda que aparecese a t\u00faa foto na lista maila acreditaci\u00f3n personalizada, tan s\u00f3 tes que crear unha conta e asignar o teu avatar ou foto ao correo electr\u00f3nico que uses para comprar a entrada.<\/span><\/li>\n<li><span style=\"color: #3576ba\"><strong>AUTORIZACI\u00d3N<\/strong>: Polo ben da comunidade e con fines promocionais, teremos voluntarios e\/ou fot\u00f3grafos profesionais na WordCamp Pontevedra 2018. Ao participares no evento, autor\u00edzanos a usar a t\u00faa imaxe se apareces nas fotos ou nos v\u00eddeos que se poidan tomar e dean conta da t\u00faa participaci\u00f3n na WordCamp.<\/span><\/li>\n<\/ul>\n<a href=\"https:\/\/pontevedra.wordcamp.org\/2018\/entradas\/\">Por favor, ve esta p\u00e1gina en un navegador para hacer una compra o gestionar entradas.<\/a>\n<hr \/>\n<h2 id=\"eng\"><span style=\"color: #999\">What does my ticket include?<\/span><\/h2>\n<p><span style=\"color: #999\">Access to all activities on September 22 and 23: conferences on Saturday (there will be two tracks, with talks of all levels that we will detail in the program), and community day \/ contributor&#8217;s day on Sunday.<\/span><\/p>\n<p><span style=\"color: #999\">Meals during the event, both on Saturday and Sunday, as well as coffee \/ tea \/ water during the breaks of the event in the morning and in the afternoon.<\/span><\/p>\n<p><span style=\"color: #999\">It will also allow you access to the After Party (or Festa Rachada) on Saturday night where you can have a relaxed drink with other attendees. And in addition, you will have a commemorative shirt from the WordCamp Pontevedra 2018 (you choose your size when buying the ticket) and a personalized accreditation. And some other surprises!<\/span><\/p>\n<h2><span style=\"color: #999\">Types of tickets<\/span><\/h2>\n<ul>\n<li><strong><span style=\"color: #999\">Entrada WordCamp Pontevedra<\/span><\/strong><br \/>\n<span style=\"color: #999\">Access to all the talks and workshops on Saturday, access on Sunday to the day of the contributor and other activities, as well as meals, coffees and some more surprises.<\/span><\/li>\n<li><strong><span style=\"color: #999\">Microsponsor WordCamp Pontevedra<\/span><\/strong><br \/>\n<span style=\"color: #999\">Same as the general ticket and we will also show our gratitude mentioning you in our networks and putting a link on the web for collaborating in making a great WordCamp.<\/span><\/li>\n<li><strong><span style=\"color: #999\">Fila 0 \u2013 Colabora si no puedes asistir<\/span><\/strong><br \/>\n<span style=\"color: #999\">If you want to show your support for WordCamp but you can not come, you can collaborate with our Row 0. Thanks to you we can offer discounts to university students and set up a great event.<\/span><\/li>\n<\/ul>\n<h2><span style=\"color: #999\">Important: before buying<\/span><\/h2>\n<ul>\n<li><span style=\"color: #999\">Are you a <strong>student or professor at the University of Vigo<\/strong>? We have a <strong>discount of 60%<\/strong> for the first 40 tickets of people from this community who prove it, staying at \u20ac 10. <a href=\"https:\/\/2018.pontevedra.wordcamp.org\/contacto\/\">Contact us<\/a> to generate your custom coupon.<\/span><\/li>\n<li><span style=\"color: #999\">Do you want to be a speaker, volunteer or sponsor? Do not buy your ticket yet. If you are selected, it will be free for you.<\/span><\/li>\n<li><span style=\"color: #999\">We use the <a href=\"https:\/\/gravatar.com\">Gravatar<\/a> system to show the photo \/ avatar of the attendees on the page of attendees. If you want your photo to appear in the list and in your personalized accreditation, simply create an account and assign your avatar or photo to the email you will use to acquire your ticket.<\/span><\/li>\n<li><span style=\"color: #999\"><strong>AUTHORIZATION<\/strong>: For the good of the community and for promotional purposes, there will be volunteers and \/ or professional photographers in the WordCamp Pontevedra 2018. By attending the event you are authorized to use your image if you appear in photos or videos that can be taken that can be shown your participation in the event.<\/span><\/li>\n<\/ul>\n<a href=\"https:\/\/pontevedra.wordcamp.org\/2018\/entradas\/\">Por favor, ve esta p\u00e1gina en un navegador para hacer una compra o gestionar entradas.<\/a>\n","protected":false},"excerpt":{"rendered":"<p>[Galego] [English] Entradas \/ Tickets \u00bfQu\u00e9 incluye mi entrada? La entrada da acceso a todas las actividades los d\u00edas 22 y 23 de septiembre: por un lado, las conferencias del s\u00e1bado (habr\u00e1 dos tracks con charlas de todos los niveles, que detallaremos en el programa) y, por otro, el D\u00eda de la Comunidad o D\u00eda &hellip; <a href=\"https:\/\/pontevedra.wordcamp.org\/2018\/entradas\/\" class=\"more-link\">Continuar leyendo<span class=\"screen-reader-text\"> \u00abEntradas\u00bb<\/span><\/a><\/p>\n","protected":false},"author":14240579,"featured_media":0,"parent":0,"menu_order":0,"comment_status":"closed","ping_status":"closed","template":"","meta":{"jetpack_post_was_ever_published":false,"footnotes":""},"class_list":["post-13","page","type-page","status-publish","hentry"],"jetpack_sharing_enabled":true,"jetpack_shortlink":"https:\/\/wp.me\/P9i2Dj-d","_links":{"self":[{"href":"https:\/\/pontevedra.wordcamp.org\/2018\/wp-json\/wp\/v2\/pages\/13","targetHints":{"allow":["GET"]}}],"collection":[{"href":"https:\/\/pontevedra.wordcamp.org\/2018\/wp-json\/wp\/v2\/pages"}],"about":[{"href":"https:\/\/pontevedra.wordcamp.org\/2018\/wp-json\/wp\/v2\/types\/page"}],"author":[{"embeddable":true,"href":"https:\/\/pontevedra.wordcamp.org\/2018\/wp-json\/wp\/v2\/users\/14240579"}],"replies":[{"embeddable":true,"href":"https:\/\/pontevedra.wordcamp.org\/2018\/wp-json\/wp\/v2\/comments?post=13"}],"version-history":[{"count":16,"href":"https:\/\/pontevedra.wordcamp.org\/2018\/wp-json\/wp\/v2\/pages\/13\/revisions"}],"predecessor-version":[{"id":828,"href":"https:\/\/pontevedra.wordcamp.org\/2018\/wp-json\/wp\/v2\/pages\/13\/revisions\/828"}],"wp:attachment":[{"href":"https:\/\/pontevedra.wordcamp.org\/2018\/wp-json\/wp\/v2\/media?parent=13"}],"curies":[{"name":"wp","href":"https:\/\/api.w.org\/{rel}","templated":true}]}}