{"id":1444,"date":"2018-08-22T06:43:36","date_gmt":"2018-08-22T04:43:36","guid":{"rendered":"https:\/\/2018.pontevedra.wordcamp.org\/?page_id=1444"},"modified":"2018-08-22T06:53:56","modified_gmt":"2018-08-22T04:53:56","slug":"descuento-con-renfe","status":"publish","type":"page","link":"https:\/\/pontevedra.wordcamp.org\/2018\/descuento-con-renfe\/","title":{"rendered":"Descuento con Renfe"},"content":{"rendered":"<p>Si vas a venir a WordCamp Pontevedra 2018 en tren hemos conseguido una <strong>tarifa especial de RENFE<\/strong> con la que te ahorrar\u00e1s un 30 % sobre el precio del billete. Te explicamos c\u00f3mo comprar tu billete con esta tarifa:<\/p>\n<p>El c\u00f3digo de descuento o \u00abn\u00famero de autorizaci\u00f3n\u00bb es este: <strong>301816742<\/strong><\/p>\n<h2>Reservas online<\/h2>\n<p>Para poder aplicar el c\u00f3digo de descuento en reservas online, seg\u00fan las instrucciones de la propia RENFE, debes seguir los siguientes pasos:<\/p>\n<ol>\n<li><strong>Obt\u00e9n la\u00a0<span class=\"str\"><em>Autorizaci\u00f3n de descuento<\/em> envi\u00e1ndonos un email a:\u00a0<\/span><a href=\"mailto:pontevedra@wordcamp.org\">pontevedra@wordcamp.org<\/a><\/strong> y te remitiremos tu\u00a0<em>Autorizaci\u00f3n de descuento<\/em><\/li>\n<li>Una vez la tengas, entra en la web de RENFE, elige el origen, destino y la fecha del viaje<img loading=\"lazy\" decoding=\"async\" class=\"aligncenter wp-image-1487\" src=\"https:\/\/2018.pontevedra.wordcamp.org\/files\/2018\/08\/Screenshot_2018-08-22-Renfe-215x300.png\" alt=\"Renfe\" width=\"300\" height=\"420\" srcset=\"https:\/\/pontevedra.wordcamp.org\/2018\/files\/2018\/08\/Screenshot_2018-08-22-Renfe-215x300.png 215w, https:\/\/pontevedra.wordcamp.org\/2018\/files\/2018\/08\/Screenshot_2018-08-22-Renfe.png 768w, https:\/\/pontevedra.wordcamp.org\/2018\/files\/2018\/08\/Screenshot_2018-08-22-Renfe-732x1024.png 732w\" sizes=\"auto, (max-width: 300px) 85vw, 300px\" \/><\/li>\n<li>Cuando est\u00e9s en la lista de trenes haz clic en el enlace llamado <strong>m\u00e1s opciones de compra<\/strong><img loading=\"lazy\" decoding=\"async\" class=\"aligncenter size-medium wp-image-1488\" src=\"https:\/\/2018.pontevedra.wordcamp.org\/files\/2018\/08\/Screenshot_2018-08-22-Renfe-Lista-de-trenes-272x300.png\" alt=\"Renfe\" width=\"272\" height=\"300\" srcset=\"https:\/\/pontevedra.wordcamp.org\/2018\/files\/2018\/08\/Screenshot_2018-08-22-Renfe-Lista-de-trenes-272x300.png 272w, https:\/\/pontevedra.wordcamp.org\/2018\/files\/2018\/08\/Screenshot_2018-08-22-Renfe-Lista-de-trenes-768x847.png 768w, https:\/\/pontevedra.wordcamp.org\/2018\/files\/2018\/08\/Screenshot_2018-08-22-Renfe-Lista-de-trenes-928x1024.png 928w, https:\/\/pontevedra.wordcamp.org\/2018\/files\/2018\/08\/Screenshot_2018-08-22-Renfe-Lista-de-trenes.png 979w\" sizes=\"auto, (max-width: 272px) 85vw, 272px\" \/><\/li>\n<li>Elige el tren que desees pero marcando la opci\u00f3n de <strong>Tarifa flexible<\/strong><br \/>\n<img loading=\"lazy\" decoding=\"async\" class=\"aligncenter wp-image-1489\" src=\"https:\/\/2018.pontevedra.wordcamp.org\/files\/2018\/08\/Screenshot_2018-08-22-Renfe-Disponibilidad-300x85.png\" alt=\"Renfe\" width=\"600\" height=\"171\" srcset=\"https:\/\/pontevedra.wordcamp.org\/2018\/files\/2018\/08\/Screenshot_2018-08-22-Renfe-Disponibilidad-300x85.png 300w, https:\/\/pontevedra.wordcamp.org\/2018\/files\/2018\/08\/Screenshot_2018-08-22-Renfe-Disponibilidad-768x219.png 768w, https:\/\/pontevedra.wordcamp.org\/2018\/files\/2018\/08\/Screenshot_2018-08-22-Renfe-Disponibilidad-1024x291.png 1024w, https:\/\/pontevedra.wordcamp.org\/2018\/files\/2018\/08\/Screenshot_2018-08-22-Renfe-Disponibilidad-500x142.png 500w, https:\/\/pontevedra.wordcamp.org\/2018\/files\/2018\/08\/Screenshot_2018-08-22-Renfe-Disponibilidad-1200x342.png 1200w, https:\/\/pontevedra.wordcamp.org\/2018\/files\/2018\/08\/Screenshot_2018-08-22-Renfe-Disponibilidad.png 1957w\" sizes=\"auto, (max-width: 600px) 85vw, 600px\" \/><\/li>\n<li>Luego, en el desplegable de tarifas, elige la <strong>tarifa Congresos \/ Eventos<\/strong> e introduce el\u00a0<strong><span class=\"str\">n\u00famero de autorizaci\u00f3n<\/span><\/strong>\u00a0(<strong>301816742)\u00a0<\/strong>en la casilla que aparece y pulsa\u00a0en el bot\u00f3n\u00a0<strong><span class=\"str\">recalcular<\/span>\u00a0para mostrar el precio<\/strong> actualizado:<img loading=\"lazy\" decoding=\"async\" class=\"aligncenter wp-image-1490\" src=\"https:\/\/2018.pontevedra.wordcamp.org\/files\/2018\/08\/Captura-de-pantalla-2018-08-22-06.48.55-300x74.png\" alt=\"Renfe\" width=\"600\" height=\"149\" srcset=\"https:\/\/pontevedra.wordcamp.org\/2018\/files\/2018\/08\/Captura-de-pantalla-2018-08-22-06.48.55-300x74.png 300w, https:\/\/pontevedra.wordcamp.org\/2018\/files\/2018\/08\/Captura-de-pantalla-2018-08-22-06.48.55-768x190.png 768w, https:\/\/pontevedra.wordcamp.org\/2018\/files\/2018\/08\/Captura-de-pantalla-2018-08-22-06.48.55-1024x254.png 1024w, https:\/\/pontevedra.wordcamp.org\/2018\/files\/2018\/08\/Captura-de-pantalla-2018-08-22-06.48.55-500x124.png 500w, https:\/\/pontevedra.wordcamp.org\/2018\/files\/2018\/08\/Captura-de-pantalla-2018-08-22-06.48.55-1200x298.png 1200w, https:\/\/pontevedra.wordcamp.org\/2018\/files\/2018\/08\/Captura-de-pantalla-2018-08-22-06.48.55.png 1988w\" sizes=\"auto, (max-width: 600px) 85vw, 600px\" \/><img loading=\"lazy\" decoding=\"async\" class=\"aligncenter wp-image-1491\" src=\"https:\/\/2018.pontevedra.wordcamp.org\/files\/2018\/08\/Screenshot_2018-08-22-Renfe-Tarifas-300x53.png\" alt=\"Renfe\" width=\"600\" height=\"105\" srcset=\"https:\/\/pontevedra.wordcamp.org\/2018\/files\/2018\/08\/Screenshot_2018-08-22-Renfe-Tarifas-300x53.png 300w, https:\/\/pontevedra.wordcamp.org\/2018\/files\/2018\/08\/Screenshot_2018-08-22-Renfe-Tarifas-768x135.png 768w, https:\/\/pontevedra.wordcamp.org\/2018\/files\/2018\/08\/Screenshot_2018-08-22-Renfe-Tarifas-1024x180.png 1024w, https:\/\/pontevedra.wordcamp.org\/2018\/files\/2018\/08\/Screenshot_2018-08-22-Renfe-Tarifas-500x88.png 500w, https:\/\/pontevedra.wordcamp.org\/2018\/files\/2018\/08\/Screenshot_2018-08-22-Renfe-Tarifas-1200x211.png 1200w, https:\/\/pontevedra.wordcamp.org\/2018\/files\/2018\/08\/Screenshot_2018-08-22-Renfe-Tarifas.png 1970w\" sizes=\"auto, (max-width: 600px) 85vw, 600px\" \/><\/li>\n<li>Contin\u00faa con el proceso de compra normal<\/li>\n<li>Lleva contigo impresa la \u00ab<span class=\"str\"><em>Autorizaci\u00f3n de descuento<\/em>\u00bb y pres\u00e9ntala con el billete para acceder al tren<\/span><\/li>\n<\/ol>\n<h2>Compra en ventanilla<\/h2>\n<p>Si, por el contrario, vas a comprar el billete en una ventanilla de venta en una estaci\u00f3n de RENFE entonces el procedimiento es m\u00e1s sencillo:<\/p>\n<ol>\n<li>Solic\u00edtanos la \u201c<em>Autorizaci\u00f3n de descuento<\/em>\u201d mediante correo electr\u00f3nico a <a href=\"mailto:pontevedra@wordcamp.org\">pontevedra@wordcamp.org<\/a> y te la remitiremos por el mismo medio.<\/li>\n<li>Compra el billete en ventanilla indicando que es tarifa eventos\/congresos para WordCamp Pontevedra 2018 y mostrando la\u00a0\u201c<em>Autorizaci\u00f3n de descuento<\/em>\u201d<\/li>\n<li>Presenta el billete junto con la \u201c<em>Autorizaci\u00f3n de descuento<\/em>\u201d impresa (imprescindible que la misma sea individualizada por viajero, nominal y con n\u00famero de inscripci\u00f3n en el evento) y, en su caso, los documentos justificativos para la obtenci\u00f3n del descuento de Familia Numerosa, y conservarlos hasta la finalizaci\u00f3n del viaje. De igual manera, un documento oficial (DNI, Pasaporte) que acredite la identidad del titular.<\/li>\n<\/ol>\n<h2>Condiciones generales<\/h2>\n<p>RENFE tiene algunas condiciones generales para los billetes con descuento para congresos y ferias:<\/p>\n<h3>CAMBIOS DE BILLETE<\/h3>\n<ul>\n<li>Se admite el cambio del billete para el mismo d\u00eda sin coste, dentro de su periodo de validez.<\/li>\n<li>Si el cliente desea cambiar el billete para otro d\u00eda, abonar\u00e1 una cantidad adicional equivalente al 10% del importe del billete cambiado en concepto de gastos de cambio.<\/li>\n<li>Cuando el cambio sea a un billete de mayor importe, el cliente deber\u00e1 abonar la diferencia.<\/li>\n<li>Cuando el cambio sea a un billete de menor importe, de la cantidad a reintegrar, una vez deducidos los gastos de cambio si los hubiese, se descontar\u00e1 un 15%Se admite el cambio del billete\u00a0<span class=\"str\">para el mismo d\u00eda sin coste<\/span>, dentro de su periodo de validez.<\/li>\n<\/ul>\n<h3>ANULACIONES<\/h3>\n<ul>\n<li>Se admite las anulaciones de los billetes, con una deducci\u00f3n del\u00a0<span class=\"str\">15%<\/span>\u00a0sobre el precio del billete.<\/li>\n<\/ul>\n<h3>P\u00c9RDIDA DEL TREN<\/h3>\n<ul>\n<li>En caso de p\u00e9rdida de los trenes AVE y Larga Distancia, por causas no imputables a Renfe, y para aquellos clientes que se presenten con un l\u00edmite m\u00e1ximo de 30 minutos (a contar desde la hora prevista de salida del tren) en la estaci\u00f3n de origen del viaje, se les ofrecer\u00e1 la posibilidad de viajar en el siguiente tren con plazas libres en las condiciones que Renfe determine. El cliente tendr\u00e1 que\u00a0<span class=\"str\">abonar un 20% del precio del nuevo billete<\/span>\u00a0calculado a tarifa General, si el mismo viajara en id\u00e9ntica o inferior clase que la del billete original.<\/li>\n<\/ul>\n<blockquote><p><strong>RECUERDA:<\/strong> Para acceder al tren el cliente deber\u00e1s presentar el billete junto con la \u201cAutorizaci\u00f3n de Descuento\u201d impresa (imprescindible que la misma sea individualizada por viajero, nominal y con n\u00famero de inscripci\u00f3n en el evento) y, en su caso, los documentos justificativos para la obtenci\u00f3n del descuento de Familia Numerosa, y conservarlos hasta la finalizaci\u00f3n del viaje. De igual manera, un documento oficial (DNI, Pasaporte) que acredite la identidad del titular.<\/p><\/blockquote>\n","protected":false},"excerpt":{"rendered":"<p>Si vas a venir a WordCamp Pontevedra 2018 en tren hemos conseguido una tarifa especial de RENFE con la que te ahorrar\u00e1s un 30 % sobre el precio del billete. Te explicamos c\u00f3mo comprar tu billete con esta tarifa: El c\u00f3digo de descuento o \u00abn\u00famero de autorizaci\u00f3n\u00bb es este: 301816742 Reservas online Para poder aplicar &hellip; <a href=\"https:\/\/pontevedra.wordcamp.org\/2018\/descuento-con-renfe\/\" class=\"more-link\">Continuar leyendo<span class=\"screen-reader-text\"> \u00abDescuento con Renfe\u00bb<\/span><\/a><\/p>\n","protected":false},"author":16281675,"featured_media":0,"parent":0,"menu_order":0,"comment_status":"closed","ping_status":"closed","template":"","meta":{"jetpack_post_was_ever_published":false,"footnotes":""},"class_list":["post-1444","page","type-page","status-publish","hentry"],"jetpack_sharing_enabled":true,"jetpack_shortlink":"https:\/\/wp.me\/P9i2Dj-ni","_links":{"self":[{"href":"https:\/\/pontevedra.wordcamp.org\/2018\/wp-json\/wp\/v2\/pages\/1444","targetHints":{"allow":["GET"]}}],"collection":[{"href":"https:\/\/pontevedra.wordcamp.org\/2018\/wp-json\/wp\/v2\/pages"}],"about":[{"href":"https:\/\/pontevedra.wordcamp.org\/2018\/wp-json\/wp\/v2\/types\/page"}],"author":[{"embeddable":true,"href":"https:\/\/pontevedra.wordcamp.org\/2018\/wp-json\/wp\/v2\/users\/16281675"}],"replies":[{"embeddable":true,"href":"https:\/\/pontevedra.wordcamp.org\/2018\/wp-json\/wp\/v2\/comments?post=1444"}],"version-history":[{"count":21,"href":"https:\/\/pontevedra.wordcamp.org\/2018\/wp-json\/wp\/v2\/pages\/1444\/revisions"}],"predecessor-version":[{"id":1492,"href":"https:\/\/pontevedra.wordcamp.org\/2018\/wp-json\/wp\/v2\/pages\/1444\/revisions\/1492"}],"wp:attachment":[{"href":"https:\/\/pontevedra.wordcamp.org\/2018\/wp-json\/wp\/v2\/media?parent=1444"}],"curies":[{"name":"wp","href":"https:\/\/api.w.org\/{rel}","templated":true}]}}