{"id":19,"date":"2017-10-17T10:56:59","date_gmt":"2017-10-17T08:56:59","guid":{"rendered":"https:\/\/2018.pontevedra.wordcamp.org\/code-of-conduct\/"},"modified":"2018-09-14T13:01:01","modified_gmt":"2018-09-14T11:01:01","slug":"codigo-de-conducta","status":"publish","type":"page","link":"https:\/\/pontevedra.wordcamp.org\/2018\/codigo-de-conducta\/","title":{"rendered":"C\u00f3digo de conducta"},"content":{"rendered":"<p style=\"text-align: right\"><a class=\"lang\" href=\"#eng\">[English]<\/a> <a class=\"lang\" href=\"#gal\">[Galego]<\/a><\/p>\n<h1 class=\"entry-title\">C\u00f3digo de conducta<\/h1>\n<p><strong>PROP\u00d3SITO<\/strong><\/p>\n<p><strong>WordCamp Pontevedra<\/strong> cree que nuestra <strong>comunidad<\/strong> deber\u00eda estar realmente <strong>abierta<\/strong> a todo el mundo. Como tal, estamos comprometidos a proporcionar un<strong> ambiente amigable, seguro y acogedor para todos<\/strong> independientemente de su g\u00e9nero, orientaci\u00f3n sexual, discapacidad, etnia, religi\u00f3n, sistema operativo preferido, lenguaje de programaci\u00f3n o editor de texto.<\/p>\n<p>Este c\u00f3digo de conducta resume nuestras expectativas para el comportamiento de los participantes, as\u00ed como las consecuencias para el comportamiento inaceptable.<\/p>\n<p>Instamos a todos los patrocinadores, voluntarios, ponentes, asistentes y otros participantes a que nos ayuden a hacer realidad una experiencia de evento segura y positiva para todos.<\/p>\n<p>&nbsp;<\/p>\n<p><strong>CIUDADAN\u00cdA <em>OPEN SOURCE<\/em><\/strong><\/p>\n<p>Un objetivo adicional de este c\u00f3digo de conducta es <strong>incrementar la ciudadan\u00eda de c\u00f3digo abierto<\/strong> alentando a los participantes a reconocer y fortalecer las relaciones entre lo que hacemos y<strong> la comunidad<\/strong> en general.<\/p>\n<p>En el servicio de este objetivo, los organizadores de la <strong>WordCamp Pontevedra<\/strong> recoger\u00e1n candidaturas de ciudadanos ejemplares durante el evento y reconocer\u00e1n selectos participantes despu\u00e9s de la conferencia en el sitio web.<\/p>\n<p>Si ves a alguien que est\u00e1 haciendo un esfuerzo extra para asegurar que nuestra comunidad resulte acogedora y amigable y que anime a todos los participantes a contribuir en la mayor medida posible, lo queremos saber. Puedes nominar a alguien en la mesa de registro o dici\u00e9ndoselo a los organizadores.<\/p>\n<p>&nbsp;<\/p>\n<p><strong>COMPORTAMIENTO ESPERADO<\/strong><\/p>\n<ul>\n<li>S\u00e9 considerado, respetuoso y colaborativo.<\/li>\n<li>Abstente de comportamiento y discurso degradante, discriminatorio o de acoso.<\/li>\n<li>S\u00e9 consciente del entorno y de tus compa\u00f1eros participantes. Alerta a los organizadores de la conferencia si observas una situaci\u00f3n peligrosa o alguien en apuros.<\/li>\n<li>Participa de una manera aut\u00e9ntica y activa. De este modo, est\u00e1s ayudando a crear la <strong>WordCamp Pontevedra<\/strong> y a hacerla propia.<\/li>\n<\/ul>\n<p>&nbsp;<\/p>\n<p><strong>COMPORTAMIENTO INACEPTABLE<\/strong><\/p>\n<p>Como comportamientos inaceptables se incluyen: conducta intimidatoria, acosadora, abusiva, discriminatoria, despectiva o degradante por cualquier asistente de la WordCamp Pontevedra y eventos relacionados. Todos los lugares de la <strong>WordCamp Pontevedra<\/strong> pueden ser compartidos con otros miembros de la sociedad; por favor, s\u00e9 respetuoso con todos los usuarios de estos sitios.<\/p>\n<p>El acoso incluye: comentarios verbales ofensivos relacionados con el g\u00e9nero, la orientaci\u00f3n sexual, la raza, la religi\u00f3n, la discapacidad; uso inadecuado de desnudez y\/o im\u00e1genes sexuales en espacios p\u00fablicos (incluyendo diapositivas de la presentaci\u00f3n); intimidaci\u00f3n deliberada, acecho o seguimiento; acoso con fotograf\u00eda o grabaci\u00f3n; interrupci\u00f3n sostenida de charlas y otros eventos; contacto f\u00edsico inapropiado y atenci\u00f3n sexual no deseada.<\/p>\n<p>&nbsp;<\/p>\n<p><strong>CONSECUENCIAS DE UN COMPORTAMIENTO INACEPTABLE<\/strong><\/p>\n<p>El comportamiento inaceptable no ser\u00e1 tolerado, ya sea por parte de otros asistentes, organizadores, personal del local, patrocinadores u otros usuarios de los locales de la <strong>WordCamp Pontevedra<\/strong>.<\/p>\n<p>Se espera que cualquiera cumpla inmediatamente en caso de que se le pida que cese un comportamiento inaceptable.<\/p>\n<p>Si un participante se involucra en un comportamiento inaceptable, los organizadores de la conferencia pueden tomar cualquier acci\u00f3n que consideren apropiada, hasta e incluso la expulsi\u00f3n de la conferencia sin previo aviso o reembolso.<\/p>\n<p>&nbsp;<\/p>\n<p><strong>\u00bfQU\u00c9 HACER SI ERES TESTIGO U OBJETO DE UN COMPORTAMIENTO INACEPTABLE?<\/strong><\/p>\n<p>Si eres objeto de un comportamiento inaceptable, eres testigo de que otra persona est\u00e1 siendo objeto de comportamiento inaceptable o tienes otras preocupaciones, por favor notif\u00edcalo a un organizador de la conferencia tan pronto como sea posible.<\/p>\n<p>El equipo de <strong>WordCamp Pontevedra<\/strong>\u00a0estar\u00e1 disponible para ayudar a los participantes a contactar con la seguridad del local o las fuerzas locales de seguridad para ofrecer acompa\u00f1amiento o ayudar a aquellos que sufran un comportamiento inaceptable para que se sientan seguros mientras dure la conferencia. Los voluntarios vestir\u00e1n con un color diferente. Cualquier voluntario puede ponerte en contacto con un organizador de la conferencia. Tambi\u00e9n puedes acercarte a la mesa especial de inscripci\u00f3n en el vest\u00edbulo y preguntar por los organizadores.<\/p>\n<p>&nbsp;<\/p>\n<p><strong>\u00c1MBITO DE APLICACI\u00d3N<\/strong><\/p>\n<p>Esperamos que todos los participantes de la conferencia (patrocinadores, voluntarios, ponentes, asistentes y otros invitados) cumplan con este c\u00f3digo de conducta en todas las salas de conferencia y eventos sociales relacionados con la conferencia.<\/p>\n<p>&nbsp;<\/p>\n<p><strong>INFORMACI\u00d3N DE CONTACTO<\/strong><\/p>\n<p>Si te ves en la necesidad de contactar con nosotros, <a href=\"https:\/\/2018.pontevedra.wordcamp.org\/contacto\/\">esta p\u00e1gina<\/a> tiene toda la informaci\u00f3n sobre c\u00f3mo hacerlo.<\/p>\n<p>&nbsp;<\/p>\n<p><strong>LICENCIA Y ATRIBUCI\u00d3N<\/strong><\/p>\n<p>Este C\u00f3digo de Conducta es una copia directa del impresionante trabajo de la Open Source Bridge, pero reemplazando con nuestra informaci\u00f3n del evento. El original est\u00e1 disponible en <a href=\"http:\/\/opensourcebridge.org\/about\/code-of-conduct\/\">http:\/\/opensourcebridge.org\/about\/code-of-conduct\/<\/a> y est\u00e1 liberado bajo una licencia de <strong>Creative Commons Attribution-ShareAlike<\/strong>.<\/p>\n<p>&nbsp;<\/p>\n<hr \/>\n<h1 id=\"gal\" class=\"entry-title\"><span style=\"color: #3576ba\">C\u00d3DIGO DE CONDUTA<\/span><\/h1>\n<p><span style=\"color: #3576ba\"><strong>PROP\u00d3SITO<\/strong><\/span><\/p>\n<p><span style=\"color: #3576ba\"><strong>WordCamp Pontevedra<\/strong> cre que a nosa <strong>comunidade<\/strong> deber\u00eda atoparse verdadeiramente <strong>aberta<\/strong> a todo o mundo. As\u00ed \u00e9 que nos comprometemos a proporcionar un <strong>ambiente amigable, seguro e acolledor para todos<\/strong> con independencia do x\u00e9nero, orientaci\u00f3n sexual, discapacidade, etnia, relixi\u00f3n, sistema operativo preferido, linguaxe de programaci\u00f3n ou editor de texto.<\/span><\/p>\n<p><span style=\"color: #3576ba\">Este c\u00f3digo de conduta resume as nosas expectativas sobre o comportamento dos participantes, as\u00ed como as consecuencias dun comportamento inaceptable.<\/span><\/p>\n<p><span style=\"color: #3576ba\">Invitamos a todos os patrocinadores, voluntarios, relatores, asistentes e demais participantes a que nos axuden a acadar unha experiencia de conferencia segura e positiva para todos.<\/span><\/p>\n<p>&nbsp;<\/p>\n<p><span style=\"color: #3576ba\"><strong>CIDADAN\u00cdA <em>OPEN SOURCE<\/em><\/strong><\/span><\/p>\n<p><span style=\"color: #3576ba\">Un obxectivo complementario deste c\u00f3digo de conduta \u00e9<strong> incrementar a cidadan\u00eda de c\u00f3digo aberto<\/strong> animando aos participantes a reco\u00f1ecer e fortalecer as relaci\u00f3ns entre o que facemos e a <strong>comunidade<\/strong> en xeral.<\/span><\/p>\n<p><span style=\"color: #3576ba\">Ao servizo deste obxectivo, os organizadores da<strong> WordCamp Pontevedra<\/strong> tomar\u00e1n candidaturas de cidad\u00e1ns exemplares ao longo do evento e daranlle reco\u00f1ecemento no sitio web a participantes selectos trala conferencia.<\/span><\/p>\n<p><span style=\"color: #3576ba\">Se ves a algu\u00e9n que est\u00e1 a facer un esforzo extra para garantir que a nosa comunidade sexa acolledora e amigable e que anima a todos os participantes a contribu\u00edr na maior medida posible, queremos sabelo. Podes nomear a algu\u00e9n na mesa de rexistro ou dicirllo aos organizadores.<\/span><\/p>\n<p>&nbsp;<\/p>\n<p><span style=\"color: #3576ba\"><strong>COMPORTAMENTO ESPERADO<\/strong><\/span><\/p>\n<ul>\n<li><span style=\"color: #3576ba\">S\u00e9 considerado, respectuoso e colaborativo.<\/span><\/li>\n<li><span style=\"color: #3576ba\">Abstente dun comportamento ou discurso degradante, discriminatorio ou acosador.<\/span><\/li>\n<li><span style=\"color: #3576ba\">Ten consciencia da t\u00faa contorna e dos teus compa\u00f1eiros participantes. Alerta os organizadores da conferencia se observas unha situaci\u00f3n de perigo ou algu\u00e9n nun aperto.<\/span><\/li>\n<li><span style=\"color: #3576ba\">Participa de xeito aut\u00e9ntico e activo. Ao facelo, axudas a crear <strong>WordCamp Pontevedra<\/strong> e a facela t\u00faa.<\/span><\/li>\n<\/ul>\n<p>&nbsp;<\/p>\n<p><span style=\"color: #3576ba\"><strong>COMPORTAMENTO INACEPTABLE<\/strong><\/span><\/p>\n<p><span style=\"color: #3576ba\">Como comportamentos inaceptables incl\u00faense: una conduta intimidatoria, acosadora, abusiva, discriminatoria, despectiva ou degradante por parte de calquera dos asistente da <strong>WordCamp Pontevedra<\/strong> e eventos relacionados. Todos os lugares da WordCamp Pontevedra p\u00f3dense compartir con membros da sociedade; por favor, s\u00e9 respectuoso con todos os usuarios destas localizaci\u00f3ns.<\/span><\/p>\n<p><span style=\"color: #3576ba\">O acoso incl\u00fae: comentarios verbais ofensivos relacionados co x\u00e9nero, a orientaci\u00f3n sexual, a raza, a relixi\u00f3n, a discapacidade; uso inadecuado da nudez e\/ou imaxes sexuais en espazos p\u00fablicos (inclu\u00edndo diapositivas da presentaci\u00f3n); intimidaci\u00f3n deliberada, abesullares ou seguires a algu\u00e9n; acosares cunha fotograf\u00eda ou gravaci\u00f3n; interrupci\u00f3n sostida de charlas e outros eventos; contacto f\u00edsico desapropiado e atenci\u00f3n sexual non desexada.<\/span><\/p>\n<p>&nbsp;<\/p>\n<p><span style=\"color: #3576ba\"><strong>CONSECUENCIAS DUN COMPORTAMIENTO INACEPTABLE<\/strong><\/span><\/p>\n<p><span style=\"color: #3576ba\">Non se tolerar\u00e1 comportamento inaceptable, ve\u00f1a doutros asistentes, organizadores, persoal do local, patrocinadores ou outros usuarios dos lugares da <strong>WordCamp Pontevedra<\/strong>.<\/span><\/p>\n<p><span style=\"color: #3576ba\">Esp\u00e9rase que calquera obedeza ao momento se lle solicitan que dete\u00f1a un comportamento inaceptable.<\/span><\/p>\n<p><span style=\"color: #3576ba\">Se un participante interv\u00e9n nunha conduta inaceptable, os organizadores da conferencia poder\u00e1n tomar calquera medida que consideren axeitada, ata e inclu\u00edda a expulsi\u00f3n da conferencia sen previo aviso ou reembolso.<\/span><\/p>\n<p>&nbsp;<\/p>\n<p><span style=\"color: #3576ba\"><strong>QUE FACER SE ES TESTEMU\u00d1A OU OBXECTO DUN COMPORTAMENTO INACEPTABLE?<\/strong><\/span><\/p>\n<p><span style=\"color: #3576ba\">Se est\u00e1s suxeito a un comportamento inaceptable, te decatas de que outra persoa est\u00e1 suxeita a un comportamento inaceptable ou tes outras inquedanzas, por favor, notif\u00edcallo ao organizador da conferencia o antes posible.<\/span><\/p>\n<p><span style=\"color: #3576ba\">O equipo da <strong>WordCamp Pontevedra<\/strong> estar\u00e1 dispo\u00f1ible para axudar aos participantes a contactar coa seguridade do local ou coas forzas de seguridade local, para proporcionar escolta ou axudar a quen experimente un comportamento inaceptable para que se sinta seguro mentres dure a conferencia. Os voluntarios levar\u00e1n posta unha cor diferente. Calquera voluntario pode porte en contacto cun organizador da conferencia. Tam\u00e9n podes achegarte \u00e1 mesa especial de inscrici\u00f3n no vest\u00edbulo e solicitar a presenza dos organizadores.<\/span><\/p>\n<p>&nbsp;<\/p>\n<p><span style=\"color: #3576ba\"><strong>ALCANCE<\/strong><\/span><\/p>\n<p><span style=\"color: #3576ba\">Esperamos que todos os participantes da conferencia (patrocinadores, voluntarios, relatores, asistentes e outros convidados) obedezan este c\u00f3digo de conduta en todas as salas de conferencia e eventos sociais relacionados coa conferencia.<\/span><\/p>\n<p>&nbsp;<\/p>\n<p><span style=\"color: #3576ba\"><strong>INFORMACI\u00d3N DE CONTACTO<\/strong><\/span><\/p>\n<p><span style=\"color: #3576ba\">Se precisas contactar connosco, <a href=\"https:\/\/2018.pontevedra.wordcamp.org\/contacto\/\">esta p\u00e1xina<\/a> ten toda a informaci\u00f3n sobre como facelo.<\/span><\/p>\n<p>&nbsp;<\/p>\n<p><span style=\"color: #3576ba\"><strong>LICENCIA E ATRIBUCI\u00d3N<\/strong><\/span><\/p>\n<p><span style=\"color: #3576ba\">Este C\u00f3digo de Conduta \u00e9 unha copia directa do impresionante traballo da Open Source Bridge, mais substitu\u00edndo pola informaci\u00f3n do noso evento. O orixinal at\u00f3pase dispo\u00f1ible en <a href=\"http:\/\/opensourcebridge.org\/about\/code-of-conduct\/\">http:\/\/opensourcebridge.org\/about\/code-of-conduct\/<\/a> e est\u00e1 publicado baixo unha licenza<strong> Creative Commons Attribution-ShareAlike<\/strong>.<\/span><\/p>\n<p>&nbsp;<\/p>\n<hr \/>\n<h1 id=\"eng\" class=\"entry-title\">CODE OF CONDUCT<\/h1>\n<p><span style=\"color: #999\"><strong>PURPOSE<\/strong><\/span><br \/>\n<span style=\"color: #999\">WordCamp Pontevedra believes our community should be truly open for everyone. As such, we are committed to providing a friendly, safe and welcoming environment for all, regardless of gender, sexual orientation, disability, ethnicity, religion, preferred operating system, programming language, or text editor.<\/span><\/p>\n<p><span style=\"color: #999\">This code of conduct outlines our expectations for participant behavior as well as the consequences for unacceptable behavior.<\/span><\/p>\n<p><span style=\"color: #999\">We invite all sponsors, volunteers, speakers, attendees, and other participants to help us realize a safe and positive conference experience for everyone.<\/span><\/p>\n<p>&nbsp;<\/p>\n<p><span style=\"color: #999\"><strong>OPEN SOURCE CITIZENSHIP<\/strong><\/span><br \/>\n<span style=\"color: #999\">A supplemental goal of this code of conduct is to increase open source citizenship by encouraging participants to recognize and strengthen the relationships between what we do and the community at large.<\/span><\/p>\n<p><span style=\"color: #999\">In service of this goal, WordCamp Pontevedra organizers will be taking nominations for exemplary citizens throughout the event and will recognize select participants after the conference on the website.<\/span><\/p>\n<p><span style=\"color: #999\">If you see someone who is making an extra effort to ensure our community is welcoming, friendly, and encourages all participants to contribute to the fullest extent, we want to know. You can nominate someone at the Registration table or telling the organizers.<\/span><\/p>\n<p>&nbsp;<\/p>\n<p><span style=\"color: #999\"><strong>EXPECTED BEHAVIOR<\/strong><\/span><\/p>\n<ul>\n<li><span style=\"color: #999\">Be considerate, respectful, and collaborative.<\/span><\/li>\n<li><span style=\"color: #999\">Refrain from demeaning, discriminatory or harassing behavior and speech.<\/span><\/li>\n<li><span style=\"color: #999\">Be mindful of your surroundings and of your fellow participants. Alert conference organizers if you notice a dangerous situation or someone in distress.<\/span><\/li>\n<li><span style=\"color: #999\">Participate in an authentic and active way. In doing so, you help to create WordCamp Pontevedraand make it your own.<\/span><\/li>\n<\/ul>\n<p>&nbsp;<\/p>\n<p><span style=\"color: #999\"><strong>UNACCEPTABLE BEHAVIOR<\/strong><\/span><br \/>\n<span style=\"color: #999\">Unacceptable behaviors include: intimidating, harassing, abusive, discriminatory, derogatory or demeaning conduct by any attendees of WordCamp Pontevedra and related events. All WordCamp Pontevedra venues may be shared with members of the public; please be respectful to all patrons of these locations.<\/span><\/p>\n<p><span style=\"color: #999\">Harassment includes: offensive verbal comments related to gender, sexual orientation, race, religion, disability; inappropriate use of nudity and\/or sexual images in public spaces (including presentation slides); deliberate intimidation, stalking or following; harassing photography or recording; sustained disruption of talks or other events; inappropriate physical contact, and unwelcome sexual attention.<\/span><\/p>\n<p>&nbsp;<\/p>\n<p><span style=\"color: #999\"><strong>CONSEQUENCES OF UNACCEPTABLE BEHAVIOR<\/strong><\/span><br \/>\n<span style=\"color: #999\">Unacceptable behavior will not be tolerated whether by other attendees, organizers, venue staff, sponsors, or other patrons of WordCamp Pontevedra venues.<\/span><\/p>\n<p><span style=\"color: #999\">Anyone asked to stop unacceptable behavior is expected to comply immediately.<\/span><\/p>\n<p><span style=\"color: #999\">If a participant engages in unacceptable behavior, the conference organizers may take any action they deem appropriate, up to and including expulsion from the conference without warning or refund.<\/span><\/p>\n<p>&nbsp;<\/p>\n<p><span style=\"color: #999\"><strong>WHAT TO DO IF YOU WITNESS OR ARE SUBJECT TO UNACCEPTABLE BEHAVIOR<\/strong><\/span><br \/>\n<span style=\"color: #999\">If you are subject to unacceptable behavior, notice that someone else is being subject to unacceptable behavior, or have any other concerns, please notify a conference organizer as soon as possible.<\/span><\/p>\n<p><span style=\"color: #999\">The WordCamp Pontevedra team will be available to help participants contact venue security or local law enforcement, to provide escorts, or to otherwise assist those experiencing unacceptable behavior to feel safe for the duration of the conference. Volunteers will be wearing with a different color. Any volunteer can connect you with a conference organizer. You can also come to the special registration desk in the lobby and ask for the organizers.<\/span><\/p>\n<p>&nbsp;<\/p>\n<p><span style=\"color: #999\"><strong>SCOPE<\/strong><\/span><br \/>\n<span style=\"color: #999\">We expect all conference participants (sponsors, volunteers, speakers, attendees, and other guests) to abide by this code of conduct at all conference venues and conference-related social events.<\/span><\/p>\n<p>&nbsp;<\/p>\n<p><span style=\"color: #999\"><strong>CONTACT INFORMATION<\/strong><\/span><br \/>\n<span style=\"color: #999\">If you need to contact us, <a href=\"https:\/\/2018.pontevedra.wordcamp.org\/contacto\/\">this page<\/a> has all the information on how to do it.<\/span><\/p>\n<p>&nbsp;<\/p>\n<p><span style=\"color: #999\"><strong>LICENSE AND ATTRIBUTION<\/strong><\/span><br \/>\n<span style=\"color: #999\">This Code of Conduct is a direct swipe from the awesome work of Open Source Bridge, but with our event information substituted. The original is available at <a href=\"http:\/\/opensourcebridge.org\/about\/code-of-conduct\/\">http:\/\/opensourcebridge.org\/about\/code-of-conduct\/<\/a> and is released under a <a href=\"http:\/\/creativecommons.org\/licenses\/by-sa\/3.0\/\">Creative Commons Attribution-ShareAlike<\/a> license.<\/span><\/p>\n","protected":false},"excerpt":{"rendered":"<p>[English] [Galego] C\u00f3digo de conducta PROP\u00d3SITO WordCamp Pontevedra cree que nuestra comunidad deber\u00eda estar realmente abierta a todo el mundo. Como tal, estamos comprometidos a proporcionar un ambiente amigable, seguro y acogedor para todos independientemente de su g\u00e9nero, orientaci\u00f3n sexual, discapacidad, etnia, religi\u00f3n, sistema operativo preferido, lenguaje de programaci\u00f3n o editor de texto. Este c\u00f3digo &hellip; <a href=\"https:\/\/pontevedra.wordcamp.org\/2018\/codigo-de-conducta\/\" class=\"more-link\">Continuar leyendo<span class=\"screen-reader-text\"> \u00abC\u00f3digo de conducta\u00bb<\/span><\/a><\/p>\n","protected":false},"author":14240579,"featured_media":0,"parent":0,"menu_order":0,"comment_status":"closed","ping_status":"closed","template":"","meta":{"jetpack_post_was_ever_published":false,"footnotes":""},"class_list":["post-19","page","type-page","status-publish","hentry"],"jetpack_sharing_enabled":true,"jetpack_shortlink":"https:\/\/wp.me\/P9i2Dj-j","_links":{"self":[{"href":"https:\/\/pontevedra.wordcamp.org\/2018\/wp-json\/wp\/v2\/pages\/19","targetHints":{"allow":["GET"]}}],"collection":[{"href":"https:\/\/pontevedra.wordcamp.org\/2018\/wp-json\/wp\/v2\/pages"}],"about":[{"href":"https:\/\/pontevedra.wordcamp.org\/2018\/wp-json\/wp\/v2\/types\/page"}],"author":[{"embeddable":true,"href":"https:\/\/pontevedra.wordcamp.org\/2018\/wp-json\/wp\/v2\/users\/14240579"}],"replies":[{"embeddable":true,"href":"https:\/\/pontevedra.wordcamp.org\/2018\/wp-json\/wp\/v2\/comments?post=19"}],"version-history":[{"count":11,"href":"https:\/\/pontevedra.wordcamp.org\/2018\/wp-json\/wp\/v2\/pages\/19\/revisions"}],"predecessor-version":[{"id":1795,"href":"https:\/\/pontevedra.wordcamp.org\/2018\/wp-json\/wp\/v2\/pages\/19\/revisions\/1795"}],"wp:attachment":[{"href":"https:\/\/pontevedra.wordcamp.org\/2018\/wp-json\/wp\/v2\/media?parent=19"}],"curies":[{"name":"wp","href":"https:\/\/api.w.org\/{rel}","templated":true}]}}