{"id":2,"date":"2017-10-17T10:56:58","date_gmt":"2017-10-17T08:56:58","guid":{"rendered":"http:\/\/2018.pontevedra.wordcamp.org\/?page_id=2"},"modified":"2018-08-15T12:34:23","modified_gmt":"2018-08-15T10:34:23","slug":"inicio","status":"publish","type":"page","link":"https:\/\/pontevedra.wordcamp.org\/2018\/","title":{"rendered":"INICIO"},"content":{"rendered":"<h1>#PonteWordCamp<\/h1>\n<h2>22-23 SEPTIEMBRE<\/h2>\n<hr \/>\n<h3>\u00a1Bienvenidos a la primera WordCamp en Galicia!<\/h3>\n<h3>Benvidos \u00e1 primeira WordCamp en Galicia!<\/h3>\n<h3>Welcome to the first WordCamp in Galicia!<\/h3>\n<hr \/>\n<p><img loading=\"lazy\" decoding=\"async\" class=\"fullwidth aligncenter wp-image-446 size-full\" src=\"https:\/\/2018.pontevedra.wordcamp.org\/files\/2018\/07\/2017-09-28-19.25.12-e1531210646935.jpg\" alt=\"\" width=\"3264\" height=\"1191\" srcset=\"https:\/\/pontevedra.wordcamp.org\/2018\/files\/2018\/07\/2017-09-28-19.25.12-e1531210646935.jpg 3264w, https:\/\/pontevedra.wordcamp.org\/2018\/files\/2018\/07\/2017-09-28-19.25.12-e1531210646935-300x109.jpg 300w, https:\/\/pontevedra.wordcamp.org\/2018\/files\/2018\/07\/2017-09-28-19.25.12-e1531210646935-768x280.jpg 768w, https:\/\/pontevedra.wordcamp.org\/2018\/files\/2018\/07\/2017-09-28-19.25.12-e1531210646935-1024x374.jpg 1024w, https:\/\/pontevedra.wordcamp.org\/2018\/files\/2018\/07\/2017-09-28-19.25.12-e1531210646935-500x182.jpg 500w, https:\/\/pontevedra.wordcamp.org\/2018\/files\/2018\/07\/2017-09-28-19.25.12-e1531210646935-1200x438.jpg 1200w\" sizes=\"auto, (max-width: 709px) 85vw, (max-width: 909px) 67vw, (max-width: 1362px) 62vw, 840px\" \/><\/p>\n<h4>\u00bfQu\u00e9 tengo que saber sobre la WordCamp?<\/h4>\n<ul>\n<li><a href=\"https:\/\/2018.pontevedra.wordcamp.org\/welcome-to-wordcamp-pontevedra\/\">\u00bfQu\u00e9 es la WordCamp Pontevedra? \u00bfDe qu\u00e9 se va a hablar? \u00bfEs para m\u00ed?<\/a><\/li>\n<li><a href=\"https:\/\/2018.pontevedra.wordcamp.org\/entradas\/\">\u00bfC\u00f3mo compro mi entrada?<\/a><\/li>\n<li><a href=\"https:\/\/2018.pontevedra.wordcamp.org\/programacion\/\">\u00bfQu\u00e9 charlas va a haber? \u00bfDe qu\u00e9 se va a hablar?<\/a><\/li>\n<li><a href=\"https:\/\/2018.pontevedra.wordcamp.org\/patrocinadores\/\">\u00bfY si quiero patrocinar el evento de alguna manera?<\/a><\/li>\n<li><a href=\"https:\/\/2018.pontevedra.wordcamp.org\/transporte\/\">\u00bfC\u00f3mo llego a Pontevedra?<\/a><\/li>\n<\/ul>\n<h4>Que te\u00f1o que saber sobre a WordCamp?<\/h4>\n<ul>\n<li><a href=\"https:\/\/2018.pontevedra.wordcamp.org\/welcome-to-wordcamp-pontevedra\/#gal\">Que \u00e9 a WordCamp Pontevedra? De que se falar\u00e1? \u00c9 para min?<\/a><\/li>\n<li><a href=\"https:\/\/2018.pontevedra.wordcamp.org\/entradas\/#gal\">Como merco a mi\u00f1a entrada?<\/a><\/li>\n<li><a href=\"https:\/\/2018.pontevedra.wordcamp.org\/programacion\/\">Que charlas haber\u00e1? De que se vai falar?<\/a><\/li>\n<li><a href=\"https:\/\/2018.pontevedra.wordcamp.org\/patrocinadores\/#gal\">E se quero patrocinar o evento dalg\u00fan xeito?<\/a><\/li>\n<li><a href=\"https:\/\/2018.pontevedra.wordcamp.org\/transporte\/#gal\">Como chego ata Pontevedra?<\/a><\/li>\n<\/ul>\n<h4>What do I need to know about the WordCamp?<\/h4>\n<ul>\n<li><a href=\"https:\/\/2018.pontevedra.wordcamp.org\/welcome-to-wordcamp-pontevedra\/#eng\">What&#8217;s WordCamp Pontevedra? What kind of talks will there be? Will I fit in?<\/a><\/li>\n<li><a href=\"https:\/\/2018.pontevedra.wordcamp.org\/entradas\/#eng\">How do I buy my ticket?<\/a><\/li>\n<li><a href=\"https:\/\/2018.pontevedra.wordcamp.org\/programacion\/\">Which are going to be the talks? What&#8217;s the final schedule?<\/a><\/li>\n<li><a href=\"https:\/\/2018.pontevedra.wordcamp.org\/patrocinadores\/#eng\">And what about sponsoring the event?<\/a><\/li>\n<li><a href=\"https:\/\/2018.pontevedra.wordcamp.org\/transporte\/#eng\">How can I travel to Pontevedra?<\/a><\/li>\n<\/ul>\n","protected":false},"excerpt":{"rendered":"<p>#PonteWordCamp 22-23 SEPTIEMBRE \u00a1Bienvenidos a la primera WordCamp en Galicia! Benvidos \u00e1 primeira WordCamp en Galicia! Welcome to the first WordCamp in Galicia! \u00bfQu\u00e9 tengo que saber sobre la WordCamp? \u00bfQu\u00e9 es la WordCamp Pontevedra? \u00bfDe qu\u00e9 se va a hablar? \u00bfEs para m\u00ed? \u00bfC\u00f3mo compro mi entrada? \u00bfQu\u00e9 charlas va a haber? \u00bfDe qu\u00e9 &hellip; <a href=\"https:\/\/pontevedra.wordcamp.org\/2018\/\" class=\"more-link\">Continuar leyendo<span class=\"screen-reader-text\"> \u00abINICIO\u00bb<\/span><\/a><\/p>\n","protected":false},"author":14240579,"featured_media":0,"parent":0,"menu_order":0,"comment_status":"closed","ping_status":"closed","template":"","meta":{"jetpack_post_was_ever_published":false,"footnotes":""},"class_list":["post-2","page","type-page","status-publish","hentry"],"jetpack_sharing_enabled":true,"jetpack_shortlink":"https:\/\/wp.me\/P9i2Dj-2","_links":{"self":[{"href":"https:\/\/pontevedra.wordcamp.org\/2018\/wp-json\/wp\/v2\/pages\/2","targetHints":{"allow":["GET"]}}],"collection":[{"href":"https:\/\/pontevedra.wordcamp.org\/2018\/wp-json\/wp\/v2\/pages"}],"about":[{"href":"https:\/\/pontevedra.wordcamp.org\/2018\/wp-json\/wp\/v2\/types\/page"}],"author":[{"embeddable":true,"href":"https:\/\/pontevedra.wordcamp.org\/2018\/wp-json\/wp\/v2\/users\/14240579"}],"replies":[{"embeddable":true,"href":"https:\/\/pontevedra.wordcamp.org\/2018\/wp-json\/wp\/v2\/comments?post=2"}],"version-history":[{"count":45,"href":"https:\/\/pontevedra.wordcamp.org\/2018\/wp-json\/wp\/v2\/pages\/2\/revisions"}],"predecessor-version":[{"id":1381,"href":"https:\/\/pontevedra.wordcamp.org\/2018\/wp-json\/wp\/v2\/pages\/2\/revisions\/1381"}],"wp:attachment":[{"href":"https:\/\/pontevedra.wordcamp.org\/2018\/wp-json\/wp\/v2\/media?parent=2"}],"curies":[{"name":"wp","href":"https:\/\/api.w.org\/{rel}","templated":true}]}}