{"id":256,"date":"2018-07-05T22:20:01","date_gmt":"2018-07-05T20:20:01","guid":{"rendered":"https:\/\/2018.pontevedra.wordcamp.org\/?page_id=256"},"modified":"2018-08-14T16:53:15","modified_gmt":"2018-08-14T14:53:15","slug":"alojamiento","status":"publish","type":"page","link":"https:\/\/pontevedra.wordcamp.org\/2018\/alojamiento\/","title":{"rendered":"Alojamiento"},"content":{"rendered":"<p style=\"text-align: right\"><a class=\"lang\" href=\"#gal\">[Galego]<\/a> <a class=\"lang\" href=\"#eng\">[English]<\/a><\/p>\n<h1>Alojamiento \/ Aloxamento \/ Accommodation<\/h1>\n<h2>ALBERGUES Y ALOJAMIENTOS DE PONTEVEDRA<\/h2>\n<p>Pontevedra tiene una oferta variada y adaptada a todos los precios para los visitantes a la ciudad. Desde albergues y hostales, frecuentados por los que siguen la ruta jacobea, a hoteles c\u00e9ntricos o incluso el parador, existen alternativas para todos los bolsillos.<\/p>\n<p>Las <a href=\"https:\/\/2018.pontevedra.wordcamp.org\/localizacion\/\">distancias en Pontevedra son cortas<\/a> as\u00ed que cualquier alojamiento del casco urbano ser\u00e1 una buena opci\u00f3n para poder desplazarse c\u00f3modamente hasta el lugar donde se celebra la WordCamp, o disfrutar de las distintas actividades que tenemos organizadas por la ciudad.<\/p>\n<p>En particular, el <b>Hotel R\u00edas Bajas <\/b>nos ofrece un descuento especial para los asistentes a la WordCamp. Para informaci\u00f3n o reservas, pod\u00e9is contactar directamente con ellos en:<\/p>\n<p><a href=\"mailto:contacto@hotelriasbajas.com\">contacto@hotelriasbajas.com<\/a> o por tel\u00e9fono 986 85 51 00<\/p>\n<p>Recordad mencionar \u201cWordCamp\u201d para acceder a esta tarifa especial:<\/p>\n<p>Doble uso individual: 66 \u20ac \/ noche sin desayuno, 75 \u20ac \/ noche con desayuno<br \/>\nDoble 2 personas:: 73\u20ac \/ noche sin desayuno, 91 \u20ac \/ noche con desayuno<\/p>\n<p>Si prefer\u00eds buscar otras opciones, <a href=\"https:\/\/www.google.es\/search?num=100&amp;safe=off&amp;rlz=1C5CHFA_enES787ES787&amp;q=hoteles+en+pontevedra+maps&amp;npsic=0&amp;rflfq=1&amp;rldoc=1&amp;rlha=1&amp;rlla=0&amp;rlhsc=CiAI5dP-uJHV0YMYCMyam-GcttCijQEI-NT9lsmnj4abATAC&amp;rllag=42430694,-8645256,512&amp;tbm=lcl&amp;sa=X&amp;ved=2ahUKEwjl-5Oq9-TcAhUBQhoKHZeDCfoQtgN6BAgCEAQ&amp;biw=2160&amp;bih=982#rlfi=hd:2018-08-30,2018-08-31;si:;mv:!1m3!1d24847.457136153964!2d-8.6529177613005!3d42.430208022956236!3m2!1i1740!2i810!4f13.1\">aqu\u00ed os dejamos un mapa con algunas alternativas<\/a>.<\/p>\n<p>&nbsp;<\/p>\n<hr \/>\n<h2 id=\"gal\"><span style=\"color: #3576ba\">ALBERGUES E ALOXAMENTOS DE PONTEVEDRA<\/span><\/h2>\n<p><span style=\"color: #3576ba\">Pontevedra ten unha oferta variada e adaptada a t\u00f3dolos precios para os visitantes da cidade, dende albergues e hostais frecuentados polos que seguen a ruta xacobea a hoteis c\u00e9ntricos ou incluso o parador, existen alternativas para t\u00f3dolos petos.<\/span><\/p>\n<p><span style=\"color: #3576ba\"><a href=\"https:\/\/2018.pontevedra.wordcamp.org\/localizacion#gal\">As distancias en Pontevedra son curtas<\/a> as\u00ed que calquer aloxamento do casco urb\u00e1n ser\u00e1 unha boa opci\u00f3n para poder desprazarse comodamente ata o lugar onde se celebra a WordCamp ou gozar das distintas actividades que temos organizadas pola cidade.<\/span><\/p>\n<p><span style=\"color: #3576ba\">En particular, o \u201c<strong>Hotel R\u00edas Bajas<\/strong>\u201d ofrece un desconto especial para os asistentes \u00e1 WordCamp. Para m\u00e1is informaci\u00f3n ou reservas, podedes contactar directamente con eles en:<\/span><\/p>\n<p><span style=\"color: #3576ba\"><a href=\"mailto:contacto@hotelriasbajas.com\">contacto@hotelriasbajas.com<\/a> ou por tel\u00e9fono 986 85 51 00<\/span><\/p>\n<p><span style=\"color: #3576ba\">Recordade mencionar \u201cWordCamp\u201d para acceder a esta tarifa especial:<\/span><\/p>\n<p><span style=\"color: #3576ba\">Habitaci\u00f3n dobre (uso individual): 66 \u20ac \/ noite sen almorzo, 75 \u20ac \/ noite con almorzo<\/span><br \/>\n<span style=\"color: #3576ba\">Habitaci\u00f3n dobre (2 persoas): 73\u20ac \/ noite sen almorzo, 91 \u20ac \/ noite con almorzo<\/span><\/p>\n<p><span style=\"color: #3576ba\">Se preferides buscar outras opci\u00f3ns, <a href=\"https:\/\/www.google.es\/search?num=100&amp;safe=off&amp;rlz=1C5CHFA_enES787ES787&amp;q=hoteles+en+pontevedra+maps&amp;npsic=0&amp;rflfq=1&amp;rldoc=1&amp;rlha=1&amp;rlla=0&amp;rlhsc=CiAI5dP-uJHV0YMYCMyam-GcttCijQEI-NT9lsmnj4abATAC&amp;rllag=42430694,-8645256,512&amp;tbm=lcl&amp;sa=X&amp;ved=2ahUKEwjl-5Oq9-TcAhUBQhoKHZeDCfoQtgN6BAgCEAQ&amp;biw=2160&amp;bih=982#rlfi=hd:2018-08-30,2018-08-31;si:;mv:!1m3!1d24847.457136153964!2d-8.6529177613005!3d42.430208022956236!3m2!1i1740!2i810!4f13.1\">deix\u00e1mosvos aqu\u00ed un mapa con algunhas alternativas<\/a>.<\/span><\/p>\n<hr \/>\n<h2 id=\"eng\"><span style=\"color: #999999\">ACCOMMODATION IN PONTEVEDRA<\/span><\/h2>\n<p><span style=\"color: #999999\">Pontevedra offers a varied range of accommodation to visitors; From hostels often frequented by those who follow the Jacobean route, to downtown hotels or the Parador, there are several alternatives for all budgets.<\/span><\/p>\n<p><span style=\"color: #999999\"><a href=\"https:\/\/2018.pontevedra.wordcamp.org\/localizacion#eng\">Distances in Pontevedra are short<\/a>, so any accomodation in town will be a good option to easily walk to the place where WordCamp is hosted, or enjoy the different activities we have organized around the city.<\/span><\/p>\n<p><span style=\"color: #999999\">The <b>Hotel R\u00edas Bajas <\/b>has issued an special offer for WordCamp attendants. In order to book or to get more information, you can contact the hotel directly:<\/span><\/p>\n<p><span style=\"color: #999999\"><a href=\"mailto:contacto@hotelriasbajas.com\">contacto@hotelriasbajas.com<\/a> or on the phone +34 986 85 51 00<\/span><\/p>\n<p><span style=\"color: #999999\">Rememeber to mention\u201cWordCamp\u201d in order to obtain this special tarif:<\/span><\/p>\n<p><span style=\"color: #999999\">1 person in Doble room: 66 \u20ac \/ night without breakfast, 75 \u20ac \/ night with breakfast<\/span><br \/>\n<span style=\"color: #999999\">2 people in Doble room: 73 \u20ac \/ night without breakfast, 91 \u20ac \/ night with breakfast<\/span><\/p>\n<p><span style=\"color: #999999\">If you prefer to look for other options, <a href=\"https:\/\/www.google.es\/search?num=100&amp;safe=off&amp;rlz=1C5CHFA_enES787ES787&amp;q=hoteles+en+pontevedra+maps&amp;npsic=0&amp;rflfq=1&amp;rldoc=1&amp;rlha=1&amp;rlla=0&amp;rlhsc=CiAI5dP-uJHV0YMYCMyam-GcttCijQEI-NT9lsmnj4abATAC&amp;rllag=42430694,-8645256,512&amp;tbm=lcl&amp;sa=X&amp;ved=2ahUKEwjl-5Oq9-TcAhUBQhoKHZeDCfoQtgN6BAgCEAQ&amp;biw=2160&amp;bih=982#rlfi=hd:2018-08-30,2018-08-31;si:;mv:!1m3!1d24847.457136153964!2d-8.6529177613005!3d42.430208022956236!3m2!1i1740!2i810!4f13.1\">here you have a map with some more choice<\/a>.<\/span><\/p>\n","protected":false},"excerpt":{"rendered":"<p>[Galego] [English] Alojamiento \/ Aloxamento \/ Accommodation ALBERGUES Y ALOJAMIENTOS DE PONTEVEDRA Pontevedra tiene una oferta variada y adaptada a todos los precios para los visitantes a la ciudad. Desde albergues y hostales, frecuentados por los que siguen la ruta jacobea, a hoteles c\u00e9ntricos o incluso el parador, existen alternativas para todos los bolsillos. Las &hellip; <a href=\"https:\/\/pontevedra.wordcamp.org\/2018\/alojamiento\/\" class=\"more-link\">Continuar leyendo<span class=\"screen-reader-text\"> \u00abAlojamiento\u00bb<\/span><\/a><\/p>\n","protected":false},"author":13430849,"featured_media":0,"parent":0,"menu_order":0,"comment_status":"closed","ping_status":"closed","template":"","meta":{"jetpack_post_was_ever_published":false,"footnotes":""},"class_list":["post-256","page","type-page","status-publish","hentry"],"jetpack_sharing_enabled":true,"jetpack_shortlink":"https:\/\/wp.me\/P9i2Dj-48","_links":{"self":[{"href":"https:\/\/pontevedra.wordcamp.org\/2018\/wp-json\/wp\/v2\/pages\/256","targetHints":{"allow":["GET"]}}],"collection":[{"href":"https:\/\/pontevedra.wordcamp.org\/2018\/wp-json\/wp\/v2\/pages"}],"about":[{"href":"https:\/\/pontevedra.wordcamp.org\/2018\/wp-json\/wp\/v2\/types\/page"}],"author":[{"embeddable":true,"href":"https:\/\/pontevedra.wordcamp.org\/2018\/wp-json\/wp\/v2\/users\/13430849"}],"replies":[{"embeddable":true,"href":"https:\/\/pontevedra.wordcamp.org\/2018\/wp-json\/wp\/v2\/comments?post=256"}],"version-history":[{"count":4,"href":"https:\/\/pontevedra.wordcamp.org\/2018\/wp-json\/wp\/v2\/pages\/256\/revisions"}],"predecessor-version":[{"id":1342,"href":"https:\/\/pontevedra.wordcamp.org\/2018\/wp-json\/wp\/v2\/pages\/256\/revisions\/1342"}],"wp:attachment":[{"href":"https:\/\/pontevedra.wordcamp.org\/2018\/wp-json\/wp\/v2\/media?parent=256"}],"curies":[{"name":"wp","href":"https:\/\/api.w.org\/{rel}","templated":true}]}}