{"id":438,"date":"2018-07-10T09:35:29","date_gmt":"2018-07-10T07:35:29","guid":{"rendered":"https:\/\/2018.pontevedra.wordcamp.org\/?page_id=438"},"modified":"2018-08-27T13:07:00","modified_gmt":"2018-08-27T11:07:00","slug":"voluntariado","status":"publish","type":"page","link":"https:\/\/pontevedra.wordcamp.org\/2018\/voluntariado\/","title":{"rendered":"Voluntariado"},"content":{"rendered":"<p style=\"text-align: right\"><a class=\"lang\" href=\"#gal\">[Galego]<\/a> <a class=\"lang\" href=\"#eng\">[English]<\/a><\/p>\n<h1><strong>\u00a1Buscamos voluntarios y voluntarias como t\u00fa!\u00a0<\/strong><\/h1>\n<p>Como voluntario ser\u00e1s parte muy activa de la WordCamp. Ser\u00e1s el primero en entrar en contacto con los asistentes. Y ayudar\u00e1s a los ponentes a encontrarse c\u00f3modos, a sincronizar los <em>tracks<\/em>, a resolver cualquier duda que pueda surgir y a conseguir que en el evento vaya todo sobre ruedas.<\/p>\n<p>Sin ti esto no ser\u00eda posible y queremos que te sientas parte de la comunidad en uno de sus momentos m\u00e1s relevantes.<\/p>\n<p>Si quieres ser voluntario en la WordCamp de Pontevedra, <strong>lo \u00fanico que necesitamos es que tengas ganas y te involucres, a\u00fan m\u00e1s, en la comunidad de WordPress<\/strong>.<\/p>\n<p>El evento tendr\u00e1 lugar en la Facultad de Ciencias Sociales y de la Comunicaci\u00f3n de Pontevedra los d\u00edas 22 y 23 de septiembre de 2018. Con 200 asistentes, esta va a ser la primera WordCamp en Galicia. \u00bfTe vas a perder este hist\u00f3rico evento?<\/p>\n<p>Como novedad, el viernes 21 de septiembre antes de comer haremos una peque\u00f1a ruta guiada por Pontevedra para todos aquellos que se apunten. Comeremos y, posteriormente, haremos una meetup que ser\u00e1 gratis para todos a las 18:30 en el encuentro de emprendedores Pont-Up Store.<\/p>\n<p>El tema ser\u00e1 <a href=\"https:\/\/www.meetup.com\/es-ES\/Pontevedra-WordPress-Meetup\/events\/252683346\/\"><strong>Emprender con WordPress<\/strong><\/a> y contaremos con tres invitados de lujo. \u00a1No te lo pierdas y conf\u00edrmanos tu asistencia! Luego ya nos adentraremos en la noche pontevedresa para prepararnos concienzudamente para las jornadas de s\u00e1bado y domingo.<\/p>\n<p>Sabemos que quieres ayudar. Com\u00e9ntanos por qu\u00e9 quieres ser voluntario\u2026 no lo pienses, \u00a1hazlo ya!<\/p>\n<h2>COMO VOLUNTARIO DE LA WORDCAMP PONTEVEDRA\u2026<\/h2>\n<ul>\n<li>Podr\u00e1s formar parte de la marcha de la WordCamp Pontevedra<\/li>\n<li>Ser\u00e1s una pieza esencial los d\u00edas del evento<\/li>\n<li>Compartir\u00e1s tiempo con los organizadores y ponentes<\/li>\n<li>Te encontrar\u00e1s y charlar\u00e1s con visitantes de todos los lugares<\/li>\n<li>Recibir\u00e1s una camiseta exclusiva para voluntarios<\/li>\n<li>Tendr\u00e1s cubiertos los gastos de la entrada, que incluye la comida del evento<\/li>\n<li>Acudir\u00e1s a la cena de ponentes, organizadores y voluntarios<\/li>\n<\/ul>\n<h2>\u00bfEN QU\u00c9 NOS AYUDAR\u00cdAS?<\/h2>\n<ul>\n<li>Acreditaciones<\/li>\n<li>Entrega de camisetas<\/li>\n<li>Entrega de <em>swag<\/em><\/li>\n<li>Ayuda en las horas de caf\u00e9 y comida<\/li>\n<li>Avituallamiento<\/li>\n<li>Ayuda a los ponentes<\/li>\n<li>Control de tiempos en sala<\/li>\n<li>Control de micr\u00f3fonos en los turnos de preguntas en las salas<\/li>\n<li>Ayuda a los asistentes para ubicarse<\/li>\n<li>Log\u00edstica en general<\/li>\n<li>Ayuda audiovisual<\/li>\n<li>Ayuda a los patrocinadores<\/li>\n<\/ul>\n<h2>UNA VEZ TE HAYAS APUNTADO COMO VOLUNTARIO\u2026<\/h2>\n<ul>\n<li>Te a\u00f1adiremos a nuestro equipo de voluntarios<\/li>\n<li>Te asignaremos una serie de tareas durante el d\u00eda del evento<\/li>\n<li>Los voluntarios deber\u00e1n estar en Pontevedra el viernes 21 de septiembre a\u00a0primera hora de la tarde. A tiempo de conocer el lugar, conocer al resto del equipo, hacer un resumen y asignar tareas.<\/li>\n<li>Si quieres venir a la ruta guiada y a la meetup del viernes por la ma\u00f1ana y tarde, <a href=\"https:\/\/www.meetup.com\/es-ES\/Pontevedra-WordPress-Meetup\/events\/252683346\/\">ap\u00fantate aqu\u00ed<\/a>. Es gratis.<\/li>\n<li>Si por alg\u00fan motivo vas a llegar m\u00e1s tarde y a\u00fan as\u00ed quieres participar como voluntario, hay un apartado especial en el formulario para que nos lo indiques.<\/li>\n<\/ul>\n<p>\u00bfYa est\u00e1s decidido? Entonces, \u00a1ap\u00fantate ya!<\/p>\n<p>NOTA: Recuerda que ninguno de los voluntarios de todas las WordCamps que se celebrar alrededor del mundo cobra nada. Todos aportamos nuestro granito de arena para que eventos como este salgan adelante. As\u00ed podemos difundir el conocimiento all\u00e1 donde haya una comunidad<\/p>\n<h2>FECHA L\u00cdMITE PARA LAS PROPUESTAS DE VOLUNTARIOS<\/h2>\n<p>Esperamos tu solicitud hasta las 23:59 del 26 de agosto. Valoraremos los motivos de tu candidatura, as\u00ed como tu participaci\u00f3n con la comunidad, y te avisaremos tan pronto como hagamos la selecci\u00f3n de voluntarios.<\/p>\n<p>Eso es todo, \u00a1estamos esperando tu solicitud!<\/p>\n<p><strong>\u00bfYa est\u00e1s decidido? Env\u00edanos tu solicitud usando el siguiente formulario.<\/strong><\/p>\n<p>Antes de enviar tu solicitud como voluntario, por favor, accede a WordCamp.org utilizando tu cuenta de WordPress.org*. Si no tienes una cuenta, <a href=\"https:\/\/wordpress.org\/support\/register.php\">por favor, hazte una<\/a>.<br \/>\n* <em>Esta es tu cuenta de <\/em><em><a href=\"https:\/\/wordpress.org\/\">la web oficial de WordPress.org<\/a><\/em><em>, no la de tu sitio WordPress personal.<\/em><\/p>\n<p>[Solicitudes cerradas]<\/p>\n<hr \/>\n<h1 id=\"gal\"><span style=\"color: #306baf\">Procuramos voluntarios e voluntarias coma ti!<\/span><\/h1>\n<p><span style=\"color: #306baf\">Como voluntario ser\u00e1s unha parte moi activa da\u00a0WordCamp. Ser\u00e1s o primeiro en ter contacto cos asistentes. E axudar\u00e1s aos relatores a estar c\u00f3modos, a sincronizar os\u00a0<em>tracks<\/em>, a resolver calquera d\u00fabida que xurda e a lograr que no evento vaia todo coma a seda.<\/span><\/p>\n<p><span style=\"color: #306baf\">Sen ti isto non ser\u00eda posible e queremos que te sintas parte da comunidade nun dos seus momentos m\u00e1is relevantes.<\/span><\/p>\n<p><span style=\"color: #306baf\">Para seres voluntario na\u00a0WordCamp Pontevedra, <strong>tan s\u00f3 precisamos que te\u00f1as gana e te queiras involucrar un pouco m\u00e1is na comunidade de WordPress.<\/strong><\/span><\/p>\n<p><span style=\"color: #306baf\">O evento ter\u00e1 lugar na Facultade de Ciencias Sociais e da Comunicaci\u00f3n de Pontevedra os d\u00edas 22 e 23 de setembro do 2018. Con 200 asistentes, esta vai ser a primeira WordCamp en Galicia. Vas perder este evento hist\u00f3rico?<\/span><\/p>\n<p><span style=\"color: #306baf\">Como novidade, o venres 21 de setembro antes do xantar faremos unha pequena ruta guiada por Pontevedra para todos aqueles que se anoten. Comeremos e, posteriormente, faremos unha meetup de balde para todos \u00e1s 18:30 no encontro de emprendedores Pont- Up Store.<\/span><\/p>\n<p><span style=\"color: #306baf\">O tema ser\u00e1 <a href=\"https:\/\/www.meetup.com\/es-ES\/Pontevedra-WordPress-Meetup\/events\/252683346\/\"><strong>Emprender con WordPress<\/strong><\/a> e contaremos con tres convidados de luxo. Non o perdas e conf\u00edrmanos a t\u00faa asistencia! Logo xa nos introduciremos na noite pontevedresa para aprestarnos con sentidi\u00f1o para as xornadas do s\u00e1bado e do domingo.<\/span><\/p>\n<p><span style=\"color: #306baf\">Sabemos que queres axudar. Com\u00e9ntanos o porqu\u00e9 de seres voluntario\u2026 non lle deas m\u00e1is voltas, faino xa!<\/span><\/p>\n<h2 style=\"text-align: left\"><span style=\"color: #306baf\"><strong>COMO VOLUNTARIO DA WORDCAMP PONTEVEDRA\u2026<\/strong><\/span><\/h2>\n<ul>\n<li><span style=\"color: #306baf\">Poder\u00e1s tomar parte na marcha da\u00a0WordCamp Pontevedra.<\/span><\/li>\n<li><span style=\"color: #306baf\">Ser\u00e1s unha peza esencial durante os d\u00edas do evento.<\/span><\/li>\n<li><span style=\"color: #306baf\">Compartir\u00e1s tempos cos organizadores e cos relatores.<\/span><\/li>\n<li><span style=\"color: #306baf\">Atoparaste e leriar\u00e1s con visitantes de todos os sitios.<\/span><\/li>\n<li><span style=\"color: #306baf\">Levar\u00e1s unha camiseta exclusiva para voluntarios.<\/span><\/li>\n<li><span style=\"color: #306baf\">Desfrutar\u00e1s de gastos pagos para a entrada, que incl\u00fae a comida do evento.<\/span><\/li>\n<li><span style=\"color: #306baf\">Acudir\u00e1s \u00e1 cea de relatores, organizadores e voluntarios.<\/span><\/li>\n<\/ul>\n<h2><span style=\"color: #306baf\"><strong>EN QUE NOS BOTAR\u00cdAS UNHA MAN<\/strong>?<\/span><\/h2>\n<ul>\n<li><span style=\"color: #306baf\">Acreditaci\u00f3ns<\/span><\/li>\n<li><span style=\"color: #306baf\">Entrega de camisetas<\/span><\/li>\n<li><span style=\"color: #306baf\">Entrega de\u00a0<em>swag<\/em><\/span><\/li>\n<li><span style=\"color: #306baf\">Axuda \u00e1 hora do caf\u00e9 e da comida<\/span><\/li>\n<li><span style=\"color: #306baf\">Aprovisionamento<\/span><\/li>\n<li><span style=\"color: #306baf\">Axuda a relatores<\/span><\/li>\n<li><span style=\"color: #306baf\">Control de tempos nas salas<\/span><\/li>\n<li><span style=\"color: #306baf\">Control de micr\u00f3fonos durante as quendas de preguntas nas salas<\/span><\/li>\n<li><span style=\"color: #306baf\">Axuda a asistentes para situarse<\/span><\/li>\n<li><span style=\"color: #306baf\">Lox\u00edstica en xeral<\/span><\/li>\n<li><span style=\"color: #306baf\">Axuda audiovisual<\/span><\/li>\n<li><span style=\"color: #306baf\">Axuda a patrocinadores<\/span><\/li>\n<\/ul>\n<h2><span style=\"color: #306baf\"><strong>UNHA VEZ INSCRITO COMO VOLUNTARIO<\/strong>\u2026<\/span><\/h2>\n<ul>\n<li><span style=\"color: #306baf\">Engadir\u00e9moste ao noso equipo de voluntarios.<\/span><\/li>\n<li><span style=\"color: #306baf\">Asignar\u00e9mosche unha serie de tarefas durante o d\u00eda do evento.<\/span><\/li>\n<li><span style=\"color: #306baf\">Os voluntarios deber\u00e1n estar en Pontevedra o venres 21 de setembro a primeira hora da tarde. A tempo de co\u00f1ecer o lugar, co\u00f1ecer ao resto do equipo, facer un resumo e asignar tarefas.<\/span><\/li>\n<li><span style=\"color: #306baf\">Se queres vir \u00e1 ruta guiada e a meetup do venres pola ma\u00f1\u00e1 e pola tarde, <a href=\"https:\/\/www.meetup.com\/es-ES\/Pontevedra-WordPress-Meetup\/events\/252683346\/\">ap\u00fantate aqu\u00ed<\/a>. \u00c9 de balde.<\/span><\/li>\n<li><span style=\"color: #306baf\">Se vas chegar m\u00e1is tarde por alg\u00fan motivo e a\u00ednda queres participar como voluntario, hai un apartado especial no formulario para que nolo indiques.<\/span><\/li>\n<\/ul>\n<p><span style=\"color: #306baf\">Xa est\u00e1s decidido? Ent\u00f3n, ap\u00fantate sen perderes m\u00e1is tempo!<\/span><\/p>\n<p><span style=\"color: #306baf\">NOTA: Lembra que ning\u00fan dos voluntarios das WordCamps que se fan en todo mundo cobra nada. Todos achegamos o noso gran de area para que eventos coma este saian adiante. As\u00ed podemos espallar co\u00f1ecemento al\u00e1 onde haxa unha comunidade.<\/span><\/p>\n<h2><span style=\"color: #306baf\"><strong>DATA L\u00cdMITE PARA AS PROPOSTAS DE VOLUNTARIOS<\/strong><\/span><\/h2>\n<p><span style=\"color: #306baf\">Agardaremos pola t\u00faa solicitude ata as 23:59 do 26 de agosto. Valoraremos os motivos da t\u00faa candidatura, as\u00ed como a t\u00faa participaci\u00f3n coa comunidade, e avisar\u00e9moste tan pronto como fagamos a selecci\u00f3n de voluntarios.<\/span><\/p>\n<p><span style=\"color: #306baf\">Iso \u00e9 todo, estamos a esperar a t\u00faa solicitude!<\/span><\/p>\n<p><span style=\"color: #306baf\"><strong>Xa te decidiches? Env\u00edanos a t\u00faa solicitude usando o seguinte formulario.<\/strong><\/span><\/p>\n<p><span style=\"color: #306baf\">Antes de enviares a t\u00faa solicitude como voluntario, por favor, accede \u00e1 p\u00e1xina WordCamp.org utilizando a t\u00faa conta de WordPress.org*. Se non tes unha conta, <a href=\"https:\/\/wordpress.org\/support\/register.php\">por favor, fai unha<\/a>.<\/span><br \/>\n<span style=\"color: #306baf\">* <em>Esta \u00e9 a t\u00faa conta da <a href=\"https:\/\/wordpress.org\/\">web oficial de WordPress.org<\/a>, non a do teu sitio WordPress persoal.<\/em><\/span><\/p>\n<p>[Solicitudes pechadas]<\/p>\n<hr \/>\n<h1 id=\"eng\"><span style=\"color: #999999\">We are looking for volunteers like you!<\/span><\/h1>\n<p><span style=\"color: #999999\">As a volunteer you will be a very active part of the WordCamp: You\u2019ll be the first one to get in touch with the attendees, you will help the speakers to feel comfortable, to synchronize the tracks, to solve any doubts that may arise and to make sure the event runs smoothly.<\/span><\/p>\n<p><span style=\"color: #999999\">Without you it would not be possible and we want you to feel part of the community in one of its most relevant moments.<\/span><\/p>\n<p><span style=\"color: #999999\">If you want to be a volunteer in the WordCamp of Pontevedra, <strong>we just need you to be up for it and get (even more) involved with the WordPress community.<\/strong><\/span><\/p>\n<p><span style=\"color: #999999\">The event will take place the Faculty of Social Sciences and Communication in Pontevedra on the 22nd and 23rd of September 2018.<\/span><\/p>\n<p><span style=\"color: #999999\">With 200 attendees, this is going to be the first WordCamp in Galicia, are you going to miss out on this historic event?<\/span><\/p>\n<p><span style=\"color: #999999\">As a novelty, on Friday the 21st of September and before lunch, we will have a small guided tour of Pontevedra for all those who register, then we will have lunch and after that we will celebrate a Meetup, free for all attendants, at 18:30h at the Pont-Up.<\/span><\/p>\n<p><span style=\"color: #999999\">The Meetup theme will be <a href=\"https:\/\/www.meetup.com\/es-ES\/Pontevedra-WordPress-Meetup\/events\/252683346\/\"><strong>\u201cStarting Business with WordPress\u201d<\/strong><\/a> and three star guests will join us. Do not miss it and confirm your attendance. Later on, we will enjoy Pontevedra nightlife in order to thoroughly prepare ourselves for Saturday and Sunday.<\/span><\/p>\n<p><span style=\"color: #999999\">We know you want to help, tell us why you want to volunteer and &#8230; do not think about it, do it now!<\/span><\/p>\n<h2><span style=\"color: #999999\">AS A VOLUNTEER IN THE WORDCAMP PONTEVEDRA\u2026<\/span><\/h2>\n<ul>\n<li><span style=\"color: #999999\">You can be involved in the developments of the WordCamp Pontevedra<\/span><\/li>\n<li><span style=\"color: #999999\">You will be essential during the days of the event<\/span><\/li>\n<li><span style=\"color: #999999\">You will spend time with the organizers and speakers<\/span><\/li>\n<li><span style=\"color: #999999\">You will meet and chat with visitors from everywhere<\/span><\/li>\n<li><span style=\"color: #999999\">You will receive an exclusive T-shirt for volunteers only<\/span><\/li>\n<li><span style=\"color: #999999\">Ticket and meals expenses will be covered for you<\/span><\/li>\n<li><span style=\"color: #999999\">You can join the dinner of speakers \/ organizers \/ volunteers<\/span><\/li>\n<\/ul>\n<h2><span style=\"color: #999999\">HOW COULD YOU HELP<\/span><\/h2>\n<ul>\n<li><span style=\"color: #999999\">Accreditations<\/span><\/li>\n<li><span style=\"color: #999999\">Handing t-shirts to participants<\/span><\/li>\n<li><span style=\"color: #999999\">Handing out swag<\/span><\/li>\n<li><span style=\"color: #999999\">Being of help during coffee breaks and meals<\/span><\/li>\n<li><span style=\"color: #999999\">Managing supplies<\/span><\/li>\n<li><span style=\"color: #999999\">Assistance to the speakers<\/span><\/li>\n<li><span style=\"color: #999999\">Time management in rooms<\/span><\/li>\n<li><span style=\"color: #999999\">Managing the microphones during QA times in the rooms<\/span><\/li>\n<li><span style=\"color: #999999\">Helping the attendees to know their whereabouts<\/span><\/li>\n<li><span style=\"color: #999999\">Logistics in general<\/span><\/li>\n<li><span style=\"color: #999999\">Help with audio-visual equipments<\/span><\/li>\n<li><span style=\"color: #999999\">Helping the sponsors<\/span><\/li>\n<\/ul>\n<h2><span style=\"color: #999999\">ONCE YOU HAVE BEEN APPOINTED AS A VOLUNTEER\u2026<\/span><\/h2>\n<ul>\n<li><span style=\"color: #999999\">We will add you to our volunteers team<\/span><\/li>\n<li><span style=\"color: #999999\">We will assign you a series of tasks during the days of the event<\/span><\/li>\n<li><span style=\"color: #999999\">Volunteers must be in Pontevedra on Friday, September 21 in the early afternoon. In time to get to know the area, meet the rest of the team, make a summary and assign tasks.<\/span><\/li>\n<li><span style=\"color: #999999\">If you want to come to the Guided Tour and Meetup on Friday morning and afternoon, please <a href=\"https:\/\/www.meetup.com\/es-ES\/Pontevedra-WordPress-Meetup\/events\/252683346\/\">sign up here<\/a>, it&#8217;s free.<\/span><\/li>\n<li><span style=\"color: #999999\">If for some reason you are going to arrive late but you still want to take part as a volunteer, there is a special section in the form for you to tell us.<\/span><\/li>\n<\/ul>\n<p><span style=\"color: #999999\">Have you already decided? Then sign up now!<\/span><\/p>\n<p><span style=\"color: #999999\">NOTE: Remember that none of the volunteers in any WordCamp in the world gets paid for anything; We all contribute by doing our best for events like this to be successful. This way we will be able to spread the knowledge wherever there is a community.<\/span><\/p>\n<h2><span style=\"color: #999999\">DEADLINE FOR VOLUNTEER APPLICATION<\/span><\/h2>\n<p><span style=\"color: #999999\">We are looking forward to receiving your application until the 23:59 of the 26th of August. We will assess your reasons and participation and we will publish the volunteer list as soon as possible.<\/span><\/p>\n<p><span style=\"color: #999999\">And that&#8217;s all, we are looking forward to your application!<\/span><\/p>\n<p><span style=\"color: #999999\"><strong>Have you already decided? Send us your application using the following form.<\/strong><\/span><\/p>\n<p><span style=\"color: #999999\">Before sending your volunteering application, please, access WordCamp.org using your WordPress.org account *. If you do not have an account, <a href=\"https:\/\/wordpress.org\/support\/register.php\">please, register for one<\/a>.<\/span><\/p>\n<p><span style=\"color: #999999\">* Use your account in<a href=\"https:\/\/wordpress.org\/\"> the official WordPress.org<\/a> website, not your personal WordPress site account<\/span><\/p>\n<p>[Applications Closed]<\/p>\n","protected":false},"excerpt":{"rendered":"<p>[Galego] [English] \u00a1Buscamos voluntarios y voluntarias como t\u00fa!\u00a0 Como voluntario ser\u00e1s parte muy activa de la WordCamp. Ser\u00e1s el primero en entrar en contacto con los asistentes. Y ayudar\u00e1s a los ponentes a encontrarse c\u00f3modos, a sincronizar los tracks, a resolver cualquier duda que pueda surgir y a conseguir que en el evento vaya todo &hellip; <a href=\"https:\/\/pontevedra.wordcamp.org\/2018\/voluntariado\/\" class=\"more-link\">Continuar leyendo<span class=\"screen-reader-text\"> \u00abVoluntariado\u00bb<\/span><\/a><\/p>\n","protected":false},"author":14240579,"featured_media":0,"parent":0,"menu_order":0,"comment_status":"closed","ping_status":"closed","template":"","meta":{"jetpack_post_was_ever_published":false,"footnotes":""},"class_list":["post-438","page","type-page","status-publish","hentry"],"jetpack_sharing_enabled":true,"jetpack_shortlink":"https:\/\/wp.me\/P9i2Dj-74","_links":{"self":[{"href":"https:\/\/pontevedra.wordcamp.org\/2018\/wp-json\/wp\/v2\/pages\/438","targetHints":{"allow":["GET"]}}],"collection":[{"href":"https:\/\/pontevedra.wordcamp.org\/2018\/wp-json\/wp\/v2\/pages"}],"about":[{"href":"https:\/\/pontevedra.wordcamp.org\/2018\/wp-json\/wp\/v2\/types\/page"}],"author":[{"embeddable":true,"href":"https:\/\/pontevedra.wordcamp.org\/2018\/wp-json\/wp\/v2\/users\/14240579"}],"replies":[{"embeddable":true,"href":"https:\/\/pontevedra.wordcamp.org\/2018\/wp-json\/wp\/v2\/comments?post=438"}],"version-history":[{"count":14,"href":"https:\/\/pontevedra.wordcamp.org\/2018\/wp-json\/wp\/v2\/pages\/438\/revisions"}],"predecessor-version":[{"id":1556,"href":"https:\/\/pontevedra.wordcamp.org\/2018\/wp-json\/wp\/v2\/pages\/438\/revisions\/1556"}],"wp:attachment":[{"href":"https:\/\/pontevedra.wordcamp.org\/2018\/wp-json\/wp\/v2\/media?parent=438"}],"curies":[{"name":"wp","href":"https:\/\/api.w.org\/{rel}","templated":true}]}}