{"id":12,"date":"2018-11-16T17:58:51","date_gmt":"2018-11-16T17:58:51","guid":{"rendered":"https:\/\/2019.pontevedra.wordcamp.org\/organizers\/"},"modified":"2019-08-03T08:32:34","modified_gmt":"2019-08-03T06:32:34","slug":"organizadores","status":"publish","type":"page","link":"https:\/\/pontevedra.wordcamp.org\/2019\/organizadores\/","title":{"rendered":"Organizadores"},"content":{"rendered":"\n<p class=\"wp-block-paragraph\">Una WordCamp la hacen los asistentes. Una WordCamp no es posible sin los patrocinadores y el apoyo de la Fundaci\u00f3n WordPress. Una WordCamp no saldr\u00eda adelante sin los voluntarios. Pero esta WordCamp en particular no podr\u00eda llevarse a cabo sin este equipo de organizadores en el que cada persona aporta su tiempo y su esfuerzo para la comunidad.<\/p>\n\n\n\n<p class=\"wp-block-paragraph\">Si quer\u00e9is saludarlos durante el evento o saber algo m\u00e1s sobre ellos, aqu\u00ed los ten\u00e9is en estricto orden alfab\u00e9tico:<\/p>\n\n\n\t<div class=\"wcorg-organizers\">\n\n\t\t\n\t\t\t<div class=\"wcorg-organizer\">\n\t\t\t\t<h2>Carlos Alberto Sobrino<\/h2>\n\t\t\t\t<div class=\"wcorg-organizer-description\">\n\t\t\t\t\t\t\t\t\t\t<img alt='' src='https:\/\/secure.gravatar.com\/avatar\/f9873a2cd1a86a453cdcc987203e4552b4e2fa772e21533a39db27ecc80631e9?s=100&#038;d=mm&#038;r=g' srcset='https:\/\/secure.gravatar.com\/avatar\/f9873a2cd1a86a453cdcc987203e4552b4e2fa772e21533a39db27ecc80631e9?s=200&#038;d=mm&#038;r=g 2x' class='avatar avatar-100 photo' height='100' width='100' \/>\t\t\t\t\t\n<p class=\"wp-block-paragraph\">Siempre me ha gustado aprender, aunque en el colegio no destacaba por mis notas.<\/p>\n\n\n\n<p class=\"wp-block-paragraph\">Hoy, soy ingeniero t\u00e9cnico de obras p\u00fablicas, t\u00e9cnico superior en desarrollo de aplicaciones web y me preparo como t\u00e9cnico superior en administraci\u00f3n de sistemas inform\u00e1ticos en red.<\/p>\n\n\n\n<p class=\"wp-block-paragraph\">En 2014, decido dar un giro hacia la inform\u00e1tica, que me apasiona, y realizo numerosos cursos para mejorar mi formaci\u00f3n.<\/p>\n\n\n\n<p class=\"wp-block-paragraph\">Cada d\u00eda descubro que me queda casi todo por aprender, cosas de las que todav\u00eda ignoraba su existencia y, sobre todo, cosas que no son como me parec\u00edan. Por esto, no tengo reparos en decir que \u00absoy un ignorante\u00bb y hasta me hice una web <a href=\"http:\/\/www.soyunignorante.es\">www.soyunignorante.es<\/a>.<\/p>\n\t\t\t\t<\/div>\n\t\t\t<\/div>\n\n\t\t\n\t\t\t<div class=\"wcorg-organizer\">\n\t\t\t\t<h2>Fernando Portome\u00f1e<\/h2>\n\t\t\t\t<div class=\"wcorg-organizer-description\">\n\t\t\t\t\t\t\t\t\t\t<img alt='' src='https:\/\/secure.gravatar.com\/avatar\/6d331b9269f9497390126268e7852002c03d162861254d470000afc31ddf7745?s=100&#038;d=mm&#038;r=g' srcset='https:\/\/secure.gravatar.com\/avatar\/6d331b9269f9497390126268e7852002c03d162861254d470000afc31ddf7745?s=200&#038;d=mm&#038;r=g 2x' class='avatar avatar-100 photo' height='100' width='100' \/>\t\t\t\t\t\n<p class=\"wp-block-paragraph\">Galegui\u00f1o en su tierra. Desde muy peque\u00f1ito mi familia ha hecho que la inform\u00e1tica sea una parte muy importante de mi vida, ya que desde los a\u00f1os 90 ten\u00edan una academia de inform\u00e1tica, que a\u00fan hoy en d\u00eda sigue en funcionamiento dentro de nuestra SL.<\/p>\n\n\n\n<p class=\"wp-block-paragraph\">Soy socio en la empresa desaf\u00edo digital, fundada en 2005 y dedicada al desarrollo web, principalmente con WordPress, y donde asesoramos a nuestros clientes en todo lo relacionado con este mundo.<\/p>\n\n\n\n<p class=\"wp-block-paragraph\">Amplios conocimientos en estrategias empresariales. Actualmente vivo en Vilagarc\u00eda de Arousa (Pontevedra), sede de nuestra empresa.<\/p>\n\n\n\n<p class=\"wp-block-paragraph\">Soy colaborador activo de la Pontevedra WordPress Meetup, coorganizador de la WordCamp Pontevedra, creador del Podcast\u00a0<a href=\"https:\/\/wpcommercefacil.com\/\">WPcommerce F\u00e1cil<\/a> con\u00a0Julio de la Iglesia y me pod\u00e9is encontrar en <a href=\"http:\/\/twitter.com\/fdesafio\">Twitter<\/a> o saber m\u00e1s en mi <a href=\"http:\/\/profiles.wordpress.org\/fdesafio\">perfil de WordPress<\/a>.<\/p>\n\t\t\t\t<\/div>\n\t\t\t<\/div>\n\n\t\t\n\t\t\t<div class=\"wcorg-organizer\">\n\t\t\t\t<h2>Jorge Gonz\u00e1lez<\/h2>\n\t\t\t\t<div class=\"wcorg-organizer-description\">\n\t\t\t\t\t\t\t\t\t\t<img alt='' src='https:\/\/secure.gravatar.com\/avatar\/6782efc34064425c148ef7f5fffdba5a19de8609d6bdf51400f7ac3957db7e8b?s=100&#038;d=mm&#038;r=g' srcset='https:\/\/secure.gravatar.com\/avatar\/6782efc34064425c148ef7f5fffdba5a19de8609d6bdf51400f7ac3957db7e8b?s=200&#038;d=mm&#038;r=g 2x' class='avatar avatar-100 photo' height='100' width='100' \/>\t\t\t\t\t\n<p class=\"wp-block-paragraph\">Fuchicador profesional, en otra vida fui qu\u00edmico, ahora trabajo con agencias y empresas en proyectos relacionados con internet.<\/p>\n\n\n\n<p class=\"wp-block-paragraph\">Llevo haciendo webs desde 1998, en 2002 me hice <a href=\"https:\/\/unapersona.com\">unapersona.com<\/a>, en 2004 di el paso al desarrollo y ya no hubo vuelta atr\u00e1s.<\/p>\n\n\n\n<p class=\"wp-block-paragraph\">Utilizando WordPress felizmente desde 2008, enamorado del software libre, los est\u00e1ndares y el c\u00f3digo limpio.<\/p>\n\t\t\t\t<\/div>\n\t\t\t<\/div>\n\n\t\t\n\t\t\t<div class=\"wcorg-organizer\">\n\t\t\t\t<h2>Jos\u00e9 Luis Losada<\/h2>\n\t\t\t\t<div class=\"wcorg-organizer-description\">\n\t\t\t\t\t\t\t\t\t\t<img alt='' src='https:\/\/secure.gravatar.com\/avatar\/e43cd47a98280ac9c3d67608042790ab88375aa5e06c0fa7ef59b16df75eee8a?s=100&#038;d=mm&#038;r=g' srcset='https:\/\/secure.gravatar.com\/avatar\/e43cd47a98280ac9c3d67608042790ab88375aa5e06c0fa7ef59b16df75eee8a?s=200&#038;d=mm&#038;r=g 2x' class='avatar avatar-100 photo' height='100' width='100' \/>\t\t\t\t\t\n<p class=\"wp-block-paragraph\">No puedo decir que soy unapersona porque ese es otro. No tengo biograf\u00eda o ya la he olvidado (tengo mala memoria).<\/p>\n\t\t\t\t<\/div>\n\t\t\t<\/div>\n\n\t\t\n\t\t\t<div class=\"wcorg-organizer\">\n\t\t\t\t<h2>Juan Hernando<\/h2>\n\t\t\t\t<div class=\"wcorg-organizer-description\">\n\t\t\t\t\t\t\t\t\t\t<img alt='' src='https:\/\/secure.gravatar.com\/avatar\/62b9ffcdba12d4d7794185ce3908cbd9fdac07ed63410dd8adac0c572a6bfa26?s=100&#038;d=mm&#038;r=g' srcset='https:\/\/secure.gravatar.com\/avatar\/62b9ffcdba12d4d7794185ce3908cbd9fdac07ed63410dd8adac0c572a6bfa26?s=200&#038;d=mm&#038;r=g 2x' class='avatar avatar-100 photo' height='100' width='100' \/>\t\t\t\t\t\n<p class=\"wp-block-paragraph\">He sido webmaster, dise\u00f1ador web, desarrollador web, frontender, \nespecialista en WordPress, desarrollador de temas de WordPress o \nsimplemente el \u201cque me hace la web\u201d o el \u201cque me mont\u00f3 la tienda online\u201d\n a ojos del cliente.<\/p>\n\n\n\n<p class=\"wp-block-paragraph\">Hago malabares, me divierto y me gano la vida con Vertixe, mi empresa  de desarrollo web, CiudadanoB, mi espacio personal, <a href=\"http:\/\/enlacepermanente.es\">Enlace Permanente<\/a>,  una newsletter semanal de actualidad para profesionales de WordPress, la  meetup de WordPress Pontevedra y su WordCamp que coorganizo y m\u00e1s  cosas que siguen surgiendo.<\/p>\n\n\n\n<p class=\"wp-block-paragraph\">Si quer\u00e9is hablar de WordPress, de la importancia de la web abierta y  la neutralidad de la red, de lo bonito que es Cantabria y Galicia, de  deportes o de viajes, me pod\u00e9is encontrar en mi web&nbsp;<a href=\"http:\/\/ciudadanob.com\">ciudadanob.com<\/a>.<\/p>\n\t\t\t\t<\/div>\n\t\t\t<\/div>\n\n\t\t\n\t\t\t<div class=\"wcorg-organizer\">\n\t\t\t\t<h2>Julio de la Iglesia<\/h2>\n\t\t\t\t<div class=\"wcorg-organizer-description\">\n\t\t\t\t\t\t\t\t\t\t<img alt='' src='https:\/\/secure.gravatar.com\/avatar\/8a78e9b2abe5d30d10fb508bcb6b0b3a30732d8331c2162bb830a9ac5dde53fa?s=100&#038;d=mm&#038;r=g' srcset='https:\/\/secure.gravatar.com\/avatar\/8a78e9b2abe5d30d10fb508bcb6b0b3a30732d8331c2162bb830a9ac5dde53fa?s=200&#038;d=mm&#038;r=g 2x' class='avatar avatar-100 photo' height='100' width='100' \/>\t\t\t\t\t\n<p class=\"wp-block-paragraph\">Socio en desaf\u00edo digital, empresa en la que nos dedicamos desde hace 14 a\u00f1os al desarrollo web con WordPress y a la formaci\u00f3n en v\u00eddeo digital para que los clientes sepan crear sus propios v\u00eddeos y generen contenidos para potenciar sus productos o servicios.<\/p>\n\n\n\n<p class=\"wp-block-paragraph\">Soy profesor de v\u00eddeo en la plataforma online&nbsp;<a href=\"http:\/\/boluda.com\" rel=\"nofollow\">boluda.com<\/a>&nbsp;y fundador y coorganizador de WordPress Valladolid, en la que realizamos una meetup cada mes.<\/p>\n\n\n\n<p class=\"wp-block-paragraph\">Adem\u00e1s, junto con mi socio Fernando Portome\u00f1e, tenemos un podcast semanal llamado <em>WPCommerce f\u00e1cil<\/em>; y con Francesc Barbero y Augusto Castellano colaboro en otro podcast m\u00e1s, tambi\u00e9n semanal, llamado <em>Haciendo V\u00eddeos<\/em> del que os pod\u00e9is suponer cu\u00e1l es la tem\u00e1tica \ud83d\ude09<\/p>\n\t\t\t\t<\/div>\n\t\t\t<\/div>\n\n\t\t\n\t\t\t<div class=\"wcorg-organizer\">\n\t\t\t\t<h2>L\u00faa Louro<\/h2>\n\t\t\t\t<div class=\"wcorg-organizer-description\">\n\t\t\t\t\t\t\t\t\t\t<img alt='' src='https:\/\/secure.gravatar.com\/avatar\/cdefe248a0495611ab292d29dcc0b9209a5ff286a7f52e236c6e1c34e1a47aff?s=100&#038;d=mm&#038;r=g' srcset='https:\/\/secure.gravatar.com\/avatar\/cdefe248a0495611ab292d29dcc0b9209a5ff286a7f52e236c6e1c34e1a47aff?s=200&#038;d=mm&#038;r=g 2x' class='avatar avatar-100 photo' height='100' width='100' \/>\t\t\t\t\t\n<p class=\"wp-block-paragraph\">Desarrolladora web frontend especializada en WordPress a 100km de Pontevedra, en plena Costa da Morte. <\/p>\n\n\n\n<p class=\"wp-block-paragraph\">Dando el callo donde me dejan, actualmente en <a href=\"http:\/\/hormigasenlanube.com\">Hormigas en la Nube<\/a>. El pulpo es mi amigo.<\/p>\n\t\t\t\t<\/div>\n\t\t\t<\/div>\n\n\t\t\n\t\t\t<div class=\"wcorg-organizer\">\n\t\t\t\t<h2>Mar\u00eda S\u00e1ez<\/h2>\n\t\t\t\t<div class=\"wcorg-organizer-description\">\n\t\t\t\t\t\t\t\t\t\t<img alt='' src='https:\/\/secure.gravatar.com\/avatar\/8d16d5d2bcde3a0f5d5276e01b7c8b1f85d825c8beb8dd779d86dfb15fd0ae57?s=100&#038;d=mm&#038;r=g' srcset='https:\/\/secure.gravatar.com\/avatar\/8d16d5d2bcde3a0f5d5276e01b7c8b1f85d825c8beb8dd779d86dfb15fd0ae57?s=200&#038;d=mm&#038;r=g 2x' class='avatar avatar-100 photo' height='100' width='100' \/>\t\t\t\t\t\n<p class=\"wp-block-paragraph\">Soy una Ingeniera de Organizaci\u00f3n Industrial reconvertida al marketing digital. Mi introducci\u00f3n al mundo del SEO fu\u00e9 all\u00e1 por el 2006, cuando el keyword spam todav\u00eda funcionaba. Empec\u00e9 como SEO in-house en una multinacional del Reino Unido hasta que en el 2009, me volv\u00ed a Espa\u00f1a y me adentr\u00e9 en el maravilloso mundo de los aut\u00f3nomos. Desde entonces, trabajo desde Pontevedra como consultora SEO freelance, donde me he unido a la comunidad de WordPress Pontevedra porque me ayudan a salir de mi cueva en vez en cuando :). Gracias a ellos, el a\u00f1o pasado fu\u00e9 mi primera experiencia en una WordCamp, y este a\u00f1o repetimos, c\u00f3mo no?!<\/p>\n\n\n\n<p class=\"wp-block-paragraph\">A nivel personal, disfruto de mi (poco) tiempo libre yendo a conciertos con mi marido musiquetas o viajando con mi familia. Por otro lado, tambi\u00e9n procuro aportar a otras comunidades como SEO Galicia, y en especial a GalsTech, MujeresenSEO y Women in Tech SEO que se centran en promover el papel de la mujer en la tecnolog\u00eda.<\/p>\n\t\t\t\t<\/div>\n\t\t\t<\/div>\n\n\t\t\n\t\t\t<div class=\"wcorg-organizer\">\n\t\t\t\t<h2>Paula Rivera<\/h2>\n\t\t\t\t<div class=\"wcorg-organizer-description\">\n\t\t\t\t\t\t\t\t\t\t<img alt='' src='https:\/\/secure.gravatar.com\/avatar\/47ff7aee3bcae42b187af85d967085eaefc8c915fecc6e7f6f0a4b3da066471f?s=100&#038;d=mm&#038;r=g' srcset='https:\/\/secure.gravatar.com\/avatar\/47ff7aee3bcae42b187af85d967085eaefc8c915fecc6e7f6f0a4b3da066471f?s=200&#038;d=mm&#038;r=g 2x' class='avatar avatar-100 photo' height='100' width='100' \/>\t\t\t\t\t\n<p class=\"wp-block-paragraph\">Me defino como Arquiknowmada (la mezcla perfecta entre la Arquitectura y el mundo de los Knowmad), pues soy Arquitecta de formaci\u00f3n y emprendedora de un negocio digital por elecci\u00f3n. Tras decidir emprender mi primer proyecto digital descubr\u00ed mi gran pasi\u00f3n: el Marketing.<\/p>\n\n\n\n<p class=\"wp-block-paragraph\">Mi campamento base se llama <a href=\"https:\/\/mailtrack.io\/trace\/link\/e7d4f4a11f76ccff6e8ad3987fccdb472276d3b3?url=https%3A%2F%2Farquiknowmadas.com%2F&amp;userId=2895040&amp;signature=c48e21f247b1e22f\"><strong>Arquiknowmadas<\/strong><\/a> y desde all\u00ed ayudo a profesionales y empresas del mundo de la Arquitectura y del sector Inmobiliario a Posicionar su Marca en Internet, Destacar sobre tu Competencia y Captar M\u00e1s y Mejores Clientes aplicando Estrategias de Marketing Digital. Dirijo el primer Mastermind en habla hispana sobre Negocios de Arquitectura. #TriunfaConTuEstudio. #Transformaci\u00f3nDigitalParaArquitectos.<\/p>\n\n\n\n<p class=\"wp-block-paragraph\">Involucrada en la&nbsp;comunidad WordPress&nbsp;de Pontevedra desde sus inicios. Fu\u00ed co-organizadora de la WordCamp Pontevedra 2018, llevando la responsabilidad de Comunicaci\u00f3n. En la PonteWordCamp 2018 se gest\u00f3 uno de mis nuevos proyectos: La comunidad \u00abMujeres en RED\u00bb.<\/p>\n\n\n\n<p class=\"wp-block-paragraph\">Creo firmemente que estamos inmensos en una gran Revoluci\u00f3n, la Revoluci\u00f3n Digital. El siglo XXI ser\u00e1 el siglo de los knowmad y estoy decidida a ayudar a todo el que se deje a convertirse en uno.<\/p>\n\t\t\t\t<\/div>\n\t\t\t<\/div>\n\n\t\t\n\t\t\t<div class=\"wcorg-organizer\">\n\t\t\t\t<h2>Wajari Vel\u00e1squez<\/h2>\n\t\t\t\t<div class=\"wcorg-organizer-description\">\n\t\t\t\t\t\t\t\t\t\t<img alt='' src='https:\/\/secure.gravatar.com\/avatar\/bbe7acfaf3b83158d15eb05b0b4a749d45d68bc30f58b429071312f84afb8360?s=100&#038;d=mm&#038;r=g' srcset='https:\/\/secure.gravatar.com\/avatar\/bbe7acfaf3b83158d15eb05b0b4a749d45d68bc30f58b429071312f84afb8360?s=200&#038;d=mm&#038;r=g 2x' class='avatar avatar-100 photo' height='100' width='100' \/>\t\t\t\t\t\n<p class=\"wp-block-paragraph\">Mi nombre es <a href=\"https:\/\/wajari.com\/\">Wajari<\/a> Vel\u00e1squez, soy consultor SEO. Ayudo a empresas y profesionales a destacar en Google.<\/p>\n\n\n\n<p class=\"wp-block-paragraph\">WordPress cambi\u00f3 mi vida, tanto a nivel personal, como profesional. Siempre estar\u00e9 agradecido a la comunidad por ayudarme a mejorar como freelance y como persona.<\/p>\n\n\n\n<p class=\"wp-block-paragraph\">En la actualidad, me considero un curioso, que supo combinar mi pasi\u00f3n por la tecnolog\u00eda, internet, la investigaci\u00f3n y la creaci\u00f3n de contenidos.<\/p>\n\n\n\n<p class=\"wp-block-paragraph\">Me hace mucha ilusi\u00f3n participar en la organizaci\u00f3n de la comunidad de Pontevedra y colaboro con WordPress TV.<\/p>\n\n\n\n<p class=\"wp-block-paragraph\">Tengo un podcast titulado: <a href=\"https:\/\/seoparawp.com\/\">SEO para WordPress<\/a> y puedes saber m\u00e1s de mi proyecto en <a href=\"https:\/\/ku-seo.com\/\">Ku-SEO.com<\/a>.<\/p>\n\n\n\n<p class=\"wp-block-paragraph\">\u00a1Larga vida y prosperidad a WordPress! Nos vemos en la PonteWordCamp.<\/p>\n\t\t\t\t<\/div>\n\t\t\t<\/div>\n\n\t\t\n\t<\/div><!-- .wcorg-organizers -->\n\t","protected":false},"excerpt":{"rendered":"<p>Una WordCamp la hacen los asistentes. Una WordCamp no es posible sin los patrocinadores y el apoyo de la Fundaci\u00f3n WordPress. Una WordCamp no saldr\u00eda adelante sin los voluntarios. Pero esta WordCamp en particular no podr\u00eda llevarse a cabo sin este equipo de organizadores en el que cada persona aporta su tiempo y su esfuerzo &hellip; <a href=\"https:\/\/pontevedra.wordcamp.org\/2019\/organizer\/wajari-velasquez\/\" class=\"more-link\">Sigue leyendo <span class=\"screen-reader-text\">Wajari Vel\u00e1squez<\/span><\/a><\/p>\n","protected":false},"author":14240579,"featured_media":0,"parent":0,"menu_order":0,"comment_status":"closed","ping_status":"closed","template":"","meta":{"_crdt_document":"","jetpack_post_was_ever_published":false,"footnotes":""},"class_list":["post-12","page","type-page","status-publish","hentry"],"jetpack_sharing_enabled":true,"jetpack_shortlink":"https:\/\/wp.me\/PasL87-c","_links":{"self":[{"href":"https:\/\/pontevedra.wordcamp.org\/2019\/wp-json\/wp\/v2\/pages\/12","targetHints":{"allow":["GET"]}}],"collection":[{"href":"https:\/\/pontevedra.wordcamp.org\/2019\/wp-json\/wp\/v2\/pages"}],"about":[{"href":"https:\/\/pontevedra.wordcamp.org\/2019\/wp-json\/wp\/v2\/types\/page"}],"author":[{"embeddable":true,"href":"https:\/\/pontevedra.wordcamp.org\/2019\/wp-json\/wp\/v2\/users\/14240579"}],"replies":[{"embeddable":true,"href":"https:\/\/pontevedra.wordcamp.org\/2019\/wp-json\/wp\/v2\/comments?post=12"}],"version-history":[{"count":3,"href":"https:\/\/pontevedra.wordcamp.org\/2019\/wp-json\/wp\/v2\/pages\/12\/revisions"}],"predecessor-version":[{"id":1057,"href":"https:\/\/pontevedra.wordcamp.org\/2019\/wp-json\/wp\/v2\/pages\/12\/revisions\/1057"}],"wp:attachment":[{"href":"https:\/\/pontevedra.wordcamp.org\/2019\/wp-json\/wp\/v2\/media?parent=12"}],"curies":[{"name":"wp","href":"https:\/\/api.w.org\/{rel}","templated":true}]}}