{"id":1211,"date":"2019-09-03T07:30:37","date_gmt":"2019-09-03T05:30:37","guid":{"rendered":"https:\/\/2019.pontevedra.wordcamp.org\/?page_id=1211"},"modified":"2019-09-22T13:14:49","modified_gmt":"2019-09-22T11:14:49","slug":"voluntarios","status":"publish","type":"page","link":"https:\/\/pontevedra.wordcamp.org\/2019\/voluntarios\/","title":{"rendered":"Voluntarios"},"content":{"rendered":"\n<p class=\"wp-block-paragraph\">Una WordCamp la hacen los asistentes. Una WordCamp no es posible sin los patrocinadores y el apoyo de la Fundaci\u00f3n WordPress. Una WordCamp no saldr\u00eda adelante sin los organizadores. Pero esta WordCamp en particular no podr\u00eda llevarse a cabo sin este equipo de voluntarios en el que cada persona aporta su tiempo y su esfuerzo para la comunidad.<\/p>\n\n\n\n<p class=\"wp-block-paragraph\">Si quer\u00e9is saludarlos durante el evento o saber algo m\u00e1s sobre ellos, aqu\u00ed los ten\u00e9is:<\/p>\n\n\n\n<div class=\"wcorg-organizer\">\n\n<h2>Carlos Mac\u00edas<\/h2>\n\n<div class=\"wcorg-organizer-description\">\n\t<img loading=\"lazy\" decoding=\"async\" alt=\"\" src=\"https:\/\/secure.gravatar.com\/avatar\/1df81a1086ee1a0832588f6185ff79b2?s=100&amp;d=mm&amp;r=g\" class=\"avatar avatar-100 photo\" width=\"100\" height=\"100\">\t\t\t\t\t\n\t<p>Soy Carlos Mac\u00edas y vengo de Vigo, donde he vivido pr\u00e1cticamente toda mi vida.<\/p>\n\t<p>Soy desarrollador web y enamorado de WordPress. De los que dise\u00f1an y pican c\u00f3digo, de los que crean un theme de la nada o te montan un plugin a medida. \nOrganizo la MeetUp WordPress de Vigo y de vez en cuando, doy alguna charla. Dentro de la comunidad echo una mano con las traducciones en Gallego. Tambi\u00e9n doy formaciones de WordPress.<\/p>\n\t<p>De la PonteWordCamp espero lo mismo que en su \u00faltima edici\u00f3n. Echar una mano, reencontrarme con viejos compa\u00f1eros, conocer otros nuevos, aprender y pas\u00e1rmelo bien \ud83d\ude42<\/p>\n<\/div>\n\n<h2>Fran P\u00e9rez<\/h2>\n\n<div class=\"wcorg-organizer-description\">\n\t<img loading=\"lazy\" decoding=\"async\" alt=\"\" src=\"https:\/\/secure.gravatar.com\/avatar\/36d01fed11e69b7009812a6105cbf766?s=96&amp;d=mm&amp;r=g\" class=\"avatar avatar-100 photo\" width=\"100\" height=\"100\">\t\t\t\t\t\n\t<p>\u00bfQui\u00e9n soy?<br>\u00bfQu\u00e9 hago?<br>\u00bfQu\u00e9 busco?\u2026 \u00bfQu\u00e9 espero de la PonteWordCamp?<\/p>\n\t<ul>\n\t\t<li>Soy un dise\u00f1ador gr\u00e1fico freelance que vive en Pontevedra.<\/li>\n\t\t<li>La mayor parte de mis trabajos son en el mundillo del dise\u00f1o gr\u00e1fico: im\u00e1genes corporativas, publicidad, rotulaci\u00f3n\u2026 y tambi\u00e9n he toqueteado algo de WordPress  \ud83d\ude09<\/li>\n\t\t<li>Vivir (o sobrevivir) trabajando en lo que me gusta.<\/li>\n\t\t<li>Conocer personas\/profesionales de este mundillo tan extenso, e intercambiar conocimientos\/tiempo\/trabajo&#8230;<\/li>\n\t<\/ul>\n<\/div>\n\n<h2>Celi Garoe<\/h2>\n\n<div class=\"wcorg-organizer-description\">\n\t<img loading=\"lazy\" decoding=\"async\" alt=\"\" src=\"https:\/\/secure.gravatar.com\/avatar\/24daa4077bb8ba4898658e1b01370f72?s=96&amp;d=mm&amp;r=g\" class=\"avatar avatar-100 photo\" width=\"100\" height=\"100\">\t\t\t\t\t\n\t<p>Soy una canaria con acento andaluz viviendo en Terrassa (Barcelona). Con esa introducci\u00f3n quiz\u00e1s ya te huelas algo, pero por si acaso te lo confirmo: s\u00ed, soy poco original, me apasiona viajar. \ud83d\ude42<\/p>\n\t<p>S\u00faper t\u00edpico, \u00bfverdad? Para darle algo de personalidad puedo a\u00f1adir que me gusta moverme despacio, rodearme de naturaleza y saborear cada destino como si fuera una copa de vino caro.<\/p>\n\t<p>\u00bfLo mejor? Que tengo la suerte de poder combinar esta afici\u00f3n con mi trabajo como copywriter y redactora digital especializada en ecoturismo y negocios sostenibles en <a href=\"https:\/\/celigaroe.com\">celigaroe.com<\/a>.<\/p>\n\t<p>Y este a\u00f1o me ha tocado el gordo. Si los organizadores de la #PonteWordCamp 2019 supieran el regalo que me han hecho permiti\u00e9ndome participar como voluntaria, me cobrar\u00edan:<\/p>\n\t<ul>\n\t\t<li>Me siento bien aportando mi granito de arena a la comunidad mientras aprendo de los grandes.<\/li>\n\t\t<li>Sacio mi curiosidad adentr\u00e1ndome entre las bambalinas de la organizaci\u00f3n del evento.<\/li>\n\t\t<li>Conozco a nuevas personas interesantes a la vez que me reencuentro con amigos.<\/li> \n\t\t<li>Descubro Pontevedra por primera vez (s\u00ed, \u00a1mi primera vez!) de la mano de locales.<\/li>\n\t<\/ul>\n\t<p>\u00bfSe te ocurre mejor manera de viajar, aprender y participar en la comunidad WordPress en un solo fin de semana? A m\u00ed no. \ud83d\ude09 <\/p>\n<\/div>\n\n<h2>David L\u00f3pez Pazos<\/h2>\n\n<div class=\"wcorg-organizer-description\">\n\t<img loading=\"lazy\" decoding=\"async\" alt=\"\" src=\"https:\/\/secure.gravatar.com\/avatar\/a041db729f7684e2f27c6ed24db9c53b?s=100&amp;d=mm&amp;r=g\" class=\"avatar avatar-100 photo\" width=\"100\" height=\"100\">\t\t\t\t\t\n\t<p>Soy David L\u00f3pez Pazos, me dedico a la formaci\u00f3n y el asesoramiento en el manejo de Tecnolog\u00edas de la Informaci\u00f3n y Comunicaci\u00f3n.<\/p>\n\t<p>Imparto clases particulares y de grupo tanto de dispositivos m\u00f3viles como ordenadores (Mac o windows), soy de Pontevedra, me encanta el emprendimiento y estoy encantado de aportar mi ayuda a la wordcamp, estoy muy interesado tambi\u00e9n en temas de gesti\u00f3n de equipos y creo que puede ser una muy buena oportunidad para aprender.<\/p>\n\t<p>Puedes saber m\u00e1s de mi en <a href=\"https:\/\/es.linkedin.com\/in\/dalpazos\">LinkedIn<\/a> o en <a href=\"https:\/\/concienciatec.com\">concienciatec.com<\/a><\/p>\n<\/div>\n\n<h2>M\u00f3nica Villagr\u00e1<\/h2>\n\n<div class=\"wcorg-organizer-description\">\n\t<img loading=\"lazy\" decoding=\"async\" alt=\"\" src=\"https:\/\/secure.gravatar.com\/avatar\/52ec0fe710ba3deb92f920f2e1f9ec76?s=96&amp;d=mm&amp;r=g\" class=\"avatar avatar-100 photo\" width=\"100\" height=\"100\">\t\t\t\t\t\n\t<p>Mi nombre es M\u00f3nica Villagr\u00e1, hace unos a\u00f1os me especialic\u00e9 en la metodolog\u00eda de Inbound Marketing. Durante mi trayectoria profesional de m\u00e1s de 4 a\u00f1os, he liderado la estrategia e implantaci\u00f3n de varios proyectos tanto en empresas de tipo B2B como B2C.<\/p>\t\t\t\t\t\n\t<p>Me considero una persona:<\/p>\n\t<ul>\n\t\t<li>Pro-activa y extrovertida.<\/li>\n\t\t<li>Perseverante para alcanzar mis ilusiones y objetivos.<\/li> \n\t\t<li>Dispuesta siempre ayudar.<\/li> \n\t\t<li>Me encanta estar creando cosas nuevas y diferentes.<\/li> \n\t\t<li>En\u00e9rgica y apasionada en todo lo que hago.<\/li>\n\t<\/ul>\t\t\t\t\t\n\t<p>Soy asidua a la meetup de Valladolid, mi ciudad actual de residencia, adem\u00e1s colaboro de forma peri\u00f3dica con el grupo de Marketing de WordPress.<\/p>\t\t\t\t\t\n\t<p>Si asistir a cualquier WordCamp es una inyecci\u00f3n de energ\u00eda, participar PonteWordCamp va a ser inolvidable. Estoy segura que conocer\u00e9 gente nueva y me reencontrar\u00e9 con muchas caras conocidas. Tambi\u00e9n, cumplir\u00e9 una de mis ilusiones, que es ser voluntaria en una WordCamp.<\/p>\t\t\t\t\t\n\t<p>Si me veis, saludarme, y as\u00ed intercambios unas palabras. Da igual si nos conocemos o no, seguro que resulta muy interesante :). \u00a1\u00a1Os esperamos!!<\/p>\t\t\t\t\t\n\t<p>Me pod\u00e9is encontrar en:<br>Twitter <a href=\"https:\/\/twitter.com\/monica_vial\"> @monica_vial<\/a><br><a href=\"https:\/\/es.linkedin.com\/in\/monicavillagra\/es\"> https:\/\/es.linkedin.com \u203a monicavillagra<\/a><br><a href=\"https:\/\/profiles.wordpress.org\/monicavillagra\/\">https:\/\/profiles.wordpress.org\/monicavillagra\/<\/a><\/p>\n<\/div>\n\n<h2>Svetlana Guzovskaia<\/h2>\n\n<div class=\"wcorg-organizer-description\">\n\t<img loading=\"lazy\" decoding=\"async\" alt=\"\" src=\"https:\/\/secure.gravatar.com\/avatar\/1efaa2fc5f62ceeb786e995640da321a?s=96&amp;d=mm&amp;r=g\" class=\"avatar avatar-100 photo\" width=\"100\" height=\"100\">\t\t\t\t\t\n\t<p>Una chica rusa en la comunidad de WordPress Espa\u00f1a. Tambi\u00e9n podr\u00eda ser una esp\u00eda, pero nadie lo sabe con seguridad.<\/p>\n\t<p>Aparte de eso, dirijo proyectos de marketing digital para sitios web en WordPress y trabajo en soporte al cliente y UX.<\/p>\n\t<p>\u00a1Hagamos de la PonteWordCamp un \u00e9xito! \ud83e\udd18<\/p>\n<\/div>\n\n<h2>Pedro Carvalho<\/h2>\n\n<div class=\"wcorg-organizer-description\">\n\t<img loading=\"lazy\" decoding=\"async\" alt=\"\" src=\"https:\/\/secure.gravatar.com\/avatar\/3068790f76eb2dcd8c434f88f9bfbb71?s=96&amp;d=mm&amp;r=g\" class=\"avatar avatar-100 photo\" width=\"100\" height=\"100\">\t\t\t\t\t\n\t<p>Sou Pedro Carvalho, venho de F\u00e3o, Portugal.<br>Sou engenheiro inform\u00e1tico e especializei-me em backend com pitadas de sysadmin.<\/p>\n\t<p>Ao longo dos anos trabalhei com equipas fant\u00e1sticas e agora tenho o privil\u00e9gio de estar a trabalhar na arte.tv!<\/p>\n<\/div>\n\n\n<h2>Pablo Amoedo<\/h2>\n\n<div class=\"wcorg-organizer-description\">\n\t<img loading=\"lazy\" decoding=\"async\" alt=\"\" src=\"https:\/\/secure.gravatar.com\/avatar\/46fa0eb09df8c75e6b953857861ac313?s=96&amp;d=mm&amp;r=g\" class=\"avatar avatar-100 photo\" width=\"100\" height=\"100\">\t\t\t\t\t\n\t<p>Me llamo Pablo Amoedo, soy de Vigo, tengo 33 a\u00f1os. Soy el prototipo de Freak, me gustan los comics, los videojuegos, la ciencia ficci\u00f3n y por supuesto la tecnolog\u00eda.<\/p>\n\t<p>Actualmente trabajo en una empresa de inform\u00e1tica y entre otras cosas me toca hacer alguna web y por supuesto uso WordPress siempre que puedo.<\/p>\n\t<p>Conoc\u00ed la comunidad en la WordCamp del a\u00f1o pasado, a la que fui solo y me lo pase genial, en esta espero echar una mano para que los asistentes disfruten de la experiencia tanto como yo y vivir un evento de este tipo desde dentro, que estoy seguro de que sera una gran experiencia.<\/p>\n<\/div>\n\t\n<h2>Eur\u00eddice Castillo<\/h2>\n\n<div class=\"wcorg-organizer-description\">\n\t<img loading=\"lazy\" decoding=\"async\" alt=\"\" src=\"https:\/\/secure.gravatar.com\/avatar\/76560d909d7b224c6ab96b8543199794?s=96&amp;d=mm&amp;r=g\" class=\"avatar avatar-100 photo\" width=\"100\" height=\"100\">\t\t\t\t\t\n\t<p>Soy Eur\u00eddice Castillo, aunque mis amigos me suelen llamar Euri. Comunicar es lo m\u00edo y lo que me gusta en todas sus formas, escritas, gr\u00e1ficas, fotogr\u00e1ficas, por se\u00f1as, humo (sin incendios) y hasta por telepat\u00eda.<\/p>\t\t\t\t\t\n\t<p>Llegu\u00e9 al mundo web de la mano de la especialidad audiovisual, por eso me parece tan sorprendente #WordPress: ha venido para democratizar el c\u00f3digo, el acceso al buen dise\u00f1o y a todas las posibilidades interactivas que ni exist\u00edan cuando estudi\u00e9. Antes la comunicaci\u00f3n era unidireccional, ahora no somos conscientes de cuanto se han multiplicado las posibilidades de expresar contenidos. \u00a1Mis queridos contenidos!<\/p>\t\t\t\t\t\n\t<p>WordPress, como todas las expresiones del c\u00f3digo abierto, es mucho m\u00e1s que un CMS. Es una filosof\u00eda de comunidad que nos permite volver a creer en compartir y colaborar. Por eso disfruto tanto de este evento hecho con convicci\u00f3n desde la comunidad de desarrolladores de Pontevedra. Llamado especial al Contributor Day y a la @PonteWordCamp como super festa galega de la web. Con pulpo o sin \u00e9l.<\/p>\t\t\t\t\t\n\t<p>Este a\u00f1o ten\u00eda que conseguir ser voluntaria despu\u00e9s de haberlo sido con la MakerFaire y la TedEx Galicia. Ahora tengo la trilog\u00eda perfecta.<\/p>\t\t\t\t\t\n\t<p>Soy <a href=\"https:\/\/twitter.com\/eudelcastillo\"> @EudelCastillo <\/a>en Twitter.<\/p>\n<\/div>\n\t\n<h2>Mart\u00edn Pad\u00edn Gonz\u00e1lez<\/h2>\n\n<div class=\"wcorg-organizer-description\">\n\t<img loading=\"lazy\" decoding=\"async\" alt=\"\" src=\"https:\/\/secure.gravatar.com\/avatar\/63c36c8dcf32aed51580ac0e144ef642?s=96&amp;d=robohash&amp;r=g\" class=\"avatar avatar-100 photo\" width=\"100\" height=\"100\">\t\t\t\t\t\n\t<p>Hola, soy Mart\u00edn, from Sanxenxo.<\/p>\t\t\t\t\t\n\t<p>Soy un apasionado del dise\u00f1o web y me gusta estar en continuo aprendizaje. Actualmente trabajo en Origami Soluciones como dise\u00f1ador y creativo, utilizando principalmente WordPress, PrestaShop, Joomla&#8230;\nMe encanta que los planes salgan bien, as\u00ed que si tienes un proyecto en mente y me encuentras por la WordCamp quiz\u00e1s pueda ayudarte!<\/p>\n<\/div>\n\t\n<h2>Jos\u00e9 Ram\u00f3n Bernabeu<\/h2>\n\n<div class=\"wcorg-organizer-description\">\n\t<img loading=\"lazy\" decoding=\"async\" alt=\"\" src=\"https:\/\/secure.gravatar.com\/avatar\/f731c20c6904bd685bcdbfab1f4fd428?s=96&amp;d=mm&amp;r=g\" class=\"avatar avatar-100 photo\" width=\"100\" height=\"100\">\t\t\t\t\t\n\t<p>Soy un padre inform\u00e1tico que cocina.<br>Gallego nacido en Alicante, actualmente me dedico al desarrollo web y soporte WordPress; y al marketing digital para negocios locales en <a href=\"https:\/\/argalleiras.com\"> Argalleiras &amp; Co.<\/a><\/p>\t\t\t\t\t\n\t<p>En la PonteWordCamp espero reencontrarme con conocidos y trabar nuevas amistades. Y me han dicho que tambi\u00e9n se aprende algo all\u00ed&#8230;<\/p>\t\t\t\t\t\n\t<p>Puedes ver m\u00e1s de mi en <a href=\"https:\/\/www.linkedin.com\/in\/joserbernabeu\/\">LinkedIn.<\/a> o en <a href=\"https:\/\/joseramonbernabeu.com\">joseramonbernabeu.com.<\/a><\/p> \n<\/div>\n\t\n<h2>Miguel Costa<\/h2>\n\n<div class=\"wcorg-organizer-description\">\n\t<img loading=\"lazy\" decoding=\"async\" alt=\"\" src=\"https:\/\/secure.gravatar.com\/avatar\/cbea7086fb1eb49a36577f59af298537?s=96&amp;d=mm&amp;r=g\" class=\"avatar avatar-100 photo\" width=\"100\" height=\"100\">\t\t\t\t\t\n\t<p>\u00bfBuscas a alguien simp\u00e1tico, con don de gentes y encima buena persona?, pues aqu\u00ed me tienes \ud83d\ude09. Actualmente soy freelance: desarrollo temas y tiendas online a medida con WordPress y WooCommerce<\/p>\t\t\t\t\t\n\t<p>Aunque tambi\u00e9n doy formaciones, mi otra pasi\u00f3n es el SEO: confieso que paso m\u00e1s tiempo viendo gr\u00e1ficas de G. Analytics que en RRSS.<\/p>\t\t\t\t\t\n\t<p>Tengo dos perros, me han dicho que \u00faltimamente me echan de menos, as\u00ed que intento sacarlos m\u00e1s, hacerlos felices, desconectar de pantallas y conocer sitios nuevos. Aprovecho esas salidas para hacer fotos. Entre eso y mi p\u00e1gina web mi tiempo no da para m\u00e1s.<\/p>\t\t\t\t\t\n\t<p>Tengo mala memoria para las caras, pero si me gusta tu web, me acordar\u00e9 de ella seguro \ud83d\ude42<\/p>\t\t\t\t\t\n\t<p>Si me veis por los pasillos \u00a1saludadme!, tambi\u00e9n puedes encontrarme como <a href=\"https:\/\/twitter.com\/miguelcostaes\"> @miguelcostaes <\/a>en Twitter.<\/p> \n<\/div>\n\t\n<h2>Cristina Aguado<\/h2>\n\n<div class=\"wcorg-organizer-description\">\n\t<img loading=\"lazy\" decoding=\"async\" alt=\"\" src=\"https:\/\/secure.gravatar.com\/avatar\/587f05e83422593b35937d6fd4d39da4?s=96&amp;d=robohash&amp;r=g\" class=\"avatar avatar-100 photo\" width=\"100\" height=\"100\">\t\t\t\t\t\n\t<p>Soy Pucelana de toda la vida. Me gusta conocer gente y relacionarme.\nTrabajo de administrativo en una fundici\u00f3n en Valladolid y llevo las p\u00e1ginas webs.<\/p>\t\t\t\t\t\n\t<p>Forofa de WordPress desde que lo conoc\u00ed y habitual de las Meetup de WordPress Valladolid. Deseando seguir aprendiendo siempre y con muchas ganas de trabajar.<\/p>\t\t\t\t\t\n\t<p>Puedes saber m\u00e1s de mi en <a href=\"https:\/\/twitter.com\/AguayCris\">Twitter<\/a> o si quieres tambi\u00e9n puedes ver mi trabajo en <a href=\"https:\/\/metopas.com\">www.metopas.com.<\/a><\/p>\n<\/div>\n\t\n<h2>Mar\u00eda Jos\u00e9 Soto Garc\u00eda<\/h2>\n\n<div class=\"wcorg-organizer-description\">\n\t<img loading=\"lazy\" decoding=\"async\" alt=\"\" src=\"https:\/\/secure.gravatar.com\/avatar\/4e14fe4e0a6b12141355e1436121c028?s=96&amp;d=robohash&amp;r=g\" class=\"avatar avatar-100 photo\" width=\"100\" height=\"100\">\t\t\t\t\t\n\t<p>Me llamo Mar\u00eda Jos\u00e9 Soto y desde hace algo m\u00e1s de un a\u00f1o comparto en el podcast <a href=\"https:\/\/mariajosesoto.com\/podcast\/\">\u00abImpulsa tu vida\u00bb<\/a> mi camino hacia un estilo de vida libre.<\/p>\t\t\t\t\t\n\t<p>Soy de Pontevedra y me siento muy orgullosa de que se celebre en mi ciudad un evento como la PonteWordCamp<\/p>\t\t\t\t\t\n\t<p>Asist\u00ed el a\u00f1o pasado a la primera edici\u00f3n y fue un gran descubrimiento para m\u00ed: conoc\u00ed a gente maravillosa con grandes ideas en un ambiente totalmente colaborativo.<\/p>\t\t\t\t\t\n\t<p>As\u00ed que, este a\u00f1o no pod\u00eda dejar pasar la oportunidad de participar y aportar mi peque\u00f1o granito de arena.<\/p>\n<\/div>\n\t\n<h2>Jose Gadea<\/h2>\n\n<div class=\"wcorg-organizer-description\">\n\t<img loading=\"lazy\" decoding=\"async\" alt=\"\" src=\"https:\/\/secure.gravatar.com\/avatar\/9e1de896e375067670f957330882f633?s=96&amp;d=mm&amp;r=g\" class=\"avatar avatar-100 photo\" width=\"100\" height=\"100\">\n\t<p>Hola, mi nombre es Jose Gadea y soy de Pontevedra, Galicia. Llevo siendo fot\u00f3grafo desde hace 14 a\u00f1os y desde que era peque\u00f1o todo lo que he querido hacer era crear cosas, ya sea cuadros al \u00f3leo o esculturas de madera.<\/p>\t\t\t\t\t\n\t<p>Durante a\u00f1os he ido perfeccionando mi estilo fotogr\u00e1fico, transmitiendo a trav\u00e9s de la fotograf\u00eda del paisaje de Galicia y el deporte, la esencia de lo que siento en ese momento y lugar. Mi trabajo ha sido publicado en libros como el Panobook de Kolor\u00ae y he sido galardonado en numerosos cert\u00e1menes internacionales de fotograf\u00eda como el International Photo Awards, Bohemia International Digital Salon o el Balearic Islands Circuit.<\/p>\t\t\t\t\t\n\t<p>Lo que espero de esta Wordcamp es aprender todo lo que pueda sobre las novedades de WordPress y de todo lo que aporte la comunidad, as\u00ed como tambi\u00e9n colaborar con lo que necesite la comunidad a trav\u00e9s de mi c\u00e1mara.<\/p>\t\t\t\t\t\n\t<p>Puedes ver mis fotos en <a href=\"https:\/\/instagram.com\/josegadea\">Instagram<\/a><\/p>\n<\/div>\n\t\n<h2>H\u00e9ctor Gallego<\/h2>\n\n<div class=\"wcorg-organizer-description\">\n\t<img loading=\"lazy\" decoding=\"async\" alt=\"\" src=\"https:\/\/secure.gravatar.com\/avatar\/26dc35e476916c296bd0be43ccac1fca?s=96&amp;d=identicon&amp;r=g\" class=\"avatar avatar-100 photo\" width=\"100\" height=\"100\">\t\t\t\t\t\n\t<p>Hola, mi nombre es H\u00e9ctor y resido en Valladolid donde participo desde hace unos meses en la WordPress Meetup poni\u00e9ndome al d\u00eda.<\/p>\t\t\t\t\t\n\t<p>Me pareci\u00f3 una buena ocasi\u00f3n asistir a la PonteWordCamp para conocer el mundo de WordPress m\u00e1s de cerca, saber que hay tras lo digital.<\/p>\t\t\t\t\t\n\t<p>Ahora tengo la oportunidad de ser voluntario en una WordCamp, un evento que por sus caracter\u00edsticas tiene mucho que aportar y d\u00f3nde dar\u00e9 todo lo que pueda e intentar\u00e9 asimilar el m\u00e1ximo posible de experiencia.<\/p>\n<\/div>\n\t\n<h2>M\u00f3nica Gastiasoro Moya<\/h2>\n\n<div class=\"wcorg-organizer-description\">\n\t<img loading=\"lazy\" decoding=\"async\" alt=\"\" src=\"https:\/\/secure.gravatar.com\/avatar\/d5ebfea822d22b9ec5cfc16fe042b1c1?s=96&amp;d=mm&amp;r=g\" class=\"avatar avatar-100 photo\" width=\"100\" height=\"100\">\t\t\t\t\t\n\t<p>\u00a1Hola! Soy M\u00f3nica y soy inform\u00e1tica desde que tengo uso de raz\u00f3n. Tras muchos a\u00f1os trabajando en redes y sistemas de grandes empresas, cambi\u00e9 para trabajar con aut\u00f3nomos y negocios m\u00e1s peque\u00f1os, que no disponen de un equipo que les ayude con los aspectos t\u00e9cnicos de su negocio. Actualmente, puedes encontrarme en <a href=\"https:\/\/aulatecnologica.com\"> AulaTecnologica.com<\/a>, lugar donde centralizo mi actividad profesional: ya sea mediante la prestaci\u00f3n de servicios, o cursos para personas que necesitan adquirir nuevas habilidades para desempe\u00f1ar su actividad profesional en el medio digital.<\/p>\t\t\t\t\t\n\t<p>Tengo muchas ganas que llegue ya la PonteWordCamp no s\u00f3lo por ese gran programa de ponencias que se han currado. Tambi\u00e9n para poder coincidir con grandes personas y profesionales con quienes compartir afinidades, inquietudes y cuando se pueda tambi\u00e9n conocimientos. Porque creo que lo que se aprende as\u00ed no se olvida&#8230; Eso s\u00ed, con una Estrella Galicia delante si puede ser \ud83d\ude09<\/p>\t\t\t\t\t\n\t<p>\u00a1Ahh! Tambi\u00e9n puedes encontrarme ayudando a organizar los meetups de \n <a href=\"https:\/\/twitter.com\/madridwordpress\"> @MadridWordPress<\/a>. As\u00ed que si un d\u00eda te acercas&#8230; \u00a1espero que me saludes!.<\/p>\n<\/div>\t\t\t\t\n\t\n<h2>Gerardo Balboa<\/h2>\n\n<div class=\"wcorg-organizer-description\">\n\t<img loading=\"lazy\" decoding=\"async\" alt=\"\" src=\"https:\/\/secure.gravatar.com\/avatar\/08a15922280f5df85f6ac2a4a71acf7b?s=96&amp;d=mm&amp;r=g\" class=\"avatar avatar-100 photo\" width=\"100\" height=\"100\">\t\t\t\t\t\n\t<p>Me llamo Gerardo y soy de aqu\u00ed de Pontevedra. A veces soy un poco directo pero en el fondo soy boa xente \ud83d\ude48. Fan del WordPress \ud83d\udc68\ud83c\udffb\u200d\ud83d\udcbb y evangelizador del Telegram \u2708\ufe0f. Hijo adoptivo de Jos\u00e9 Luis WP \ud83c\udf85\ud83c\udffc.<\/p>\n\t<p>Me dedico a probar la tortilla de patata por las meetups de Galicia para asegurar su frescura y jugosidad. En la comunidad colaboro traduciendo WordPress y sus plugins al espa\u00f1ol. \u00a1Viva la PonteWordCamp! \ud83d\udc19<\/p>\n<\/div>\n\n<\/div>\n\n\n\n<p class=\"wp-block-paragraph\"><\/p>\n","protected":false},"excerpt":{"rendered":"<p>Una WordCamp la hacen los asistentes. Una WordCamp no es posible sin los patrocinadores y el apoyo de la Fundaci\u00f3n WordPress. Una WordCamp no saldr\u00eda adelante sin los organizadores. Pero esta WordCamp en particular no podr\u00eda llevarse a cabo sin este equipo de voluntarios en el que cada persona aporta su tiempo y su esfuerzo &hellip; <a href=\"https:\/\/pontevedra.wordcamp.org\/2019\/voluntarios\/\" class=\"more-link\">Sigue leyendo <span class=\"screen-reader-text\">Voluntarios<\/span><\/a><\/p>\n","protected":false},"author":15689130,"featured_media":647,"parent":0,"menu_order":0,"comment_status":"closed","ping_status":"closed","template":"","meta":{"_crdt_document":"","jetpack_post_was_ever_published":false,"footnotes":""},"class_list":["post-1211","page","type-page","status-publish","has-post-thumbnail","hentry"],"jetpack_sharing_enabled":true,"jetpack_shortlink":"https:\/\/wp.me\/PasL87-jx","_links":{"self":[{"href":"https:\/\/pontevedra.wordcamp.org\/2019\/wp-json\/wp\/v2\/pages\/1211","targetHints":{"allow":["GET"]}}],"collection":[{"href":"https:\/\/pontevedra.wordcamp.org\/2019\/wp-json\/wp\/v2\/pages"}],"about":[{"href":"https:\/\/pontevedra.wordcamp.org\/2019\/wp-json\/wp\/v2\/types\/page"}],"author":[{"embeddable":true,"href":"https:\/\/pontevedra.wordcamp.org\/2019\/wp-json\/wp\/v2\/users\/15689130"}],"replies":[{"embeddable":true,"href":"https:\/\/pontevedra.wordcamp.org\/2019\/wp-json\/wp\/v2\/comments?post=1211"}],"version-history":[{"count":5,"href":"https:\/\/pontevedra.wordcamp.org\/2019\/wp-json\/wp\/v2\/pages\/1211\/revisions"}],"predecessor-version":[{"id":1769,"href":"https:\/\/pontevedra.wordcamp.org\/2019\/wp-json\/wp\/v2\/pages\/1211\/revisions\/1769"}],"wp:featuredmedia":[{"embeddable":true,"href":"https:\/\/pontevedra.wordcamp.org\/2019\/wp-json\/wp\/v2\/media\/647"}],"wp:attachment":[{"href":"https:\/\/pontevedra.wordcamp.org\/2019\/wp-json\/wp\/v2\/media?parent=1211"}],"curies":[{"name":"wp","href":"https:\/\/api.w.org\/{rel}","templated":true}]}}