{"id":13,"date":"2019-06-20T10:37:41","date_gmt":"2019-06-20T08:37:41","guid":{"rendered":"https:\/\/2019.pontevedra.wordcamp.org\/?page_id=13"},"modified":"2019-09-20T14:03:52","modified_gmt":"2019-09-20T12:03:52","slug":"entradas","status":"publish","type":"page","link":"https:\/\/pontevedra.wordcamp.org\/2019\/entradas\/","title":{"rendered":"Entradas"},"content":{"rendered":"\n<p class=\"wp-block-paragraph\" style=\"text-align:right\"><a class=\"lang\" href=\"#gal\">[Galego]<\/a><\/p>\n\n\n\n<h2 class=\"wp-block-heading\">\u00bfQu\u00e9 incluye mi entrada?<\/h2>\n\n\n\n<p class=\"wp-block-paragraph\">La entrada da <strong>acceso a todas las actividades<\/strong> los d\u00edas 21 y 22 de septiembre: por un lado, las <strong>conferencias<\/strong> del s\u00e1bado (habr\u00e1 dos <em>tracks<\/em> con charlas de todos los niveles, que detallaremos en el programa) y, por otro, el <strong>D\u00eda de la Comunidad<\/strong> o D\u00eda del Contribuidor el domingo.<\/p>\n\n\n\n<p class=\"wp-block-paragraph\">Est\u00e1n incluidas las <strong>comidas<\/strong> durante el evento, tanto el s\u00e1bado como el domingo, as\u00ed como el <strong>caf\u00e9 \/ t\u00e9 \/ agua<\/strong> durante las pausas del evento que se realizar\u00e1n por la ma\u00f1ana y por la tarde.<\/p>\n\n\n\n<p class=\"wp-block-paragraph\">Tambi\u00e9n te permitir\u00e1 acudir a la <em>after party<\/em> (o <em>festa rachada<\/em>) del s\u00e1bado por la noche donde podr\u00e1s tomar algo de forma distendida con otros asistentes al evento. Adem\u00e1s, recibir\u00e1s una <strong>camiseta conmemorativa<\/strong> de la WordCamp Pontevedra 2019 (eliges tu talla al comprar la entrada), una <strong>acreditaci\u00f3n personalizada<\/strong>\u2026 \u00a1y alguna sorpresa m\u00e1s!<\/p>\n\n\n\n<h2 class=\"wp-block-heading\">Tipos de entrada<\/h2>\n\n\n\n<ul class=\"wp-block-list\"><li><strong class=\"tix-ticket-title\">Entrada WordCamp Pontevedra<\/strong><br><span class=\"tix-ticket-excerpt\">Acceso a todas las charlas y talleres del s\u00e1bado, acceso al D\u00eda del Contribuidor del domingo y otras actividades, as\u00ed como comidas, caf\u00e9s y algunas sorpresas m\u00e1s.<\/span><\/li><li><strong class=\"tix-ticket-title\">Microsponsor WordCamp Pontevedra<\/strong><br><span class=\"tix-ticket-excerpt\">Aparte de lo que ofrece la entrada general, mostraremos nuestro agradecimiento mencion\u00e1ndote en nuestras redes y poniendo un enlace en esta web por colaborar en hacer una gran WordCamp.<\/span><\/li><li><strong class=\"tix-ticket-title\">Fila 0 \u2013 Colabora si no puedes asistir<\/strong><br><span class=\"tix-ticket-excerpt\">Si quieres manifestar tu apoyo a la WordCamp pero no puedes venir, puedes colaborar con la Fila 0. Gracias a ti podremos ofrecer descuentos a universitarios y montar un gran evento.<\/span><\/li><\/ul>\n\n\n\n<h2 class=\"wp-block-heading\">Importante: antes de comprar<\/h2>\n\n\n\n<ul class=\"wp-block-list\"><li><strong>\u00bfEres estudiante o profesor de la Universidad de Vigo?<\/strong> Tenemos un <strong>descuento del 60 %<\/strong> para las primeras 55 entradas de personas de esta comunidad que lo acrediten, quedando el precio de la entrada en 10 \u20ac. <a href=\"https:\/\/2018.pontevedra.wordcamp.org\/contacto\/\">Contacta con nosotros<\/a> para que generemos tu cup\u00f3n personalizado.<\/li><li>\u00bfQuieres optar a ser ponente, voluntario o patrocinador? No compres a\u00fan tu entrada. Si resultas seleccionado, la asistencia ser\u00e1 gratis para ti.<\/li><li>Utilizamos el sistema <a href=\"https:\/\/es.gravatar.com\/\">Gravatar<\/a> para mostrar la foto o avatar de los asistentes en la p\u00e1gina de asistentes. Si quieres que tu foto aparezca en el listado y en tu acreditaci\u00f3n personalizada, basta con crear una cuenta y asignarle tu avatar o foto al correo electr\u00f3nico que utilizar\u00e1s para adquirir tu entrada.<\/li><li><strong>AUTORIZACI\u00d3N<\/strong>: Por el bien de la comunidad y con fines de promoci\u00f3n, habr\u00e1 voluntarios y\/o fot\u00f3grafos profesionales en la WordCamp Pontevedra 2019. Al acudir al evento autorizas la utilizaci\u00f3n de tu imagen si apareces en fotos o v\u00eddeos que se puedan tomar que muestren tu participaci\u00f3n en la WordCamp.<\/li><\/ul>\n\n\n<a href=\"https:\/\/pontevedra.wordcamp.org\/2019\/entradas\/\">Por favor, ve esta p\u00e1gina en un navegador para hacer una compra o gestionar entradas.<\/a>\n\n\n\n<hr class=\"wp-block-separator\" \/>\n\n\n\n<h2 class=\"wp-block-heading\" id=\"gal\">Que \u00e9 o que incl\u00fae a mi\u00f1a entrada?<\/h2>\n\n\n\n<p class=\"wp-block-paragraph\">A entrada darache acceso a <strong>todas as actividades<\/strong> dos d\u00edas 21 e 22 de setembro: as <strong>conferencias<\/strong> do s\u00e1bado (haber\u00e1 d\u00faas <em>tracks<\/em> con charlas de todos os niveis, que detallaremos no programa) mailo <strong>D\u00eda da Comunidade<\/strong> ou o D\u00eda do Contribu\u00ednte que se levar\u00e1 a cabo o domingo.<\/p>\n\n\n\n<p class=\"wp-block-paragraph\">Incl\u00fae o <strong>xantar<\/strong> durante o evento, tanto o s\u00e1bado coma o domingo, as\u00ed como <strong>caf\u00e9 \/ t\u00e9 \/ auga<\/strong> durante as pausas previstas pola ma\u00f1\u00e1 e pola tarde.<\/p>\n\n\n\n<p class=\"wp-block-paragraph\">Tam\u00e9n vale para asistir na noite do s\u00e1bado \u00e1 <em>after party<\/em> (ou festa rachada), onde poder\u00e1s tomar algo de maneira distendida con outros asistentes. E, enriba, levar\u00e1s unha <strong>camiseta conmemorativa<\/strong> da WordCamp Pontevedra 2019 (elixe o teu talle cando compres a entrada), unha <strong>acreditaci\u00f3n personalizada<\/strong>\u2026 e algunha outra sorpresa!<\/p>\n\n\n\n<h2 class=\"wp-block-heading\">Tipos de entrada<\/h2>\n\n\n\n<ul class=\"wp-block-list\"><li><strong class=\"tix-ticket-title\">Entrada WordCamp Pontevedra<\/strong><br>Acceso a todas as charlas e obradoiros do s\u00e1bado, acceso ao D\u00eda do Contribu\u00ednte do domingo e outras actividades, as\u00ed como comidas, caf\u00e9s e algunhas sorpresas m\u00e1is.<\/li><li><strong class=\"tix-ticket-title\">Microsponsor WordCamp Pontevedra<\/strong><br>A maiores do que ofrece a entrada xeral, amosar\u00e9mosche o noso agradecemento cunha menci\u00f3n nas nosas redes e un enlace nesta web por colaborares connosco na confecci\u00f3n dunha WordCamp xeitosa.<\/li><li><strong class=\"tix-ticket-title\">Fila 0 \u2013 Colabora si no puedes asistir<\/strong><br>Se queres darnos azos pero non podes vir a Pontevedra, a\u00ednda podes colaborar con Fila 0. Grazas a ti seremos quen de ofrecer descontos aos estudantes universitarios e darlle forma a un gran evento.<\/li><\/ul>\n\n\n\n<h2 class=\"wp-block-heading\">Importante: antes de mercar<\/h2>\n\n\n\n<ul class=\"wp-block-list\"><li><strong>Estudas ou impartes clase na Universidade de Vigo?<\/strong> Dispomos dun <strong>desconto do 60 %<\/strong> para as primeiras 55 entradas mercadas por persoas que pertencen a esta comunidade e que o acrediten, ficando o prezo en 10 \u20ac. <a href=\"https:\/\/2018.pontevedra.wordcamp.org\/contacto\/\">Contacta connosco<\/a> para xerar un cup\u00f3n personalizado.<\/li><li>Queres intervir como relator, voluntario ou patrocinador? Agarda un pouqui\u00f1o antes de sacar a t\u00faa entrada. Se saes seleccionado, sairache de balde.<\/li><li>Empregamos o sistema <a href=\"https:\/\/gravatar.com\">Gravatar<\/a> para amosar a foto ou avatar dos asistentes na p\u00e1xina de asistentes. Se che gostar\u00eda que aparecese a t\u00faa foto na lista maila acreditaci\u00f3n personalizada, tan s\u00f3 tes que crear unha conta e asignar o teu avatar ou foto ao correo electr\u00f3nico que uses para comprar a entrada.<\/li><li><strong>AUTORIZACI\u00d3N<\/strong>: Polo ben da comunidade e con fines promocionais, teremos voluntarios e\/ou fot\u00f3grafos profesionais na WordCamp Pontevedra 2019. Ao participares no evento, autor\u00edzanos a usar a t\u00faa imaxe se apareces nas fotos ou nos v\u00eddeos que se poidan tomar e dean conta da t\u00faa participaci\u00f3n na WordCamp.<\/li><\/ul>\n\n\n<a href=\"https:\/\/pontevedra.wordcamp.org\/2019\/entradas\/\">Por favor, ve esta p\u00e1gina en un navegador para hacer una compra o gestionar entradas.<\/a>\n","protected":false},"excerpt":{"rendered":"<p>[Galego] \u00bfQu\u00e9 incluye mi entrada? La entrada da acceso a todas las actividades los d\u00edas 21 y 22 de septiembre: por un lado, las conferencias del s\u00e1bado (habr\u00e1 dos tracks con charlas de todos los niveles, que detallaremos en el programa) y, por otro, el D\u00eda de la Comunidad o D\u00eda del Contribuidor el domingo. &hellip; <a href=\"https:\/\/pontevedra.wordcamp.org\/2019\/entradas\/\" class=\"more-link\">Sigue leyendo <span class=\"screen-reader-text\">Entradas<\/span><\/a><\/p>\n","protected":false},"author":14240579,"featured_media":311,"parent":0,"menu_order":0,"comment_status":"closed","ping_status":"closed","template":"","meta":{"_crdt_document":"","jetpack_post_was_ever_published":false,"footnotes":""},"class_list":["post-13","page","type-page","status-publish","has-post-thumbnail","hentry"],"jetpack_sharing_enabled":true,"jetpack_shortlink":"https:\/\/wp.me\/PasL87-d","_links":{"self":[{"href":"https:\/\/pontevedra.wordcamp.org\/2019\/wp-json\/wp\/v2\/pages\/13","targetHints":{"allow":["GET"]}}],"collection":[{"href":"https:\/\/pontevedra.wordcamp.org\/2019\/wp-json\/wp\/v2\/pages"}],"about":[{"href":"https:\/\/pontevedra.wordcamp.org\/2019\/wp-json\/wp\/v2\/types\/page"}],"author":[{"embeddable":true,"href":"https:\/\/pontevedra.wordcamp.org\/2019\/wp-json\/wp\/v2\/users\/14240579"}],"replies":[{"embeddable":true,"href":"https:\/\/pontevedra.wordcamp.org\/2019\/wp-json\/wp\/v2\/comments?post=13"}],"version-history":[{"count":3,"href":"https:\/\/pontevedra.wordcamp.org\/2019\/wp-json\/wp\/v2\/pages\/13\/revisions"}],"predecessor-version":[{"id":292,"href":"https:\/\/pontevedra.wordcamp.org\/2019\/wp-json\/wp\/v2\/pages\/13\/revisions\/292"}],"wp:featuredmedia":[{"embeddable":true,"href":"https:\/\/pontevedra.wordcamp.org\/2019\/wp-json\/wp\/v2\/media\/311"}],"wp:attachment":[{"href":"https:\/\/pontevedra.wordcamp.org\/2019\/wp-json\/wp\/v2\/media?parent=13"}],"curies":[{"name":"wp","href":"https:\/\/api.w.org\/{rel}","templated":true}]}}