{"id":1172,"date":"2022-06-20T23:16:36","date_gmt":"2022-06-20T21:16:36","guid":{"rendered":"https:\/\/pontevedra.wordcamp.org\/2022\/?page_id=1172"},"modified":"2022-08-29T10:36:33","modified_gmt":"2022-08-29T08:36:33","slug":"entradas-gl","status":"publish","type":"page","link":"https:\/\/pontevedra.wordcamp.org\/2022\/entradas-gl\/","title":{"rendered":"Entradas"},"content":{"rendered":"\n<div style=\"height:40px\" aria-hidden=\"true\" class=\"wp-block-spacer\"><\/div>\n\n\n\n<h1 class=\"ponte-title-regular has-text-color wp-block-heading\" style=\"color:#126dba;font-style:normal;font-weight:700\">Entradas para a<br><mark style=\"color:#00ae9a\" class=\"has-inline-color\">WordCamp Pontevedra<\/mark> 2022<\/h1>\n\n\n\n<div style=\"height:40px\" aria-hidden=\"true\" class=\"wp-block-spacer\"><\/div>\n\n\n\n<hr class=\"wp-block-separator has-text-color has-css-opacity has-background is-style-wide\" style=\"background-color:#126dba;color:#126dba\" \/>\n\n\n\n<h2 class=\"wp-block-heading\" id=\"gal\">Que incl\u00fae a mi\u00f1a entrada?<\/h2>\n\n\n\n<p>A entrada darache acceso a&nbsp;<strong>todas as actividades<\/strong>&nbsp;dos d\u00edas 24 e 25 de setembro: \u00e1s&nbsp;<strong>conferencias<\/strong>&nbsp;do s\u00e1bado (haber\u00e1 dous&nbsp;<em>tracks<\/em>&nbsp;con charlas de todos os niveis, que detallaremos no programa) e m\u00e1is \u00f3&nbsp;<strong>D\u00eda da Comunidade<\/strong>&nbsp;ou o D\u00eda do Contribu\u00ednte que se levar\u00e1 a cabo o domingo.<\/p>\n\n\n\n<p>Incl\u00fae o&nbsp;<strong>xantar<\/strong>&nbsp;durante o evento, tanto o s\u00e1bado coma o domingo. As\u00ed como&nbsp;<strong>caf\u00e9 \/ t\u00e9 \/ auga<\/strong>&nbsp;durante as pausas previstas pola ma\u00f1\u00e1 e pola tarde.<\/p>\n\n\n\n<p>Tam\u00e9n vale para asistir na noite do s\u00e1bado \u00e1&nbsp;<em>after party<\/em>&nbsp;(ou festa rachada), onde poder\u00e1s tomar algo de maneira distendida con outros asistentes. E, por riba, levar\u00e1s unha&nbsp;<strong>camiseta conmemorativa<\/strong>&nbsp;da WordCamp Pontevedra 2022 (elixe o teu talle cando compres a entrada), unha&nbsp;<strong>acreditaci\u00f3n personalizada<\/strong>\u2026 e algunha outra sorpresa!<\/p>\n\n\n\n<p>A inscrici\u00f3n \u00f3 <strong><em>do_action <\/em><\/strong>\u00e9 diferente \u00e1 <strong>entrada xeral<\/strong>. Podes <a href=\"https:\/\/pontevedra.wordcamp.org\/2022\/wordpress-en-accion-taller-de-iniciacion-e-do_action\/\">inscribirte gratuitamente aqu\u00ed<\/a>. <\/p>\n\n\n\n<div style=\"height:50px\" aria-hidden=\"true\" class=\"wp-block-spacer\"><\/div>\n\n\n\n<h2 class=\"wp-block-heading\">Tipos de entrada<\/h2>\n\n\n\n<ul class=\"wp-block-list\"><li><strong>Entrada WordCamp Pontevedra<\/strong><br>Acceso a todas as charlas e obradoiros do s\u00e1bado, acceso ao D\u00eda do Contribu\u00ednte do domingo e outras actividades. As\u00ed como comidas, caf\u00e9s e algunhas sorpresas m\u00e1is.<\/li><\/ul>\n\n\n\n<div style=\"height:50px\" aria-hidden=\"true\" class=\"wp-block-spacer\"><\/div>\n\n\n\n<h2 class=\"wp-block-heading\">Importante: antes de mercar<\/h2>\n\n\n\n<ul class=\"wp-block-list\"><li><strong>Estudas ou impartes clase na <\/strong><a rel=\"noreferrer noopener\" href=\"https:\/\/www.uvigo.gal\/es\" target=\"_blank\">Universidade de Vigo<\/a>?&nbsp;Dispo\u00f1emos dun&nbsp;<strong>desconto do 60 %<\/strong>&nbsp;para as primeiras 55 entradas mercadas por persoas que pertencen a esta comunidade e que o acrediten, ficando o prezo en <strong>10 \u20ac<\/strong>.&nbsp;<a href=\"https:\/\/pontevedra.wordcamp.org\/2022\/contacto-gl\/\">Contacta connosco<\/a>&nbsp;para xerar un cup\u00f3n personalizado.<\/li><li>Queres intervir como <a href=\"https:\/\/pontevedra.wordcamp.org\/2022\/chamada-a-relatores\/\">relator<\/a>, <strong>voluntario <\/strong>ou <a href=\"https:\/\/pontevedra.wordcamp.org\/2022\/chamada-a-patrocinadores\/\">patrocinador<\/a>? Agarda un pouqui\u00f1o antes de sacar a t\u00faa entrada. Se saes seleccionado, sairache de balde.<\/li><li>Empregamos o sistema&nbsp;<a href=\"https:\/\/gravatar.com\/\">Gravatar<\/a>&nbsp;para amosar a foto ou avatar dos asistentes na p\u00e1xina de asistentes. Se che gustar\u00eda que aparecese a t\u00faa foto na lista e maila acreditaci\u00f3n personalizada, tan s\u00f3 tes que crear unha conta e asignar o teu avatar ou foto \u00f3 correo electr\u00f3nico que uses para comprar a entrada.<\/li><li><strong>AUTORIZACI\u00d3N<\/strong>: Polo ben da comunidade e con fins promocionais, teremos voluntarios e\/ou fot\u00f3grafos profesionais na WordCamp Pontevedra 2022. \u00d3 participares no evento, autor\u00edzanos a usar a t\u00faa imaxe se apareces nas fotos ou nos v\u00eddeos que se poidan tomar e dean conta da t\u00faa participaci\u00f3n na WordCamp.<\/li><\/ul>\n\n\n<a href=\"https:\/\/pontevedra.wordcamp.org\/2022\/entradas-gl\/\">Por favor, ve esta p\u00e1gina en un navegador para hacer una compra o gestionar entradas.<\/a>\n","protected":false},"excerpt":{"rendered":"<p>Entradas para aWordCamp Pontevedra 2022 Que incl\u00fae a mi\u00f1a entrada? A entrada darache acceso a&nbsp;todas as actividades&nbsp;dos d\u00edas 24 e 25 de setembro: \u00e1s&nbsp;conferencias&nbsp;do s\u00e1bado (haber\u00e1 dous&nbsp;tracks&nbsp;con charlas de todos os niveis, que detallaremos no programa) e m\u00e1is \u00f3&nbsp;D\u00eda da Comunidade&nbsp;ou o D\u00eda do Contribu\u00ednte que se levar\u00e1 a cabo o domingo. Incl\u00fae o&nbsp;xantar&nbsp;durante o [&hellip;]<\/p>\n","protected":false},"author":16799049,"featured_media":0,"parent":0,"menu_order":0,"comment_status":"closed","ping_status":"closed","template":"page-no-separators","meta":{"advanced_seo_description":"","jetpack_seo_html_title":"","jetpack_seo_noindex":false,"jetpack_post_was_ever_published":false,"footnotes":""},"class_list":["post-1172","page","type-page","status-publish","hentry"],"jetpack_sharing_enabled":true,"_links":{"self":[{"href":"https:\/\/pontevedra.wordcamp.org\/2022\/wp-json\/wp\/v2\/pages\/1172","targetHints":{"allow":["GET"]}}],"collection":[{"href":"https:\/\/pontevedra.wordcamp.org\/2022\/wp-json\/wp\/v2\/pages"}],"about":[{"href":"https:\/\/pontevedra.wordcamp.org\/2022\/wp-json\/wp\/v2\/types\/page"}],"author":[{"embeddable":true,"href":"https:\/\/pontevedra.wordcamp.org\/2022\/wp-json\/wp\/v2\/users\/16799049"}],"replies":[{"embeddable":true,"href":"https:\/\/pontevedra.wordcamp.org\/2022\/wp-json\/wp\/v2\/comments?post=1172"}],"version-history":[{"count":5,"href":"https:\/\/pontevedra.wordcamp.org\/2022\/wp-json\/wp\/v2\/pages\/1172\/revisions"}],"predecessor-version":[{"id":3658,"href":"https:\/\/pontevedra.wordcamp.org\/2022\/wp-json\/wp\/v2\/pages\/1172\/revisions\/3658"}],"wp:attachment":[{"href":"https:\/\/pontevedra.wordcamp.org\/2022\/wp-json\/wp\/v2\/media?parent=1172"}],"curies":[{"name":"wp","href":"https:\/\/api.w.org\/{rel}","templated":true}]}}