{"id":13,"date":"2022-06-21T13:19:49","date_gmt":"2022-06-21T11:19:49","guid":{"rendered":"https:\/\/pontevedra.wordcamp.org\/2022\/?page_id=13"},"modified":"2022-09-23T16:43:42","modified_gmt":"2022-09-23T14:43:42","slug":"entradas","status":"publish","type":"page","link":"https:\/\/pontevedra.wordcamp.org\/2022\/entradas\/","title":{"rendered":"Entradas"},"content":{"rendered":"\r\n<div class=\"wp-block-spacer\" style=\"height: 40px\" aria-hidden=\"true\">\u00a0<\/div>\r\n\r\n\r\n\r\n<h1 class=\"ponte-title-regular has-text-color wp-block-heading\" style=\"color: #126dba;font-style: normal;font-weight: bold\">Entradas para la<br \/><mark class=\"has-inline-color\" style=\"color: #00ae9a\">WordCamp Pontevedra<\/mark> 2022<\/h1>\r\n\r\n\r\n\r\n<div class=\"wp-block-spacer\" style=\"height: 40px\" aria-hidden=\"true\">\u00a0<\/div>\r\n\r\n\r\n<hr class=\"wp-block-separator has-text-color has-css-opacity has-background is-style-wide\" style=\"background-color: #126dba;color: #126dba\" \/>\r\n\r\n\r\n<div class=\"wp-block-spacer\" style=\"height: 40px\" aria-hidden=\"true\">\u00a0<\/div>\r\n\r\n\r\n\r\n<h2 class=\"wp-block-heading\">\u00bfQu\u00e9 incluye mi entrada?<\/h2>\r\n\r\n\r\n\r\n<p>La entrada da\u00a0<strong>acceso a todas las actividades<\/strong>\u00a0los d\u00edas <strong>24 y 25 de septiembre<\/strong>: por un lado, las\u00a0<strong>conferencias<\/strong>\u00a0del s\u00e1bado (habr\u00e1 dos\u00a0<em>tracks<\/em>\u00a0con charlas de todos los niveles, que detallaremos en el programa) y, por otro, el\u00a0<strong>D\u00eda de la Comunidad<\/strong>\u00a0o <em>Contributor day<\/em>, el domingo.<\/p>\r\n\r\n\r\n\r\n<p>Est\u00e1n incluidas las\u00a0<strong>comidas<\/strong> durante el evento, tanto el s\u00e1bado como el domingo. As\u00ed como el <strong>caf\u00e9 \/ t\u00e9 \/ agua<\/strong>\u00a0durante las pausas del evento, que se realizar\u00e1n por la ma\u00f1ana y por la tarde.<\/p>\r\n\r\n\r\n\r\n<p>Tambi\u00e9n te permitir\u00e1 acudir a la\u00a0<em>after party<\/em>\u00a0(o\u00a0<em>festa rachada<\/em>) del s\u00e1bado por la noche, donde podr\u00e1s tomar algo de forma distendida con otros asistentes al evento. Adem\u00e1s, recibir\u00e1s una\u00a0<strong>camiseta conmemorativa<\/strong>\u00a0de la WordCamp Pontevedra 2022 (eliges tu talla al comprar la entrada), una\u00a0<strong>acreditaci\u00f3n personalizada<\/strong>\u2026 \u00a1y alguna sorpresa m\u00e1s!<\/p>\r\n\r\n\r\n\r\n<p>La inscripci\u00f3n al <em><strong>do_action <\/strong><\/em>que se celebra el d\u00eda 23, es diferente a la <strong>entrada general<\/strong>. Puedes <a href=\"https:\/\/pontevedra.wordcamp.org\/2022\/wordpress-en-accion-taller-de-iniciacion-y-do-action\/\">inscribirte gratuitamente aqu\u00ed<\/a>.<\/p>\r\n\r\n\r\n\r\n<div class=\"wp-block-spacer\" style=\"height: 50px\" aria-hidden=\"true\">\u00a0<\/div>\r\n\r\n\r\n\r\n<h2 class=\"wp-block-heading\">Tipos de entrada<\/h2>\r\n\r\n\r\n\r\n<ul class=\"wp-block-list\">\r\n<li><strong>Entrada WordCamp Pontevedra<\/strong><br \/>Acceso a todas las charlas y talleres del s\u00e1bado, acceso al D\u00eda del Contribuidor del domingo y otras actividades, as\u00ed como comidas, caf\u00e9s y algunas sorpresas m\u00e1s.<\/li>\r\n<\/ul>\r\n\r\n\r\n\r\n<div class=\"wp-block-spacer\" style=\"height: 50px\" aria-hidden=\"true\">\u00a0<\/div>\r\n\r\n\r\n\r\n<h2 class=\"wp-block-heading\">Importante: antes de comprar<\/h2>\r\n\r\n\r\n\r\n<ul class=\"wp-block-list\">\r\n<li><strong>\u00bfEres estudiante o profesor de la <\/strong><a href=\"https:\/\/www.uvigo.gal\/es\" target=\"_blank\" rel=\"noreferrer noopener\">Universidad de Vigo<\/a>?\u00a0Tenemos un\u00a0<strong>descuento del 60 %<\/strong>\u00a0para las primeras 55 entradas de personas de esta comunidad que lo acrediten, quedando el precio de la entrada en <strong>10 \u20ac<\/strong>.\u00a0<a href=\"https:\/\/pontevedra.wordcamp.org\/2022\/contacto\/\" data-type=\"page\" data-id=\"17\">Contacta con nosotros<\/a>\u00a0para que generemos tu cup\u00f3n personalizado.<\/li>\r\n<li>\u00bfQuieres optar a ser <a href=\"https:\/\/pontevedra.wordcamp.org\/2022\/llamada-ponentes\/\">ponente<\/a>, <strong>voluntario <\/strong>o <a href=\"https:\/\/pontevedra.wordcamp.org\/2022\/llamada-a-patrocinadores\/\">patrocinador<\/a>? No compres a\u00fan tu entrada. Si resultas seleccionado, la <strong>asistencia ser\u00e1 gratis para ti<\/strong>.<\/li>\r\n<li>Utilizamos el sistema\u00a0<a href=\"https:\/\/es.gravatar.com\/\" target=\"_blank\" rel=\"noreferrer noopener\">Gravatar<\/a>\u00a0para mostrar la foto o avatar de los asistentes en la p\u00e1gina de asistentes. Si quieres que tu foto aparezca en el listado y en tu acreditaci\u00f3n personalizada, basta con crear una cuenta y asignarle tu avatar o foto al correo electr\u00f3nico que utilizar\u00e1s para adquirir tu entrada.<\/li>\r\n<li><strong>AUTORIZACI\u00d3N<\/strong>: Por el bien de la comunidad y con fines de promoci\u00f3n, habr\u00e1 voluntarios y\/o fot\u00f3grafos profesionales en la WordCamp Pontevedra 2022. Al acudir al evento autorizas la utilizaci\u00f3n de tu imagen si apareces en fotos o v\u00eddeos que se puedan tomar que muestren tu participaci\u00f3n en la WordCamp.<\/li>\r\n<\/ul>\r\n\r\n\r\n<a href=\"https:\/\/pontevedra.wordcamp.org\/2022\/entradas\/\">Por favor, ve esta p\u00e1gina en un navegador para hacer una compra o gestionar entradas.<\/a>\n","protected":false},"excerpt":{"rendered":"<p>Entradas para laWordCamp Pontevedra 2022 \u00bfQu\u00e9 incluye mi entrada? La entrada da\u00a0acceso a todas las actividades\u00a0los d\u00edas 24 y 25 de septiembre: por un lado, las\u00a0conferencias\u00a0del s\u00e1bado (habr\u00e1 dos\u00a0tracks\u00a0con charlas de todos los niveles, que detallaremos en el programa) y, por otro, el\u00a0D\u00eda de la Comunidad\u00a0o Contributor day, el domingo. Est\u00e1n incluidas las\u00a0comidas durante el [&hellip;]<\/p>\n","protected":false},"author":15205422,"featured_media":859,"parent":0,"menu_order":0,"comment_status":"closed","ping_status":"closed","template":"","meta":{"advanced_seo_description":"","jetpack_seo_html_title":"","jetpack_seo_noindex":false,"jetpack_post_was_ever_published":false,"footnotes":""},"class_list":["post-13","page","type-page","status-publish","has-post-thumbnail","hentry"],"jetpack_sharing_enabled":true,"_links":{"self":[{"href":"https:\/\/pontevedra.wordcamp.org\/2022\/wp-json\/wp\/v2\/pages\/13","targetHints":{"allow":["GET"]}}],"collection":[{"href":"https:\/\/pontevedra.wordcamp.org\/2022\/wp-json\/wp\/v2\/pages"}],"about":[{"href":"https:\/\/pontevedra.wordcamp.org\/2022\/wp-json\/wp\/v2\/types\/page"}],"author":[{"embeddable":true,"href":"https:\/\/pontevedra.wordcamp.org\/2022\/wp-json\/wp\/v2\/users\/15205422"}],"replies":[{"embeddable":true,"href":"https:\/\/pontevedra.wordcamp.org\/2022\/wp-json\/wp\/v2\/comments?post=13"}],"version-history":[{"count":16,"href":"https:\/\/pontevedra.wordcamp.org\/2022\/wp-json\/wp\/v2\/pages\/13\/revisions"}],"predecessor-version":[{"id":3019,"href":"https:\/\/pontevedra.wordcamp.org\/2022\/wp-json\/wp\/v2\/pages\/13\/revisions\/3019"}],"wp:featuredmedia":[{"embeddable":true,"href":"https:\/\/pontevedra.wordcamp.org\/2022\/wp-json\/wp\/v2\/media\/859"}],"wp:attachment":[{"href":"https:\/\/pontevedra.wordcamp.org\/2022\/wp-json\/wp\/v2\/media?parent=13"}],"curies":[{"name":"wp","href":"https:\/\/api.w.org\/{rel}","templated":true}]}}