{"id":2,"date":"2021-12-29T08:40:59","date_gmt":"2021-12-29T07:40:59","guid":{"rendered":"http:\/\/pontevedra.wordcamp.org\/2022\/?page_id=2"},"modified":"2022-07-01T18:41:03","modified_gmt":"2022-07-01T16:41:03","slug":"sample-page","status":"publish","type":"page","link":"https:\/\/pontevedra.wordcamp.org\/2022\/","title":{"rendered":"WordCamp Pontevedra 2022"},"content":{"rendered":"\n<div class=\"wp-block-group alignfull has-custom-degradado-principal-gradient-background has-background is-layout-flow wp-block-group-is-layout-flow\" style=\"padding-top:0px;padding-right:0px;padding-bottom:0px;padding-left:0px\">\n<div class=\"wp-block-group alignfull ponte-background-cuadricula is-layout-flow wp-block-group-is-layout-flow\" style=\"padding-top:9rem;padding-bottom:5rem\">\n<div class=\"wp-block-group ponte-background-content-transparent has-background is-layout-constrained wp-container-core-group-is-layout-455bce3c wp-block-group-is-layout-constrained\" style=\"padding-top:2rem;padding-right:2rem;padding-bottom:2rem;padding-left:2rem\">\n<h1 class=\"ponte-title has-background-color has-text-color wp-block-heading\" style=\"font-style:normal;font-weight:700\">WordCamp<br>Pontevedra 2022<\/h1>\n\n\n\n<p class=\"has-background-color has-text-color wp-block-paragraph\" style=\"font-size:2rem;font-style:normal;font-weight:700\">Del 23-25 de Septiembre<\/p>\n<\/div>\n\n\n\n<p class=\"ponte-notice-location\"><span class=\"dashicons dashicons-location\"><\/span> Facultad de Ciencias Sociais e da Comunicaci\u00f3n #PonteWordCamp<\/p>\n<\/div>\n<\/div>\n\n\n\n<div style=\"height:40px\" aria-hidden=\"true\" class=\"wp-block-spacer\"><\/div>\n\n\n\n<h2 class=\"has-text-align-center has-text-color wp-block-heading\" style=\"color:#126bad;font-style:normal;font-weight:700\">La primera WordCamp de  <br><mark style=\"color:#00ae9a\" class=\"has-inline-color\">Galicia<\/mark> \u00a1vuelve!<\/h2>\n\n\n\n<p class=\"wp-block-paragraph\">Nuestras vidas cambiaron estos \u00faltimos a\u00f1os, pero es hora de ver hacia el <strong>futuro<\/strong>, con esperanza, dejando el <strong>miedo<\/strong> atr\u00e1s y recuperar el tiempo perdido. <\/p>\n\n\n\n<p class=\"wp-block-paragraph\">Vuelve nuestra querida<strong> WordCamp de Pontevedra<\/strong>, una WordCamp gallega con todo lo que nos caracteriza: \u00a1alegr\u00eda, pulpo y estrellas! Volvamos a conectar en esta <strong>fiesta de WordPress<\/strong> del <strong>23 al 25 de septiembre<\/strong>. <\/p>\n\n\n\n<div style=\"height:40px\" aria-hidden=\"true\" class=\"wp-block-spacer\"><\/div>\n\n\n\n<h2 class=\"has-text-align-center has-text-color wp-block-heading\" style=\"color:#126bad;font-style:normal;font-weight:700\">\u00daltimas <mark style=\"color:#00ae9a\" class=\"has-inline-color\">noticias<\/mark><\/h2>\n\n\n\n<div class=\"wp-block-group alignwide is-layout-flow wp-block-group-is-layout-flow\">\n<div class=\"wp-block-query alignwide is-layout-constrained wp-block-query-is-layout-constrained\"><ul class=\"is-flex-container columns-3 alignwide wp-block-post-template is-layout-flow wp-block-post-template-is-layout-flow\"><li class=\"wp-block-post post-4822 post type-post status-publish format-standard has-post-thumbnail hentry category-espanol tag-pontevedra tag-wordcamp\">\n\n<div class=\"wp-block-group is-layout-constrained wp-block-group-is-layout-constrained\"><figure style=\"margin-top:calc(1.75 * var(--wp--style--block-gap));\" class=\"alignwide wp-block-post-featured-image\"><a href=\"https:\/\/pontevedra.wordcamp.org\/2022\/vision-wajari-pontewordcamp\/\" target=\"_self\"  ><img loading=\"lazy\" decoding=\"async\" width=\"2560\" height=\"1707\" src=\"https:\/\/pontevedra.wordcamp.org\/2022\/files\/2022\/10\/wajari-nilo-foto-scaled.jpg\" class=\"attachment-post-thumbnail size-post-thumbnail wp-post-image\" alt=\"La visi\u00f3n de Wajari de la PonteWordCamp\" style=\"object-fit:cover;\" srcset=\"https:\/\/pontevedra.wordcamp.org\/2022\/files\/2022\/10\/wajari-nilo-foto-scaled.jpg 2560w, https:\/\/pontevedra.wordcamp.org\/2022\/files\/2022\/10\/wajari-nilo-foto-300x200.jpg 300w, https:\/\/pontevedra.wordcamp.org\/2022\/files\/2022\/10\/wajari-nilo-foto-1024x683.jpg 1024w, https:\/\/pontevedra.wordcamp.org\/2022\/files\/2022\/10\/wajari-nilo-foto-768x512.jpg 768w, https:\/\/pontevedra.wordcamp.org\/2022\/files\/2022\/10\/wajari-nilo-foto-450x300.jpg 450w, https:\/\/pontevedra.wordcamp.org\/2022\/files\/2022\/10\/wajari-nilo-foto-1536x1024.jpg 1536w, https:\/\/pontevedra.wordcamp.org\/2022\/files\/2022\/10\/wajari-nilo-foto-2048x1365.jpg 2048w\" sizes=\"auto, (max-width: 2560px) 100vw, 2560px\" \/><\/a><\/figure>\n\n<h2 style=\"color:#126bad; font-size:2rem;font-style:normal;font-weight:700; margin-bottom:0.5rem;\" class=\"has-link-color alignwide wp-elements-1251c377c01dfbfca1dedc67f205234e wp-block-post-title has-text-color\"><a href=\"https:\/\/pontevedra.wordcamp.org\/2022\/vision-wajari-pontewordcamp\/\" target=\"_self\" >La visi\u00f3n de Wajari de la PonteWordCamp<\/a><\/h2>\n\n\n<div class=\"wp-block-columns alignwide is-layout-flex wp-container-core-columns-is-layout-f56f613f wp-block-columns-is-layout-flex\">\n<div class=\"wp-block-column is-layout-flow wp-block-column-is-layout-flow\" style=\"flex-basis:650px\"><div class=\"wp-block-post-excerpt\"><p class=\"wp-block-post-excerpt__excerpt\">La visi\u00f3n de Wajari de la PonteWordCamp 2022. Un peque\u00f1o homenaje a organizadores y colaboradores en la sombra <\/p><\/div><\/div>\n\n\n\n<div class=\"wp-block-column has-background is-layout-flow wp-block-column-is-layout-flow\" style=\"background-color:#00ae9a\"><\/div>\n<\/div>\n<\/div>\n\n<\/li><li class=\"wp-block-post post-4565 post type-post status-publish format-standard has-post-thumbnail hentry category-espanol\">\n\n<div class=\"wp-block-group is-layout-constrained wp-block-group-is-layout-constrained\"><figure style=\"margin-top:calc(1.75 * var(--wp--style--block-gap));\" class=\"alignwide wp-block-post-featured-image\"><a href=\"https:\/\/pontevedra.wordcamp.org\/2022\/wordcamp-pontevedra-volver-sin-habernos-ido\/\" target=\"_self\"  ><img loading=\"lazy\" decoding=\"async\" width=\"1453\" height=\"969\" src=\"https:\/\/pontevedra.wordcamp.org\/2022\/files\/2022\/10\/NIL05038.jpg\" class=\"attachment-post-thumbnail size-post-thumbnail wp-post-image\" alt=\"WordCamp Pontevedra, volver sin habernos ido\" style=\"object-fit:cover;\" srcset=\"https:\/\/pontevedra.wordcamp.org\/2022\/files\/2022\/10\/NIL05038.jpg 1453w, https:\/\/pontevedra.wordcamp.org\/2022\/files\/2022\/10\/NIL05038-300x200.jpg 300w, https:\/\/pontevedra.wordcamp.org\/2022\/files\/2022\/10\/NIL05038-1024x683.jpg 1024w, https:\/\/pontevedra.wordcamp.org\/2022\/files\/2022\/10\/NIL05038-768x512.jpg 768w, https:\/\/pontevedra.wordcamp.org\/2022\/files\/2022\/10\/NIL05038-450x300.jpg 450w\" sizes=\"auto, (max-width: 1453px) 100vw, 1453px\" \/><\/a><\/figure>\n\n<h2 style=\"color:#126bad; font-size:2rem;font-style:normal;font-weight:700; margin-bottom:0.5rem;\" class=\"has-link-color alignwide wp-elements-1251c377c01dfbfca1dedc67f205234e wp-block-post-title has-text-color\"><a href=\"https:\/\/pontevedra.wordcamp.org\/2022\/wordcamp-pontevedra-volver-sin-habernos-ido\/\" target=\"_self\" >WordCamp Pontevedra, volver sin habernos ido<\/a><\/h2>\n\n\n<div class=\"wp-block-columns alignwide is-layout-flex wp-container-core-columns-is-layout-f56f613f wp-block-columns-is-layout-flex\">\n<div class=\"wp-block-column is-layout-flow wp-block-column-is-layout-flow\" style=\"flex-basis:650px\"><div class=\"wp-block-post-excerpt\"><p class=\"wp-block-post-excerpt__excerpt\">Casi tres a\u00f1os han pasado desde la anterior edici\u00f3n de la WordCamp de Pontevedra. En el d\u00eda del contribuidor se cierra esta edici\u00f3n de la PonteWordCamp 2022, la WordCamp de Galicia, que ha vuelto en todo su esplendor&#8230; Y nos ha dejado a todos con ganas de m\u00e1s. El equipo organizador como siempre, pues no&hellip; <\/p><\/div><\/div>\n\n\n\n<div class=\"wp-block-column has-background is-layout-flow wp-block-column-is-layout-flow\" style=\"background-color:#00ae9a\"><\/div>\n<\/div>\n<\/div>\n\n<\/li><li class=\"wp-block-post post-4759 post type-post status-publish format-standard has-post-thumbnail hentry category-espanol tag-pontevedra tag-wordcamp\">\n\n<div class=\"wp-block-group is-layout-constrained wp-block-group-is-layout-constrained\"><figure style=\"margin-top:calc(1.75 * var(--wp--style--block-gap));\" class=\"alignwide wp-block-post-featured-image\"><a href=\"https:\/\/pontevedra.wordcamp.org\/2022\/la-vision-de-david-vina-de-la-pontewordcamp\/\" target=\"_self\"  ><img loading=\"lazy\" decoding=\"async\" width=\"799\" height=\"533\" src=\"https:\/\/pontevedra.wordcamp.org\/2022\/files\/2022\/09\/48786487043_4be4574a82_c.jpg\" class=\"attachment-post-thumbnail size-post-thumbnail wp-post-image\" alt=\"La visi\u00f3n de David Vi\u00f1a de la PonteWordCamp\" style=\"object-fit:cover;\" srcset=\"https:\/\/pontevedra.wordcamp.org\/2022\/files\/2022\/09\/48786487043_4be4574a82_c.jpg 799w, https:\/\/pontevedra.wordcamp.org\/2022\/files\/2022\/09\/48786487043_4be4574a82_c-300x200.jpg 300w, https:\/\/pontevedra.wordcamp.org\/2022\/files\/2022\/09\/48786487043_4be4574a82_c-768x512.jpg 768w, https:\/\/pontevedra.wordcamp.org\/2022\/files\/2022\/09\/48786487043_4be4574a82_c-450x300.jpg 450w\" sizes=\"auto, (max-width: 799px) 100vw, 799px\" \/><\/a><\/figure>\n\n<h2 style=\"color:#126bad; font-size:2rem;font-style:normal;font-weight:700; margin-bottom:0.5rem;\" class=\"has-link-color alignwide wp-elements-1251c377c01dfbfca1dedc67f205234e wp-block-post-title has-text-color\"><a href=\"https:\/\/pontevedra.wordcamp.org\/2022\/la-vision-de-david-vina-de-la-pontewordcamp\/\" target=\"_self\" >La visi\u00f3n de David Vi\u00f1a de la PonteWordCamp<\/a><\/h2>\n\n\n<div class=\"wp-block-columns alignwide is-layout-flex wp-container-core-columns-is-layout-f56f613f wp-block-columns-is-layout-flex\">\n<div class=\"wp-block-column is-layout-flow wp-block-column-is-layout-flow\" style=\"flex-basis:650px\"><div class=\"wp-block-post-excerpt\"><p class=\"wp-block-post-excerpt__excerpt\">La visi\u00f3n de David Vi\u00f1a de la PonteWordCamp 2022 <\/p><\/div><\/div>\n\n\n\n<div class=\"wp-block-column has-background is-layout-flow wp-block-column-is-layout-flow\" style=\"background-color:#00ae9a\"><\/div>\n<\/div>\n<\/div>\n\n<\/li><li class=\"wp-block-post post-4792 post type-post status-publish format-standard has-post-thumbnail hentry category-espanol tag-pontevedra tag-wordcamp\">\n\n<div class=\"wp-block-group is-layout-constrained wp-block-group-is-layout-constrained\"><figure style=\"margin-top:calc(1.75 * var(--wp--style--block-gap));\" class=\"alignwide wp-block-post-featured-image\"><a href=\"https:\/\/pontevedra.wordcamp.org\/2022\/mi-casi-ultima-wordcamp-asi-vivi-pontewordcamp\/\" target=\"_self\"  ><img loading=\"lazy\" decoding=\"async\" width=\"1280\" height=\"780\" src=\"https:\/\/pontevedra.wordcamp.org\/2022\/files\/2022\/10\/mi-casi-ultima-wordcamp.jpg\" class=\"attachment-post-thumbnail size-post-thumbnail wp-post-image\" alt=\"Mi (casi) \u00faltima WordCamp, as\u00ed viv\u00ed PonteWordCamp\" style=\"object-fit:cover;\" srcset=\"https:\/\/pontevedra.wordcamp.org\/2022\/files\/2022\/10\/mi-casi-ultima-wordcamp.jpg 1280w, https:\/\/pontevedra.wordcamp.org\/2022\/files\/2022\/10\/mi-casi-ultima-wordcamp-300x183.jpg 300w, https:\/\/pontevedra.wordcamp.org\/2022\/files\/2022\/10\/mi-casi-ultima-wordcamp-1024x624.jpg 1024w, https:\/\/pontevedra.wordcamp.org\/2022\/files\/2022\/10\/mi-casi-ultima-wordcamp-768x468.jpg 768w, https:\/\/pontevedra.wordcamp.org\/2022\/files\/2022\/10\/mi-casi-ultima-wordcamp-492x300.jpg 492w\" sizes=\"auto, (max-width: 1280px) 100vw, 1280px\" \/><\/a><\/figure>\n\n<h2 style=\"color:#126bad; font-size:2rem;font-style:normal;font-weight:700; margin-bottom:0.5rem;\" class=\"has-link-color alignwide wp-elements-1251c377c01dfbfca1dedc67f205234e wp-block-post-title has-text-color\"><a href=\"https:\/\/pontevedra.wordcamp.org\/2022\/mi-casi-ultima-wordcamp-asi-vivi-pontewordcamp\/\" target=\"_self\" >Mi (casi) \u00faltima WordCamp, as\u00ed viv\u00ed PonteWordCamp<\/a><\/h2>\n\n\n<div class=\"wp-block-columns alignwide is-layout-flex wp-container-core-columns-is-layout-f56f613f wp-block-columns-is-layout-flex\">\n<div class=\"wp-block-column is-layout-flow wp-block-column-is-layout-flow\" style=\"flex-basis:650px\"><div class=\"wp-block-post-excerpt\"><p class=\"wp-block-post-excerpt__excerpt\">Mi (casi) \u00faltima WordCamp, as\u00ed viv\u00ed PonteWordCamp. La visi\u00f3n de Jose Luis Losada <\/p><\/div><\/div>\n\n\n\n<div class=\"wp-block-column has-background is-layout-flow wp-block-column-is-layout-flow\" style=\"background-color:#00ae9a\"><\/div>\n<\/div>\n<\/div>\n\n<\/li><li class=\"wp-block-post post-4676 post type-post status-publish format-standard has-post-thumbnail hentry category-espanol tag-pontevedra tag-wordcamp\">\n\n<div class=\"wp-block-group is-layout-constrained wp-block-group-is-layout-constrained\"><figure style=\"margin-top:calc(1.75 * var(--wp--style--block-gap));\" class=\"alignwide wp-block-post-featured-image\"><a href=\"https:\/\/pontevedra.wordcamp.org\/2022\/mi-primera-y-no-ultima-wordcamp\/\" target=\"_self\"  ><img loading=\"lazy\" decoding=\"async\" width=\"2016\" height=\"1134\" src=\"https:\/\/pontevedra.wordcamp.org\/2022\/files\/2022\/09\/wordcamppontevedra.jpg\" class=\"attachment-post-thumbnail size-post-thumbnail wp-post-image\" alt=\"Mi primera y no \u00faltima WordCamp\" style=\"object-fit:cover;\" srcset=\"https:\/\/pontevedra.wordcamp.org\/2022\/files\/2022\/09\/wordcamppontevedra.jpg 2016w, https:\/\/pontevedra.wordcamp.org\/2022\/files\/2022\/09\/wordcamppontevedra-300x169.jpg 300w, https:\/\/pontevedra.wordcamp.org\/2022\/files\/2022\/09\/wordcamppontevedra-1024x576.jpg 1024w, https:\/\/pontevedra.wordcamp.org\/2022\/files\/2022\/09\/wordcamppontevedra-768x432.jpg 768w, https:\/\/pontevedra.wordcamp.org\/2022\/files\/2022\/09\/wordcamppontevedra-500x281.jpg 500w, https:\/\/pontevedra.wordcamp.org\/2022\/files\/2022\/09\/wordcamppontevedra-1536x864.jpg 1536w\" sizes=\"auto, (max-width: 2016px) 100vw, 2016px\" \/><\/a><\/figure>\n\n<h2 style=\"color:#126bad; font-size:2rem;font-style:normal;font-weight:700; margin-bottom:0.5rem;\" class=\"has-link-color alignwide wp-elements-1251c377c01dfbfca1dedc67f205234e wp-block-post-title has-text-color\"><a href=\"https:\/\/pontevedra.wordcamp.org\/2022\/mi-primera-y-no-ultima-wordcamp\/\" target=\"_self\" >Mi primera y no \u00faltima WordCamp<\/a><\/h2>\n\n\n<div class=\"wp-block-columns alignwide is-layout-flex wp-container-core-columns-is-layout-f56f613f wp-block-columns-is-layout-flex\">\n<div class=\"wp-block-column is-layout-flow wp-block-column-is-layout-flow\" style=\"flex-basis:650px\"><div class=\"wp-block-post-excerpt\"><p class=\"wp-block-post-excerpt__excerpt\">Mi primera y no \u00faltima WordCamp. La visi\u00f3n de M\u00f3nica Saavedra de la organizaci\u00f3n de la PonteWordCamp 2022 <\/p><\/div><\/div>\n\n\n\n<div class=\"wp-block-column has-background is-layout-flow wp-block-column-is-layout-flow\" style=\"background-color:#00ae9a\"><\/div>\n<\/div>\n<\/div>\n\n<\/li><li class=\"wp-block-post post-4685 post type-post status-publish format-standard has-post-thumbnail hentry category-espanol\">\n\n<div class=\"wp-block-group is-layout-constrained wp-block-group-is-layout-constrained\"><figure style=\"margin-top:calc(1.75 * var(--wp--style--block-gap));\" class=\"alignwide wp-block-post-featured-image\"><a href=\"https:\/\/pontevedra.wordcamp.org\/2022\/la-vision-del-emerito-de-la-pontewordcamp\/\" target=\"_self\"  ><img loading=\"lazy\" decoding=\"async\" width=\"2560\" height=\"1707\" src=\"https:\/\/pontevedra.wordcamp.org\/2022\/files\/2022\/09\/NIL05032-scaled.jpg\" class=\"attachment-post-thumbnail size-post-thumbnail wp-post-image\" alt=\"La visi\u00f3n del em\u00e9rito de la PonteWordCamp\" style=\"object-fit:cover;\" srcset=\"https:\/\/pontevedra.wordcamp.org\/2022\/files\/2022\/09\/NIL05032-scaled.jpg 2560w, https:\/\/pontevedra.wordcamp.org\/2022\/files\/2022\/09\/NIL05032-300x200.jpg 300w, https:\/\/pontevedra.wordcamp.org\/2022\/files\/2022\/09\/NIL05032-1024x683.jpg 1024w, https:\/\/pontevedra.wordcamp.org\/2022\/files\/2022\/09\/NIL05032-768x512.jpg 768w, https:\/\/pontevedra.wordcamp.org\/2022\/files\/2022\/09\/NIL05032-450x300.jpg 450w, https:\/\/pontevedra.wordcamp.org\/2022\/files\/2022\/09\/NIL05032-1536x1024.jpg 1536w, https:\/\/pontevedra.wordcamp.org\/2022\/files\/2022\/09\/NIL05032-2048x1365.jpg 2048w\" sizes=\"auto, (max-width: 2560px) 100vw, 2560px\" \/><\/a><\/figure>\n\n<h2 style=\"color:#126bad; font-size:2rem;font-style:normal;font-weight:700; margin-bottom:0.5rem;\" class=\"has-link-color alignwide wp-elements-1251c377c01dfbfca1dedc67f205234e wp-block-post-title has-text-color\"><a href=\"https:\/\/pontevedra.wordcamp.org\/2022\/la-vision-del-emerito-de-la-pontewordcamp\/\" target=\"_self\" >La visi\u00f3n del em\u00e9rito de la PonteWordCamp<\/a><\/h2>\n\n\n<div class=\"wp-block-columns alignwide is-layout-flex wp-container-core-columns-is-layout-f56f613f wp-block-columns-is-layout-flex\">\n<div class=\"wp-block-column is-layout-flow wp-block-column-is-layout-flow\" style=\"flex-basis:650px\"><div class=\"wp-block-post-excerpt\"><p class=\"wp-block-post-excerpt__excerpt\">Estoy casi seguro de que alguna de las frases de este resumen personal de la WordCamp me las hab\u00e9is escuchado en un momento u otro de los \u00faltimos d\u00edas. Y es que qu\u00e9 mejor manera de plasmar lo que ha sido recordando lo que he dicho en diferentes momentos del evento. Si alguno no me&hellip; <\/p><\/div><\/div>\n\n\n\n<div class=\"wp-block-column has-background is-layout-flow wp-block-column-is-layout-flow\" style=\"background-color:#00ae9a\"><\/div>\n<\/div>\n<\/div>\n\n<\/li><\/ul><\/div>\n<\/div>\n\n\n\n<div class=\"wp-block-buttons is-content-justification-center is-layout-flex wp-container-core-buttons-is-layout-20959078 wp-block-buttons-is-layout-flex\">\n<div class=\"wp-block-button is-style-fill\"><a class=\"wp-block-button__link has-background\" href=\"https:\/\/pontevedra.wordcamp.org\/2022\/blog-es\/\" style=\"background-color:#00ae9a;padding-top:0.5rem;padding-bottom:0.5rem\">Todas las noticias<\/a><\/div>\n<\/div>\n\n\n\n<div style=\"height:100px\" aria-hidden=\"true\" class=\"wp-block-spacer\"><\/div>\n\n\n\n<div class=\"wp-block-group alignfull ponte-background-grey ponte-suscription has-cyan-bluish-gray-background-color has-background is-layout-flow wp-block-group-is-layout-flow\" style=\"padding-top:7rem;padding-bottom:7rem\">\n<p class=\"has-text-align-center wp-block-paragraph\">Suscr\u00edbete por email para estar al tanto de todas las novedades<\/p>\n\n\n<div class=\"wp-block-jetpack-subscriptions__supports-newline wp-block-jetpack-subscriptions\">\n\t\t<div>\n\t\t\t<div>\n\t\t\t\t<div>\n\t\t\t\t\t<p >\n\t\t\t\t\t\t<a href=\"https:\/\/pontevedra.wordcamp.org\/2022\/?post_type=page&#038;p=2\" style=\"background: #126bad;font-size: 16px;padding: 15px 23px 15px 23px;margin: 0; margin-left: 10px;border-radius: 0px;border-width: 1px;border-color: #126bad; border-style: solid; text-decoration: none; white-space: nowrap; margin-left: 0\">Suscr\u00edbete<\/a>\n\t\t\t\t\t<\/p>\n\t\t\t\t<\/div>\n\t\t\t<\/div>\n\t\t<\/div>\n\t<\/div><\/div>\n","protected":false},"excerpt":{"rendered":"<p>WordCampPontevedra 2022 Del 23-25 de Septiembre Facultad de Ciencias Sociais e da Comunicaci\u00f3n #PonteWordCamp La primera WordCamp de Galicia \u00a1vuelve! Nuestras vidas cambiaron estos \u00faltimos a\u00f1os, pero es hora de ver hacia el futuro, con esperanza, dejando el miedo atr\u00e1s y recuperar el tiempo perdido. Vuelve nuestra querida WordCamp de Pontevedra, una WordCamp gallega con [&hellip;]<\/p>\n","protected":false},"author":15205422,"featured_media":0,"parent":0,"menu_order":0,"comment_status":"closed","ping_status":"closed","template":"","meta":{"_crdt_document":"","advanced_seo_description":"","jetpack_seo_html_title":"","jetpack_seo_noindex":false,"jetpack_post_was_ever_published":false,"footnotes":""},"class_list":["post-2","page","type-page","status-publish","hentry"],"jetpack_sharing_enabled":true,"_links":{"self":[{"href":"https:\/\/pontevedra.wordcamp.org\/2022\/wp-json\/wp\/v2\/pages\/2","targetHints":{"allow":["GET"]}}],"collection":[{"href":"https:\/\/pontevedra.wordcamp.org\/2022\/wp-json\/wp\/v2\/pages"}],"about":[{"href":"https:\/\/pontevedra.wordcamp.org\/2022\/wp-json\/wp\/v2\/types\/page"}],"author":[{"embeddable":true,"href":"https:\/\/pontevedra.wordcamp.org\/2022\/wp-json\/wp\/v2\/users\/15205422"}],"replies":[{"embeddable":true,"href":"https:\/\/pontevedra.wordcamp.org\/2022\/wp-json\/wp\/v2\/comments?post=2"}],"version-history":[{"count":30,"href":"https:\/\/pontevedra.wordcamp.org\/2022\/wp-json\/wp\/v2\/pages\/2\/revisions"}],"predecessor-version":[{"id":1381,"href":"https:\/\/pontevedra.wordcamp.org\/2022\/wp-json\/wp\/v2\/pages\/2\/revisions\/1381"}],"wp:attachment":[{"href":"https:\/\/pontevedra.wordcamp.org\/2022\/wp-json\/wp\/v2\/media?parent=2"}],"curies":[{"name":"wp","href":"https:\/\/api.w.org\/{rel}","templated":true}]}}