{"id":465,"date":"2022-03-20T11:26:27","date_gmt":"2022-03-20T10:26:27","guid":{"rendered":"https:\/\/pontevedra.wordcamp.org\/2022\/?page_id=465"},"modified":"2022-07-15T08:57:43","modified_gmt":"2022-07-15T06:57:43","slug":"gl","status":"publish","type":"page","link":"https:\/\/pontevedra.wordcamp.org\/2022\/gl\/","title":{"rendered":"WordCamp Pontevedra 2022 GL"},"content":{"rendered":"\n<div class=\"wp-block-group alignfull has-custom-degradado-principal-gradient-background has-background is-layout-flow wp-block-group-is-layout-flow\" style=\"padding-top:0px;padding-right:0px;padding-bottom:0px;padding-left:0px\">\n<div class=\"wp-block-group alignfull ponte-background-cuadricula is-layout-flow wp-block-group-is-layout-flow\" style=\"padding-top:9rem;padding-bottom:5rem\">\n<div class=\"wp-block-group ponte-background-content-transparent has-background is-layout-constrained wp-container-core-group-is-layout-455bce3c wp-block-group-is-layout-constrained\" style=\"padding-top:2rem;padding-right:2rem;padding-bottom:2rem;padding-left:2rem\">\n<h1 class=\"ponte-title has-background-color has-text-color wp-block-heading\" style=\"font-style:normal;font-weight:700\">WordCamp<br>Pontevedra 2022<\/h1>\n\n\n\n<p class=\"has-background-color has-text-color wp-block-paragraph\" style=\"font-size:2rem;font-style:normal;font-weight:700\">Do 23 o 25 de Setembro<\/p>\n<\/div>\n\n\n\n<p class=\"ponte-notice-location\"><span class=\"dashicons dashicons-location\"><\/span> Facultade das Ciencias Sociais e da Comunicaci\u00f3n #PonteWordCamp<\/p>\n<\/div>\n<\/div>\n\n\n\n<div style=\"height:40px\" aria-hidden=\"true\" class=\"wp-block-spacer\"><\/div>\n\n\n\n<h2 class=\"has-text-align-center has-text-color wp-block-heading\" style=\"color:#126bad;font-style:normal;font-weight:700\">A primeira WordCamp de<br><mark style=\"color:#00ae9a\" class=\"has-inline-color\">Galicia,<\/mark> volve!<\/h2>\n\n\n\n<p class=\"wp-block-paragraph\">As nosas vidas cambiaron estes \u00faltimos anos, pero \u00e9 hora de mirar o <strong>futuro<\/strong>, con esperanza, deixando o <strong>medo<\/strong> atr\u00e1s e recuperar o tempo perdido.<\/p>\n\n\n\n<p class=\"wp-block-paragraph\">Volve a nosa querida <strong>WordCamp de Pontevedra<\/strong>, unha WordCamp galega con todo o q nos caracteriza:  Alegr\u00eda, polbo e estrelas! Volvamos a conectar nesta <strong>festa de WordPress <\/strong>do <strong>23 o 25 de setembro<\/strong>.<\/p>\n\n\n\n<div style=\"height:40px\" aria-hidden=\"true\" class=\"wp-block-spacer\"><\/div>\n\n\n\n<h2 class=\"has-text-align-center has-text-color wp-block-heading\" style=\"color:#126bad;font-style:normal;font-weight:700\">\u00daltimas <mark style=\"color:#00ae9a\" class=\"has-inline-color\">novas<\/mark><\/h2>\n\n\n\n<div class=\"wp-block-group alignwide is-layout-flow wp-block-group-is-layout-flow\">\n<div class=\"wp-block-query alignwide is-layout-constrained wp-block-query-is-layout-constrained\"><ul class=\"is-flex-container columns-3 alignwide wp-block-post-template is-layout-flow wp-block-post-template-is-layout-flow\"><li class=\"wp-block-post post-4763 post type-post status-publish format-standard has-post-thumbnail hentry category-galego\">\n\n<div class=\"wp-block-group is-layout-constrained wp-block-group-is-layout-constrained\"><figure style=\"margin-top:calc(1.75 * var(--wp--style--block-gap));\" class=\"alignwide wp-block-post-featured-image\"><a href=\"https:\/\/pontevedra.wordcamp.org\/2022\/a-vision-de-david-vina-da-pontewordcamp\/\" target=\"_self\"  ><img loading=\"lazy\" decoding=\"async\" width=\"799\" height=\"533\" src=\"https:\/\/pontevedra.wordcamp.org\/2022\/files\/2022\/09\/48786487043_4be4574a82_c.jpg\" class=\"attachment-post-thumbnail size-post-thumbnail wp-post-image\" alt=\"A visi\u00f3n de David Vi\u00f1a da PonteWordCamp\" style=\"object-fit:cover;\" srcset=\"https:\/\/pontevedra.wordcamp.org\/2022\/files\/2022\/09\/48786487043_4be4574a82_c.jpg 799w, https:\/\/pontevedra.wordcamp.org\/2022\/files\/2022\/09\/48786487043_4be4574a82_c-300x200.jpg 300w, https:\/\/pontevedra.wordcamp.org\/2022\/files\/2022\/09\/48786487043_4be4574a82_c-768x512.jpg 768w, https:\/\/pontevedra.wordcamp.org\/2022\/files\/2022\/09\/48786487043_4be4574a82_c-450x300.jpg 450w\" sizes=\"auto, (max-width: 799px) 100vw, 799px\" \/><\/a><\/figure>\n\n<h2 style=\"color:#126bad; font-size:2rem;font-style:normal;font-weight:700; margin-bottom:0.5rem;\" class=\"has-link-color alignwide wp-elements-1251c377c01dfbfca1dedc67f205234e wp-block-post-title has-text-color\"><a href=\"https:\/\/pontevedra.wordcamp.org\/2022\/a-vision-de-david-vina-da-pontewordcamp\/\" target=\"_self\" >A visi\u00f3n de David Vi\u00f1a da PonteWordCamp<\/a><\/h2>\n\n\n<div class=\"wp-block-columns alignwide is-layout-flex wp-container-core-columns-is-layout-f56f613f wp-block-columns-is-layout-flex\">\n<div class=\"wp-block-column is-layout-flow wp-block-column-is-layout-flow\" style=\"flex-basis:650px\"><div class=\"wp-block-post-excerpt\"><p class=\"wp-block-post-excerpt__excerpt\">A visi\u00f3n de David Vi\u00f1a da PonteWordCamp 2022 <\/p><\/div><\/div>\n\n\n\n<div class=\"wp-block-column has-background is-layout-flow wp-block-column-is-layout-flow\" style=\"background-color:#00ae9a\"><\/div>\n<\/div>\n<\/div>\n\n<\/li><li class=\"wp-block-post post-4482 post type-post status-publish format-standard has-post-thumbnail hentry category-galego tag-pontevedra tag-wordcamp\">\n\n<div class=\"wp-block-group is-layout-constrained wp-block-group-is-layout-constrained\"><figure style=\"margin-top:calc(1.75 * var(--wp--style--block-gap));\" class=\"alignwide wp-block-post-featured-image\"><a href=\"https:\/\/pontevedra.wordcamp.org\/2022\/e-a-hora-da-wordcamp-de-pontevedra\/\" target=\"_self\"  ><img loading=\"lazy\" decoding=\"async\" width=\"1200\" height=\"800\" src=\"https:\/\/pontevedra.wordcamp.org\/2022\/files\/2022\/09\/Utimo-Directo.jpg\" class=\"attachment-post-thumbnail size-post-thumbnail wp-post-image\" alt=\"\u00c9 a hora da WordCamp de Pontevedra\" style=\"object-fit:cover;\" srcset=\"https:\/\/pontevedra.wordcamp.org\/2022\/files\/2022\/09\/Utimo-Directo.jpg 1200w, https:\/\/pontevedra.wordcamp.org\/2022\/files\/2022\/09\/Utimo-Directo-300x200.jpg 300w, https:\/\/pontevedra.wordcamp.org\/2022\/files\/2022\/09\/Utimo-Directo-1024x683.jpg 1024w, https:\/\/pontevedra.wordcamp.org\/2022\/files\/2022\/09\/Utimo-Directo-768x512.jpg 768w, https:\/\/pontevedra.wordcamp.org\/2022\/files\/2022\/09\/Utimo-Directo-450x300.jpg 450w\" sizes=\"auto, (max-width: 1200px) 100vw, 1200px\" \/><\/a><\/figure>\n\n<h2 style=\"color:#126bad; font-size:2rem;font-style:normal;font-weight:700; margin-bottom:0.5rem;\" class=\"has-link-color alignwide wp-elements-1251c377c01dfbfca1dedc67f205234e wp-block-post-title has-text-color\"><a href=\"https:\/\/pontevedra.wordcamp.org\/2022\/e-a-hora-da-wordcamp-de-pontevedra\/\" target=\"_self\" >\u00c9 a hora da WordCamp de Pontevedra<\/a><\/h2>\n\n\n<div class=\"wp-block-columns alignwide is-layout-flex wp-container-core-columns-is-layout-f56f613f wp-block-columns-is-layout-flex\">\n<div class=\"wp-block-column is-layout-flow wp-block-column-is-layout-flow\" style=\"flex-basis:650px\"><div class=\"wp-block-post-excerpt\"><p class=\"wp-block-post-excerpt__excerpt\">Con esta emisi\u00f3n despedimos os nosos directos da PonteWordCamp e gran parte do equipo de organizaci\u00f3n contou en directo qu\u00e9 significou para eles este cami\u00f1o. <\/p><\/div><\/div>\n\n\n\n<div class=\"wp-block-column has-background is-layout-flow wp-block-column-is-layout-flow\" style=\"background-color:#00ae9a\"><\/div>\n<\/div>\n<\/div>\n\n<\/li><li class=\"wp-block-post post-4377 post type-post status-publish format-standard has-post-thumbnail hentry category-galego tag-pontevedra tag-vestimenta tag-wordcamp tag-wordpress\">\n\n<div class=\"wp-block-group is-layout-constrained wp-block-group-is-layout-constrained\"><figure style=\"margin-top:calc(1.75 * var(--wp--style--block-gap));\" class=\"alignwide wp-block-post-featured-image\"><a href=\"https:\/\/pontevedra.wordcamp.org\/2022\/camiseta-da-wordcamp-2022-e-a-bata-galega\/\" target=\"_self\"  ><img loading=\"lazy\" decoding=\"async\" width=\"1200\" height=\"800\" src=\"https:\/\/pontevedra.wordcamp.org\/2022\/files\/2022\/09\/Bata_gallega_IMG-1.jpg\" class=\"attachment-post-thumbnail size-post-thumbnail wp-post-image\" alt=\"Camiseta da WordCamp 2022 e a bata galega\" style=\"object-fit:cover;\" srcset=\"https:\/\/pontevedra.wordcamp.org\/2022\/files\/2022\/09\/Bata_gallega_IMG-1.jpg 1200w, https:\/\/pontevedra.wordcamp.org\/2022\/files\/2022\/09\/Bata_gallega_IMG-1-300x200.jpg 300w, https:\/\/pontevedra.wordcamp.org\/2022\/files\/2022\/09\/Bata_gallega_IMG-1-1024x683.jpg 1024w, https:\/\/pontevedra.wordcamp.org\/2022\/files\/2022\/09\/Bata_gallega_IMG-1-768x512.jpg 768w, https:\/\/pontevedra.wordcamp.org\/2022\/files\/2022\/09\/Bata_gallega_IMG-1-450x300.jpg 450w\" sizes=\"auto, (max-width: 1200px) 100vw, 1200px\" \/><\/a><\/figure>\n\n<h2 style=\"color:#126bad; font-size:2rem;font-style:normal;font-weight:700; margin-bottom:0.5rem;\" class=\"has-link-color alignwide wp-elements-1251c377c01dfbfca1dedc67f205234e wp-block-post-title has-text-color\"><a href=\"https:\/\/pontevedra.wordcamp.org\/2022\/camiseta-da-wordcamp-2022-e-a-bata-galega\/\" target=\"_self\" >Camiseta da WordCamp 2022 e a bata galega<\/a><\/h2>\n\n\n<div class=\"wp-block-columns alignwide is-layout-flex wp-container-core-columns-is-layout-f56f613f wp-block-columns-is-layout-flex\">\n<div class=\"wp-block-column is-layout-flow wp-block-column-is-layout-flow\" style=\"flex-basis:650px\"><div class=\"wp-block-post-excerpt\"><p class=\"wp-block-post-excerpt__excerpt\">Xa est\u00e1 todo en marcha para que un ano m\u00e1is poidas ter unha camiseta conmemorativa de nosa WordCamp. Igual de chulas ca outros anos, a\u00ednda que lles fixemos un pequeno cambio que agardamos que vos guste. Unha peza indispensable para os coleccionistas, e un recordo de todo o que vivir\u00e1s estes d\u00edas. Ademais, este a\u00f1o&hellip; <\/p><\/div><\/div>\n\n\n\n<div class=\"wp-block-column has-background is-layout-flow wp-block-column-is-layout-flow\" style=\"background-color:#00ae9a\"><\/div>\n<\/div>\n<\/div>\n\n<\/li><li class=\"wp-block-post post-4329 post type-post status-publish format-standard has-post-thumbnail hentry category-galego tag-arquitectura tag-pontevedra tag-wordcamp tag-wordpress\">\n\n<div class=\"wp-block-group is-layout-constrained wp-block-group-is-layout-constrained\"><figure style=\"margin-top:calc(1.75 * var(--wp--style--block-gap));\" class=\"alignwide wp-block-post-featured-image\"><a href=\"https:\/\/pontevedra.wordcamp.org\/2022\/que-ver-en-pontevedra-gl\/\" target=\"_self\"  ><img loading=\"lazy\" decoding=\"async\" width=\"1200\" height=\"800\" src=\"https:\/\/pontevedra.wordcamp.org\/2022\/files\/2022\/09\/Ver_pontevedra.jpg\" class=\"attachment-post-thumbnail size-post-thumbnail wp-post-image\" alt=\"Que ver en Pontevedra?\" style=\"object-fit:cover;\" srcset=\"https:\/\/pontevedra.wordcamp.org\/2022\/files\/2022\/09\/Ver_pontevedra.jpg 1200w, https:\/\/pontevedra.wordcamp.org\/2022\/files\/2022\/09\/Ver_pontevedra-300x200.jpg 300w, https:\/\/pontevedra.wordcamp.org\/2022\/files\/2022\/09\/Ver_pontevedra-1024x683.jpg 1024w, https:\/\/pontevedra.wordcamp.org\/2022\/files\/2022\/09\/Ver_pontevedra-768x512.jpg 768w, https:\/\/pontevedra.wordcamp.org\/2022\/files\/2022\/09\/Ver_pontevedra-450x300.jpg 450w\" sizes=\"auto, (max-width: 1200px) 100vw, 1200px\" \/><\/a><\/figure>\n\n<h2 style=\"color:#126bad; font-size:2rem;font-style:normal;font-weight:700; margin-bottom:0.5rem;\" class=\"has-link-color alignwide wp-elements-1251c377c01dfbfca1dedc67f205234e wp-block-post-title has-text-color\"><a href=\"https:\/\/pontevedra.wordcamp.org\/2022\/que-ver-en-pontevedra-gl\/\" target=\"_self\" >Que ver en Pontevedra?<\/a><\/h2>\n\n\n<div class=\"wp-block-columns alignwide is-layout-flex wp-container-core-columns-is-layout-f56f613f wp-block-columns-is-layout-flex\">\n<div class=\"wp-block-column is-layout-flow wp-block-column-is-layout-flow\" style=\"flex-basis:650px\"><div class=\"wp-block-post-excerpt\"><p class=\"wp-block-post-excerpt__excerpt\">Se v\u00e9s \u00e1 WordCamp de Pontevedra con certo tempo, propo\u00f1\u00e9mosche un percorrido polos tesouros e pequenos detalles da cidade de Pontevedra <\/p><\/div><\/div>\n\n\n\n<div class=\"wp-block-column has-background is-layout-flow wp-block-column-is-layout-flow\" style=\"background-color:#00ae9a\"><\/div>\n<\/div>\n<\/div>\n\n<\/li><li class=\"wp-block-post post-4247 post type-post status-publish format-standard has-post-thumbnail hentry category-galego tag-pontevedra tag-programa tag-wordcamp tag-wordpress\">\n\n<div class=\"wp-block-group is-layout-constrained wp-block-group-is-layout-constrained\"><figure style=\"margin-top:calc(1.75 * var(--wp--style--block-gap));\" class=\"alignwide wp-block-post-featured-image\"><a href=\"https:\/\/pontevedra.wordcamp.org\/2022\/aprender-axudar-boa-comida-diversion-o-plan-da-pontewordcamp\/\" target=\"_self\"  ><img loading=\"lazy\" decoding=\"async\" width=\"1200\" height=\"800\" src=\"https:\/\/pontevedra.wordcamp.org\/2022\/files\/2022\/09\/Plan_WordCamp_IMG.jpg\" class=\"attachment-post-thumbnail size-post-thumbnail wp-post-image\" alt=\"Aprender, axudar, boa comida, diversi\u00f3n\u2026 o plan da PonteWordCamp\" style=\"object-fit:cover;\" srcset=\"https:\/\/pontevedra.wordcamp.org\/2022\/files\/2022\/09\/Plan_WordCamp_IMG.jpg 1200w, https:\/\/pontevedra.wordcamp.org\/2022\/files\/2022\/09\/Plan_WordCamp_IMG-300x200.jpg 300w, https:\/\/pontevedra.wordcamp.org\/2022\/files\/2022\/09\/Plan_WordCamp_IMG-1024x683.jpg 1024w, https:\/\/pontevedra.wordcamp.org\/2022\/files\/2022\/09\/Plan_WordCamp_IMG-768x512.jpg 768w, https:\/\/pontevedra.wordcamp.org\/2022\/files\/2022\/09\/Plan_WordCamp_IMG-450x300.jpg 450w\" sizes=\"auto, (max-width: 1200px) 100vw, 1200px\" \/><\/a><\/figure>\n\n<h2 style=\"color:#126bad; font-size:2rem;font-style:normal;font-weight:700; margin-bottom:0.5rem;\" class=\"has-link-color alignwide wp-elements-1251c377c01dfbfca1dedc67f205234e wp-block-post-title has-text-color\"><a href=\"https:\/\/pontevedra.wordcamp.org\/2022\/aprender-axudar-boa-comida-diversion-o-plan-da-pontewordcamp\/\" target=\"_self\" >Aprender, axudar, boa comida, diversi\u00f3n\u2026 o plan da PonteWordCamp<\/a><\/h2>\n\n\n<div class=\"wp-block-columns alignwide is-layout-flex wp-container-core-columns-is-layout-f56f613f wp-block-columns-is-layout-flex\">\n<div class=\"wp-block-column is-layout-flow wp-block-column-is-layout-flow\" style=\"flex-basis:650px\"><div class=\"wp-block-post-excerpt\"><p class=\"wp-block-post-excerpt__excerpt\">Explicaci\u00f3n e suxesti\u00f3ns para organizarvos e planear c\u00f3mo vades aproveitar o voso tempo durante a WordCamp Pontevedra. <\/p><\/div><\/div>\n\n\n\n<div class=\"wp-block-column has-background is-layout-flow wp-block-column-is-layout-flow\" style=\"background-color:#00ae9a\"><\/div>\n<\/div>\n<\/div>\n\n<\/li><li class=\"wp-block-post post-1666 post type-post status-publish format-standard has-post-thumbnail hentry category-galego tag-contributorday tag-pontevedra tag-wordcamp tag-wordpress\">\n\n<div class=\"wp-block-group is-layout-constrained wp-block-group-is-layout-constrained\"><figure style=\"margin-top:calc(1.75 * var(--wp--style--block-gap));\" class=\"alignwide wp-block-post-featured-image\"><a href=\"https:\/\/pontevedra.wordcamp.org\/2022\/lembraste\/\" target=\"_self\"  ><img loading=\"lazy\" decoding=\"async\" width=\"1200\" height=\"800\" src=\"https:\/\/pontevedra.wordcamp.org\/2022\/files\/2022\/07\/Contributor_IMG.jpg\" class=\"attachment-post-thumbnail size-post-thumbnail wp-post-image\" alt=\"L\u00e9mbraste?\" style=\"object-fit:cover;\" srcset=\"https:\/\/pontevedra.wordcamp.org\/2022\/files\/2022\/07\/Contributor_IMG.jpg 1200w, https:\/\/pontevedra.wordcamp.org\/2022\/files\/2022\/07\/Contributor_IMG-300x200.jpg 300w, https:\/\/pontevedra.wordcamp.org\/2022\/files\/2022\/07\/Contributor_IMG-1024x683.jpg 1024w, https:\/\/pontevedra.wordcamp.org\/2022\/files\/2022\/07\/Contributor_IMG-768x512.jpg 768w, https:\/\/pontevedra.wordcamp.org\/2022\/files\/2022\/07\/Contributor_IMG-450x300.jpg 450w\" sizes=\"auto, (max-width: 1200px) 100vw, 1200px\" \/><\/a><\/figure>\n\n<h2 style=\"color:#126bad; font-size:2rem;font-style:normal;font-weight:700; margin-bottom:0.5rem;\" class=\"has-link-color alignwide wp-elements-1251c377c01dfbfca1dedc67f205234e wp-block-post-title has-text-color\"><a href=\"https:\/\/pontevedra.wordcamp.org\/2022\/lembraste\/\" target=\"_self\" >L\u00e9mbraste?<\/a><\/h2>\n\n\n<div class=\"wp-block-columns alignwide is-layout-flex wp-container-core-columns-is-layout-f56f613f wp-block-columns-is-layout-flex\">\n<div class=\"wp-block-column is-layout-flow wp-block-column-is-layout-flow\" style=\"flex-basis:650px\"><div class=\"wp-block-post-excerpt\"><p class=\"wp-block-post-excerpt__excerpt\">A t\u00faa asistencia \u00f3 Contributor day sup\u00f3n unha grande aportaci\u00f3n para a comunidade, non deixes de asistir o domingo 25 de setembro na WordCamp Pontevedra. <\/p><\/div><\/div>\n\n\n\n<div class=\"wp-block-column has-background is-layout-flow wp-block-column-is-layout-flow\" style=\"background-color:#00ae9a\"><\/div>\n<\/div>\n<\/div>\n\n<\/li><\/ul><\/div>\n<\/div>\n\n\n\n<div class=\"wp-block-buttons is-content-justification-center is-layout-flex wp-container-core-buttons-is-layout-20959078 wp-block-buttons-is-layout-flex\">\n<div class=\"wp-block-button is-style-fill\"><a class=\"wp-block-button__link has-background wp-element-button\" href=\"https:\/\/pontevedra.wordcamp.org\/2022\/blog-gl\/\" style=\"background-color:#00ae9a;padding-top:0.5rem;padding-bottom:0.5rem\">T\u00f3dalas novas<\/a><\/div>\n<\/div>\n\n\n\n<div style=\"height:100px\" aria-hidden=\"true\" class=\"wp-block-spacer\"><\/div>\n\n\n\n<div class=\"wp-block-group alignfull ponte-background-grey ponte-suscription has-cyan-bluish-gray-background-color has-background is-layout-flow wp-block-group-is-layout-flow\" style=\"padding-top:7rem;padding-bottom:7rem\">\n<p class=\"has-text-align-center wp-block-paragraph\">Suscr\u00edbete por correo electr\u00f3nico para estar o tanto de t\u00f3dalas novas<\/p>\n\n\n<div class=\"wp-block-jetpack-subscriptions__supports-newline wp-block-jetpack-subscriptions\">\n\t\t<div>\n\t\t\t<div>\n\t\t\t\t<div>\n\t\t\t\t\t<p >\n\t\t\t\t\t\t<a href=\"https:\/\/pontevedra.wordcamp.org\/2022\/?post_type=page&#038;p=465\" style=\"background: #126bad;font-size: 16px;padding: 15px 23px 15px 23px;margin: 0; margin-left: 10px;border-radius: 0px;border-width: 1px;border-color: #126bad; border-style: solid; text-decoration: none; white-space: nowrap; margin-left: 0\">Suscr\u00edbete<\/a>\n\t\t\t\t\t<\/p>\n\t\t\t\t<\/div>\n\t\t\t<\/div>\n\t\t<\/div>\n\t<\/div><\/div>\n","protected":false},"excerpt":{"rendered":"<p>WordCampPontevedra 2022 Do 23 o 25 de Setembro Facultade das Ciencias Sociais e da Comunicaci\u00f3n #PonteWordCamp A primeira WordCamp deGalicia, volve! As nosas vidas cambiaron estes \u00faltimos anos, pero \u00e9 hora de mirar o futuro, con esperanza, deixando o medo atr\u00e1s e recuperar o tempo perdido. Volve a nosa querida WordCamp de Pontevedra, unha WordCamp [&hellip;]<\/p>\n","protected":false},"author":16799049,"featured_media":0,"parent":0,"menu_order":0,"comment_status":"closed","ping_status":"closed","template":"page-no-separators","meta":{"_crdt_document":"","advanced_seo_description":"","jetpack_seo_html_title":"","jetpack_seo_noindex":false,"jetpack_post_was_ever_published":false,"footnotes":""},"class_list":["post-465","page","type-page","status-publish","hentry"],"jetpack_sharing_enabled":true,"_links":{"self":[{"href":"https:\/\/pontevedra.wordcamp.org\/2022\/wp-json\/wp\/v2\/pages\/465","targetHints":{"allow":["GET"]}}],"collection":[{"href":"https:\/\/pontevedra.wordcamp.org\/2022\/wp-json\/wp\/v2\/pages"}],"about":[{"href":"https:\/\/pontevedra.wordcamp.org\/2022\/wp-json\/wp\/v2\/types\/page"}],"author":[{"embeddable":true,"href":"https:\/\/pontevedra.wordcamp.org\/2022\/wp-json\/wp\/v2\/users\/16799049"}],"replies":[{"embeddable":true,"href":"https:\/\/pontevedra.wordcamp.org\/2022\/wp-json\/wp\/v2\/comments?post=465"}],"version-history":[{"count":18,"href":"https:\/\/pontevedra.wordcamp.org\/2022\/wp-json\/wp\/v2\/pages\/465\/revisions"}],"predecessor-version":[{"id":1712,"href":"https:\/\/pontevedra.wordcamp.org\/2022\/wp-json\/wp\/v2\/pages\/465\/revisions\/1712"}],"wp:attachment":[{"href":"https:\/\/pontevedra.wordcamp.org\/2022\/wp-json\/wp\/v2\/media?parent=465"}],"curies":[{"name":"wp","href":"https:\/\/api.w.org\/{rel}","templated":true}]}}