{"id":1323,"date":"2023-09-13T02:05:24","date_gmt":"2023-09-13T00:05:24","guid":{"rendered":"https:\/\/pontevedra.wordcamp.org\/2023\/?page_id=1323"},"modified":"2023-09-13T02:06:41","modified_gmt":"2023-09-13T00:06:41","slug":"aloxamento","status":"publish","type":"page","link":"https:\/\/pontevedra.wordcamp.org\/2023\/gl\/aloxamento\/","title":{"rendered":"Aloxamento"},"content":{"rendered":"\n<p>Pontevedra \u00e9 unha <strong>cidade peatonalizada<\/strong>. Chegar dende o centro da cidade ata a Universidade <a href=\"https:\/\/pontevedra.wordcamp.org\/2023\/ubicacion\/\" data-type=\"page\" data-id=\"11\">onde se celebra a WordCamp<\/a> \u00e9 un paseo de 10 minutos cami\u00f1ando. S\u00f3 tes que cruzar o r\u00edo. No mapa: <\/p>\n\n\n\n<div class=\"googlemaps\">\n\t\t\t\t<iframe loading=\"lazy\" width=\"600\" height=\"450\" frameborder=\"0\" scrolling=\"no\" marginheight=\"0\" marginwidth=\"0\"  src=\"https:\/\/www.google.com\/maps\/embed?pb=!1m18!1m12!1m3!1d11779.04843405111!2d-8.644341875702585!3d42.432798291562996!2m3!1f0!2f0!3f0!3m2!1i1024!2i768!4f13.1!3m3!1m2!1s0xd2f71955ad165e7:0x78520295ce332cff!2sCampus%20Universitario%20de%20Pontevedra!5e0!3m2!1ses!2ses!4v1689933477481!5m2!1ses!2ses\"><\/iframe>\n\t\t\t<\/div>\n\n\n\n<div style=\"height:30px\" aria-hidden=\"true\" class=\"wp-block-spacer\"><\/div>\n\n\n\n<h2 class=\"wp-block-heading\">Hoteis, hostais, albergues<\/h2>\n\n\n\n<p>Pontevedra ten unha\u00a0<strong>oferta de aloxamento variada e adaptada a todos os prezos<\/strong>. <\/p>\n\n\n\n<p>Dende\u00a0<strong>albergues\u00a0<\/strong>e\u00a0<strong>hostais<\/strong>, frecuentados por peregrinos que seguen o Cami\u00f1o de Santiago, a\u00a0<strong>hoteis<\/strong>\u00a0c\u00e9ntricos, ou incluso o\u00a0<strong>parador<\/strong>\u00a0da cidade. Polo que podes elixir o que mellor se adapte os teus gustos, necesidades ou presuposto.<\/p>\n\n\n\n<p>Por iso, podes buscar aloxamento en calquera zona, ou no <strong>casco vello<\/strong>, e desprazarte comodamente a pe ata o\u00a0lugar no que se celebran\u00a0as actividades. <\/p>\n\n\n\n<p>Mentres paseas polas s\u00faas r\u00faas desfrutando de todo o que ten que ofrecer a capital das R\u00edas Baixas.<\/p>\n\n\n\n<p>\ud83d\udccd Aqu\u00ed vos deixamos\u00a0<a href=\"https:\/\/www.google.es\/search?num=100&amp;safe=off&amp;rlz=1C5CHFA_enES787ES787&amp;q=hoteles+en+pontevedra+maps&amp;npsic=0&amp;rflfq=1&amp;rldoc=1&amp;rlha=1&amp;rlla=0&amp;rlhsc=CiAI5dP-uJHV0YMYCMyam-GcttCijQEI-NT9lsmnj4abATAC&amp;rllag=42430694,-8645256,512&amp;tbm=lcl&amp;sa=X&amp;ved=2ahUKEwjl-5Oq9-TcAhUBQhoKHZeDCfoQtgN6BAgCEAQ&amp;biw=2160&amp;bih=982#rlfi=hd:2019-09-20,2019-09-23;si:;mv:!1m2!1d42.437335899013306!2d-8.618971839679602!2m2!1d42.42076914837452!2d-8.661930099262122!4m2!1d42.42905307100563!2d-8.640450969470862!5i15\"><strong>un mapa<\/strong><\/a><strong>\u00a0no que visualizar hoteis e distancias, ou a s\u00faa localizaci\u00f3n.<\/strong><\/p>\n\n\n\n<div style=\"height:30px\" aria-hidden=\"true\" class=\"wp-block-spacer\"><\/div>\n\n\n\n<h2 class=\"wp-block-heading\">Onde caben 2 caben\u2026<\/h2>\n\n\n\n<p>Se ves en familia ou co\u00f1eces a m\u00e1s participantes da WordCamp cos que queiras compartir gastos e espazo. <\/p>\n\n\n\n<p>A opci\u00f3n de hotel igual non \u00e9 a m\u00e1is id\u00f3nea. Polo que podedes probar cos pisos e demais aloxamentos ofertados a trav\u00e9s de plataformas como\u00a0<a href=\"https:\/\/www.airbnb.es\/s\/Pontevedra--Galicia\/homes?refinement_paths%5B%5D=%2Fhomes%C2%A4t_tab_id=home_tab&amp;selected_tab_id=home_tab&amp;toddlers=0&amp;source=mc_search_bar&amp;search_type=unknown&amp;screen_size=large&amp;ne_lat=42.441154385044555&amp;ne_lng=-8.624649809265179&amp;sw_lat=42.41182085063351&amp;sw_lng=-8.6655910476685&amp;zoom=14&amp;search_by_map=true&amp;checkin=2019-09-20&amp;checkout=2019-09-23&amp;adults=4\"><strong>Airbnb<\/strong><\/a>.<\/p>\n\n\n\n<p>E se tes d\u00fabidas, podes <a href=\"https:\/\/pontevedra.wordcamp.org\/2023\/gl\/contacto\/\" data-type=\"page\" data-id=\"607\">contactar<\/a> co equipo. Estaremos encantados de axudarte. <\/p>\n","protected":false},"excerpt":{"rendered":"<p>Pontevedra \u00e9 unha cidade peatonalizada. Chegar dende o centro da cidade ata a Universidade onde se celebra a WordCamp \u00e9 un paseo de 10 minutos cami\u00f1ando. S\u00f3 tes que cruzar o r\u00edo. No mapa: Hoteis, hostais, albergues Pontevedra ten unha\u00a0oferta de aloxamento variada e adaptada a todos os prezos. Dende\u00a0albergues\u00a0e\u00a0hostais, frecuentados por peregrinos que seguen [&hellip;]<\/p>\n","protected":false},"author":15018745,"featured_media":1313,"parent":532,"menu_order":0,"comment_status":"closed","ping_status":"closed","template":"wp-custom-template-paxina-gl","meta":{"jetpack_post_was_ever_published":false,"footnotes":""},"class_list":["post-1323","page","type-page","status-publish","has-post-thumbnail","hentry"],"jetpack_sharing_enabled":true,"_links":{"self":[{"href":"https:\/\/pontevedra.wordcamp.org\/2023\/wp-json\/wp\/v2\/pages\/1323","targetHints":{"allow":["GET"]}}],"collection":[{"href":"https:\/\/pontevedra.wordcamp.org\/2023\/wp-json\/wp\/v2\/pages"}],"about":[{"href":"https:\/\/pontevedra.wordcamp.org\/2023\/wp-json\/wp\/v2\/types\/page"}],"author":[{"embeddable":true,"href":"https:\/\/pontevedra.wordcamp.org\/2023\/wp-json\/wp\/v2\/users\/15018745"}],"replies":[{"embeddable":true,"href":"https:\/\/pontevedra.wordcamp.org\/2023\/wp-json\/wp\/v2\/comments?post=1323"}],"version-history":[{"count":4,"href":"https:\/\/pontevedra.wordcamp.org\/2023\/wp-json\/wp\/v2\/pages\/1323\/revisions"}],"predecessor-version":[{"id":1328,"href":"https:\/\/pontevedra.wordcamp.org\/2023\/wp-json\/wp\/v2\/pages\/1323\/revisions\/1328"}],"up":[{"embeddable":true,"href":"https:\/\/pontevedra.wordcamp.org\/2023\/wp-json\/wp\/v2\/pages\/532"}],"wp:featuredmedia":[{"embeddable":true,"href":"https:\/\/pontevedra.wordcamp.org\/2023\/wp-json\/wp\/v2\/media\/1313"}],"wp:attachment":[{"href":"https:\/\/pontevedra.wordcamp.org\/2023\/wp-json\/wp\/v2\/media?parent=1323"}],"curies":[{"name":"wp","href":"https:\/\/api.w.org\/{rel}","templated":true}]}}