{"id":21,"date":"2023-01-13T08:02:48","date_gmt":"2023-01-13T07:02:48","guid":{"rendered":"https:\/\/pontevedra.wordcamp.org\/2023\/code-of-conduct\/"},"modified":"2023-09-13T02:12:09","modified_gmt":"2023-09-13T00:12:09","slug":"codigo-de-conducta","status":"publish","type":"page","link":"https:\/\/pontevedra.wordcamp.org\/2023\/codigo-de-conducta\/","title":{"rendered":"C\u00f3digo de conducta"},"content":{"rendered":"\n<h2 class=\"wp-block-heading\">1. Prop\u00f3sito<\/h2>\n\n\n\n<p><strong>WordCamp Pontevedra&nbsp;<\/strong>considera esencial, que nuestra&nbsp;<strong>comunidad<\/strong>&nbsp;deber\u00eda estar realmente&nbsp;<strong>abierta<\/strong>&nbsp;a todo el mundo. Como tal, estamos comprometidos a proporcionar un&nbsp;<strong>ambiente amigable, seguro y acogedor para todos<\/strong>&nbsp;independientemente de su g\u00e9nero, orientaci\u00f3n sexual, discapacidad, etnia, religi\u00f3n, sistema operativo preferido, lenguaje de programaci\u00f3n o editor de texto.<\/p>\n\n\n\n<p>Este c\u00f3digo de conducta resume nuestras expectativas para el comportamiento de los participantes, as\u00ed como las consecuencias para el comportamiento inaceptable.<\/p>\n\n\n\n<p>Instamos a todos los patrocinadores, voluntarios, ponentes, asistentes y otros participantes a que nos ayuden a hacer realidad una experiencia de evento segura y positiva para todos y todas.<\/p>\n\n\n\n<h2 class=\"wp-block-heading\">2. Ciudadan\u00eda&nbsp;<em>Open Source<\/em><\/h2>\n\n\n\n<p>Un objetivo adicional de este c\u00f3digo de conducta es&nbsp;<strong>incrementar la ciudadan\u00eda de c\u00f3digo abierto<\/strong>&nbsp;alentando a los participantes a reconocer y fortalecer las relaciones entre lo que hacemos y&nbsp;<strong>la comunidad<\/strong>&nbsp;en general.<\/p>\n\n\n\n<p>En el servicio de este objetivo, los organizadores de la&nbsp;<strong>WordCamp Pontevedra<\/strong>&nbsp;recoger\u00e1n candidaturas de ciudadanos ejemplares durante el evento y le dar\u00e1n reconocimiento en el sitio web despu\u00e9s de la conferencia.<\/p>\n\n\n\n<p>Si ves a alguien que est\u00e1 haciendo un esfuerzo extra para asegurar que nuestra comunidad resulte acogedora y amigable y que anima a todos los participantes a contribuir en la mayor medida posible lo queremos saber. Puedes nominar a alguien en la mesa de registro o dici\u00e9ndoselo al equipo organizador.<\/p>\n\n\n\n<h2 class=\"wp-block-heading\">3. Comportamiento esperado<\/h2>\n\n\n\n<ul class=\"wp-block-list\">\n<li>S\u00e9 una persona considerada, respetuosa y colaborativa.<\/li>\n\n\n\n<li>Abstente de comportamientos y discursos degradantes, discriminatorios o de acoso.<\/li>\n\n\n\n<li>S\u00e9 consciente del entorno y de tus compa\u00f1eros participantes. Alerta a los organizadores de la conferencia si observas una situaci\u00f3n peligrosa o a alguien en apuros.<\/li>\n\n\n\n<li>Participa de una manera aut\u00e9ntica y activa. De este modo, est\u00e1s ayudando a crear la&nbsp;<strong>WordCamp Pontevedra<\/strong>&nbsp;y a hacerla propia.<\/li>\n<\/ul>\n\n\n\n<h2 class=\"wp-block-heading\">4. Comportamiento inaceptable<\/h2>\n\n\n\n<p>Como comportamientos inaceptables se incluyen: una conducta intimidatoria, acosadora, abusiva, discriminatoria, despectiva o degradante por parte de cualquier asistente de la&nbsp;<strong>WordCamp Pontevedra<\/strong>&nbsp;y eventos relacionados. Todos los lugares de la&nbsp;<strong>WordCamp Pontevedra<\/strong>&nbsp;pueden ser compartidos con otros miembros de la sociedad; por favor, s\u00e9 respetuoso con todos los usuarios de estos sitios.<\/p>\n\n\n\n<p>El acoso incluye: comentarios verbales ofensivos relacionados con el g\u00e9nero, la orientaci\u00f3n sexual, la raza, la religi\u00f3n, la discapacidad; uso inadecuado de desnudez y\/o im\u00e1genes sexuales en espacios p\u00fablicos (incluyendo diapositivas de la presentaci\u00f3n); intimidaci\u00f3n deliberada, acecho o seguimiento; acoso con fotograf\u00eda o grabaci\u00f3n; interrupci\u00f3n sostenida de charlas y otros eventos; contacto f\u00edsico inapropiado y atenci\u00f3n sexual no deseada.<\/p>\n\n\n\n<h2 class=\"wp-block-heading\">5. Consecuencias de un comportamento inaceptable<\/h2>\n\n\n\n<p>El comportamiento inaceptable no ser\u00e1 tolerado, ya sea por parte de otros asistentes, organizadores, personal del local, patrocinadores u otros usuarios de los locales de la&nbsp;<strong>WordCamp Pontevedra<\/strong>.<\/p>\n\n\n\n<p>Se espera que cualquiera cumpla inmediatamente en caso de que se le pida que cese un comportamiento inaceptable.<\/p>\n\n\n\n<p>Si un participante se involucra en un comportamiento inaceptable, los organizadores de la conferencia pueden tomar cualquier acci\u00f3n que consideren apropiada, hasta e incluso la expulsi\u00f3n de la conferencia sin previo aviso o reembolso.<\/p>\n\n\n\n<h2 class=\"wp-block-heading\">6. \u00bfQu\u00e9 hacer si eres testigo u objeto de un comportamiento inaceptable?<\/h2>\n\n\n\n<p>Si eres objeto de un comportamiento inaceptable, eres testigo de que otra persona est\u00e1 siendo objeto de comportamiento inaceptable o tienes otras preocupaciones, por favor notificarlo a un organizador de la conferencia tan pronto como sea posible.<\/p>\n\n\n\n<p>El equipo de&nbsp;<strong>WordCamp Pontevedra<\/strong>&nbsp;estar\u00e1 disponible para ayudar a los participantes a contactar con la seguridad del local o las fuerzas locales de seguridad para ofrecer acompa\u00f1amiento o ayudar a aquellos que sufran un comportamiento inaceptable para que se sientan seguros mientras dure la conferencia.<\/p>\n\n\n\n<p>Las personas voluntarias vestir\u00e1n con un color o prenda diferente. Cualquier voluntario \/a puede ponerte en contacto con un organizador de la conferencia. Tambi\u00e9n puedes acercarte a la mesa especial de inscripci\u00f3n en la planta baja y preguntar por los organizadores.<\/p>\n\n\n\n<h2 class=\"wp-block-heading\">7. \u00c1mbito de aplicaci\u00f3n<\/h2>\n\n\n\n<p>Esperamos que todos los participantes de la conferencia (patrocinadores, voluntarios, ponentes, asistentes y otros invitados) cumplan con este&nbsp;<strong>c\u00f3digo de conducta<\/strong>&nbsp;en todas las salas de conferencia y eventos sociales relacionados con la conferencia.<\/p>\n\n\n\n<h2 class=\"wp-block-heading\">8. Informaci\u00f3n de contacto<\/h2>\n\n\n\n<p>Si te ves en la necesidad de contactar con nosotros,&nbsp;<a href=\"https:\/\/pontevedra.wordcamp.org\/2022\/contacto\/\">en la p\u00e1gina de contacto<\/a>&nbsp;tienes un formulario para hacerlo.<\/p>\n\n\n\n<h2 class=\"wp-block-heading\">9. Licencia y atribuci\u00f3n<\/h2>\n\n\n\n<p>Este C\u00f3digo de Conducta es una copia directa del impresionante trabajo de la&nbsp;<strong>Open Source Bridge<\/strong>, pero reemplazando la informaci\u00f3n con la de nuestro evento.<\/p>\n\n\n\n<p>El original, publicado en http:\/\/opensourcebridge.org\/about\/code-of-conduct\/, ya no est\u00e1 disponible, pero puede verse&nbsp;<a href=\"https:\/\/web.archive.org\/web\/20191024152904\/opensourcebridge.org\/about\/code-of-conduct\/\">en esta imagen de archivo<\/a>, y fue liberado bajo una licencia de&nbsp;<strong><a href=\"https:\/\/creativecommons.org\/licenses\/by-sa\/3.0\/deed.es\" target=\"_blank\" rel=\"noreferrer noopener\">Creative Commons Attribution-ShareAlike<\/a><\/strong>.<\/p>\n\n\n\n<div style=\"height:100px\" aria-hidden=\"true\" class=\"wp-block-spacer\"><\/div>\n\n\n\n<h2 class=\"wp-block-heading\" id=\"galego\">1. Prop\u00f3sito<\/h2>\n\n\n\n<p><strong>WordCamp Pontevedra<\/strong>&nbsp;considera esencial, que a nosa&nbsp;<strong>comunidade<\/strong>&nbsp;deber\u00eda estar realmente&nbsp;<strong>aberta<\/strong>&nbsp;a todo o mundo. Como tal, estamos comprometidos a proporcionar un&nbsp;<strong>ambiente amigable, seguro e acolledor para todos<\/strong>&nbsp;independentemente do seu x\u00e9nero, orientaci\u00f3n sexual, discapacidade, etnia, relixi\u00f3n, sistema operativo preferido, linguaxe de programaci\u00f3n ou editor de texto.<\/p>\n\n\n\n<p>Este c\u00f3digo de conduta resume as nosas expectativas para o comportamento dos participantes, as\u00ed como as consecuencias para o comportamento inaceptable.<\/p>\n\n\n\n<p>Instamos a todos os patrocinadores, voluntarios, relatores, asistentes e outros participantes a que nos axuden a facer realidade unha experiencia de evento segura e positiva para todos e todas.<\/p>\n\n\n\n<h2 class=\"wp-block-heading\">2. Cidadan\u00eda&nbsp;<em>Open Source<\/em><\/h2>\n\n\n\n<p>Un obxectivo adicional deste c\u00f3digo de conduta \u00e9&nbsp;<strong>incrementar a cidadan\u00eda de c\u00f3digo aberto<\/strong>&nbsp;alentando aos participantes para reco\u00f1ecer e fortalecer as relaci\u00f3ns entre o que facemos e&nbsp;<strong>a comunidade<\/strong>&nbsp;en xeral.<\/p>\n\n\n\n<p>No servizo deste obxectivo, os organizadores da&nbsp;<strong>WordCamp Pontevedra<\/strong>&nbsp;recoller\u00e1n candidaturas de cidad\u00e1ns exemplares durante o evento e daranlle reco\u00f1ecemento no sitio web despois da conferencia.<\/p>\n\n\n\n<p>Se ves a algu\u00e9n que est\u00e1 a facer un esforzo extra para asegurar que a nosa comunidade resulte acolledora e amigable e que anima a todos os participantes a contribu\u00edr na maior medida posible quer\u00e9molo saber. Podes nomear a algu\u00e9n na mesa de rexistro ou dic\u00edndollo ao equipo organizador.<\/p>\n\n\n\n<h2 class=\"wp-block-heading\">3. Comportamento esperado<\/h2>\n\n\n\n<ul class=\"wp-block-list\">\n<li>Se unha persoa considerada, respectuosa e colaborativa.<\/li>\n\n\n\n<li>Abstente de comportamentos e discursos degradantes, discriminatorios ou de acoso.<\/li>\n\n\n\n<li>Se consciente da contorna e dos teus compa\u00f1eiros participantes. Alerta aos organizadores da conferencia se observas unha situaci\u00f3n perigosa ou a algu\u00e9n en apertos.<\/li>\n\n\n\n<li>Participa dunha maneira aut\u00e9ntica e activa. Deste xeito, est\u00e1s a axudar a crear a&nbsp;<strong>WordCamp Pontevedra<\/strong>&nbsp;e a facela propia.<\/li>\n<\/ul>\n\n\n\n<h2 class=\"wp-block-heading\">4. Comportamento inaceptable<\/h2>\n\n\n\n<p>Como comportamentos inaceptables incl\u00faense: unha conduta intimidatoria, acosadora, abusiva, discriminatoria, despectiva ou degradante por parte de calquera asistente da&nbsp;<strong>WordCamp Pontevedra<\/strong>&nbsp;e eventos relacionados. Todos os lugares da&nbsp;<strong>WordCamp Pontevedra<\/strong>&nbsp;poden ser compartidos con outros membros da sociedade; por favor, se respectuoso con todos os usuarios destes sitios.<\/p>\n\n\n\n<p>O acoso incl\u00fae: comentarios verbais ofensivos relacionados co x\u00e9nero, a orientaci\u00f3n sexual, a raza, a relixi\u00f3n, a discapacidade; uso inadecuado de nudez e\/ou imaxes sexuais en espazos p\u00fablicos (inclu\u00edndo diapositivas da presentaci\u00f3n); intimidaci\u00f3n deliberada, espreita ou seguimento; acoso con fotograf\u00eda ou gravaci\u00f3n; interrupci\u00f3n sostida de charlas e outros eventos; contacto f\u00edsico inapropiado e atenci\u00f3n sexual non desexada.<\/p>\n\n\n\n<h2 class=\"wp-block-heading\">5. Consecuencias dun comportamento inaceptable<\/h2>\n\n\n\n<p>O comportamento inaceptable non ser\u00e1 tolerado, xa sexa por parte doutros asistentes, organizadores, persoal do local, patrocinadores ou outros usuarios dos locais da&nbsp;<strong>WordCamp Pontevedra<\/strong>.<\/p>\n\n\n\n<p>Esp\u00e9rase que calquera cumpra inmediatamente no caso de que se lle pida que cese un comportamento inaceptable.<\/p>\n\n\n\n<p>Se un participante invol\u00facrase nun comportamento inaceptable, os organizadores da conferencia poden tomar calquera acci\u00f3n que consideren apropiada, ata e mesmo a expulsi\u00f3n da conferencia sen aviso previo\/previo aviso ou reembolso.<\/p>\n\n\n\n<h2 class=\"wp-block-heading\">6. Que facer se es testemu\u00f1a ou obxecto dun comportamento inaceptable?<\/h2>\n\n\n\n<p>Se es obxecto dun comportamento inaceptable, es testemu\u00f1a de que outra persoa est\u00e1 a ser obxecto de comportamento inaceptable ou tes outras preocupaci\u00f3ns, por favor notificalo a un organizador da conferencia tan pronto como sexa posible.<\/p>\n\n\n\n<p>O equipo de&nbsp;<strong>WordCamp Pontevedra<\/strong>&nbsp;estar\u00e1 dispo\u00f1ible para axudar aos participantes para contactar coa seguridade do local ou as forzas locais de seguridade para ofrecer acompa\u00f1amento ou axudar a aqueles que sufran un comportamento inaceptable para que sentan seguros mentres dure a conferencia.<\/p>\n\n\n\n<p>As persoas voluntarias vestir\u00e1n cunha cor ou peza diferente. Calquera voluntario \/a pode po\u00f1erte en contacto cun organizador da conferencia. Tam\u00e9n podes achegarche \u00e1 mesa especial de inscrici\u00f3n na planta baixa e preguntar polos organizadores.<\/p>\n\n\n\n<h2 class=\"wp-block-heading\">7. \u00c1mbito de aplicaci\u00f3n<\/h2>\n\n\n\n<p>Esperamos que todos os participantes da conferencia (patrocinadores, voluntarios, relatores, asistentes e outros invitados) cumpran con este&nbsp;<strong>c\u00f3digo de conduta<\/strong>&nbsp;en todas as salas de conferencia e eventos sociais relacionados coa conferencia.<\/p>\n\n\n\n<h2 class=\"wp-block-heading\">8. Informaci\u00f3n de contacto<\/h2>\n\n\n\n<p>Se te ves na necesidade de contactar connosco,&nbsp;<a href=\"https:\/\/pontevedra.wordcamp.org\/2022\/contacto-gl\/\">na p\u00e1xina de contacto<\/a>&nbsp;tes un formulario para facelo.<\/p>\n\n\n\n<h2 class=\"wp-block-heading\">9. Licenza e atribuci\u00f3n<\/h2>\n\n\n\n<p>Este C\u00f3digo de Conduta \u00e9 unha copia directa do impresionante traballo da&nbsp;<strong>Open Source Bridge<\/strong>, pero substitu\u00edndo a informaci\u00f3n coa do noso evento.<\/p>\n\n\n\n<p>O orixinal, publicado en http:\/\/opensourcebridge.org\/about\/code-of-conduct\/, xa non est\u00e1 dispo\u00f1ible, pero pode verse&nbsp;<a href=\"https:\/\/web.archive.org\/web\/20191024152904\/opensourcebridge.org\/about\/code-of-conduct\/\">nesta imaxen de arquivo<\/a>, e foi liberado baixo unha licenza de&nbsp;<strong><a rel=\"noreferrer noopener\" href=\"https:\/\/creativecommons.org\/licenses\/by-sa\/3.0\/deed.es\" target=\"_blank\">Creative Commons Attribution-ShareAlike<\/a><\/strong>.<\/p>\n","protected":false},"excerpt":{"rendered":"<p>1. Prop\u00f3sito WordCamp Pontevedra&nbsp;considera esencial, que nuestra&nbsp;comunidad&nbsp;deber\u00eda estar realmente&nbsp;abierta&nbsp;a todo el mundo. Como tal, estamos comprometidos a proporcionar un&nbsp;ambiente amigable, seguro y acogedor para todos&nbsp;independientemente de su g\u00e9nero, orientaci\u00f3n sexual, discapacidad, etnia, religi\u00f3n, sistema operativo preferido, lenguaje de programaci\u00f3n o editor de texto. Este c\u00f3digo de conducta resume nuestras expectativas para el comportamiento de los [&hellip;]<\/p>\n","protected":false},"author":15205422,"featured_media":0,"parent":0,"menu_order":0,"comment_status":"closed","ping_status":"closed","template":"","meta":{"jetpack_post_was_ever_published":false,"footnotes":""},"class_list":["post-21","page","type-page","status-publish","hentry"],"jetpack_sharing_enabled":true,"_links":{"self":[{"href":"https:\/\/pontevedra.wordcamp.org\/2023\/wp-json\/wp\/v2\/pages\/21","targetHints":{"allow":["GET"]}}],"collection":[{"href":"https:\/\/pontevedra.wordcamp.org\/2023\/wp-json\/wp\/v2\/pages"}],"about":[{"href":"https:\/\/pontevedra.wordcamp.org\/2023\/wp-json\/wp\/v2\/types\/page"}],"author":[{"embeddable":true,"href":"https:\/\/pontevedra.wordcamp.org\/2023\/wp-json\/wp\/v2\/users\/15205422"}],"replies":[{"embeddable":true,"href":"https:\/\/pontevedra.wordcamp.org\/2023\/wp-json\/wp\/v2\/comments?post=21"}],"version-history":[{"count":3,"href":"https:\/\/pontevedra.wordcamp.org\/2023\/wp-json\/wp\/v2\/pages\/21\/revisions"}],"predecessor-version":[{"id":2240,"href":"https:\/\/pontevedra.wordcamp.org\/2023\/wp-json\/wp\/v2\/pages\/21\/revisions\/2240"}],"wp:attachment":[{"href":"https:\/\/pontevedra.wordcamp.org\/2023\/wp-json\/wp\/v2\/media?parent=21"}],"curies":[{"name":"wp","href":"https:\/\/api.w.org\/{rel}","templated":true}]}}