{"id":254,"date":"2023-04-22T17:47:39","date_gmt":"2023-04-22T15:47:39","guid":{"rendered":"https:\/\/pontevedra.wordcamp.org\/2023\/?page_id=254"},"modified":"2023-05-30T17:56:59","modified_gmt":"2023-05-30T15:56:59","slug":"servicio-de-ludoteca","status":"publish","type":"page","link":"https:\/\/pontevedra.wordcamp.org\/2023\/servicio-de-ludoteca\/","title":{"rendered":"Servicio de Ludoteca"},"content":{"rendered":"\n<p>Cuando se est\u00e1 pensando en asistir a un evento, <strong>organizar el cuidado de los ni\u00f1os <\/strong>es uno de los factores m\u00e1s importante para los que tenemos familia, sobre todo cuando el evento se celebra&nbsp; en otra ciudad.<\/p>\n\n\n\n<p>Cuando tenemos peques, salir de casa y tomarnos un par de d\u00edas para asistir a un evento, no es una decisi\u00f3n f\u00e1cil de tomar. Sin embargo, sabemos que asistir a conferencias y eventos es una parte fundamental para nuestro desarrollo profesional y personal, adem\u00e1s de ser una gran forma de conocer gente y nuevos lugares.<\/p>\n\n\n\n<p>Por esto, queremos pon\u00e9roslo f\u00e1cil para venir a la WordCamp Pontevedra 2023, y estamos buscando un patrocinador. Gracias a esto esperamos poder ofreceros un servicio de ludoteca para que vuestros hijos e hijas puedan estar atendidos y entretenidos mientras vosotros disfrut\u00e1is de las charlas y el <em>networking<\/em> sin preocupaciones.<\/p>\n\n\n\n<div style=\"height:30px\" aria-hidden=\"true\" class=\"wp-block-spacer\"><\/div>\n\n\n\n<h2 class=\"wp-block-heading\">Pontevedra es la ciudad perfecta para visitar con ni\u00f1os<\/h2>\n\n\n\n<p>La nuestra es una ciudad en la que la calle es el centro de la vida social. Se puede ir andando a todas partes, ya que todo queda cerca, y el centro est\u00e1 peatonalizado para que los ni\u00f1os y ni\u00f1as se diviertan a tope en sus plazas, jardines y parques infantiles.<\/p>\n\n\n\n<p>As\u00ed que, los que no conozc\u00e1is Pontevedra, no dud\u00e9is en traer a toda la familia, porque todos disfrutar\u00e1n este fin de semana. Si quer\u00e9is saber m\u00e1s, esta gu\u00eda del Concello de Pontevedra os da mucha informaci\u00f3n para<a href=\"https:\/\/www.visit-pontevedra.com\/que-hacer\/pontevedra-en-familia\/\"> visitar Pontevedra en familia<\/a>.<\/p>\n\n\n\n<div style=\"height:30px\" aria-hidden=\"true\" class=\"wp-block-spacer\"><\/div>\n\n\n\n<h2 class=\"wp-block-heading\">\u00bfEn qu\u00e9 consiste el servicio de Ludoteca?<\/h2>\n\n\n\n<p>El <strong>horario de la ludoteca ser\u00e1 el s\u00e1bado de 9 de la ma\u00f1ana a 13:30, y de 15:00 a 18:30. <\/strong>El lugar ser\u00e1 en el mismo edificio donde se celebra la WordCamp y los padres podr\u00e1n acercarse a verlos cuando quieran.<\/p>\n\n\n\n<p>Tendremos un servicio de monitores profesionales (gracias a la <strong>empresa Aindam\u00e1is<\/strong>) que preparar\u00e1n juegos educativos y de animaci\u00f3n para mantener a tus peques entretenidos y seguros, mientras disfrutas de las charlas.<\/p>\n\n\n\n<p>Los ni\u00f1os pueden llevar su desayuno o merienda, y los monitores se encargar\u00e1n de d\u00e1rselos a media ma\u00f1ana o tarde, pero la comida, la realizar\u00e1n con sus padres en la zona de restauraci\u00f3n asignada.<\/p>\n\n\n\n<p>Hay un <strong>m\u00e1ximo de 15 ni\u00f1os y ni\u00f1as<\/strong> que podr\u00e1n disfrutar del servicio de ludoteca, de <strong>edades entre los 3 y 12 a\u00f1os<\/strong>. As\u00ed que, te pedimos encarecidamente que cubras este formulario para hacer tu reserva. No podremos admitir a nadie en el momento sin reserva previa.<\/p>\n\n\n\n<p>Para cualquier duda, nos tienes en el email <a href=\"mailto:pontevedra@wordcamp.org\">pontevedra@wordcamp.org<\/a> o la p\u00e1gina de <a href=\"https:\/\/pontevedra.wordcamp.org\/2023\/contacto\/\" data-type=\"page\" data-id=\"17\">contacto<\/a>. <\/p>\n\n\n\n<div style=\"height:30px\" aria-hidden=\"true\" class=\"wp-block-spacer\"><\/div>\n\n\n<div data-test='contact-form'\n\t\t\tid='contact-form-254'\n\t\t\tclass='wp-block-jetpack-contact-form-container '\n\t\t\tdata-wp-interactive='jetpack\/form' data-wp-context='{\"formId\":\"254\",\"formHash\":\"916df11599626a607a6140f71ce2ddbb674de921\",\"showErrors\":false,\"errors\":[],\"fields\":[],\"isMultiStep\":false,\"useAjax\":true,\"submissionData\":null,\"formattedSubmissionData\":[],\"submissionSuccess\":false,\"submissionError\":null,\"elementId\":\"jp-form-916df11599626a607a6140f71ce2ddbb674de921\",\"isSingleInputForm\":false}'\n\t\t\tdata-wp-watch--scroll-to-wrapper=\"callbacks.scrollToWrapper\"\n\t\t>\n<div class=\"contact-form-submission contact-form-ajax-submission\" data-wp-bind--aria-hidden=\"state.isSuccessMessageAriaHidden\" data-wp-class--submission-success=\"context.submissionSuccess\" id=\"contact-form-success-916df11599626a607a6140f71ce2ddbb674de921\" tabindex=\"-1\" aria-labelledby=\"contact-form-success-header-916df11599626a607a6140f71ce2ddbb674de921\"><p class=\"go-back-message\"><a class=\"link\" role=\"button\" tabindex=\"0\" data-wp-on--click=\"actions.goBack\" href=\"\/2023\/wp-json\/wp\/v2\/pages\/254\">\u2190 Back<\/a><\/p><h4 data-wp-bind--aria-hidden=\"state.isSuccessMessageAriaHidden\" id=\"contact-form-success-header-916df11599626a607a6140f71ce2ddbb674de921\">Tu mensaje se ha enviado<\/h4>\n\n<template data-wp-each--submission=\"context.formattedSubmissionData\">\n\t\t\t\t\t<div class=\"jetpack_forms_contact-form-success-summary\">\n\t\t\t\t\t\t<div class=\"field-name\" data-wp-text=\"context.submission.label\" data-wp-bind--hidden=\"!context.submission.label\"><\/div>\n\t\t\t\t\t\t<div class=\"field-value\" data-wp-text=\"context.submission.value\" data-wp-bind--hidden=\"!context.submission.showPlainValue\"><\/div>\n\t\t\t\t\t\t<a class=\"field-url\" data-wp-bind--href=\"context.submission.url\" data-wp-text=\"context.submission.value\" data-wp-bind--hidden=\"!context.submission.url\" target=\"_blank\" rel=\"noopener noreferrer\"><\/a>\n\t\t\t\t\t\t<div class=\"field-rating\" data-wp-bind--hidden=\"!context.submission.rating\" data-wp-watch=\"callbacks.watchRatingIcons\"><\/div>\n\t\t\t\t\t\t<div class=\"field-images\" data-wp-bind--hidden=\"!context.submission.images\">\n\t\t\t\t\t\t\t<template data-wp-each--image=\"context.submission.images\">\n\t\t\t\t\t\t\t\t<div class=\"field-image-option\" data-wp-class--is-empty=\"!context.image.src\">\n\t\t\t\t\t\t\t\t\t<figure class=\"field-image-option__image\" data-wp-class--is-empty=\"!context.image.src\">\n\t\t\t\t\t\t\t\t\t\t<img data-wp-bind--src=\"context.image.src\" data-wp-bind--hidden=\"!context.image.src\" \/>\n\t\t\t\t\t\t\t\t\t\t<img decoding=\"async\" src=\"data:image\/gif;base64,R0lGODlhAQABAAD\/ACwAAAAAAQABAAACADs=\" data-wp-bind--hidden=\"context.image.src\" \/>\n\t\t\t\t\t\t\t\t\t<\/figure>\n\t\t\t\t\t\t\t\t\t<div class=\"field-image-option__label-wrapper\">\n\t\t\t\t\t\t\t\t\t\t<span class=\"field-image-option__label-code\" data-wp-text=\"context.image.letterCode\"><\/span>\n\t\t\t\t\t\t\t\t\t\t<span class=\"field-image-option__label\" data-wp-text=\"context.image.label\" data-wp-bind--hidden=\"!context.image.label\"><\/span>\n\t\t\t\t\t\t\t\t\t<\/div>\n\t\t\t\t\t\t\t\t<\/div>\n\t\t\t\t\t\t\t<\/template>\n\t\t\t\t\t\t<\/div>\n\t\t\t\t\t\t<div class=\"field-files\" data-wp-bind--hidden=\"!context.submission.files\">\n\t\t\t\t\t\t\t<template data-wp-each--file=\"context.submission.files\">\n\t\t\t\t\t\t\t\t<div class=\"field-file\">\n\t\t\t\t\t\t\t\t\t<div class=\"field-file__thumbnail\" data-wp-style--background-image=\"context.file.previewUrl\" data-wp-style--mask-image=\"context.file.iconUrl\" data-wp-bind--hidden=\"!context.file.hasPreview\"><\/div>\n\t\t\t\t\t\t\t\t\t<svg class=\"field-file__icon\" data-wp-bind--hidden=\"context.file.hasPreview\" width=\"20\" height=\"20\" viewBox=\"0 0 24 24\" fill=\"none\" xmlns=\"http:\/\/www.w3.org\/2000\/svg\" aria-hidden=\"true\">\n\t\t\t\t\t\t\t\t\t\t<path d=\"M14 2H6C4.9 2 4 2.9 4 4V20C4 21.1 4.89 22 5.99 22H18C19.1 22 20 21.1 20 20V8L14 2ZM18 20H6V4H13V9H18V20Z\" fill=\"currentColor\"\/>\n\t\t\t\t\t\t\t\t\t<\/svg>\n\t\t\t\t\t\t\t\t\t<span class=\"field-file__name\" data-wp-text=\"context.file.name\"><\/span>\n\t\t\t\t\t\t\t\t\t<span class=\"field-file__size\" data-wp-text=\"context.file.size\"><\/span>\n\t\t\t\t\t\t\t\t<\/div>\n\t\t\t\t\t\t\t<\/template>\n\t\t\t\t\t\t<\/div>\n\t\t\t\t\t<\/div>\n\t\t\t\t<\/template><\/div><form action='https:\/\/pontevedra.wordcamp.org\/2023\/servicio-de-ludoteca\/'\n\t\t\t\tid='jp-form-916df11599626a607a6140f71ce2ddbb674de921'\n\t\t\t\tmethod='post'\n\t\t\t\tclass='contact-form commentsblock wp-block-jetpack-contact-form' aria-label=\"Servicio de Ludoteca\"\n\t\t\t\tdata-wp-on--submit=\"actions.onFormSubmit\"\n\t\t\t\tdata-wp-on--reset=\"actions.onFormReset\"\n\t\t\t\tdata-wp-class--submission-success=\"context.submissionSuccess\"\n\t\t\t\tdata-wp-class--is-first-step=\"state.isFirstStep\"\n\t\t\t\tdata-wp-class--is-last-step=\"state.isLastStep\"\n\t\t\t\tdata-wp-class--is-ajax-form=\"context.useAjax\"\n\t\t\t\tnovalidate >\n<input type='hidden' name='jetpack_contact_form_jwt' value='eyJ0eXAiOiJKV1QiLCJhbGciOiJIUzI1NiJ9.eyJlbmNyeXB0ZWRfYXR0cmlidXRlcyI6IlpVM28wS0xSNk82T0VPTGlSR29odE9wY3cySmVtWWxMK0t2V0xYQ0dGSS9zMzFKOFBKOEV4L29MUkcvL01PNjUrckhyc2FZYWlvbVNLUllNeFFReTA5bmJOOEFYY0xoK0ttR3J6d01ReWR6d3ZxQ0RVTmphb29YUjE1WHZNVmtxWEVvb0FaVmNxdXJrUndsZTgyeE5mam9XUVo2Z20rZmpvQlpvNkVMb0dhKy90aFU3a24wK2FQZXRWUG9GTTZxS1ludlhXVnNIK2ZqQ3NudjBsRWdLRHgzeEVtTGMyT05IOSsrUU91WDFycjdLcXZrZk5LQmJYSkdDZWdEZ2lwR1VhTkVVdFEzeVdLek5Jc2YwVnVpVjg5dFBiM0RWWVpaZFE4ai9LUklvd1hORUJadmlzemhvWWo2WkFQNEZjM0F5SlB0Q3pKcnVueU5FT3Y0VWxHR0FKbHYwRkphM3ZHYjFqUGk5ZGJCV1EyMmRjNm5HcFJiTGhPWm9lcHFRYlplQnppcFUzTTBRSW9zdW9wTC83OXh4dkZuckdYSVhaMHVaaDJoQmpIK0dScXNFQ0ZqWEIySTRjUTNPSjZHMDN6ZHBvajA1b1JGa3FiUjk4M1RPZDUyR0dkOE5SaDlrcnFCbU02Sms3bHhuK2NPL1dSaXVvMG9pc2s2b1NWVUJEWmlXSnFRdGJnZHlaTEdLcElDc0xIanJGZ1kyRjBqNWdvZUlvcmlLOTcvQ3JZN282RUVIWG0zdmlEV2M4WWZ2dytUd0NkeWREVGNnT0lkREJxZEM2Q0ZEemIrY2JLazErdGgrb0J0QnRNWE9xMTNialBxb3JCTm9FWXN0UExLVk5UV3ZEOVpKVjR0ZjYvQ2dvN0pNdXZPbXpMQzZMTEVaS3Z1cEpYQVJoVTg0cGhxcy9UM3Bna1BTWUtQWDhJQkpjdXM1ck4xckZzSWpKcFBwb2lOUTBjV2thUmRLMC9iVXRqRHJQNlBjTjRwYTIyUzQvWFpSZnJJa09FTG9WQWZhaCtpR3dzM0g2TWpWQlZQeWgzbmhZa0RoNVVndGltY3ZEQmg0Vk1lUUJEWnBXTnQxWnhvMXBNQTNXK2x2S056ODNXMG1VYlNoODEyMVVQRFBrUVFLNXdLZWpiNzhnQzJLWktmSWtsUERVSU54ZDR5cUVvZlU4cmVzV3BxbVk0QmpOUDdwWjMvQmp0a29Nd3JldzQ4U3UzTi8veWV0RW1rPSIsImNvbnRlbnQiOiJcbjxkaXYgY2xhc3M9XCJ3cC1ibG9jay1qZXRwYWNrLWNvbnRhY3QtZm9ybVwiIHN0eWxlPVwicGFkZGluZy10b3A6MTZweDtwYWRkaW5nLXJpZ2h0OjE2cHg7cGFkZGluZy1ib3R0b206MTZweDtwYWRkaW5nLWxlZnQ6MTZweFwiPltjb250YWN0LWZpZWxkIGxhYmVsPVwiTm9tYnJlIGRlIHBhZHJlJiMwNDQ7IG1hZHJlIG8gcmVzcG9uc2FibGVcIiByZXF1aXJlZD1cIjFcIiByZXF1aXJlZFRleHQ9XCIob2JsaWdhdG9yaW8pXCIgdHlwZT1cIm5hbWVcIi9dXG5cbltjb250YWN0LWZpZWxkIGxhYmVsPVwiQ29ycmVvIGVsZWN0clx1MDBmM25pY29cIiByZXF1aXJlZD1cIjFcIiByZXF1aXJlZFRleHQ9XCIob2JsaWdhdG9yaW8pXCIgdHlwZT1cImVtYWlsXCIvXVxuXG5bY29udGFjdC1maWVsZCBsYWJlbD1cIk5vbWJyZSB5IGVkYWRlcyBkZSBsb3MgbmlcdTAwZjFvc1wiIHJlcXVpcmVkVGV4dD1cIihvYmxpZ2F0b3JpbylcIiB0eXBlPVwidGVsZXBob25lXCIvXVxuXG5bY29udGFjdC1maWVsZCBsYWJlbD1cIk90cm9zIGRldGFsbGVzIHF1ZSBuZWNlc2l0ZW1vcyBzYWJlciAoYWxlcmdpYXMmIzA0NDsgZXRjLilcIiByZXF1aXJlZFRleHQ9XCIob2JsaWdhdG9yaW8pXCIgdHlwZT1cInRleHRhcmVhXCIvXVxuXG48ZGl2IGNsYXNzPVwid3AtYmxvY2stamV0cGFjay1idXR0b24gd3AtYmxvY2stYnV0dG9uXCIgc3R5bGU9XCJcIj48YnV0dG9uIGNsYXNzPVwid3AtYmxvY2stYnV0dG9uX19saW5rXCIgc3R5bGU9XCJcIiBkYXRhLWlkLWF0dHI9XCJwbGFjZWhvbGRlclwiIHR5cGU9XCJzdWJtaXRcIiBkYXRhLXdwLWNsYXNzLS1pcy1zdWJtaXR0aW5nPVwic3RhdGUuaXNTdWJtaXR0aW5nXCIgZGF0YS13cC1iaW5kLS1hcmlhLWRpc2FibGVkPVwic3RhdGUuaXNBcmlhRGlzYWJsZWRcIj5FbnZpYXI8c3BhbiBjbGFzcz1cInNwaW5uZXJcIiBhcmlhLWhpZGRlbj1cInRydWVcIj48c3ZnIHdpZHRoPVwiMjRcIiBoZWlnaHQ9XCIyNFwiIHZpZXdCb3g9XCIwIDAgMjQgMjRcIiB4bWxucz1cImh0dHA6Ly93d3cudzMub3JnLzIwMDAvc3ZnXCI-PHBhdGggZD1cIk0xMiwxQTExLDExLDAsMSwwLDIzLDEyLDExLDExLDAsMCwwLDEyLDFabTAsMTlhOCw4LDAsMSwxLDgtOEE4LDgsMCwwLDEsMTIsMjBaXCIgb3BhY2l0eT1cIi4yNVwiLz48cGF0aCBkPVwiTTEwLjE0LDEuMTZhMTEsMTEsMCwwLDAtOSw4LjkyQTEuNTksMS41OSwwLDAsMCwyLjQ2LDEyLDEuNTIsMS41MiwwLDAsMCw0LjExLDEwLjdhOCw4LDAsMCwxLDYuNjYtNi42MUExLjQyLDEuNDIsMCwwLDAsMTIsMi42OWgwQTEuNTcsMS41NywwLDAsMCwxMC4xNCwxLjE2WlwiPjxhbmltYXRlVHJhbnNmb3JtIGF0dHJpYnV0ZU5hbWU9XCJ0cmFuc2Zvcm1cIiB0eXBlPVwicm90YXRlXCIgZHVyPVwiMC43NXNcIiB2YWx1ZXM9XCIwIDEyIDEyOzM2MCAxMiAxMlwiIHJlcGVhdENvdW50PVwiaW5kZWZpbml0ZVwiLz48L3BhdGg-PC9zdmc-PHNwYW4gY2xhc3M9XCJpcy12aXN1YWxseS1oaWRkZW5cIj5TdWJtaXR0aW5nIGZvcm08L3NwYW4-PC9zcGFuPjwvYnV0dG9uPjwvZGl2PjwvZGl2PlxuIiwiaGFzaCI6IjkxNmRmMTE1OTk2MjZhNjA3YTYxNDBmNzFjZTJkZGJiNjc0ZGU5MjEiLCJzb3VyY2UiOnsiZW50cnlfdGl0bGUiOiJTZXJ2aWNpbyBkZSBMdWRvdGVjYSIsImVudHJ5X3BhZ2UiOjEsInNvdXJjZV9pZCI6MjU0LCJzb3VyY2VfdHlwZSI6InNpbmdsZSIsInJlcXVlc3RfdXJsIjoiaHR0cHM6Ly9wb250ZXZlZHJhLndvcmRjYW1wLm9yZy8yMDIzL3dwLWpzb24vd3AvdjIvcGFnZXMvMjU0In0sInZlcnNpb24iOjIsImNpcGhlciI6ImFlcy0yNTYtZ2NtIn0.QkZyQNo6GF3tWzOVKsYvFSMa_Ugi0lqSsD2tazMlRow' \/>\n\n<div class=\"wp-block-jetpack-contact-form\" style=\"padding-top:16px;padding-right:16px;padding-bottom:16px;padding-left:16px\">\n<div style=\"\"  data-wp-interactive=\"jetpack\/form\" data-wp-context='{\"fieldId\":\"g254-nombredepadre044madreoresponsable\",\"fieldType\":\"name\",\"fieldLabel\":\"Nombre de padre\\u0026#044; madre o responsable\",\"fieldValue\":\"\",\"fieldPlaceholder\":\"\",\"fieldIsRequired\":\"1\",\"fieldErrorMessage\":\"\",\"fieldExtra\":[],\"formHash\":\"916df11599626a607a6140f71ce2ddbb674de921\"}'  class='grunion-field-name-wrap grunion-field-wrap'  data-wp-init='callbacks.initializeField' data-wp-on--jetpack-form-reset='callbacks.initializeField' >\n<label\n\t\t\t\tfor='g254-nombredepadre044madreoresponsable' class=\"grunion-field-label name\" >Nombre de padre&#044; madre o responsable<span class=\"grunion-label-required\" aria-hidden=\"true\">(obligatorio)<\/span><\/label>\n<input\n\t\t\t\t\ttype='text'\n\t\t\t\t\tname='g254-nombredepadre044madreoresponsable'\n\t\t\t\t\tid='g254-nombredepadre044madreoresponsable'\n\t\t\t\t\tvalue=''\n\n\t\t\t\t\tdata-wp-bind--aria-invalid='state.fieldAriaInvalid'\n\t\t\t\t\tdata-wp-bind--value='state.getFieldValue'\n\t\t\t\t\taria-describedby='g254-nombredepadre044madreoresponsable-text-error-message'\n\t\t\t\t\tdata-wp-on--input='actions.onFieldChange'\n\t\t\t\t\tdata-wp-on--blur='actions.onFieldBlur'\n\t\t\t\t\tdata-wp-class--has-value='state.hasFieldValue'\n\n\t\t\t\t\tclass='name  grunion-field' \n\t\t\t\t\trequired='true' aria-required='true'  \/>\n \n\t\t\t<div id=\"g254-nombredepadre044madreoresponsable-text-error\" class=\"contact-form__input-error\" data-wp-class--has-errors=\"state.fieldHasErrors\">\n\t\t\t\t<span class=\"contact-form__warning-icon\" aria-hidden=\"true\">\n\t\t\t\t\t<svg width=\"16\" height=\"16\" viewBox=\"0 0 16 16\" fill=\"none\" xmlns=\"http:\/\/www.w3.org\/2000\/svg\">\n\t\t\t\t\t\t<path d=\"M8.50015 11.6402H7.50015V10.6402H8.50015V11.6402Z\" \/>\n\t\t\t\t\t\t<path d=\"M7.50015 9.64018H8.50015V6.30684H7.50015V9.64018Z\" \/>\n\t\t\t\t\t\t<path fill-rule=\"evenodd\" clip-rule=\"evenodd\" d=\"M6.98331 3.0947C7.42933 2.30177 8.57096 2.30177 9.01698 3.09469L13.8771 11.7349C14.3145 12.5126 13.7525 13.4735 12.8602 13.4735H3.14004C2.24774 13.4735 1.68575 12.5126 2.12321 11.7349L6.98331 3.0947ZM8.14541 3.58496C8.08169 3.47168 7.9186 3.47168 7.85488 3.58496L2.99478 12.2251C2.93229 12.3362 3.01257 12.4735 3.14004 12.4735H12.8602C12.9877 12.4735 13.068 12.3362 13.0055 12.2251L8.14541 3.58496Z\" \/>\n\t\t\t\t\t<\/svg>\n\t\t\t\t<\/span>\n\t\t\t\t<span data-wp-text=\"state.errorMessage\" id=\"g254-nombredepadre044madreoresponsable-text-error-message\"><\/span>\n\t\t\t<\/div> \n\t<\/div>\n\n\n\n<div style=\"\"  data-wp-interactive=\"jetpack\/form\" data-wp-context='{\"fieldId\":\"g254-correoelectrnico\",\"fieldType\":\"email\",\"fieldLabel\":\"Correo electr\\u00f3nico\",\"fieldValue\":\"\",\"fieldPlaceholder\":\"\",\"fieldIsRequired\":\"1\",\"fieldErrorMessage\":\"\",\"fieldExtra\":[],\"formHash\":\"916df11599626a607a6140f71ce2ddbb674de921\"}'  class='grunion-field-email-wrap grunion-field-wrap'  data-wp-init='callbacks.initializeField' data-wp-on--jetpack-form-reset='callbacks.initializeField' >\n<label\n\t\t\t\tfor='g254-correoelectrnico' class=\"grunion-field-label email\" >Correo electr\u00f3nico<span class=\"grunion-label-required\" aria-hidden=\"true\">(obligatorio)<\/span><\/label>\n<input\n\t\t\t\t\ttype='email'\n\t\t\t\t\tname='g254-correoelectrnico'\n\t\t\t\t\tid='g254-correoelectrnico'\n\t\t\t\t\tvalue=''\n\n\t\t\t\t\tdata-wp-bind--aria-invalid='state.fieldAriaInvalid'\n\t\t\t\t\tdata-wp-bind--value='state.getFieldValue'\n\t\t\t\t\taria-describedby='g254-correoelectrnico-email-error-message'\n\t\t\t\t\tdata-wp-on--input='actions.onFieldChange'\n\t\t\t\t\tdata-wp-on--blur='actions.onFieldBlur'\n\t\t\t\t\tdata-wp-class--has-value='state.hasFieldValue'\n\n\t\t\t\t\tclass='email  grunion-field' \n\t\t\t\t\trequired='true' aria-required='true'  \/>\n \n\t\t\t<div id=\"g254-correoelectrnico-email-error\" class=\"contact-form__input-error\" data-wp-class--has-errors=\"state.fieldHasErrors\">\n\t\t\t\t<span class=\"contact-form__warning-icon\" aria-hidden=\"true\">\n\t\t\t\t\t<svg width=\"16\" height=\"16\" viewBox=\"0 0 16 16\" fill=\"none\" xmlns=\"http:\/\/www.w3.org\/2000\/svg\">\n\t\t\t\t\t\t<path d=\"M8.50015 11.6402H7.50015V10.6402H8.50015V11.6402Z\" \/>\n\t\t\t\t\t\t<path d=\"M7.50015 9.64018H8.50015V6.30684H7.50015V9.64018Z\" \/>\n\t\t\t\t\t\t<path fill-rule=\"evenodd\" clip-rule=\"evenodd\" d=\"M6.98331 3.0947C7.42933 2.30177 8.57096 2.30177 9.01698 3.09469L13.8771 11.7349C14.3145 12.5126 13.7525 13.4735 12.8602 13.4735H3.14004C2.24774 13.4735 1.68575 12.5126 2.12321 11.7349L6.98331 3.0947ZM8.14541 3.58496C8.08169 3.47168 7.9186 3.47168 7.85488 3.58496L2.99478 12.2251C2.93229 12.3362 3.01257 12.4735 3.14004 12.4735H12.8602C12.9877 12.4735 13.068 12.3362 13.0055 12.2251L8.14541 3.58496Z\" \/>\n\t\t\t\t\t<\/svg>\n\t\t\t\t<\/span>\n\t\t\t\t<span data-wp-text=\"state.errorMessage\" id=\"g254-correoelectrnico-email-error-message\"><\/span>\n\t\t\t<\/div> \n\t<\/div>\n\n\n\n<div style=\"\"  data-wp-interactive=\"jetpack\/form\" data-wp-context='{\"fieldId\":\"g254-nombreyedadesdelosnios\",\"fieldType\":\"telephone\",\"fieldLabel\":\"Nombre y edades de los ni\\u00f1os\",\"fieldValue\":\"\",\"fieldPlaceholder\":\"\",\"fieldIsRequired\":\"\",\"fieldErrorMessage\":\"\",\"fieldExtra\":[],\"formHash\":\"916df11599626a607a6140f71ce2ddbb674de921\"}'  class='grunion-field-telephone-wrap grunion-field-wrap'  data-wp-init='callbacks.initializeField' data-wp-on--jetpack-form-reset='callbacks.initializeField' >\n<label\n\t\t\t\tfor='g254-nombreyedadesdelosnios' class=\"grunion-field-label telephone\" >Nombre y edades de los ni\u00f1os<\/label>\n<input\n\t\t\t\t\ttype='tel'\n\t\t\t\t\tname='g254-nombreyedadesdelosnios'\n\t\t\t\t\tid='g254-nombreyedadesdelosnios'\n\t\t\t\t\tvalue=''\n\n\t\t\t\t\tdata-wp-bind--aria-invalid='state.fieldAriaInvalid'\n\t\t\t\t\tdata-wp-bind--value='state.getFieldValue'\n\t\t\t\t\taria-describedby='g254-nombreyedadesdelosnios-tel-error-message'\n\t\t\t\t\tdata-wp-on--input='actions.onFieldChange'\n\t\t\t\t\tdata-wp-on--blur='actions.onFieldBlur'\n\t\t\t\t\tdata-wp-class--has-value='state.hasFieldValue'\n\n\t\t\t\t\tclass='telephone  grunion-field' \n\t\t\t\t\t \/>\n \n\t\t\t<div id=\"g254-nombreyedadesdelosnios-tel-error\" class=\"contact-form__input-error\" data-wp-class--has-errors=\"state.fieldHasErrors\">\n\t\t\t\t<span class=\"contact-form__warning-icon\" aria-hidden=\"true\">\n\t\t\t\t\t<svg width=\"16\" height=\"16\" viewBox=\"0 0 16 16\" fill=\"none\" xmlns=\"http:\/\/www.w3.org\/2000\/svg\">\n\t\t\t\t\t\t<path d=\"M8.50015 11.6402H7.50015V10.6402H8.50015V11.6402Z\" \/>\n\t\t\t\t\t\t<path d=\"M7.50015 9.64018H8.50015V6.30684H7.50015V9.64018Z\" \/>\n\t\t\t\t\t\t<path fill-rule=\"evenodd\" clip-rule=\"evenodd\" d=\"M6.98331 3.0947C7.42933 2.30177 8.57096 2.30177 9.01698 3.09469L13.8771 11.7349C14.3145 12.5126 13.7525 13.4735 12.8602 13.4735H3.14004C2.24774 13.4735 1.68575 12.5126 2.12321 11.7349L6.98331 3.0947ZM8.14541 3.58496C8.08169 3.47168 7.9186 3.47168 7.85488 3.58496L2.99478 12.2251C2.93229 12.3362 3.01257 12.4735 3.14004 12.4735H12.8602C12.9877 12.4735 13.068 12.3362 13.0055 12.2251L8.14541 3.58496Z\" \/>\n\t\t\t\t\t<\/svg>\n\t\t\t\t<\/span>\n\t\t\t\t<span data-wp-text=\"state.errorMessage\" id=\"g254-nombreyedadesdelosnios-tel-error-message\"><\/span>\n\t\t\t<\/div> \n\t<\/div>\n\n\n\n<div style=\"\"  data-wp-interactive=\"jetpack\/form\" data-wp-context='{\"fieldId\":\"g254-otrosdetallesquenecesitemossaberalergias044etc\",\"fieldType\":\"textarea\",\"fieldLabel\":\"Otros detalles que necesitemos saber (alergias\\u0026#044; etc.)\",\"fieldValue\":\"\",\"fieldPlaceholder\":\"\",\"fieldIsRequired\":\"\",\"fieldErrorMessage\":\"\",\"fieldExtra\":[],\"formHash\":\"916df11599626a607a6140f71ce2ddbb674de921\"}'  class='grunion-field-textarea-wrap grunion-field-wrap'  data-wp-init='callbacks.initializeField' data-wp-on--jetpack-form-reset='callbacks.initializeField' >\n<label\n\t\t\t\tfor='contact-form-comment-g254-otrosdetallesquenecesitemossaberalergias044etc' class=\"grunion-field-label textarea\" >Otros detalles que necesitemos saber (alergias&#044; etc.)<\/label>\n<textarea\n\t\t                style=''\n\t\t                name='g254-otrosdetallesquenecesitemossaberalergias044etc'\n\t\t                id='contact-form-comment-g254-otrosdetallesquenecesitemossaberalergias044etc'\n\t\t                rows='20'\n\t\t\t\t\t\tdata-wp-text='state.getFieldValue'\n\t\t\t\t\t\tdata-wp-on--input='actions.onFieldChange'\n\t\t\t\t\t\tdata-wp-on--blur='actions.onFieldBlur'\n\t\t\t\t\t\tdata-wp-class--has-value='state.hasFieldValue'\n\t\t\t\t\t\taria-describedby='g254-otrosdetallesquenecesitemossaberalergias044etc-textarea-error-message'\n\t\t\t\t\t\tdata-wp-bind--aria-invalid='state.fieldAriaInvalid'\n\t\t\t\t\t\tclass='textarea  grunion-field'  ><\/textarea>\n \n\t\t\t<div id=\"g254-otrosdetallesquenecesitemossaberalergias044etc-textarea-error\" class=\"contact-form__input-error\" data-wp-class--has-errors=\"state.fieldHasErrors\">\n\t\t\t\t<span class=\"contact-form__warning-icon\" aria-hidden=\"true\">\n\t\t\t\t\t<svg width=\"16\" height=\"16\" viewBox=\"0 0 16 16\" fill=\"none\" xmlns=\"http:\/\/www.w3.org\/2000\/svg\">\n\t\t\t\t\t\t<path d=\"M8.50015 11.6402H7.50015V10.6402H8.50015V11.6402Z\" \/>\n\t\t\t\t\t\t<path d=\"M7.50015 9.64018H8.50015V6.30684H7.50015V9.64018Z\" \/>\n\t\t\t\t\t\t<path fill-rule=\"evenodd\" clip-rule=\"evenodd\" d=\"M6.98331 3.0947C7.42933 2.30177 8.57096 2.30177 9.01698 3.09469L13.8771 11.7349C14.3145 12.5126 13.7525 13.4735 12.8602 13.4735H3.14004C2.24774 13.4735 1.68575 12.5126 2.12321 11.7349L6.98331 3.0947ZM8.14541 3.58496C8.08169 3.47168 7.9186 3.47168 7.85488 3.58496L2.99478 12.2251C2.93229 12.3362 3.01257 12.4735 3.14004 12.4735H12.8602C12.9877 12.4735 13.068 12.3362 13.0055 12.2251L8.14541 3.58496Z\" \/>\n\t\t\t\t\t<\/svg>\n\t\t\t\t<\/span>\n\t\t\t\t<span data-wp-text=\"state.errorMessage\" id=\"g254-otrosdetallesquenecesitemossaberalergias044etc-textarea-error-message\"><\/span>\n\t\t\t<\/div>\n\t<\/div>\n\n\n<div class=\"contact-form__error\" data-wp-class--show-errors=\"state.showFormErrors\"><span class=\"contact-form__warning-icon\" aria-hidden=\"true\"><i><\/i><\/span><span class=\"contact-form__error-message\" tabindex=\"-1\" data-wp-watch=\"callbacks.focusOnValidationError\" data-wp-text=\"state.getFormErrorMessage\"><\/span><ul aria-label=\"Form errors\">\n\t\t\t\t<template data-wp-each=\"state.getErrorList\" data-wp-key=\"context.item.id\">\n\t\t\t\t\t<li><a data-wp-bind--href=\"context.item.anchor\" data-wp-on--click=\"actions.scrollIntoView\" data-wp-text=\"context.item.label\"><\/a><\/li>\n\t\t\t\t<\/template>\n\t\t\t\t<\/ul><\/div><div class=\"contact-form__error\" data-wp-class--show-errors=\"state.showSubmissionError\" data-wp-text=\"context.submissionError\" tabindex=\"-1\" data-wp-watch=\"callbacks.focusOnSubmissionError\"><\/div> <div class=\"wp-block-jetpack-button wp-block-button\" style=\"\"><button data-wp-bind--disabled=\"state.isAriaDisabled\" class=\"wp-block-button__link\" style=\"\" data-id-attr=\"placeholder\" type=\"submit\" data-wp-class--is-submitting=\"state.isSubmitting\" data-wp-bind--aria-disabled=\"state.isAriaDisabled\">Enviar<span class=\"spinner\" aria-hidden=\"true\"><svg width=\"24\" height=\"24\" viewBox=\"0 0 24 24\" xmlns=\"http:\/\/www.w3.org\/2000\/svg\"><path d=\"M12,1A11,11,0,1,0,23,12,11,11,0,0,0,12,1Zm0,19a8,8,0,1,1,8-8A8,8,0,0,1,12,20Z\" opacity=\".25\"\/><path d=\"M10.14,1.16a11,11,0,0,0-9,8.92A1.59,1.59,0,0,0,2.46,12,1.52,1.52,0,0,0,4.11,10.7a8,8,0,0,1,6.66-6.61A1.42,1.42,0,0,0,12,2.69h0A1.57,1.57,0,0,0,10.14,1.16Z\"><animateTransform attributeName=\"transform\" type=\"rotate\" dur=\"0.75s\" values=\"0 12 12;360 12 12\" repeatCount=\"indefinite\"\/><\/path><\/svg><span class=\"is-visually-hidden\">Submitting form<\/span><\/span><\/button><\/div><\/div>\n\t\t<input type='hidden' name='contact-form-id' value='254' \/>\n\t\t<input type='hidden' name='action' value='grunion-contact-form' \/>\n\t\t<input type='hidden' name='contact-form-hash' value='916df11599626a607a6140f71ce2ddbb674de921' \/>\n<p style=\"display: none !important;\" class=\"akismet-fields-container\" data-prefix=\"ak_\"><label>&#916;<textarea name=\"ak_hp_textarea\" cols=\"45\" rows=\"8\" maxlength=\"100\"><\/textarea><\/label><input type=\"hidden\" id=\"ak_js_1\" name=\"ak_js\" value=\"96\"\/><script>\ndocument.getElementById( \"ak_js_1\" ).setAttribute( \"value\", ( new Date() ).getTime() );\n<\/script>\n<\/p><\/form>\n<\/div>","protected":false},"excerpt":{"rendered":"<p>Cuando se est\u00e1 pensando en asistir a un evento, organizar el cuidado de los ni\u00f1os es uno de los factores m\u00e1s importante para los que tenemos familia, sobre todo cuando el evento se celebra&nbsp; en otra ciudad. Cuando tenemos peques, salir de casa y tomarnos un par de d\u00edas para asistir a un evento, no [&hellip;]<\/p>\n","protected":false},"author":16281675,"featured_media":0,"parent":0,"menu_order":0,"comment_status":"closed","ping_status":"closed","template":"","meta":{"jetpack_post_was_ever_published":false,"footnotes":""},"class_list":["post-254","page","type-page","status-publish","hentry"],"jetpack_sharing_enabled":true,"_links":{"self":[{"href":"https:\/\/pontevedra.wordcamp.org\/2023\/wp-json\/wp\/v2\/pages\/254","targetHints":{"allow":["GET"]}}],"collection":[{"href":"https:\/\/pontevedra.wordcamp.org\/2023\/wp-json\/wp\/v2\/pages"}],"about":[{"href":"https:\/\/pontevedra.wordcamp.org\/2023\/wp-json\/wp\/v2\/types\/page"}],"author":[{"embeddable":true,"href":"https:\/\/pontevedra.wordcamp.org\/2023\/wp-json\/wp\/v2\/users\/16281675"}],"replies":[{"embeddable":true,"href":"https:\/\/pontevedra.wordcamp.org\/2023\/wp-json\/wp\/v2\/comments?post=254"}],"version-history":[{"count":6,"href":"https:\/\/pontevedra.wordcamp.org\/2023\/wp-json\/wp\/v2\/pages\/254\/revisions"}],"predecessor-version":[{"id":711,"href":"https:\/\/pontevedra.wordcamp.org\/2023\/wp-json\/wp\/v2\/pages\/254\/revisions\/711"}],"wp:attachment":[{"href":"https:\/\/pontevedra.wordcamp.org\/2023\/wp-json\/wp\/v2\/media?parent=254"}],"curies":[{"name":"wp","href":"https:\/\/api.w.org\/{rel}","templated":true}]}}