{"id":419,"date":"2023-07-26T11:12:57","date_gmt":"2023-07-26T09:12:57","guid":{"rendered":"https:\/\/pontevedra.wordcamp.org\/2023\/?page_id=419"},"modified":"2023-09-15T09:26:17","modified_gmt":"2023-09-15T07:26:17","slug":"taller-do-action-gl","status":"publish","type":"page","link":"https:\/\/pontevedra.wordcamp.org\/2023\/taller-do-action-gl\/","title":{"rendered":"WordPress en Acci\u00f3n: taller de Iniciaci\u00f3n e do_action"},"content":{"rendered":"\n<p>Un ano m\u00e1is, dende a Comunidade de WordPress Pontevedra, queremos pasar da teor\u00eda \u00e1 pr\u00e1ctica. Organizar un evento no que xuntar a principiantes, afeccionados e profesionais de WordPress colaborando por unha boa causa.<\/p>\n\n\n\n<p>Para iso, celebramos un novo WordPress en Acci\u00f3n, un evento en base a dous obxectivos:<\/p>\n\n\n\n<ul class=\"wp-block-list\">\n<li><strong>Ensinar a persoas sen co\u00f1ecementos<\/strong> a crear p\u00e1xinas webs con WordPress. Ou incluso mellorar como profesional, se xa te adicas a iso.<\/li>\n\n\n\n<li><strong>Regalar a distintas asociaci\u00f3ns sen \u00e1nimo de lucro unha p\u00e1xina web<\/strong> coa que mellorar a s\u00faa visibilidade e presenza dixital. E dese xeito, axudar a que os seus proxectos te\u00f1an un maior alcance.<\/li>\n<\/ul>\n\n\n\n<p>Constar\u00e1 de <strong>d\u00faas actividades principais<\/strong> nas que poder\u00e1s <strong>participar en ambas, ou na que ti prefiras<\/strong>:<\/p>\n\n\n\n<ol class=\"wp-block-list\">\n<li>Taller te\u00f3rico\/pr\u00e1ctico de iniciaci\u00f3n a<em> <\/em>WordPress.<\/li>\n\n\n\n<li>do_action <em>hackathon<\/em> (Traballo colaborativo).<\/li>\n<\/ol>\n\n\n\n<p>Celebrarase o <strong>venres 15 de setembro<\/strong> do 2023 na <a rel=\"noreferrer noopener\" href=\"https:\/\/goo.gl\/maps\/2UxTGQHwiH5tbUA96\" target=\"_blank\">Facultade de Ciencias Sociais e da Comunicaci\u00f3n<\/a> no Campus de Pontevedra da Universidade de Vigo.<\/p>\n\n\n\n<p><strong>OLLO:<\/strong> Tanto o <strong>Taller de Iniciaci\u00f3n como o <\/strong>do_action <strong>son gratu\u00edtos<\/strong> e <strong>independentes<\/strong> da <strong>celebraci\u00f3n da <em>WordCamp<\/em> \u00f3 d\u00eda seguinte.<\/strong> Para participar na <em>WordCamp<\/em> necesitas mercar a t\u00faa <a href=\"https:\/\/pontevedra.wordcamp.org\/2023\/entradas\/\">entrada<\/a>.<\/p>\n\n\n\n<div style=\"height:30px\" aria-hidden=\"true\" class=\"wp-block-spacer\"><\/div>\n\n\n\n<h2 class=\"wp-block-heading\">Taller te\u00f3rico\/pr\u00e1ctico de iniciaci\u00f3n a WordPress<\/h2>\n\n\n\n<p>A\u00ednda que est\u00e1 dentro do programa da PonteWordCamp, podes participar no taller sen necesidade de ser asistente da <em>WordCamp<\/em>.&nbsp;<\/p>\n\n\n\n<p>Pensado para calquera que lle interese descubrir c\u00f3mo vai iso de crear webs. Que sempre quixera ter unha web pero que lle dea perguiza, ou que lle pareza demasiado complicado para facelo pola s\u00faa conta.<\/p>\n\n\n\n<p>Da man dun grande profesional, adentraraste no mundo de WordPress e descubrir\u00e1s o sinxelo e r\u00e1pido que \u00e9 crear unha web con este xestor.<\/p>\n\n\n\n<p>Ademais dos co\u00f1ecementos, levaraste:<\/p>\n\n\n\n<ul class=\"wp-block-list\">\n<li>Unha <strong>nova instalaci\u00f3n de <\/strong><em>WordPress<\/em><strong>, propia e gratis<\/strong>, e todos os detalles de inicio de sesi\u00f3n precisos para que poidas comezar a traballar. Cun <strong>aloxamento de balde durante 3 meses<\/strong>, para poder po\u00f1er en pr\u00e1ctica ou experimentar co aprendido.<\/li>\n\n\n\n<li>Un <strong>certificado de asistencia<\/strong> que demostre que tes un dominio dos conceptos b\u00e1sicos.<\/li>\n<\/ul>\n\n\n\n<p><strong>Se est\u00e1s interesado en participar no Taller de Iniciaci\u00f3n, marca esta opci\u00f3n no formulario de inscrici\u00f3n<\/strong>. <\/p>\n\n\n\n<p><strong>RECORDA<\/strong> que est\u00e1&nbsp;<strong>dirixido a principiantes sen co\u00f1ecementos ou co\u00f1ecementos b\u00e1sicos<\/strong>.<\/p>\n\n\n\n<div style=\"height:30px\" aria-hidden=\"true\" class=\"wp-block-spacer\"><\/div>\n\n\n\n<h2 class=\"wp-block-heading\">do_action hackathon<\/h2>\n\n\n\n<p><em>do_action<\/em>, simplemente \u00e9 a forma que ten a Comunidade de WordPress de nomear a un evento no que nos reunimos para planificar e crear o sitio web dunhas organizaci\u00f3ns sen \u00e1nimo de lucro de \u00e1mbito local nun s\u00f3 d\u00eda.<\/p>\n\n\n\n<p>Poder\u00e1n participar tanto os participantes do taller de iniciaci\u00f3n, como calquera que desexe axudar, sen necesidade de ser asistente da <em>WordCamp<\/em>.<\/p>\n\n\n\n<p>Crearemos uns grupos de traballo en base \u00f3s roles dos participantes para cubrir todas as tarefas precisas \u00e1 hora de crear unha web. Seguindo as indicaci\u00f3ns do Director de Proxecto, dese\u00f1arase e montarase unha web a medida de acordo \u00e1s necesidades e caracter\u00edsticas de cada Asociaci\u00f3n.<\/p>\n\n\n\n<p><strong>Se est\u00e1s interesado en participar no<\/strong><em>  <\/em><strong>do_action, marca esta opci\u00f3n no formulario de inscrici\u00f3n<\/strong>. <\/p>\n\n\n\n<p><strong>RECORDA<\/strong> que est\u00e1 <strong>dirixido a usuarios con<\/strong> <strong>co\u00f1ecementos medios ou avanzados e a profesionais<\/strong>. <\/p>\n\n\n\n<div style=\"height:30px\" aria-hidden=\"true\" class=\"wp-block-spacer\"><\/div>\n\n\n\n<h2 class=\"wp-block-heading\">Que incl\u00fae a inscrici\u00f3n?<\/h2>\n\n\n\n<p>A inscrici\u00f3n <strong>\u00e9<\/strong> <strong>totalmente gratu\u00edta<\/strong> e incl\u00fae:<\/p>\n\n\n\n<ul class=\"wp-block-list\">\n<li>Poder <strong>participar na actividade ou actividades<\/strong> nas que te inscribas.<\/li>\n\n\n\n<li><strong>Caf\u00e9<\/strong> a media ma\u00f1\u00e1 (participantes do <strong>Taller de Iniciaci\u00f3n<\/strong>).<\/li>\n\n\n\n<li>Un <strong>xantar na<\/strong> cafeter\u00eda da Universidade, gracias a patrocinadores.<\/li>\n\n\n\n<li>Per\u00edodo de<strong> aloxamento gratu\u00edto<\/strong> nalgunha das empresas de <em>hosting<\/em> patrocinadoras do evento. (Participantes do <strong>Taller de Iniciaci\u00f3n<\/strong>).<\/li>\n\n\n\n<li><strong>Certificado de participaci\u00f3n<\/strong> firmado polo relator e o grupo de <em><a href=\"https:\/\/wppontevedra.org\/\">WordPress de Pontevedra<\/a>,<\/em> (participantes do<strong> Taller de Iniciaci\u00f3n<\/strong>).<\/li>\n<\/ul>\n\n\n\n<div style=\"height:30px\" aria-hidden=\"true\" class=\"wp-block-spacer\"><\/div>\n\n\n\n<h2 class=\"wp-block-heading\">Que precisas para participar?<\/h2>\n\n\n\n<ul class=\"wp-block-list\">\n<li>Ga\u00f1a de aprender, colaborar e un <strong>port\u00e1til<\/strong>. Dar\u00e9mosche WiFi para poder traballar, pero non disporemos de equipos inform\u00e1ticos.<\/li>\n\n\n\n<li>Deber\u00e1s contar cunha <strong>c<\/strong><strong>o<\/strong><strong>nta de correo<\/strong> e poder acceder a ela. Recomendamos acceso a una <strong>c<\/strong><strong>o<\/strong><strong>nta de Google<\/strong> para poder compartir recursos gr\u00e1ficos para a web a trav\u00e9s de <em>Drive<\/em>.<\/li>\n\n\n\n<li><strong>Responsabilidade<\/strong>. Son <strong>prazas limitadas.<\/strong> As\u00ed que, buscamos o m\u00e1ximo nivel de compromiso. Por iso, contactaremos previamente contigo para co\u00f1ecerte mellor, e darche m\u00e1is informaci\u00f3n sobre o evento. De xeito que podamos organizar os grupos de traballo para o do_action.<\/li>\n<\/ul>\n\n\n\n<div style=\"height:30px\" aria-hidden=\"true\" class=\"wp-block-spacer\"><\/div>\n\n\n\n<h2 class=\"wp-block-heading\">Programa proposto<\/h2>\n\n\n\n<ul class=\"wp-block-list\">\n<li><strong>09:00 \u2013 11:00&nbsp;&gt;<\/strong> Taller&nbsp;WordPress&nbsp;desde cero. <\/li>\n\n\n\n<li><strong>11:00 \u2013 11:30&nbsp;&gt;<\/strong> Descanso para caf\u00e9.<\/li>\n\n\n\n<li><strong>11:30 \u2013 13:30&nbsp;&gt;<\/strong> Preguntas e respuestas do taller de iniciaci\u00f3n.<\/li>\n\n\n\n<li>Comezo do do_action hackathon.<\/li>\n\n\n\n<li><strong>13:30 \u2013 15:00&nbsp;&gt;<\/strong> Xantar.<\/li>\n\n\n\n<li><strong>15:00 \u2013 17:00&nbsp;&gt;<\/strong> Continuaci\u00f3n do do_action hackathon.<\/li>\n\n\n\n<li>17:30 \u2013 18:30&nbsp;&gt; Presantaci\u00f3n dos proxectos realizados.<\/li>\n<\/ul>\n\n\n\n<div style=\"height:30px\" aria-hidden=\"true\" class=\"wp-block-spacer\"><\/div>\n\n\n\n<p>Ser\u00e1 unha experiencia incrible! E aprender\u00e1s da mellor maneira, practicando cunha web real mentres axudas a unha BOA CAUSA. <\/p>\n\n\n\n<p>Se tes alguna d\u00fabida, cons\u00faltanos o que queiras en <a rel=\"noreferrer noopener\" href=\"https:\/\/pontevedra.wordcamp.org\/2022\/wp-admin\/post.php?post=17&amp;action=edit\" target=\"_blank\">contacto<\/a>.<\/p>\n\n\n\n<div style=\"height:50px\" aria-hidden=\"true\" class=\"wp-block-spacer\"><\/div>\n\n\n\n<h2 class=\"wp-block-heading has-text-align-center\">As organizaci\u00f3ns beneficiarias<\/h2>\n\n\n\n<div style=\"height:30px\" aria-hidden=\"true\" class=\"wp-block-spacer\"><\/div>\n\n\n\n<figure class=\"wp-block-gallery has-nested-images columns-default wp-block-gallery-1 is-layout-flex wp-block-gallery-is-layout-flex\">\n<figure class=\"wp-block-image size-full\"><img loading=\"lazy\" decoding=\"async\" width=\"500\" height=\"525\" data-id=\"2009\" src=\"https:\/\/pontevedra.wordcamp.org\/2023\/files\/2023\/09\/Imagen-destacada-v1-5.png\" alt=\"\" class=\"wp-image-2009\" srcset=\"https:\/\/pontevedra.wordcamp.org\/2023\/files\/2023\/09\/Imagen-destacada-v1-5.png 500w, https:\/\/pontevedra.wordcamp.org\/2023\/files\/2023\/09\/Imagen-destacada-v1-5-286x300.png 286w\" sizes=\"auto, (max-width: 500px) 100vw, 500px\" \/><\/figure>\n\n\n\n<figure class=\"wp-block-image size-full\"><img loading=\"lazy\" decoding=\"async\" width=\"500\" height=\"525\" data-id=\"2010\" src=\"https:\/\/pontevedra.wordcamp.org\/2023\/files\/2023\/09\/Imagen-destacada-v1-6.png\" alt=\"\" class=\"wp-image-2010\" srcset=\"https:\/\/pontevedra.wordcamp.org\/2023\/files\/2023\/09\/Imagen-destacada-v1-6.png 500w, https:\/\/pontevedra.wordcamp.org\/2023\/files\/2023\/09\/Imagen-destacada-v1-6-286x300.png 286w\" sizes=\"auto, (max-width: 500px) 100vw, 500px\" \/><\/figure>\n\n\n\n<figure class=\"wp-block-image size-full\"><img loading=\"lazy\" decoding=\"async\" width=\"500\" height=\"525\" data-id=\"2011\" src=\"https:\/\/pontevedra.wordcamp.org\/2023\/files\/2023\/09\/Imagen-destacada-v1-7.png\" alt=\"\" class=\"wp-image-2011\" srcset=\"https:\/\/pontevedra.wordcamp.org\/2023\/files\/2023\/09\/Imagen-destacada-v1-7.png 500w, https:\/\/pontevedra.wordcamp.org\/2023\/files\/2023\/09\/Imagen-destacada-v1-7-286x300.png 286w\" sizes=\"auto, (max-width: 500px) 100vw, 500px\" \/><\/figure>\n<\/figure>\n\n\n\n<h2 class=\"wp-block-heading has-text-align-center\">Patrocinadores do taller e do_action<\/h2>\n\n\n\n<figure class=\"wp-block-gallery has-nested-images columns-default wp-block-gallery-2 is-layout-flex wp-block-gallery-is-layout-flex\">\n<figure class=\"wp-block-image size-medium\"><img decoding=\"async\" data-id=\"3954\" src=\"https:\/\/pontevedra.wordcamp.org\/2022\/files\/2022\/09\/logo_asociacion_pontupstore_horizontal_color_2022-300x138.png\" alt=\"\" class=\"wp-image-3954\" \/><\/figure>\n\n\n\n<figure class=\"wp-block-image size-full\"><img loading=\"lazy\" decoding=\"async\" width=\"800\" height=\"300\" data-id=\"212\" src=\"https:\/\/pontevedra.wordcamp.org\/2023\/files\/2023\/04\/siteground.jpg\" alt=\"SiteGround\" class=\"wp-image-212\" srcset=\"https:\/\/pontevedra.wordcamp.org\/2023\/files\/2023\/04\/siteground.jpg 800w, https:\/\/pontevedra.wordcamp.org\/2023\/files\/2023\/04\/siteground-300x113.jpg 300w, https:\/\/pontevedra.wordcamp.org\/2023\/files\/2023\/04\/siteground-768x288.jpg 768w, https:\/\/pontevedra.wordcamp.org\/2023\/files\/2023\/04\/siteground-500x188.jpg 500w\" sizes=\"auto, (max-width: 800px) 100vw, 800px\" \/><\/figure>\n\n\n\n<figure class=\"wp-block-image size-full\"><img loading=\"lazy\" decoding=\"async\" width=\"800\" height=\"300\" data-id=\"222\" src=\"https:\/\/pontevedra.wordcamp.org\/2023\/files\/2023\/04\/lucushost.jpg\" alt=\"LucusHost\" class=\"wp-image-222\" srcset=\"https:\/\/pontevedra.wordcamp.org\/2023\/files\/2023\/04\/lucushost.jpg 800w, https:\/\/pontevedra.wordcamp.org\/2023\/files\/2023\/04\/lucushost-300x113.jpg 300w, https:\/\/pontevedra.wordcamp.org\/2023\/files\/2023\/04\/lucushost-768x288.jpg 768w, https:\/\/pontevedra.wordcamp.org\/2023\/files\/2023\/04\/lucushost-500x188.jpg 500w\" sizes=\"auto, (max-width: 800px) 100vw, 800px\" \/><\/figure>\n<\/figure>\n\n\n\n<div style=\"height:50px\" aria-hidden=\"true\" class=\"wp-block-spacer\"><\/div>\n\n\n\n<h2 class=\"wp-block-heading\">Inscrici\u00f3n (Pechada)<\/h2>\n","protected":false},"excerpt":{"rendered":"<p>Un ano m\u00e1is, dende a Comunidade de WordPress Pontevedra, queremos pasar da teor\u00eda \u00e1 pr\u00e1ctica. Organizar un evento no que xuntar a principiantes, afeccionados e profesionais de WordPress colaborando por unha boa causa. Para iso, celebramos un novo WordPress en Acci\u00f3n, un evento en base a dous obxectivos: Constar\u00e1 de d\u00faas actividades principais nas que [&hellip;]<\/p>\n","protected":false},"author":17330482,"featured_media":1271,"parent":0,"menu_order":0,"comment_status":"closed","ping_status":"closed","template":"wp-custom-template-paxina-gl","meta":{"jetpack_post_was_ever_published":false,"footnotes":""},"class_list":["post-419","page","type-page","status-publish","has-post-thumbnail","hentry"],"jetpack_sharing_enabled":true,"_links":{"self":[{"href":"https:\/\/pontevedra.wordcamp.org\/2023\/wp-json\/wp\/v2\/pages\/419","targetHints":{"allow":["GET"]}}],"collection":[{"href":"https:\/\/pontevedra.wordcamp.org\/2023\/wp-json\/wp\/v2\/pages"}],"about":[{"href":"https:\/\/pontevedra.wordcamp.org\/2023\/wp-json\/wp\/v2\/types\/page"}],"author":[{"embeddable":true,"href":"https:\/\/pontevedra.wordcamp.org\/2023\/wp-json\/wp\/v2\/users\/17330482"}],"replies":[{"embeddable":true,"href":"https:\/\/pontevedra.wordcamp.org\/2023\/wp-json\/wp\/v2\/comments?post=419"}],"version-history":[{"count":15,"href":"https:\/\/pontevedra.wordcamp.org\/2023\/wp-json\/wp\/v2\/pages\/419\/revisions"}],"predecessor-version":[{"id":2311,"href":"https:\/\/pontevedra.wordcamp.org\/2023\/wp-json\/wp\/v2\/pages\/419\/revisions\/2311"}],"wp:featuredmedia":[{"embeddable":true,"href":"https:\/\/pontevedra.wordcamp.org\/2023\/wp-json\/wp\/v2\/media\/1271"}],"wp:attachment":[{"href":"https:\/\/pontevedra.wordcamp.org\/2023\/wp-json\/wp\/v2\/media?parent=419"}],"curies":[{"name":"wp","href":"https:\/\/api.w.org\/{rel}","templated":true}]}}