{"id":614,"date":"2023-05-19T16:37:50","date_gmt":"2023-05-19T14:37:50","guid":{"rendered":"https:\/\/pontevedra.wordcamp.org\/2023\/?page_id=614"},"modified":"2023-07-21T11:56:41","modified_gmt":"2023-07-21T09:56:41","slug":"blog","status":"publish","type":"page","link":"https:\/\/pontevedra.wordcamp.org\/2023\/gl\/blog\/","title":{"rendered":"Blog"},"content":{"rendered":"\n<div class=\"wp-block-group is-layout-flow wp-block-group-is-layout-flow\" style=\"padding-top:0px;padding-right:0px;padding-bottom:0px;padding-left:0px\">\n<div class=\"wp-block-query is-layout-flow wp-block-query-is-layout-flow\"><ul class=\"columns-2 wp-block-post-template is-layout-grid wp-container-core-post-template-is-layout-02493678 wp-block-post-template-is-layout-grid\"><li class=\"wp-block-post post-2370 post type-post status-publish format-standard has-post-thumbnail hentry category-noticias tag-pontevedra tag-wordcamp\">\n\n<div class=\"wp-block-group has-global-padding is-layout-constrained wp-container-core-group-is-layout-254f1302 wp-block-group-is-layout-constrained\" style=\"border-top-left-radius:0px;border-top-right-radius:0px;border-bottom-left-radius:10px;border-bottom-right-radius:10px;border-top-style:solid;border-top-width:1px;border-right-style:solid;border-right-width:1px;border-bottom-style:solid;border-bottom-width:1px;border-left-style:solid;border-left-width:1px;padding-top:0;padding-right:0;padding-bottom:0;padding-left:0\"><figure class=\"wp-block-post-featured-image\"><a href=\"https:\/\/pontevedra.wordcamp.org\/2023\/resenas-pontewordcamp\/\" target=\"_self\"  ><img loading=\"lazy\" decoding=\"async\" width=\"1000\" height=\"525\" src=\"https:\/\/pontevedra.wordcamp.org\/2023\/files\/2023\/09\/PonteWordCamp-2023-blog.jpg\" class=\"attachment-post-thumbnail size-post-thumbnail wp-post-image\" alt=\"Rese\u00f1as, v\u00eddeos y podcast de la PonteWordCamp 2023\" style=\"object-fit:cover;\" srcset=\"https:\/\/pontevedra.wordcamp.org\/2023\/files\/2023\/09\/PonteWordCamp-2023-blog.jpg 1000w, https:\/\/pontevedra.wordcamp.org\/2023\/files\/2023\/09\/PonteWordCamp-2023-blog-300x158.jpg 300w, https:\/\/pontevedra.wordcamp.org\/2023\/files\/2023\/09\/PonteWordCamp-2023-blog-768x403.jpg 768w, https:\/\/pontevedra.wordcamp.org\/2023\/files\/2023\/09\/PonteWordCamp-2023-blog-500x263.jpg 500w\" sizes=\"auto, (max-width: 1000px) 100vw, 1000px\" \/><\/a><\/figure>\n\n<h2 style=\"padding-top:0;padding-right:var(--wp--preset--spacing--30);padding-bottom:0;padding-left:var(--wp--preset--spacing--30);\" class=\"wp-block-post-title\"><a href=\"https:\/\/pontevedra.wordcamp.org\/2023\/resenas-pontewordcamp\/\" target=\"_self\" >Rese\u00f1as, v\u00eddeos y podcast de la PonteWordCamp 2023<\/a><\/h2>\n\n<div style=\"padding-right:var(--wp--preset--spacing--30);padding-left:var(--wp--preset--spacing--30);padding-bottom:var(--wp--preset--spacing--30);\" class=\"wp-block-post-excerpt\"><p class=\"wp-block-post-excerpt__excerpt\">Rese\u00f1as en blogs, v\u00eddeos y podcast de la PonteWordCamp 2023<\/p><p class=\"wp-block-post-excerpt__more-text\"><a class=\"wp-block-post-excerpt__more-link\" href=\"https:\/\/pontevedra.wordcamp.org\/2023\/resenas-pontewordcamp\/\"><strong>Ver a entrada<\/strong><\/a><\/p><\/div><\/div>\n\n<\/li><li class=\"wp-block-post post-2437 post type-post status-publish format-standard has-post-thumbnail hentry category-uncategorized\">\n\n<div class=\"wp-block-group has-global-padding is-layout-constrained wp-container-core-group-is-layout-254f1302 wp-block-group-is-layout-constrained\" style=\"border-top-left-radius:0px;border-top-right-radius:0px;border-bottom-left-radius:10px;border-bottom-right-radius:10px;border-top-style:solid;border-top-width:1px;border-right-style:solid;border-right-width:1px;border-bottom-style:solid;border-bottom-width:1px;border-left-style:solid;border-left-width:1px;padding-top:0;padding-right:0;padding-bottom:0;padding-left:0\"><figure class=\"wp-block-post-featured-image\"><a href=\"https:\/\/pontevedra.wordcamp.org\/2023\/resumen-del-wordpress-en-accion-2023\/\" target=\"_self\"  ><img loading=\"lazy\" decoding=\"async\" width=\"1000\" height=\"525\" src=\"https:\/\/pontevedra.wordcamp.org\/2023\/files\/2023\/10\/Imagen-destacada-v1.png\" class=\"attachment-post-thumbnail size-post-thumbnail wp-post-image\" alt=\"Resumen del WordPress en acci\u00f3n 2023\" style=\"object-fit:cover;\" srcset=\"https:\/\/pontevedra.wordcamp.org\/2023\/files\/2023\/10\/Imagen-destacada-v1.png 1000w, https:\/\/pontevedra.wordcamp.org\/2023\/files\/2023\/10\/Imagen-destacada-v1-300x158.png 300w, https:\/\/pontevedra.wordcamp.org\/2023\/files\/2023\/10\/Imagen-destacada-v1-768x403.png 768w, https:\/\/pontevedra.wordcamp.org\/2023\/files\/2023\/10\/Imagen-destacada-v1-500x263.png 500w\" sizes=\"auto, (max-width: 1000px) 100vw, 1000px\" \/><\/a><\/figure>\n\n<h2 style=\"padding-top:0;padding-right:var(--wp--preset--spacing--30);padding-bottom:0;padding-left:var(--wp--preset--spacing--30);\" class=\"wp-block-post-title\"><a href=\"https:\/\/pontevedra.wordcamp.org\/2023\/resumen-del-wordpress-en-accion-2023\/\" target=\"_self\" >Resumen del WordPress en acci\u00f3n 2023<\/a><\/h2>\n\n<div style=\"padding-right:var(--wp--preset--spacing--30);padding-left:var(--wp--preset--spacing--30);padding-bottom:var(--wp--preset--spacing--30);\" class=\"wp-block-post-excerpt\"><p class=\"wp-block-post-excerpt__excerpt\">Breve resumen de lo que fue el Taller de iniciaci\u00f3n a WordPress y el do_action hackthon que realizamos previo a la Wordcamp Pontevedra 2023<\/p><p class=\"wp-block-post-excerpt__more-text\"><a class=\"wp-block-post-excerpt__more-link\" href=\"https:\/\/pontevedra.wordcamp.org\/2023\/resumen-del-wordpress-en-accion-2023\/\"><strong>Ver a entrada<\/strong><\/a><\/p><\/div><\/div>\n\n<\/li><li class=\"wp-block-post post-2377 post type-post status-publish format-standard has-post-thumbnail hentry category-noticias tag-pontevedra tag-wordcamp\">\n\n<div class=\"wp-block-group has-global-padding is-layout-constrained wp-container-core-group-is-layout-254f1302 wp-block-group-is-layout-constrained\" style=\"border-top-left-radius:0px;border-top-right-radius:0px;border-bottom-left-radius:10px;border-bottom-right-radius:10px;border-top-style:solid;border-top-width:1px;border-right-style:solid;border-right-width:1px;border-bottom-style:solid;border-bottom-width:1px;border-left-style:solid;border-left-width:1px;padding-top:0;padding-right:0;padding-bottom:0;padding-left:0\"><figure class=\"wp-block-post-featured-image\"><a href=\"https:\/\/pontevedra.wordcamp.org\/2023\/pontewc-vision-wajari\/\" target=\"_self\"  ><img loading=\"lazy\" decoding=\"async\" width=\"1000\" height=\"525\" src=\"https:\/\/pontevedra.wordcamp.org\/2023\/files\/2023\/09\/Wajari-PonteWC.jpg\" class=\"attachment-post-thumbnail size-post-thumbnail wp-post-image\" alt=\"\u00a1Esta fue por ti! La visi\u00f3n del expresidente\" style=\"object-fit:cover;\" srcset=\"https:\/\/pontevedra.wordcamp.org\/2023\/files\/2023\/09\/Wajari-PonteWC.jpg 1000w, https:\/\/pontevedra.wordcamp.org\/2023\/files\/2023\/09\/Wajari-PonteWC-300x158.jpg 300w, https:\/\/pontevedra.wordcamp.org\/2023\/files\/2023\/09\/Wajari-PonteWC-768x403.jpg 768w, https:\/\/pontevedra.wordcamp.org\/2023\/files\/2023\/09\/Wajari-PonteWC-500x263.jpg 500w\" sizes=\"auto, (max-width: 1000px) 100vw, 1000px\" \/><\/a><\/figure>\n\n<h2 style=\"padding-top:0;padding-right:var(--wp--preset--spacing--30);padding-bottom:0;padding-left:var(--wp--preset--spacing--30);\" class=\"wp-block-post-title\"><a href=\"https:\/\/pontevedra.wordcamp.org\/2023\/pontewc-vision-wajari\/\" target=\"_self\" >\u00a1Esta fue por ti! La visi\u00f3n del expresidente<\/a><\/h2>\n\n<div style=\"padding-right:var(--wp--preset--spacing--30);padding-left:var(--wp--preset--spacing--30);padding-bottom:var(--wp--preset--spacing--30);\" class=\"wp-block-post-excerpt\"><p class=\"wp-block-post-excerpt__excerpt\">La visi\u00f3n del \u00abexpresidente\u00bb de la WordCamp Pontevedra 2023. \u00a1Esta fue por ti camarada!<\/p><p class=\"wp-block-post-excerpt__more-text\"><a class=\"wp-block-post-excerpt__more-link\" href=\"https:\/\/pontevedra.wordcamp.org\/2023\/pontewc-vision-wajari\/\"><strong>Ver a entrada<\/strong><\/a><\/p><\/div><\/div>\n\n<\/li><li class=\"wp-block-post post-1975 post type-post status-publish format-standard has-post-thumbnail hentry category-noticias tag-pontevedra tag-wordcamp\">\n\n<div class=\"wp-block-group has-global-padding is-layout-constrained wp-container-core-group-is-layout-254f1302 wp-block-group-is-layout-constrained\" style=\"border-top-left-radius:0px;border-top-right-radius:0px;border-bottom-left-radius:10px;border-bottom-right-radius:10px;border-top-style:solid;border-top-width:1px;border-right-style:solid;border-right-width:1px;border-bottom-style:solid;border-bottom-width:1px;border-left-style:solid;border-left-width:1px;padding-top:0;padding-right:0;padding-bottom:0;padding-left:0\"><figure class=\"wp-block-post-featured-image\"><a href=\"https:\/\/pontevedra.wordcamp.org\/2023\/el-plan-para-esta-wordcamp-pontevedra\/\" target=\"_self\"  ><img loading=\"lazy\" decoding=\"async\" width=\"1000\" height=\"525\" src=\"https:\/\/pontevedra.wordcamp.org\/2023\/files\/2023\/09\/Imagen-destacada-v1-10.png\" class=\"attachment-post-thumbnail size-post-thumbnail wp-post-image\" alt=\"El plan para esta WordCamp Pontevedra\" style=\"object-fit:cover;\" srcset=\"https:\/\/pontevedra.wordcamp.org\/2023\/files\/2023\/09\/Imagen-destacada-v1-10.png 1000w, https:\/\/pontevedra.wordcamp.org\/2023\/files\/2023\/09\/Imagen-destacada-v1-10-300x158.png 300w, https:\/\/pontevedra.wordcamp.org\/2023\/files\/2023\/09\/Imagen-destacada-v1-10-768x403.png 768w, https:\/\/pontevedra.wordcamp.org\/2023\/files\/2023\/09\/Imagen-destacada-v1-10-500x263.png 500w\" sizes=\"auto, (max-width: 1000px) 100vw, 1000px\" \/><\/a><\/figure>\n\n<h2 style=\"padding-top:0;padding-right:var(--wp--preset--spacing--30);padding-bottom:0;padding-left:var(--wp--preset--spacing--30);\" class=\"wp-block-post-title\"><a href=\"https:\/\/pontevedra.wordcamp.org\/2023\/el-plan-para-esta-wordcamp-pontevedra\/\" target=\"_self\" >El plan para esta WordCamp Pontevedra<\/a><\/h2>\n\n<div style=\"padding-right:var(--wp--preset--spacing--30);padding-left:var(--wp--preset--spacing--30);padding-bottom:var(--wp--preset--spacing--30);\" class=\"wp-block-post-excerpt\"><p class=\"wp-block-post-excerpt__excerpt\">Resumen, recomendaciones y consejos para sacarle el mayor partido a tu tiempo durante la WordCamp Pontevedra<\/p><p class=\"wp-block-post-excerpt__more-text\"><a class=\"wp-block-post-excerpt__more-link\" href=\"https:\/\/pontevedra.wordcamp.org\/2023\/el-plan-para-esta-wordcamp-pontevedra\/\"><strong>Ver a entrada<\/strong><\/a><\/p><\/div><\/div>\n\n<\/li><li class=\"wp-block-post post-2125 post type-post status-publish format-standard has-post-thumbnail hentry category-noticias tag-pontevedra tag-wordcamp\">\n\n<div class=\"wp-block-group has-global-padding is-layout-constrained wp-container-core-group-is-layout-254f1302 wp-block-group-is-layout-constrained\" style=\"border-top-left-radius:0px;border-top-right-radius:0px;border-bottom-left-radius:10px;border-bottom-right-radius:10px;border-top-style:solid;border-top-width:1px;border-right-style:solid;border-right-width:1px;border-bottom-style:solid;border-bottom-width:1px;border-left-style:solid;border-left-width:1px;padding-top:0;padding-right:0;padding-bottom:0;padding-left:0\"><figure class=\"wp-block-post-featured-image\"><a href=\"https:\/\/pontevedra.wordcamp.org\/2023\/de-que-va-eso-del-contributor-day\/\" target=\"_self\"  ><img loading=\"lazy\" decoding=\"async\" width=\"1000\" height=\"525\" src=\"https:\/\/pontevedra.wordcamp.org\/2023\/files\/2023\/09\/de-que-va-eso-del-contributor-day.webp\" class=\"attachment-post-thumbnail size-post-thumbnail wp-post-image\" alt=\"\u00bfDe qu\u00e9 va eso del Contributor day?\" style=\"object-fit:cover;\" srcset=\"https:\/\/pontevedra.wordcamp.org\/2023\/files\/2023\/09\/de-que-va-eso-del-contributor-day.webp 1000w, https:\/\/pontevedra.wordcamp.org\/2023\/files\/2023\/09\/de-que-va-eso-del-contributor-day-300x158.webp 300w, https:\/\/pontevedra.wordcamp.org\/2023\/files\/2023\/09\/de-que-va-eso-del-contributor-day-768x403.webp 768w, https:\/\/pontevedra.wordcamp.org\/2023\/files\/2023\/09\/de-que-va-eso-del-contributor-day-500x263.webp 500w\" sizes=\"auto, (max-width: 1000px) 100vw, 1000px\" \/><\/a><\/figure>\n\n<h2 style=\"padding-top:0;padding-right:var(--wp--preset--spacing--30);padding-bottom:0;padding-left:var(--wp--preset--spacing--30);\" class=\"wp-block-post-title\"><a href=\"https:\/\/pontevedra.wordcamp.org\/2023\/de-que-va-eso-del-contributor-day\/\" target=\"_self\" >\u00bfDe qu\u00e9 va eso del Contributor day?<\/a><\/h2>\n\n<div style=\"padding-right:var(--wp--preset--spacing--30);padding-left:var(--wp--preset--spacing--30);padding-bottom:var(--wp--preset--spacing--30);\" class=\"wp-block-post-excerpt\"><p class=\"wp-block-post-excerpt__excerpt\">\u00bfCu\u00e1nto hace que conoces WordPress? \u00bfSab\u00edas que es una herramienta de c\u00f3digo abierto y libre? Esto permite que cualquiera pueda participar de la creaci\u00f3n y mejora de la herramienta o de cualquier parte del ecosistema a su alrededor.<\/p><p class=\"wp-block-post-excerpt__more-text\"><a class=\"wp-block-post-excerpt__more-link\" href=\"https:\/\/pontevedra.wordcamp.org\/2023\/de-que-va-eso-del-contributor-day\/\"><strong>Ver a entrada<\/strong><\/a><\/p><\/div><\/div>\n\n<\/li><li class=\"wp-block-post post-1910 post type-post status-publish format-standard has-post-thumbnail hentry category-noticias tag-pontevedra tag-wordcamp\">\n\n<div class=\"wp-block-group has-global-padding is-layout-constrained wp-container-core-group-is-layout-254f1302 wp-block-group-is-layout-constrained\" style=\"border-top-left-radius:0px;border-top-right-radius:0px;border-bottom-left-radius:10px;border-bottom-right-radius:10px;border-top-style:solid;border-top-width:1px;border-right-style:solid;border-right-width:1px;border-bottom-style:solid;border-bottom-width:1px;border-left-style:solid;border-left-width:1px;padding-top:0;padding-right:0;padding-bottom:0;padding-left:0\"><figure class=\"wp-block-post-featured-image\"><a href=\"https:\/\/pontevedra.wordcamp.org\/2023\/razones-por-las-que-deberias-participar-en-el-doaction-hackathon\/\" target=\"_self\"  ><img loading=\"lazy\" decoding=\"async\" width=\"1000\" height=\"525\" src=\"https:\/\/pontevedra.wordcamp.org\/2023\/files\/2023\/09\/Imagen-destacada-v1-4.png\" class=\"attachment-post-thumbnail size-post-thumbnail wp-post-image\" alt=\"Razones por las que deber\u00edas participar en el do_action hackathon\" style=\"object-fit:cover;\" srcset=\"https:\/\/pontevedra.wordcamp.org\/2023\/files\/2023\/09\/Imagen-destacada-v1-4.png 1000w, https:\/\/pontevedra.wordcamp.org\/2023\/files\/2023\/09\/Imagen-destacada-v1-4-300x158.png 300w, https:\/\/pontevedra.wordcamp.org\/2023\/files\/2023\/09\/Imagen-destacada-v1-4-768x403.png 768w, https:\/\/pontevedra.wordcamp.org\/2023\/files\/2023\/09\/Imagen-destacada-v1-4-500x263.png 500w\" sizes=\"auto, (max-width: 1000px) 100vw, 1000px\" \/><\/a><\/figure>\n\n<h2 style=\"padding-top:0;padding-right:var(--wp--preset--spacing--30);padding-bottom:0;padding-left:var(--wp--preset--spacing--30);\" class=\"wp-block-post-title\"><a href=\"https:\/\/pontevedra.wordcamp.org\/2023\/razones-por-las-que-deberias-participar-en-el-doaction-hackathon\/\" target=\"_self\" >Razones por las que deber\u00edas participar en el do_action hackathon<\/a><\/h2>\n\n<div style=\"padding-right:var(--wp--preset--spacing--30);padding-left:var(--wp--preset--spacing--30);padding-bottom:var(--wp--preset--spacing--30);\" class=\"wp-block-post-excerpt\"><p class=\"wp-block-post-excerpt__excerpt\">Reflexiones de por qu\u00e9 pensamos que es un evento necesario, qu\u00e9 nos motiva a organizarlo, y qu\u00e9 es lo que te llevas de esta experiencia.<\/p><p class=\"wp-block-post-excerpt__more-text\"><a class=\"wp-block-post-excerpt__more-link\" href=\"https:\/\/pontevedra.wordcamp.org\/2023\/razones-por-las-que-deberias-participar-en-el-doaction-hackathon\/\"><strong>Ver a entrada<\/strong><\/a><\/p><\/div><\/div>\n\n<\/li><\/ul>\n\n<nav class=\"wp-block-query-pagination is-content-justification-center is-layout-flex wp-container-core-query-pagination-is-layout-a89b3969 wp-block-query-pagination-is-layout-flex\" aria-label=\"Paginaci\u00f3n\">\n\n\n<div class=\"wp-block-query-pagination-numbers\"><span aria-current=\"page\" class=\"page-numbers current\">1<\/span>\n<a class=\"page-numbers\" href=\"?query-47-page=2\">2<\/a>\n<a class=\"page-numbers\" href=\"?query-47-page=3\">3<\/a><\/div>\n\n<a href=\"\/2023\/wp-json\/wp\/v2\/pages\/614?query-47-page=2\" class=\"wp-block-query-pagination-next\" aria-label=\"P\u00e1gina siguiente\"><span class='wp-block-query-pagination-next-arrow is-arrow-arrow' aria-hidden='true'>\u2192<\/span><\/a>\n<\/nav><\/div>\n<\/div>\n","protected":false},"excerpt":{"rendered":"","protected":false},"author":15018745,"featured_media":0,"parent":532,"menu_order":0,"comment_status":"closed","ping_status":"closed","template":"wp-custom-template-paxina-gl","meta":{"jetpack_post_was_ever_published":false,"footnotes":""},"class_list":["post-614","page","type-page","status-publish","hentry"],"jetpack_sharing_enabled":true,"_links":{"self":[{"href":"https:\/\/pontevedra.wordcamp.org\/2023\/wp-json\/wp\/v2\/pages\/614","targetHints":{"allow":["GET"]}}],"collection":[{"href":"https:\/\/pontevedra.wordcamp.org\/2023\/wp-json\/wp\/v2\/pages"}],"about":[{"href":"https:\/\/pontevedra.wordcamp.org\/2023\/wp-json\/wp\/v2\/types\/page"}],"author":[{"embeddable":true,"href":"https:\/\/pontevedra.wordcamp.org\/2023\/wp-json\/wp\/v2\/users\/15018745"}],"replies":[{"embeddable":true,"href":"https:\/\/pontevedra.wordcamp.org\/2023\/wp-json\/wp\/v2\/comments?post=614"}],"version-history":[{"count":6,"href":"https:\/\/pontevedra.wordcamp.org\/2023\/wp-json\/wp\/v2\/pages\/614\/revisions"}],"predecessor-version":[{"id":1309,"href":"https:\/\/pontevedra.wordcamp.org\/2023\/wp-json\/wp\/v2\/pages\/614\/revisions\/1309"}],"up":[{"embeddable":true,"href":"https:\/\/pontevedra.wordcamp.org\/2023\/wp-json\/wp\/v2\/pages\/532"}],"wp:attachment":[{"href":"https:\/\/pontevedra.wordcamp.org\/2023\/wp-json\/wp\/v2\/media?parent=614"}],"curies":[{"name":"wp","href":"https:\/\/api.w.org\/{rel}","templated":true}]}}