{"id":630,"date":"2023-05-19T16:54:46","date_gmt":"2023-05-19T14:54:46","guid":{"rendered":"https:\/\/pontevedra.wordcamp.org\/2023\/?page_id=630"},"modified":"2023-05-24T20:01:40","modified_gmt":"2023-05-24T18:01:40","slug":"servizo-de-ludoteca","status":"publish","type":"page","link":"https:\/\/pontevedra.wordcamp.org\/2023\/gl\/servizo-de-ludoteca\/","title":{"rendered":"Servizo de Ludoteca"},"content":{"rendered":"\n<p>Cando se est\u00e1 a pensar en asistir a un evento, <strong>organizar o coidado dos cativos<\/strong> \u00e9 un dos factores m\u00e1is importantes para os que temos familia, sobre todo cando o evento se celebra\u00a0noutra cidade.<\/p>\n\n\n\n<p>Cando temos peques, sa\u00edr da casa e tomarnos un par de d\u00edas para asistir a un evento, non \u00e9 unha decisi\u00f3n doada de tomar. As\u00ed e todo, sabemos que asistir a conferencias e eventos \u00e9 unha parte fundamental para o noso desenvolvemento profesional e persoal, ademais de ser unha gran forma de co\u00f1ecer xente e novos lugares.<\/p>\n\n\n\n<p>Por iso, queremos po\u00f1\u00e9rvolo doado para vir \u00e1 WordCamp Pontevedra 2023, e grazas \u00f3 <strong>patrocinio de X<\/strong>, podemos ofrecervos un servizo de ludoteca para que os vosos fillos e fillas poidan estar atendidos e entretidos mentres v\u00f3s gozades das charlas e o <em>networking<\/em> sen preocupaci\u00f3ns.<\/p>\n\n\n\n<div style=\"height:30px\" aria-hidden=\"true\" class=\"wp-block-spacer\"><\/div>\n\n\n\n<h2 class=\"wp-block-heading\">Pontevedra \u00e9 a cidade perfecta para visitar con cativos<\/h2>\n\n\n\n<p>A nosa \u00e9 unha cidade na que a r\u00faa \u00e9 o centro da vida social. P\u00f3dese ir andando a todas partes, xa que todo queda preto, e o centro est\u00e1 peonalizado para que os nenos e nenas se divirtan a tope nas s\u00faas prazas, xard\u00edns e parques infant\u00eds.<\/p>\n\n\n\n<p>As\u00ed que, os que non co\u00f1ezades Pontevedra, non dubidedes en traer a toda a familia, porque todos desfrutar\u00e1n este fin de semana. Se queredes saber m\u00e1is, esta gu\u00eda do Concello de Pontevedra davos moita informaci\u00f3n para<a href=\"https:\/\/www.visit-pontevedra.com\/que-hacer\/pontevedra-en-familia\/\"> visitar Pontevedra en familia<\/a>.<\/p>\n\n\n\n<div style=\"height:30px\" aria-hidden=\"true\" class=\"wp-block-spacer\"><\/div>\n\n\n\n<h2 class=\"wp-block-heading\">En que consiste o servizo de Ludoteca?<\/h2>\n\n\n\n<p>O <strong>horario da ludoteca ser\u00e1 o s\u00e1bado de 9 da ma\u00f1\u00e1 a 13:30, e de 15:00 a 18:30. <\/strong>O lugar ser\u00e1 o mesmo edificio onde se celebra a WordCamp e os pais poder\u00e1n achegarse a velos cando queiran.<\/p>\n\n\n\n<p>Teremos un servizo de monitores profesionais (grazas \u00e1 <strong>empresa Aindam\u00e1is<\/strong>) que preparar\u00e1n xogos educativos e de animaci\u00f3n para manter \u00f3s teus peques entretidos e seguros, mentres desfrutas das charlas.<\/p>\n\n\n\n<p>Os nenos poden levar o seu almorzo ou merenda, e los monitores encargar\u00e1nse de darllos a media ma\u00f1\u00e1 ou tarde, pero o xantar, realizarano cos seus pais na zona de restauraci\u00f3n asignada.<\/p>\n\n\n\n<p>Teremos un <strong>m\u00e1ximo de 15 nenos e nenas<\/strong> que poder\u00e1n desfrutar do servizo de ludoteca, de <strong>idades entre os 3 e 12 anos<\/strong>. As\u00ed que, ped\u00edmosche encarecidamente que cubras este formulario para facer a t\u00faa reserva. Non poderemos admitir a ningu\u00e9n no momento sen reserva previa.<\/p>\n\n\n\n<p>Para calquera d\u00fabida, tesnos no correo electr\u00f3nico <a href=\"mailto:pontevedra@wordcamp.org\">pontevedra@wordcamp.org<\/a> ou na p\u00e1xina de <a href=\"https:\/\/pontevedra.wordcamp.org\/2023\/gl\/contacto\/\" data-type=\"page\" data-id=\"607\">contacto<\/a>. <\/p>\n\n\n\n<div style=\"height:30px\" aria-hidden=\"true\" class=\"wp-block-spacer\"><\/div>\n\n\n<div data-test='contact-form'\n\t\t\tid='contact-form-630'\n\t\t\tclass='wp-block-jetpack-contact-form-container '\n\t\t\tdata-wp-interactive='jetpack\/form' data-wp-context='{\"formId\":\"630\",\"formHash\":\"4f1bee3e8051841f24288f770cab71edc7e9bd0d\",\"showErrors\":false,\"errors\":[],\"fields\":[],\"isMultiStep\":false,\"useAjax\":true,\"submissionData\":null,\"formattedSubmissionData\":[],\"submissionSuccess\":false,\"submissionError\":null,\"elementId\":\"jp-form-4f1bee3e8051841f24288f770cab71edc7e9bd0d\",\"isSingleInputForm\":false}'\n\t\t\tdata-wp-watch--scroll-to-wrapper=\"callbacks.scrollToWrapper\"\n\t\t>\n<div class=\"contact-form-submission contact-form-ajax-submission\" data-wp-bind--aria-hidden=\"state.isSuccessMessageAriaHidden\" data-wp-class--submission-success=\"context.submissionSuccess\" id=\"contact-form-success-4f1bee3e8051841f24288f770cab71edc7e9bd0d\" tabindex=\"-1\" aria-labelledby=\"contact-form-success-header-4f1bee3e8051841f24288f770cab71edc7e9bd0d\"><p class=\"go-back-message\"><a class=\"link\" role=\"button\" tabindex=\"0\" data-wp-on--click=\"actions.goBack\" href=\"\/2023\/wp-json\/wp\/v2\/pages\/630\">\u2190 Back<\/a><\/p><h4 data-wp-bind--aria-hidden=\"state.isSuccessMessageAriaHidden\" id=\"contact-form-success-header-4f1bee3e8051841f24288f770cab71edc7e9bd0d\">Tu mensaje se ha enviado<\/h4>\n\n<template data-wp-each--submission=\"context.formattedSubmissionData\">\n\t\t\t\t\t<div class=\"jetpack_forms_contact-form-success-summary\">\n\t\t\t\t\t\t<div class=\"field-name\" data-wp-text=\"context.submission.label\" data-wp-bind--hidden=\"!context.submission.label\"><\/div>\n\t\t\t\t\t\t<div class=\"field-value\" data-wp-text=\"context.submission.value\" data-wp-bind--hidden=\"!context.submission.showPlainValue\"><\/div>\n\t\t\t\t\t\t<a class=\"field-url\" data-wp-bind--href=\"context.submission.url\" data-wp-text=\"context.submission.value\" data-wp-bind--hidden=\"!context.submission.url\" target=\"_blank\" rel=\"noopener noreferrer\"><\/a>\n\t\t\t\t\t\t<div class=\"field-rating\" data-wp-bind--hidden=\"!context.submission.rating\" data-wp-watch=\"callbacks.watchRatingIcons\"><\/div>\n\t\t\t\t\t\t<div class=\"field-images\" data-wp-bind--hidden=\"!context.submission.images\">\n\t\t\t\t\t\t\t<template data-wp-each--image=\"context.submission.images\">\n\t\t\t\t\t\t\t\t<div class=\"field-image-option\" data-wp-class--is-empty=\"!context.image.src\">\n\t\t\t\t\t\t\t\t\t<figure class=\"field-image-option__image\" data-wp-class--is-empty=\"!context.image.src\">\n\t\t\t\t\t\t\t\t\t\t<img data-wp-bind--src=\"context.image.src\" data-wp-bind--hidden=\"!context.image.src\" \/>\n\t\t\t\t\t\t\t\t\t\t<img decoding=\"async\" src=\"data:image\/gif;base64,R0lGODlhAQABAAD\/ACwAAAAAAQABAAACADs=\" data-wp-bind--hidden=\"context.image.src\" \/>\n\t\t\t\t\t\t\t\t\t<\/figure>\n\t\t\t\t\t\t\t\t\t<div class=\"field-image-option__label-wrapper\">\n\t\t\t\t\t\t\t\t\t\t<span class=\"field-image-option__label-code\" data-wp-text=\"context.image.letterCode\"><\/span>\n\t\t\t\t\t\t\t\t\t\t<span class=\"field-image-option__label\" data-wp-text=\"context.image.label\" data-wp-bind--hidden=\"!context.image.label\"><\/span>\n\t\t\t\t\t\t\t\t\t<\/div>\n\t\t\t\t\t\t\t\t<\/div>\n\t\t\t\t\t\t\t<\/template>\n\t\t\t\t\t\t<\/div>\n\t\t\t\t\t\t<div class=\"field-files\" data-wp-bind--hidden=\"!context.submission.files\">\n\t\t\t\t\t\t\t<template data-wp-each--file=\"context.submission.files\">\n\t\t\t\t\t\t\t\t<div class=\"field-file\">\n\t\t\t\t\t\t\t\t\t<div class=\"field-file__thumbnail\" data-wp-style--background-image=\"context.file.previewUrl\" data-wp-style--mask-image=\"context.file.iconUrl\" data-wp-bind--hidden=\"!context.file.hasPreview\"><\/div>\n\t\t\t\t\t\t\t\t\t<svg class=\"field-file__icon\" data-wp-bind--hidden=\"context.file.hasPreview\" width=\"20\" height=\"20\" viewBox=\"0 0 24 24\" fill=\"none\" xmlns=\"http:\/\/www.w3.org\/2000\/svg\" aria-hidden=\"true\">\n\t\t\t\t\t\t\t\t\t\t<path d=\"M14 2H6C4.9 2 4 2.9 4 4V20C4 21.1 4.89 22 5.99 22H18C19.1 22 20 21.1 20 20V8L14 2ZM18 20H6V4H13V9H18V20Z\" fill=\"currentColor\"\/>\n\t\t\t\t\t\t\t\t\t<\/svg>\n\t\t\t\t\t\t\t\t\t<span class=\"field-file__name\" data-wp-text=\"context.file.name\"><\/span>\n\t\t\t\t\t\t\t\t\t<span class=\"field-file__size\" data-wp-text=\"context.file.size\"><\/span>\n\t\t\t\t\t\t\t\t<\/div>\n\t\t\t\t\t\t\t<\/template>\n\t\t\t\t\t\t<\/div>\n\t\t\t\t\t<\/div>\n\t\t\t\t<\/template><\/div><form action='https:\/\/pontevedra.wordcamp.org\/2023\/gl\/servizo-de-ludoteca\/'\n\t\t\t\tid='jp-form-4f1bee3e8051841f24288f770cab71edc7e9bd0d'\n\t\t\t\tmethod='post'\n\t\t\t\tclass='contact-form commentsblock wp-block-jetpack-contact-form' aria-label=\"Servizo de Ludoteca\"\n\t\t\t\tdata-wp-on--submit=\"actions.onFormSubmit\"\n\t\t\t\tdata-wp-on--reset=\"actions.onFormReset\"\n\t\t\t\tdata-wp-class--submission-success=\"context.submissionSuccess\"\n\t\t\t\tdata-wp-class--is-first-step=\"state.isFirstStep\"\n\t\t\t\tdata-wp-class--is-last-step=\"state.isLastStep\"\n\t\t\t\tdata-wp-class--is-ajax-form=\"context.useAjax\"\n\t\t\t\tnovalidate >\n<input type='hidden' name='jetpack_contact_form_jwt' value='eyJ0eXAiOiJKV1QiLCJhbGciOiJIUzI1NiJ9.eyJlbmNyeXB0ZWRfYXR0cmlidXRlcyI6IklJbkZidUtWa2wvK3R5d2JkRzZidkRLYXlrTTAzU2hMZVVMbHlKWXdrM093SDdESHovS2FHc0RNM2pQYXNQREEreHowaC9DREoyV0pRdGE1cDJVek9XcHU3RkdqUE5rQVkyYTZkdUJOWXVCbWpGd0FCK3o1YkdnYUsvSVQwRGNSVlZJSklaMmJwMXFadmliRGlpSURTYWpSbUhUMWlxcjFDSmVmYU5wLzU0eEpqMHgvYUcwRUU0TGJHREtvZ3ltTTVTK1pteUdhK21QTkJDWFVQTEVMZGJ5Y3FVWFRyNUl4MkJNdVVYVWRPNENwZUtNZjNFVXd2Nmg2THRnNFN2Sk9ZYzRBc0VpcjdZcG42WXpncWZmU0FzRE5XdEJVcnVtOTFiWmRsWTFXWGJLMi9HcGlXZzV0YXViaDRJMzltdTdEbDNBd2RSOWhPZDZsNkdYcDVDekxnNXBZVnZTcXljMUhxaVg5TTlLQzFWQ1ZZOVFoVXlOY0t0OWVHN082VHVSWDU1MnQ3MXgyaElGTkFVYUJ0MnZRUVJyRlByT2REQk1KOEE1RTZFVU53bHZLSG5lQ01jQ2VxbUM5cFhWaXJoNThrZTZtSW5GNzV2QklCd29oQWsrY1IxamNxeVJPMjc1dmRnUy91WWoxdUF0c3UxZDh4ZEZlcE1OYUhpRnlOOVpBelRmazFKR2p0UWlUTXZiR2NlOW9DNk9FZ2RSdkVEdEM0QnpseG1McHZ5UmpCdDBMdWZyMmxxdzlPbUxoSXR1MHd0VHA3L2FReVVoS3hHN1FScm9GNE5CSlVobnpOMzMvYWg1aFBrOUhGY1FMOXNqRS85NmlIVlM4b0x1VHd0b2FLNnVDRXpQYkh5YVBhTkpvbFR4bjhzeTg2QldpaGx6OXZFTnRvaU9rRUZydEkzdVEzWnV6VEs1R2dEZEREaWtzcDhiRTBQS2ZYL0lGNlRuUWdpYmVmWmFQUm9Sd0ZJdGVqdkJubTlkVlFFK2N4MVJCWXlQc3kyZnJGN0k5OGQwazdQVDBJYmMvWnZwdkpOREVWVHB2dFZVQ3N4aFdqaU5FWEZjWWFock56ZXVqZ3k3MHh2YWMyaVNxOEV3dmFMVGhaeXVXdzNFYnMxSXFtQXJBWHpGOHIwaHlVY2RHM29SY2QvUG9VQ3htN2M4TXp1eU83NG9JWU4zUDhIY25ySFFra1dXREI2WGE5UmthMUNKWGVRUWpKOGNNV2F3PSIsImNvbnRlbnQiOiJcbjxkaXYgY2xhc3M9XCJ3cC1ibG9jay1qZXRwYWNrLWNvbnRhY3QtZm9ybVwiIHN0eWxlPVwicGFkZGluZy10b3A6MTZweDtwYWRkaW5nLXJpZ2h0OjE2cHg7cGFkZGluZy1ib3R0b206MTZweDtwYWRkaW5nLWxlZnQ6MTZweFwiPltjb250YWN0LWZpZWxkIGxhYmVsPVwiTm9tZSBkbyBwYWkmIzA0NDsgbmFpIG91IHJlc3BvbnNhYmxlXCIgcmVxdWlyZWQ9XCIxXCIgcmVxdWlyZWRUZXh0PVwiKG9icmlnYXRvcmlvKVwiIHR5cGU9XCJuYW1lXCIvXVxuXG5bY29udGFjdC1maWVsZCBsYWJlbD1cIkNvcnJlbyBlbGVjdHJcdTAwZjNuaWNvXCIgcmVxdWlyZWQ9XCIxXCIgcmVxdWlyZWRUZXh0PVwiKG9icmlnYXRvcmlvKVwiIHR5cGU9XCJlbWFpbFwiL11cblxuW2NvbnRhY3QtZmllbGQgbGFiZWw9XCJOb21lIGUgaWRhZGVzIGRvcyBuZW5vc1wiIHJlcXVpcmVkVGV4dD1cIihvYmxpZ2F0b3JpbylcIiB0eXBlPVwidGVsZXBob25lXCIvXVxuXG5bY29udGFjdC1maWVsZCBsYWJlbD1cIk91dHJvcyBkZXRhbGxlcyBxdWUgbmVjZXNpdGVtb3Mgc2FiZXIgKGFsZXJ4aWFzJiMwNDQ7IGV0Yy4pXCIgcmVxdWlyZWRUZXh0PVwiKG9ibGlnYXRvcmlvKVwiIHR5cGU9XCJ0ZXh0YXJlYVwiL11cblxuPGRpdiBjbGFzcz1cIndwLWJsb2NrLWpldHBhY2stYnV0dG9uIHdwLWJsb2NrLWJ1dHRvblwiIHN0eWxlPVwiXCI-PGJ1dHRvbiBjbGFzcz1cIndwLWJsb2NrLWJ1dHRvbl9fbGlua1wiIHN0eWxlPVwiXCIgZGF0YS1pZC1hdHRyPVwicGxhY2Vob2xkZXJcIiB0eXBlPVwic3VibWl0XCIgZGF0YS13cC1jbGFzcy0taXMtc3VibWl0dGluZz1cInN0YXRlLmlzU3VibWl0dGluZ1wiIGRhdGEtd3AtYmluZC0tYXJpYS1kaXNhYmxlZD1cInN0YXRlLmlzQXJpYURpc2FibGVkXCI-RW52aWFyPHNwYW4gY2xhc3M9XCJzcGlubmVyXCIgYXJpYS1oaWRkZW49XCJ0cnVlXCI-PHN2ZyB3aWR0aD1cIjI0XCIgaGVpZ2h0PVwiMjRcIiB2aWV3Qm94PVwiMCAwIDI0IDI0XCIgeG1sbnM9XCJodHRwOi8vd3d3LnczLm9yZy8yMDAwL3N2Z1wiPjxwYXRoIGQ9XCJNMTIsMUExMSwxMSwwLDEsMCwyMywxMiwxMSwxMSwwLDAsMCwxMiwxWm0wLDE5YTgsOCwwLDEsMSw4LThBOCw4LDAsMCwxLDEyLDIwWlwiIG9wYWNpdHk9XCIuMjVcIi8-PHBhdGggZD1cIk0xMC4xNCwxLjE2YTExLDExLDAsMCwwLTksOC45MkExLjU5LDEuNTksMCwwLDAsMi40NiwxMiwxLjUyLDEuNTIsMCwwLDAsNC4xMSwxMC43YTgsOCwwLDAsMSw2LjY2LTYuNjFBMS40MiwxLjQyLDAsMCwwLDEyLDIuNjloMEExLjU3LDEuNTcsMCwwLDAsMTAuMTQsMS4xNlpcIj48YW5pbWF0ZVRyYW5zZm9ybSBhdHRyaWJ1dGVOYW1lPVwidHJhbnNmb3JtXCIgdHlwZT1cInJvdGF0ZVwiIGR1cj1cIjAuNzVzXCIgdmFsdWVzPVwiMCAxMiAxMjszNjAgMTIgMTJcIiByZXBlYXRDb3VudD1cImluZGVmaW5pdGVcIi8-PC9wYXRoPjwvc3ZnPjxzcGFuIGNsYXNzPVwiaXMtdmlzdWFsbHktaGlkZGVuXCI-U3VibWl0dGluZyBmb3JtPC9zcGFuPjwvc3Bhbj48L2J1dHRvbj48L2Rpdj48L2Rpdj5cbiIsImhhc2giOiI0ZjFiZWUzZTgwNTE4NDFmMjQyODhmNzcwY2FiNzFlZGM3ZTliZDBkIiwic291cmNlIjp7ImVudHJ5X3RpdGxlIjoiU2Vydml6byBkZSBMdWRvdGVjYSIsImVudHJ5X3BhZ2UiOjEsInNvdXJjZV9pZCI6NjMwLCJzb3VyY2VfdHlwZSI6InNpbmdsZSIsInJlcXVlc3RfdXJsIjoiaHR0cHM6Ly9wb250ZXZlZHJhLndvcmRjYW1wLm9yZy8yMDIzL3dwLWpzb24vd3AvdjIvcGFnZXMvNjMwIn0sInZlcnNpb24iOjIsImNpcGhlciI6ImFlcy0yNTYtZ2NtIn0.UA83EcfedbYJthKWmz9lKDvLkEWZWmlX6dk4cRoZDts' \/>\n\n<div class=\"wp-block-jetpack-contact-form\" style=\"padding-top:16px;padding-right:16px;padding-bottom:16px;padding-left:16px\">\n<div style=\"\"  data-wp-interactive=\"jetpack\/form\" data-wp-context='{\"fieldId\":\"g630-nomedopai044naiouresponsable\",\"fieldType\":\"name\",\"fieldLabel\":\"Nome do pai\\u0026#044; nai ou responsable\",\"fieldValue\":\"\",\"fieldPlaceholder\":\"\",\"fieldIsRequired\":\"1\",\"fieldErrorMessage\":\"\",\"fieldExtra\":[],\"formHash\":\"4f1bee3e8051841f24288f770cab71edc7e9bd0d\"}'  class='grunion-field-name-wrap grunion-field-wrap'  data-wp-init='callbacks.initializeField' data-wp-on--jetpack-form-reset='callbacks.initializeField' >\n<label\n\t\t\t\tfor='g630-nomedopai044naiouresponsable' class=\"grunion-field-label name\" >Nome do pai&#044; nai ou responsable<span class=\"grunion-label-required\" aria-hidden=\"true\">(obrigatorio)<\/span><\/label>\n<input\n\t\t\t\t\ttype='text'\n\t\t\t\t\tname='g630-nomedopai044naiouresponsable'\n\t\t\t\t\tid='g630-nomedopai044naiouresponsable'\n\t\t\t\t\tvalue=''\n\n\t\t\t\t\tdata-wp-bind--aria-invalid='state.fieldAriaInvalid'\n\t\t\t\t\tdata-wp-bind--value='state.getFieldValue'\n\t\t\t\t\taria-describedby='g630-nomedopai044naiouresponsable-text-error-message'\n\t\t\t\t\tdata-wp-on--input='actions.onFieldChange'\n\t\t\t\t\tdata-wp-on--blur='actions.onFieldBlur'\n\t\t\t\t\tdata-wp-class--has-value='state.hasFieldValue'\n\n\t\t\t\t\tclass='name  grunion-field' \n\t\t\t\t\trequired='true' aria-required='true'  \/>\n \n\t\t\t<div id=\"g630-nomedopai044naiouresponsable-text-error\" class=\"contact-form__input-error\" data-wp-class--has-errors=\"state.fieldHasErrors\">\n\t\t\t\t<span class=\"contact-form__warning-icon\" aria-hidden=\"true\">\n\t\t\t\t\t<svg width=\"16\" height=\"16\" viewBox=\"0 0 16 16\" fill=\"none\" xmlns=\"http:\/\/www.w3.org\/2000\/svg\">\n\t\t\t\t\t\t<path d=\"M8.50015 11.6402H7.50015V10.6402H8.50015V11.6402Z\" \/>\n\t\t\t\t\t\t<path d=\"M7.50015 9.64018H8.50015V6.30684H7.50015V9.64018Z\" \/>\n\t\t\t\t\t\t<path fill-rule=\"evenodd\" clip-rule=\"evenodd\" d=\"M6.98331 3.0947C7.42933 2.30177 8.57096 2.30177 9.01698 3.09469L13.8771 11.7349C14.3145 12.5126 13.7525 13.4735 12.8602 13.4735H3.14004C2.24774 13.4735 1.68575 12.5126 2.12321 11.7349L6.98331 3.0947ZM8.14541 3.58496C8.08169 3.47168 7.9186 3.47168 7.85488 3.58496L2.99478 12.2251C2.93229 12.3362 3.01257 12.4735 3.14004 12.4735H12.8602C12.9877 12.4735 13.068 12.3362 13.0055 12.2251L8.14541 3.58496Z\" \/>\n\t\t\t\t\t<\/svg>\n\t\t\t\t<\/span>\n\t\t\t\t<span data-wp-text=\"state.errorMessage\" id=\"g630-nomedopai044naiouresponsable-text-error-message\"><\/span>\n\t\t\t<\/div> \n\t<\/div>\n\n\n\n<div style=\"\"  data-wp-interactive=\"jetpack\/form\" data-wp-context='{\"fieldId\":\"g630-correoelectrnico\",\"fieldType\":\"email\",\"fieldLabel\":\"Correo electr\\u00f3nico\",\"fieldValue\":\"\",\"fieldPlaceholder\":\"\",\"fieldIsRequired\":\"1\",\"fieldErrorMessage\":\"\",\"fieldExtra\":[],\"formHash\":\"4f1bee3e8051841f24288f770cab71edc7e9bd0d\"}'  class='grunion-field-email-wrap grunion-field-wrap'  data-wp-init='callbacks.initializeField' data-wp-on--jetpack-form-reset='callbacks.initializeField' >\n<label\n\t\t\t\tfor='g630-correoelectrnico' class=\"grunion-field-label email\" >Correo electr\u00f3nico<span class=\"grunion-label-required\" aria-hidden=\"true\">(obrigatorio)<\/span><\/label>\n<input\n\t\t\t\t\ttype='email'\n\t\t\t\t\tname='g630-correoelectrnico'\n\t\t\t\t\tid='g630-correoelectrnico'\n\t\t\t\t\tvalue=''\n\n\t\t\t\t\tdata-wp-bind--aria-invalid='state.fieldAriaInvalid'\n\t\t\t\t\tdata-wp-bind--value='state.getFieldValue'\n\t\t\t\t\taria-describedby='g630-correoelectrnico-email-error-message'\n\t\t\t\t\tdata-wp-on--input='actions.onFieldChange'\n\t\t\t\t\tdata-wp-on--blur='actions.onFieldBlur'\n\t\t\t\t\tdata-wp-class--has-value='state.hasFieldValue'\n\n\t\t\t\t\tclass='email  grunion-field' \n\t\t\t\t\trequired='true' aria-required='true'  \/>\n \n\t\t\t<div id=\"g630-correoelectrnico-email-error\" class=\"contact-form__input-error\" data-wp-class--has-errors=\"state.fieldHasErrors\">\n\t\t\t\t<span class=\"contact-form__warning-icon\" aria-hidden=\"true\">\n\t\t\t\t\t<svg width=\"16\" height=\"16\" viewBox=\"0 0 16 16\" fill=\"none\" xmlns=\"http:\/\/www.w3.org\/2000\/svg\">\n\t\t\t\t\t\t<path d=\"M8.50015 11.6402H7.50015V10.6402H8.50015V11.6402Z\" \/>\n\t\t\t\t\t\t<path d=\"M7.50015 9.64018H8.50015V6.30684H7.50015V9.64018Z\" \/>\n\t\t\t\t\t\t<path fill-rule=\"evenodd\" clip-rule=\"evenodd\" d=\"M6.98331 3.0947C7.42933 2.30177 8.57096 2.30177 9.01698 3.09469L13.8771 11.7349C14.3145 12.5126 13.7525 13.4735 12.8602 13.4735H3.14004C2.24774 13.4735 1.68575 12.5126 2.12321 11.7349L6.98331 3.0947ZM8.14541 3.58496C8.08169 3.47168 7.9186 3.47168 7.85488 3.58496L2.99478 12.2251C2.93229 12.3362 3.01257 12.4735 3.14004 12.4735H12.8602C12.9877 12.4735 13.068 12.3362 13.0055 12.2251L8.14541 3.58496Z\" \/>\n\t\t\t\t\t<\/svg>\n\t\t\t\t<\/span>\n\t\t\t\t<span data-wp-text=\"state.errorMessage\" id=\"g630-correoelectrnico-email-error-message\"><\/span>\n\t\t\t<\/div> \n\t<\/div>\n\n\n\n<div style=\"\"  data-wp-interactive=\"jetpack\/form\" data-wp-context='{\"fieldId\":\"g630-nomeeidadesdosnenos\",\"fieldType\":\"telephone\",\"fieldLabel\":\"Nome e idades dos nenos\",\"fieldValue\":\"\",\"fieldPlaceholder\":\"\",\"fieldIsRequired\":\"\",\"fieldErrorMessage\":\"\",\"fieldExtra\":[],\"formHash\":\"4f1bee3e8051841f24288f770cab71edc7e9bd0d\"}'  class='grunion-field-telephone-wrap grunion-field-wrap'  data-wp-init='callbacks.initializeField' data-wp-on--jetpack-form-reset='callbacks.initializeField' >\n<label\n\t\t\t\tfor='g630-nomeeidadesdosnenos' class=\"grunion-field-label telephone\" >Nome e idades dos nenos<\/label>\n<input\n\t\t\t\t\ttype='tel'\n\t\t\t\t\tname='g630-nomeeidadesdosnenos'\n\t\t\t\t\tid='g630-nomeeidadesdosnenos'\n\t\t\t\t\tvalue=''\n\n\t\t\t\t\tdata-wp-bind--aria-invalid='state.fieldAriaInvalid'\n\t\t\t\t\tdata-wp-bind--value='state.getFieldValue'\n\t\t\t\t\taria-describedby='g630-nomeeidadesdosnenos-tel-error-message'\n\t\t\t\t\tdata-wp-on--input='actions.onFieldChange'\n\t\t\t\t\tdata-wp-on--blur='actions.onFieldBlur'\n\t\t\t\t\tdata-wp-class--has-value='state.hasFieldValue'\n\n\t\t\t\t\tclass='telephone  grunion-field' \n\t\t\t\t\t \/>\n \n\t\t\t<div id=\"g630-nomeeidadesdosnenos-tel-error\" class=\"contact-form__input-error\" data-wp-class--has-errors=\"state.fieldHasErrors\">\n\t\t\t\t<span class=\"contact-form__warning-icon\" aria-hidden=\"true\">\n\t\t\t\t\t<svg width=\"16\" height=\"16\" viewBox=\"0 0 16 16\" fill=\"none\" xmlns=\"http:\/\/www.w3.org\/2000\/svg\">\n\t\t\t\t\t\t<path d=\"M8.50015 11.6402H7.50015V10.6402H8.50015V11.6402Z\" \/>\n\t\t\t\t\t\t<path d=\"M7.50015 9.64018H8.50015V6.30684H7.50015V9.64018Z\" \/>\n\t\t\t\t\t\t<path fill-rule=\"evenodd\" clip-rule=\"evenodd\" d=\"M6.98331 3.0947C7.42933 2.30177 8.57096 2.30177 9.01698 3.09469L13.8771 11.7349C14.3145 12.5126 13.7525 13.4735 12.8602 13.4735H3.14004C2.24774 13.4735 1.68575 12.5126 2.12321 11.7349L6.98331 3.0947ZM8.14541 3.58496C8.08169 3.47168 7.9186 3.47168 7.85488 3.58496L2.99478 12.2251C2.93229 12.3362 3.01257 12.4735 3.14004 12.4735H12.8602C12.9877 12.4735 13.068 12.3362 13.0055 12.2251L8.14541 3.58496Z\" \/>\n\t\t\t\t\t<\/svg>\n\t\t\t\t<\/span>\n\t\t\t\t<span data-wp-text=\"state.errorMessage\" id=\"g630-nomeeidadesdosnenos-tel-error-message\"><\/span>\n\t\t\t<\/div> \n\t<\/div>\n\n\n\n<div style=\"\"  data-wp-interactive=\"jetpack\/form\" data-wp-context='{\"fieldId\":\"g630-outrosdetallesquenecesitemossaberalerxias044etc\",\"fieldType\":\"textarea\",\"fieldLabel\":\"Outros detalles que necesitemos saber (alerxias\\u0026#044; etc.)\",\"fieldValue\":\"\",\"fieldPlaceholder\":\"\",\"fieldIsRequired\":\"\",\"fieldErrorMessage\":\"\",\"fieldExtra\":[],\"formHash\":\"4f1bee3e8051841f24288f770cab71edc7e9bd0d\"}'  class='grunion-field-textarea-wrap grunion-field-wrap'  data-wp-init='callbacks.initializeField' data-wp-on--jetpack-form-reset='callbacks.initializeField' >\n<label\n\t\t\t\tfor='contact-form-comment-g630-outrosdetallesquenecesitemossaberalerxias044etc' class=\"grunion-field-label textarea\" >Outros detalles que necesitemos saber (alerxias&#044; etc.)<\/label>\n<textarea\n\t\t                style=''\n\t\t                name='g630-outrosdetallesquenecesitemossaberalerxias044etc'\n\t\t                id='contact-form-comment-g630-outrosdetallesquenecesitemossaberalerxias044etc'\n\t\t                rows='20'\n\t\t\t\t\t\tdata-wp-text='state.getFieldValue'\n\t\t\t\t\t\tdata-wp-on--input='actions.onFieldChange'\n\t\t\t\t\t\tdata-wp-on--blur='actions.onFieldBlur'\n\t\t\t\t\t\tdata-wp-class--has-value='state.hasFieldValue'\n\t\t\t\t\t\taria-describedby='g630-outrosdetallesquenecesitemossaberalerxias044etc-textarea-error-message'\n\t\t\t\t\t\tdata-wp-bind--aria-invalid='state.fieldAriaInvalid'\n\t\t\t\t\t\tclass='textarea  grunion-field'  ><\/textarea>\n \n\t\t\t<div id=\"g630-outrosdetallesquenecesitemossaberalerxias044etc-textarea-error\" class=\"contact-form__input-error\" data-wp-class--has-errors=\"state.fieldHasErrors\">\n\t\t\t\t<span class=\"contact-form__warning-icon\" aria-hidden=\"true\">\n\t\t\t\t\t<svg width=\"16\" height=\"16\" viewBox=\"0 0 16 16\" fill=\"none\" xmlns=\"http:\/\/www.w3.org\/2000\/svg\">\n\t\t\t\t\t\t<path d=\"M8.50015 11.6402H7.50015V10.6402H8.50015V11.6402Z\" \/>\n\t\t\t\t\t\t<path d=\"M7.50015 9.64018H8.50015V6.30684H7.50015V9.64018Z\" \/>\n\t\t\t\t\t\t<path fill-rule=\"evenodd\" clip-rule=\"evenodd\" d=\"M6.98331 3.0947C7.42933 2.30177 8.57096 2.30177 9.01698 3.09469L13.8771 11.7349C14.3145 12.5126 13.7525 13.4735 12.8602 13.4735H3.14004C2.24774 13.4735 1.68575 12.5126 2.12321 11.7349L6.98331 3.0947ZM8.14541 3.58496C8.08169 3.47168 7.9186 3.47168 7.85488 3.58496L2.99478 12.2251C2.93229 12.3362 3.01257 12.4735 3.14004 12.4735H12.8602C12.9877 12.4735 13.068 12.3362 13.0055 12.2251L8.14541 3.58496Z\" \/>\n\t\t\t\t\t<\/svg>\n\t\t\t\t<\/span>\n\t\t\t\t<span data-wp-text=\"state.errorMessage\" id=\"g630-outrosdetallesquenecesitemossaberalerxias044etc-textarea-error-message\"><\/span>\n\t\t\t<\/div>\n\t<\/div>\n\n\n<div class=\"contact-form__error\" data-wp-class--show-errors=\"state.showFormErrors\"><span class=\"contact-form__warning-icon\" aria-hidden=\"true\"><i><\/i><\/span><span class=\"contact-form__error-message\" tabindex=\"-1\" data-wp-watch=\"callbacks.focusOnValidationError\" data-wp-text=\"state.getFormErrorMessage\"><\/span><ul aria-label=\"Form errors\">\n\t\t\t\t<template data-wp-each=\"state.getErrorList\" data-wp-key=\"context.item.id\">\n\t\t\t\t\t<li><a data-wp-bind--href=\"context.item.anchor\" data-wp-on--click=\"actions.scrollIntoView\" data-wp-text=\"context.item.label\"><\/a><\/li>\n\t\t\t\t<\/template>\n\t\t\t\t<\/ul><\/div><div class=\"contact-form__error\" data-wp-class--show-errors=\"state.showSubmissionError\" data-wp-text=\"context.submissionError\" tabindex=\"-1\" data-wp-watch=\"callbacks.focusOnSubmissionError\"><\/div> <div class=\"wp-block-jetpack-button wp-block-button\" style=\"\"><button data-wp-bind--disabled=\"state.isAriaDisabled\" class=\"wp-block-button__link\" style=\"\" data-id-attr=\"placeholder\" type=\"submit\" data-wp-class--is-submitting=\"state.isSubmitting\" data-wp-bind--aria-disabled=\"state.isAriaDisabled\">Enviar<span class=\"spinner\" aria-hidden=\"true\"><svg width=\"24\" height=\"24\" viewBox=\"0 0 24 24\" xmlns=\"http:\/\/www.w3.org\/2000\/svg\"><path d=\"M12,1A11,11,0,1,0,23,12,11,11,0,0,0,12,1Zm0,19a8,8,0,1,1,8-8A8,8,0,0,1,12,20Z\" opacity=\".25\"\/><path d=\"M10.14,1.16a11,11,0,0,0-9,8.92A1.59,1.59,0,0,0,2.46,12,1.52,1.52,0,0,0,4.11,10.7a8,8,0,0,1,6.66-6.61A1.42,1.42,0,0,0,12,2.69h0A1.57,1.57,0,0,0,10.14,1.16Z\"><animateTransform attributeName=\"transform\" type=\"rotate\" dur=\"0.75s\" values=\"0 12 12;360 12 12\" repeatCount=\"indefinite\"\/><\/path><\/svg><span class=\"is-visually-hidden\">Submitting form<\/span><\/span><\/button><\/div><\/div>\n\t\t<input type='hidden' name='contact-form-id' value='630' \/>\n\t\t<input type='hidden' name='action' value='grunion-contact-form' \/>\n\t\t<input type='hidden' name='contact-form-hash' value='4f1bee3e8051841f24288f770cab71edc7e9bd0d' \/>\n<p style=\"display: none !important;\" class=\"akismet-fields-container\" data-prefix=\"ak_\"><label>&#916;<textarea name=\"ak_hp_textarea\" cols=\"45\" rows=\"8\" maxlength=\"100\"><\/textarea><\/label><input type=\"hidden\" id=\"ak_js_1\" name=\"ak_js\" value=\"27\"\/><script>\ndocument.getElementById( \"ak_js_1\" ).setAttribute( \"value\", ( new Date() ).getTime() );\n<\/script>\n<\/p><\/form>\n<\/div>","protected":false},"excerpt":{"rendered":"<p>Cando se est\u00e1 a pensar en asistir a un evento, organizar o coidado dos cativos \u00e9 un dos factores m\u00e1is importantes para os que temos familia, sobre todo cando o evento se celebra\u00a0noutra cidade. Cando temos peques, sa\u00edr da casa e tomarnos un par de d\u00edas para asistir a un evento, non \u00e9 unha decisi\u00f3n [&hellip;]<\/p>\n","protected":false},"author":15018745,"featured_media":0,"parent":532,"menu_order":0,"comment_status":"closed","ping_status":"closed","template":"wp-custom-template-paxina-gl","meta":{"jetpack_post_was_ever_published":false,"footnotes":""},"class_list":["post-630","page","type-page","status-publish","hentry"],"jetpack_sharing_enabled":true,"_links":{"self":[{"href":"https:\/\/pontevedra.wordcamp.org\/2023\/wp-json\/wp\/v2\/pages\/630","targetHints":{"allow":["GET"]}}],"collection":[{"href":"https:\/\/pontevedra.wordcamp.org\/2023\/wp-json\/wp\/v2\/pages"}],"about":[{"href":"https:\/\/pontevedra.wordcamp.org\/2023\/wp-json\/wp\/v2\/types\/page"}],"author":[{"embeddable":true,"href":"https:\/\/pontevedra.wordcamp.org\/2023\/wp-json\/wp\/v2\/users\/15018745"}],"replies":[{"embeddable":true,"href":"https:\/\/pontevedra.wordcamp.org\/2023\/wp-json\/wp\/v2\/comments?post=630"}],"version-history":[{"count":5,"href":"https:\/\/pontevedra.wordcamp.org\/2023\/wp-json\/wp\/v2\/pages\/630\/revisions"}],"predecessor-version":[{"id":666,"href":"https:\/\/pontevedra.wordcamp.org\/2023\/wp-json\/wp\/v2\/pages\/630\/revisions\/666"}],"up":[{"embeddable":true,"href":"https:\/\/pontevedra.wordcamp.org\/2023\/wp-json\/wp\/v2\/pages\/532"}],"wp:attachment":[{"href":"https:\/\/pontevedra.wordcamp.org\/2023\/wp-json\/wp\/v2\/media?parent=630"}],"curies":[{"name":"wp","href":"https:\/\/api.w.org\/{rel}","templated":true}]}}