{"id":641,"date":"2023-05-19T17:24:14","date_gmt":"2023-05-19T15:24:14","guid":{"rendered":"https:\/\/pontevedra.wordcamp.org\/2023\/?page_id=641"},"modified":"2023-09-16T15:00:31","modified_gmt":"2023-09-16T13:00:31","slug":"entradas","status":"publish","type":"page","link":"https:\/\/pontevedra.wordcamp.org\/2023\/gl\/entradas\/","title":{"rendered":"Entradas"},"content":{"rendered":"\n<p>Est\u00e1s preparado ou preparada para asistir a unha das <strong>mellores WordCamps<\/strong> do mundo mundial? \ud83d\ude09 Festa, WordPress e moito networking. <\/p>\n\n\n\n<p>O noso encontro de WordPress anual de toda Galicia na nosa querida Pontevedra. Fac\u00e9molo con moito cari\u00f1o e ese \u00e9 todo o secreto do \u00e9xito do noso evento. \u2764\ufe0f<\/p>\n\n\n\n<p>Coa t\u00faa entrada est\u00e1s apoiando o <em>open source<\/em>. Como ves, ten unha cont\u00eda moi reducida, grazas \u00f3s nosos <a href=\"https:\/\/pontevedra.wordcamp.org\/2023\/patrocinadores\/\" data-type=\"page\" data-id=\"10\">patrocinadores<\/a>, que nos apoian econ\u00f3mica e moralmente, para que isto sexa posible. <\/p>\n\n\n\n<div style=\"height:30px\" aria-hidden=\"true\" class=\"wp-block-spacer\"><\/div>\n\n\n\n<h2 class=\"wp-block-heading\">Que incl\u00fae a mi\u00f1a entrada?<\/h2>\n\n\n\n<p>A entrada da&nbsp;<strong>acceso a todas as actividades<\/strong>&nbsp;os d\u00edas&nbsp;<strong>16 e 17 de Setembro<\/strong>: por un lado, \u00e1s&nbsp;<strong>conferencias<\/strong>&nbsp;do s\u00e1bado (haber\u00e1 dous&nbsp;<em>tracks<\/em>&nbsp;con charlas de todos os niveis, que detallaremos no programa) e, por outro, o&nbsp;<strong>D\u00eda da Comunidade<\/strong>&nbsp;o&nbsp;<em>Contributor day<\/em>, o domingo.<\/p>\n\n\n\n<p>Est\u00e1n incluidas as&nbsp;<strong>comidas<\/strong>&nbsp;durante o evento, tanto o s\u00e1bado como o domingo. As\u00ed como o&nbsp;<strong>caf\u00e9 \/ t\u00e9 \/ auga<\/strong>&nbsp;durante as pausas do evento, que se realizar\u00e1n pola ma\u00f1\u00e1 e pola tarde.<\/p>\n\n\n\n<p>Tam\u00e9n permitirache acudir \u00e1&nbsp;<em>after party<\/em>&nbsp;(ou&nbsp;<em>festa rachada<\/em>) do s\u00e1bado pola noite, onde poder\u00e1s tomar algo de forma distendida con outros asistentes \u00f3 evento. <\/p>\n\n\n\n<p>Ademais, recibir\u00e1s unha&nbsp;<strong>camiseta conmemorativa<\/strong>&nbsp;da WordCamp Pontevedra 2023 (elixes a t\u00faa talla \u00f3 mercar a entrada), unha&nbsp;<strong>acreditaci\u00f3n personalizada<\/strong>\u2026 e algunha sorpresa m\u00e1is!<\/p>\n\n\n\n<p>A inscripci\u00f3n \u00f3 taller de WordPress<em><strong>\u00a0<\/strong><\/em>que se celebra o d\u00eda 15, \u00e9 diferente \u00e1 <strong>entrada xeral<\/strong>. Esa actividade \u00e9 GRATIS e podes inscribirte na seguinte ligaz\u00f3n: <a href=\"https:\/\/pontevedra.wordcamp.org\/2023\/taller-do-action-gl\/\" data-type=\"page\" data-id=\"419\">Taller de WordPress e <em>do_action<\/em><\/a>. <\/p>\n\n\n\n<div style=\"height:30px\" aria-hidden=\"true\" class=\"wp-block-spacer\"><\/div>\n\n\n\n<h2 class=\"wp-block-heading\">Importante: antes de mercar<\/h2>\n\n\n\n<ul class=\"wp-block-list\">\n<li><strong>Es estudiante ou profesor da&nbsp;<\/strong><a rel=\"noreferrer noopener\" href=\"https:\/\/www.uvigo.gal\/es\" target=\"_blank\">Universidade de Vigo<\/a>?&nbsp;Temos un&nbsp;<strong>desconto do 60 %<\/strong>&nbsp;para as primeiras 55 entradas de persoas desta comunidade que o acrediten, quedando o prezo da entrada en&nbsp;<strong>10 \u20ac<\/strong>.&nbsp;<a href=\"https:\/\/pontevedra.wordcamp.org\/2023\/gl\/contacto\/\" data-type=\"page\" data-id=\"17\">Contacta con n\u00f3s<\/a>&nbsp;para que xeremos o teu cup\u00f3n personalizado. S\u00f3 tes que enviarnos os teus datos e unha acreditaci\u00f3n de que formas parte da comunidade universitaria. <\/li>\n\n\n\n<li>Queres optar a ser&nbsp;relator,&nbsp;<strong>voluntario&nbsp;<\/strong>ou&nbsp;patrocinador? Non merques a\u00ednda a t\u00faa entrada. Se resultas seleccionado, a&nbsp;<strong>asistencia ser\u00e1 de balde para ti<\/strong>.<\/li>\n\n\n\n<li>Utilizamos o sistema&nbsp;<a rel=\"noreferrer noopener\" href=\"https:\/\/es.gravatar.com\/\" target=\"_blank\">Gravatar<\/a>&nbsp;para mostrar a foto ou avatar dos asistentes na p\u00e1xina de asistentes. Se queres que a t\u00faa foto apareza no listado e na t\u00faa acreditaci\u00f3n personalizada, abonda con crear unha conta e asignarlle o teu avatar ou foto \u00f3 correo electr\u00f3nico que utilizar\u00e1s para adquirir a t\u00faa entrada.<\/li>\n\n\n\n<li><strong>AUTORIZACI\u00d3N<\/strong>: Polo ben da comunidade e con fins de promoci\u00f3n, haber\u00e1 voluntarios e\/ou fot\u00f3grafos profesionais na WordCamp Pontevedra 2023. \u00d3 acudir o evento autorizas a utilizaci\u00f3n da t\u00faa imaxe se apareces en fotos ou v\u00eddeos que se poidan tomar que mostren a t\u00faa participaci\u00f3n na WordCamp.<\/li>\n<\/ul>\n\n\n\n<div style=\"height:50px\" aria-hidden=\"true\" class=\"wp-block-spacer\"><\/div>\n\n\n<a href=\"https:\/\/pontevedra.wordcamp.org\/2023\/gl\/entradas\/\">Por favor, ve esta p\u00e1gina en un navegador para hacer una compra o gestionar entradas.<\/a>\n","protected":false},"excerpt":{"rendered":"<p>Est\u00e1s preparado ou preparada para asistir a unha das mellores WordCamps do mundo mundial? \ud83d\ude09 Festa, WordPress e moito networking. O noso encontro de WordPress anual de toda Galicia na nosa querida Pontevedra. Fac\u00e9molo con moito cari\u00f1o e ese \u00e9 todo o secreto do \u00e9xito do noso evento. \u2764\ufe0f Coa t\u00faa entrada est\u00e1s apoiando o [&hellip;]<\/p>\n","protected":false},"author":15018745,"featured_media":0,"parent":532,"menu_order":0,"comment_status":"closed","ping_status":"closed","template":"wp-custom-template-paxina-gl","meta":{"jetpack_post_was_ever_published":false,"footnotes":""},"class_list":["post-641","page","type-page","status-publish","hentry"],"jetpack_sharing_enabled":true,"_links":{"self":[{"href":"https:\/\/pontevedra.wordcamp.org\/2023\/wp-json\/wp\/v2\/pages\/641","targetHints":{"allow":["GET"]}}],"collection":[{"href":"https:\/\/pontevedra.wordcamp.org\/2023\/wp-json\/wp\/v2\/pages"}],"about":[{"href":"https:\/\/pontevedra.wordcamp.org\/2023\/wp-json\/wp\/v2\/types\/page"}],"author":[{"embeddable":true,"href":"https:\/\/pontevedra.wordcamp.org\/2023\/wp-json\/wp\/v2\/users\/15018745"}],"replies":[{"embeddable":true,"href":"https:\/\/pontevedra.wordcamp.org\/2023\/wp-json\/wp\/v2\/comments?post=641"}],"version-history":[{"count":7,"href":"https:\/\/pontevedra.wordcamp.org\/2023\/wp-json\/wp\/v2\/pages\/641\/revisions"}],"predecessor-version":[{"id":1410,"href":"https:\/\/pontevedra.wordcamp.org\/2023\/wp-json\/wp\/v2\/pages\/641\/revisions\/1410"}],"up":[{"embeddable":true,"href":"https:\/\/pontevedra.wordcamp.org\/2023\/wp-json\/wp\/v2\/pages\/532"}],"wp:attachment":[{"href":"https:\/\/pontevedra.wordcamp.org\/2023\/wp-json\/wp\/v2\/media?parent=641"}],"curies":[{"name":"wp","href":"https:\/\/api.w.org\/{rel}","templated":true}]}}