{"id":20,"date":"2024-01-23T21:07:54","date_gmt":"2024-01-23T20:07:54","guid":{"rendered":"https:\/\/pontevedra.wordcamp.org\/2024\/code-of-conduct\/"},"modified":"2024-05-06T13:24:04","modified_gmt":"2024-05-06T11:24:04","slug":"codigo-de-conduta","status":"publish","type":"page","link":"https:\/\/pontevedra.wordcamp.org\/2024\/codigo-de-conduta\/","title":{"rendered":"C\u00f3digo de conduta"},"content":{"rendered":"\n<div class=\"wp-block-group has-global-padding is-layout-constrained wp-block-group-is-layout-constrained\" style=\"padding-top:48px;padding-bottom:48px\">\n<h2 class=\"wp-block-heading has-accent-4-color has-text-color has-link-color wp-elements-8d13f6b50c75d6295abaa027c254b43e\" id=\"galego\">1. Prop\u00f3sito<\/h2>\n\n\n\n<p class=\"wp-block-paragraph\"><strong>WordCamp Pontevedra<\/strong>&nbsp;considera esencial, que a nosa&nbsp;<strong>comunidade<\/strong>&nbsp;deber\u00eda estar realmente&nbsp;<strong>aberta<\/strong>&nbsp;a todo o mundo. Como tal, estamos comprometidos a proporcionar un&nbsp;<strong>ambiente amigable, seguro e acolledor para todos<\/strong>&nbsp;independentemente do seu x\u00e9nero, orientaci\u00f3n sexual, discapacidade, etnia, relixi\u00f3n, sistema operativo preferido, linguaxe de programaci\u00f3n ou editor de texto.<\/p>\n\n\n\n<p class=\"wp-block-paragraph\">Este c\u00f3digo de conduta resume as nosas expectativas para o comportamento dos participantes, as\u00ed como as consecuencias para o comportamento inaceptable.<\/p>\n\n\n\n<p class=\"wp-block-paragraph\">Instamos a todos os patrocinadores, voluntarios, relatores, asistentes e outros participantes a que nos axuden a facer realidade unha experiencia de evento segura e positiva para todos e todas.<\/p>\n\n\n\n<div style=\"height:30px\" aria-hidden=\"true\" class=\"wp-block-spacer\"><\/div>\n\n\n\n<h2 class=\"wp-block-heading has-accent-4-color has-text-color has-link-color wp-elements-a5b7d33e871927ef799d74804af7cab4\">2. Cidadan\u00eda&nbsp;<em>Open Source<\/em><\/h2>\n\n\n\n<p class=\"wp-block-paragraph\">Un obxectivo adicional deste c\u00f3digo de conduta \u00e9&nbsp;<strong>incrementar a cidadan\u00eda de c\u00f3digo aberto<\/strong>&nbsp;alentando aos participantes para reco\u00f1ecer e fortalecer as relaci\u00f3ns entre o que facemos e&nbsp;<strong>a comunidade<\/strong>&nbsp;en xeral.<\/p>\n\n\n\n<p class=\"wp-block-paragraph\">No servizo deste obxectivo, os organizadores da&nbsp;<strong>WordCamp Pontevedra<\/strong>&nbsp;recoller\u00e1n candidaturas de cidad\u00e1ns exemplares durante o evento e daranlle reco\u00f1ecemento no sitio web despois da conferencia.<\/p>\n\n\n\n<p class=\"wp-block-paragraph\">Se ves a algu\u00e9n que est\u00e1 a facer un esforzo extra para asegurar que a nosa comunidade resulte acolledora e amigable e que anima a todos os participantes a contribu\u00edr na maior medida posible quer\u00e9molo saber. Podes nomear a algu\u00e9n na mesa de rexistro ou dic\u00edndollo ao equipo organizador.<\/p>\n\n\n\n<div style=\"height:30px\" aria-hidden=\"true\" class=\"wp-block-spacer\"><\/div>\n\n\n\n<h2 class=\"wp-block-heading has-accent-4-color has-text-color has-link-color wp-elements-d679f521bfd5c1e1c9e3150f6ec735a0\">3. Comportamento esperado<\/h2>\n\n\n\n<ul class=\"wp-block-list\">\n<li>S\u00e9 unha persoa considerada, respectuosa e colaborativa.<\/li>\n\n\n\n<li>Abstente de comportamentos e discursos degradantes, discriminatorios ou de acoso.<\/li>\n\n\n\n<li>S\u00e9 consciente da contorna e dos teus compa\u00f1eiros participantes. Alerta aos organizadores da conferencia se observas unha situaci\u00f3n perigosa ou a algu\u00e9n en apertos.<\/li>\n\n\n\n<li>Participa dunha maneira aut\u00e9ntica e activa. Deste xeito, est\u00e1s a axudar a crear a&nbsp;<strong>WordCamp Pontevedra<\/strong>&nbsp;e a facela propia.<\/li>\n<\/ul>\n\n\n\n<div style=\"height:30px\" aria-hidden=\"true\" class=\"wp-block-spacer\"><\/div>\n\n\n\n<h2 class=\"wp-block-heading has-accent-4-color has-text-color has-link-color wp-elements-15d6872e7621352fb4fa7e3e9916bc94\">4. Comportamento inaceptable<\/h2>\n\n\n\n<p class=\"wp-block-paragraph\">Como comportamentos inaceptables incl\u00faense: unha conduta intimidatoria, acosadora, abusiva, discriminatoria, despectiva ou degradante por parte de calquera asistente da&nbsp;<strong>WordCamp Pontevedra<\/strong>&nbsp;e eventos relacionados. Todos os lugares da&nbsp;<strong>WordCamp Pontevedra<\/strong>&nbsp;poden ser compartidos con outros membros da sociedade; por favor, se respectuoso con todos os usuarios destes sitios.<\/p>\n\n\n\n<p class=\"wp-block-paragraph\">O acoso incl\u00fae: comentarios verbais ofensivos relacionados co x\u00e9nero, a orientaci\u00f3n sexual, a raza, a relixi\u00f3n, a discapacidade; uso inadecuado de nudez e\/ou imaxes sexuais en espazos p\u00fablicos (inclu\u00edndo diapositivas da presentaci\u00f3n); intimidaci\u00f3n deliberada, espreita ou seguimento; acoso con fotograf\u00eda ou gravaci\u00f3n; interrupci\u00f3n sostida de charlas e outros eventos; contacto f\u00edsico inapropiado e atenci\u00f3n sexual non desexada.<\/p>\n\n\n\n<div style=\"height:30px\" aria-hidden=\"true\" class=\"wp-block-spacer\"><\/div>\n\n\n\n<h2 class=\"wp-block-heading has-accent-4-color has-text-color has-link-color wp-elements-764ccf08430de8f64f6ad9524356995a\">5. Consecuencias dun comportamento inaceptable<\/h2>\n\n\n\n<p class=\"wp-block-paragraph\">O comportamento inaceptable non ser\u00e1 tolerado, xa sexa por parte doutros asistentes, organizadores, persoal do local, patrocinadores ou outros usuarios dos locais da&nbsp;<strong>WordCamp Pontevedra<\/strong>.<\/p>\n\n\n\n<p class=\"wp-block-paragraph\">Esp\u00e9rase que calquera cumpra inmediatamente no caso de que se lle pida que cese un comportamento inaceptable.<\/p>\n\n\n\n<p class=\"wp-block-paragraph\">Se un participante invol\u00facrase nun comportamento inaceptable, os organizadores da conferencia poden tomar calquera acci\u00f3n que consideren apropiada, ata e mesmo a expulsi\u00f3n da conferencia sen aviso previo\/previo aviso ou reembolso.<\/p>\n\n\n\n<div style=\"height:30px\" aria-hidden=\"true\" class=\"wp-block-spacer\"><\/div>\n\n\n\n<h2 class=\"wp-block-heading has-accent-4-color has-text-color has-link-color wp-elements-b9ab907c396073f06b9faff93b72ce85\">6. Que facer se es testemu\u00f1a ou obxecto dun comportamento inaceptable?<\/h2>\n\n\n\n<p class=\"wp-block-paragraph\">Se es obxecto dun comportamento inaceptable, es testemu\u00f1a de que outra persoa est\u00e1 a ser obxecto de comportamento inaceptable ou tes outras preocupaci\u00f3ns, por favor notificalo a un organizador da conferencia tan pronto como sexa posible.<\/p>\n\n\n\n<p class=\"wp-block-paragraph\">O equipo de&nbsp;<strong>WordCamp Pontevedra<\/strong>&nbsp;estar\u00e1 dispo\u00f1ible para axudar aos participantes para contactar coa seguridade do local ou as forzas locais de seguridade para ofrecer acompa\u00f1amento ou axudar a aqueles que sufran un comportamento inaceptable para que sentan seguros mentres dure a conferencia.<\/p>\n\n\n\n<p class=\"wp-block-paragraph\">As persoas voluntarias vestir\u00e1n cunha cor ou peza diferente. Calquera voluntario \/a pode po\u00f1erte en contacto cun organizador da conferencia. Tam\u00e9n podes achegarche \u00e1 mesa especial de inscrici\u00f3n na planta baixa e preguntar polos organizadores.<\/p>\n\n\n\n<div style=\"height:30px\" aria-hidden=\"true\" class=\"wp-block-spacer\"><\/div>\n\n\n\n<h2 class=\"wp-block-heading has-accent-4-color has-text-color has-link-color wp-elements-23b05e42f166a823399add6a48b818dc\">7. \u00c1mbito de aplicaci\u00f3n<\/h2>\n\n\n\n<p class=\"wp-block-paragraph\">Esperamos que todos os participantes da conferencia (patrocinadores, voluntarios, relatores, asistentes e outros invitados) cumpran con este&nbsp;<strong>c\u00f3digo de conduta<\/strong>&nbsp;en todas as salas de conferencia e eventos sociais relacionados coa conferencia.<\/p>\n\n\n\n<div style=\"height:30px\" aria-hidden=\"true\" class=\"wp-block-spacer\"><\/div>\n\n\n\n<h2 class=\"wp-block-heading has-accent-4-color has-text-color has-link-color wp-elements-b0d18e3310e97783dda7e65638d8bcba\">8. Informaci\u00f3n de contacto<\/h2>\n\n\n\n<p class=\"wp-block-paragraph\">Se te ves na necesidade de contactar connosco,&nbsp;<a href=\"https:\/\/pontevedra.wordcamp.org\/2022\/contacto-gl\/\">na p\u00e1xina de contacto<\/a>&nbsp;tes un formulario para facelo.<\/p>\n\n\n\n<div style=\"height:30px\" aria-hidden=\"true\" class=\"wp-block-spacer\"><\/div>\n\n\n\n<h2 class=\"wp-block-heading has-accent-4-color has-text-color has-link-color wp-elements-bac818bc83a39afd8036a34742bf3297\">9. Licenza e atribuci\u00f3n<\/h2>\n\n\n\n<p class=\"wp-block-paragraph\">Este C\u00f3digo de Conduta \u00e9 unha copia directa do impresionante traballo da&nbsp;<strong>Open Source Bridge<\/strong>, pero substitu\u00edndo a informaci\u00f3n coa do noso evento.<\/p>\n\n\n\n<p class=\"wp-block-paragraph\">O orixinal, publicado en http:\/\/opensourcebridge.org\/about\/code-of-conduct\/, xa non est\u00e1 dispo\u00f1ible, pero pode verse&nbsp;<a href=\"https:\/\/web.archive.org\/web\/20191024152904\/opensourcebridge.org\/about\/code-of-conduct\/\">nesta imaxen de arquivo<\/a>, e foi liberado baixo unha licenza de&nbsp;<strong><a rel=\"noreferrer noopener\" href=\"https:\/\/creativecommons.org\/licenses\/by-sa\/3.0\/deed.es\" target=\"_blank\">Creative Commons Attribution-ShareAlike<\/a><\/strong>.<\/p>\n<\/div>\n","protected":false},"excerpt":{"rendered":"<p>Este c\u00f3digo de conduta resume as nosas expectativas para o comportamento dos participantes, as\u00ed como as consecuencias para o comportamento inaceptable.<\/p>\n","protected":false},"author":17330482,"featured_media":0,"parent":0,"menu_order":0,"comment_status":"closed","ping_status":"closed","template":"wp-custom-template-paxina-gl-sen-patrocinios","meta":{"_crdt_document":"","advanced_seo_description":"","jetpack_seo_html_title":"","jetpack_seo_noindex":false,"jetpack_post_was_ever_published":false,"footnotes":""},"class_list":["post-20","page","type-page","status-publish","hentry"],"jetpack_sharing_enabled":true,"_links":{"self":[{"href":"https:\/\/pontevedra.wordcamp.org\/2024\/wp-json\/wp\/v2\/pages\/20","targetHints":{"allow":["GET"]}}],"collection":[{"href":"https:\/\/pontevedra.wordcamp.org\/2024\/wp-json\/wp\/v2\/pages"}],"about":[{"href":"https:\/\/pontevedra.wordcamp.org\/2024\/wp-json\/wp\/v2\/types\/page"}],"author":[{"embeddable":true,"href":"https:\/\/pontevedra.wordcamp.org\/2024\/wp-json\/wp\/v2\/users\/17330482"}],"replies":[{"embeddable":true,"href":"https:\/\/pontevedra.wordcamp.org\/2024\/wp-json\/wp\/v2\/comments?post=20"}],"version-history":[{"count":7,"href":"https:\/\/pontevedra.wordcamp.org\/2024\/wp-json\/wp\/v2\/pages\/20\/revisions"}],"predecessor-version":[{"id":3716,"href":"https:\/\/pontevedra.wordcamp.org\/2024\/wp-json\/wp\/v2\/pages\/20\/revisions\/3716"}],"wp:attachment":[{"href":"https:\/\/pontevedra.wordcamp.org\/2024\/wp-json\/wp\/v2\/media?parent=20"}],"curies":[{"name":"wp","href":"https:\/\/api.w.org\/{rel}","templated":true}]}}