{"id":2025,"date":"2024-04-02T13:12:18","date_gmt":"2024-04-02T11:12:18","guid":{"rendered":"https:\/\/pontevedra.wordcamp.org\/2024\/?page_id=2025"},"modified":"2024-05-06T17:08:54","modified_gmt":"2024-05-06T15:08:54","slug":"conferencias","status":"publish","type":"page","link":"https:\/\/pontevedra.wordcamp.org\/2024\/conferencias\/","title":{"rendered":"Conferencias"},"content":{"rendered":"\n<div class=\"wp-block-group has-global-padding is-layout-constrained wp-block-group-is-layout-constrained\" style=\"margin-bottom:0px;padding-top:48px;padding-bottom:48px\">\n<h2 class=\"wp-block-heading has-text-align-center has-accent-4-color has-text-color has-link-color wp-elements-594613df67fb51d2d3588c8e575995a1\">S\u00e1bado, 21 de setembro<\/h2>\n\n\n\n<p class=\"has-text-align-center has-medium-font-size wp-block-paragraph\">Nesta xornada haber\u00e1 d\u00faas salas nas que poder\u00e1s acudir a diferentes charlas, talleres e formatos experimentais. Con m\u00e1is de 20 relatores que abarcar\u00e1n todas as tem\u00e1ticas posibles relacionadas co mundo das webs e o emprendemento. E diferentes niveis, para que tanto novatos como expertos aprendan e desfruten.<\/p>\n\n\n\n<p class=\"has-text-align-center has-medium-font-size wp-block-paragraph\">Este ano, propux\u00e9monos levar a cabo distintas <strong>actividades relacionadas con WordPress e o emprendemento<\/strong>. Tocando \u00e1reas como negocios dixitais, comercio electr\u00f3nico, marca persoal, redes sociais, <em>copywrtiting<\/em>, desenvolvemento web, dese\u00f1o UX\/UI, accesibilidade, m\u00e1rketing e vendas, SEO, seguridade, WPO, aspectos legais&#8230;<\/p>\n\n\n\n<p class=\"has-text-align-center has-medium-font-size wp-block-paragraph\">Conferencias din\u00e1micas, o m\u00e1is pr\u00e1cticas posibles coas que os asistentes acaben con ga\u00f1a de probar cousas novas. Relatores con <strong>ideas innovadoras<\/strong>, <strong>historias que inspiren a outros<\/strong> ou quiz\u00e1is <strong>consellos pr\u00e1cticos<\/strong> que nos sirvan para aplicar \u00f3s nosos proxectos.<\/p>\n\n\n\n<p class=\"has-text-align-center has-medium-font-size wp-block-paragraph\">Se queres m\u00e1is detalles sobre \u00e1s conferencias, revisa o programa para decidir en cal queres participar.<\/p>\n\n\n\n<div class=\"wp-block-buttons is-content-justification-center is-layout-flex wp-container-core-buttons-is-layout-ff57ccb5 wp-block-buttons-is-layout-flex\" style=\"margin-top:24px;margin-bottom:24px\">\n<div class=\"wp-block-button is-style-fill sombra-verde\"><a class=\"wp-block-button__link has-base-2-color has-accent-4-background-color has-text-color has-background has-link-color has-border-color wp-element-button\" href=\"https:\/\/pontevedra.wordcamp.org\/2024\/programa\/\" style=\"border-color:#35ff69;border-radius:0px;padding-top:4px;padding-right:24px;padding-bottom:4px;padding-left:24px\">Ver programa<\/a><\/div>\n<\/div>\n<\/div>\n\n\n\n<div class=\"wp-block-group alignfull is-layout-flow wp-container-core-group-is-layout-c2db5122 wp-block-group-is-layout-flow\" style=\"padding-right:0px;padding-left:0px\">\n<figure class=\"wp-block-image alignfull size-large\"><img loading=\"lazy\" decoding=\"async\" width=\"1024\" height=\"47\" src=\"https:\/\/pontevedra.wordcamp.org\/2024\/files\/2024\/04\/onda_gris-1-1024x47.webp\" alt=\"\" class=\"wp-image-2396\" srcset=\"https:\/\/pontevedra.wordcamp.org\/2024\/files\/2024\/04\/onda_gris-1-1024x47.webp 1024w, https:\/\/pontevedra.wordcamp.org\/2024\/files\/2024\/04\/onda_gris-1-300x14.webp 300w, https:\/\/pontevedra.wordcamp.org\/2024\/files\/2024\/04\/onda_gris-1-768x36.webp 768w, https:\/\/pontevedra.wordcamp.org\/2024\/files\/2024\/04\/onda_gris-1-500x23.webp 500w, https:\/\/pontevedra.wordcamp.org\/2024\/files\/2024\/04\/onda_gris-1-1536x71.webp 1536w, https:\/\/pontevedra.wordcamp.org\/2024\/files\/2024\/04\/onda_gris-1.webp 1920w\" sizes=\"auto, (max-width: 1024px) 100vw, 1024px\" \/><\/figure>\n\n\n\n<div class=\"wp-block-group has-custom-gris-fondo-background-color has-background has-global-padding is-layout-constrained wp-container-core-group-is-layout-63946f58 wp-block-group-is-layout-constrained\" style=\"padding-top:0px;padding-bottom:0px\">\n<div class=\"wp-block-media-text is-stacked-on-mobile\" style=\"grid-template-columns:40% auto\"><figure class=\"wp-block-media-text__media\"><img loading=\"lazy\" decoding=\"async\" width=\"501\" height=\"483\" src=\"https:\/\/pontevedra.wordcamp.org\/2024\/files\/2024\/04\/formatos.webp\" alt=\"Un dos t\u00e9cnicos que graba as sesi\u00f3ns para retransmitirlas e subilas a internet\" class=\"wp-image-2593 size-full\" srcset=\"https:\/\/pontevedra.wordcamp.org\/2024\/files\/2024\/04\/formatos.webp 501w, https:\/\/pontevedra.wordcamp.org\/2024\/files\/2024\/04\/formatos-300x289.webp 300w, https:\/\/pontevedra.wordcamp.org\/2024\/files\/2024\/04\/formatos-311x300.webp 311w\" sizes=\"auto, (max-width: 501px) 100vw, 501px\" \/><\/figure><div class=\"wp-block-media-text__content\">\n<h2 class=\"wp-block-heading has-text-align-left has-accent-4-color has-text-color has-link-color has-x-large-font-size wp-elements-734162e32ae971b6dc142b27214eeae9\"><strong>Formatos<\/strong><\/h2>\n\n\n\n<p class=\"has-text-align-left has-medium-font-size wp-block-paragraph\">Este ano apostamos por unha maior participaci\u00f3n dos asistentes, e por formatos m\u00e1is din\u00e1micos e pr\u00e1cticos para afianzar co\u00f1ecementos aplicados a casos reais a trav\u00e9s da experiencia persoal.<\/p>\n\n\n\n<div class=\"wp-block-columns is-layout-flex wp-container-core-columns-is-layout-3a88641f wp-block-columns-is-layout-flex\">\n<div class=\"wp-block-column is-layout-flow wp-block-column-is-layout-flow\" style=\"padding-top:0;padding-bottom:0\">\n<ul class=\"is-style-default wp-block-list\">\n<li>Charla longa<\/li>\n\n\n\n<li>Charla curta<\/li>\n\n\n\n<li>Taller<\/li>\n\n\n\n<li>Demo<\/li>\n<\/ul>\n<\/div>\n\n\n\n<div class=\"wp-block-column is-layout-flow wp-block-column-is-layout-flow\" style=\"padding-top:0;padding-bottom:0\">\n<ul class=\"is-style-default wp-block-list\">\n<li>Auditor\u00eda<\/li>\n\n\n\n<li>Consultor\u00eda<\/li>\n\n\n\n<li>Debate aberto<\/li>\n<\/ul>\n<\/div>\n<\/div>\n<\/div><\/div>\n\n\n\n<div class=\"wp-block-media-text has-media-on-the-right is-stacked-on-mobile\" style=\"padding-top:24px;padding-bottom:24px;grid-template-columns:auto 40%\"><div class=\"wp-block-media-text__content\">\n<h2 class=\"wp-block-heading has-text-align-left has-accent-4-color has-text-color has-link-color has-large-font-size wp-elements-f35a9eb39fe2175b89565cd4f1248c72\"><strong>Charla longa<\/strong><\/h2>\n\n\n\n<p class=\"has-text-align-left has-medium-font-size wp-block-paragraph\">A charla longa \u00e9 unha excelente oportunidade para <strong>profundizar nun tema espec\u00edfico<\/strong>. Cunha duraci\u00f3n de 20 minutos, haber\u00e1 tempo \u00f3 finalizar para que o p\u00fablico realice preguntas.<\/p>\n\n\n\n<p class=\"has-text-align-left has-medium-font-size wp-block-paragraph\">As <strong>preguntas<\/strong> permiten entrar en m\u00e1is detalle e <strong>abordar inquedanzas<\/strong> directas dos asistentes.<\/p>\n<\/div><figure class=\"wp-block-media-text__media\"><img loading=\"lazy\" decoding=\"async\" width=\"497\" height=\"342\" src=\"https:\/\/pontevedra.wordcamp.org\/2024\/files\/2024\/04\/charla_longa.webp\" alt=\"Relator impartindo unha charla longa\" class=\"wp-image-2594 size-full\" srcset=\"https:\/\/pontevedra.wordcamp.org\/2024\/files\/2024\/04\/charla_longa.webp 497w, https:\/\/pontevedra.wordcamp.org\/2024\/files\/2024\/04\/charla_longa-300x206.webp 300w, https:\/\/pontevedra.wordcamp.org\/2024\/files\/2024\/04\/charla_longa-436x300.webp 436w\" sizes=\"auto, (max-width: 497px) 100vw, 497px\" \/><\/figure><\/div>\n\n\n\n<div class=\"wp-block-media-text is-stacked-on-mobile\" style=\"padding-top:24px;padding-bottom:24px;grid-template-columns:40% auto\"><figure class=\"wp-block-media-text__media\"><img loading=\"lazy\" decoding=\"async\" width=\"503\" height=\"343\" src=\"https:\/\/pontevedra.wordcamp.org\/2024\/files\/2024\/04\/charla-curta.webp\" alt=\"Relator impartindo unha charla curta\" class=\"wp-image-2595 size-full\" srcset=\"https:\/\/pontevedra.wordcamp.org\/2024\/files\/2024\/04\/charla-curta.webp 503w, https:\/\/pontevedra.wordcamp.org\/2024\/files\/2024\/04\/charla-curta-300x205.webp 300w, https:\/\/pontevedra.wordcamp.org\/2024\/files\/2024\/04\/charla-curta-440x300.webp 440w\" sizes=\"auto, (max-width: 503px) 100vw, 503px\" \/><\/figure><div class=\"wp-block-media-text__content\">\n<h2 class=\"wp-block-heading has-accent-4-color has-text-color has-link-color has-large-font-size wp-elements-b5a949fd8316fe3587d4547812c6771f\"><strong>Charla curta<\/strong><\/h2>\n\n\n\n<p class=\"has-medium-font-size wp-block-paragraph\">Estas charlas tan s\u00f3 duran 10 minutos e non hai posibilidade de facer preguntas \u00f3 rematar. <\/p>\n\n\n\n<p class=\"has-medium-font-size wp-block-paragraph\">A brevedade de tempo obriga a <strong>concentrarse nos aspectos m\u00e1is importantes do tema<\/strong>, destacar puntos chave, ofrecer consellos pr\u00e1cticos e compartir ideas efectivas.<\/p>\n<\/div><\/div>\n\n\n\n<div class=\"wp-block-media-text has-media-on-the-right is-stacked-on-mobile\" style=\"padding-top:24px;padding-bottom:24px;grid-template-columns:auto 40%\"><div class=\"wp-block-media-text__content\">\n<h2 class=\"wp-block-heading has-text-align-left has-accent-4-color has-text-color has-link-color has-large-font-size wp-elements-47d173a461fc63266010335acde8d853\"><strong>Taller<\/strong><\/h2>\n\n\n\n<p class=\"has-text-align-left has-medium-font-size wp-block-paragraph\">Este formato \u00e9 un xeito de <strong>aprender facendo<\/strong>. Unha sesi\u00f3n pr\u00e1ctica e participativa na que aplicar conceptos e ferramentas directamente durante 60 minutos.<\/p>\n\n\n\n<p class=\"has-text-align-left has-medium-font-size wp-block-paragraph\">O <strong>relator axudar\u00e1 e guiar\u00e1 \u00f3s participantes <\/strong>para que sexan quen de entender e afianzar os conceptos.<\/p>\n<\/div><figure class=\"wp-block-media-text__media\"><img loading=\"lazy\" decoding=\"async\" width=\"504\" height=\"340\" src=\"https:\/\/pontevedra.wordcamp.org\/2024\/files\/2024\/04\/obradoiro.png\" alt=\"O relator dando indicaci\u00f3ns \u00f3s participantes do taller\" class=\"wp-image-2608 size-full\" srcset=\"https:\/\/pontevedra.wordcamp.org\/2024\/files\/2024\/04\/obradoiro.png 504w, https:\/\/pontevedra.wordcamp.org\/2024\/files\/2024\/04\/obradoiro-300x202.png 300w, https:\/\/pontevedra.wordcamp.org\/2024\/files\/2024\/04\/obradoiro-445x300.png 445w\" sizes=\"auto, (max-width: 504px) 100vw, 504px\" \/><\/figure><\/div>\n\n\n\n<div class=\"wp-block-media-text is-stacked-on-mobile\" style=\"padding-top:24px;padding-bottom:24px;grid-template-columns:40% auto\"><figure class=\"wp-block-media-text__media\"><img loading=\"lazy\" decoding=\"async\" width=\"498\" height=\"342\" src=\"https:\/\/pontevedra.wordcamp.org\/2024\/files\/2024\/04\/taller.webp\" alt=\"Participante da demo po\u00f1endo en pr\u00e1ctica o aprendido\" class=\"wp-image-2596 size-full\" srcset=\"https:\/\/pontevedra.wordcamp.org\/2024\/files\/2024\/04\/taller.webp 498w, https:\/\/pontevedra.wordcamp.org\/2024\/files\/2024\/04\/taller-300x206.webp 300w, https:\/\/pontevedra.wordcamp.org\/2024\/files\/2024\/04\/taller-437x300.webp 437w\" sizes=\"auto, (max-width: 498px) 100vw, 498px\" \/><\/figure><div class=\"wp-block-media-text__content\">\n<h2 class=\"wp-block-heading has-accent-4-color has-text-color has-link-color has-large-font-size wp-elements-3f92d5308d2e161b7ca9986a3366042e\"><strong>Demo<\/strong><\/h2>\n\n\n\n<p class=\"has-medium-font-size wp-block-paragraph\">En tan s\u00f3 10 minutos,o relator <strong>amosar\u00e1<\/strong> <strong>de maneira pr\u00e1ctica c\u00f3mo funciona<\/strong> unha aplicaci\u00f3n, un <em>plugin<\/em>, os pasos a seguir para facer unha estratexia espec\u00edfica de\u2026<\/p>\n\n\n\n<p class=\"has-medium-font-size wp-block-paragraph\">Tr\u00e1tase de ver dunha forma r\u00e1pida e f\u00e1cil, \u00f3 xeito de facer algo concreto para que os asistentes poidan<strong> aprender a facelo<\/strong>.<\/p>\n<\/div><\/div>\n\n\n\n<div class=\"wp-block-media-text has-media-on-the-right is-stacked-on-mobile\" style=\"padding-top:24px;padding-bottom:24px;grid-template-columns:auto 40%\"><div class=\"wp-block-media-text__content\">\n<h2 class=\"wp-block-heading has-text-align-left has-accent-4-color has-text-color has-link-color has-large-font-size wp-elements-ebb4d94d9e30718c7602360e8973d755\"><strong><strong>Auditor\u00eda<\/strong><\/strong><\/h2>\n\n\n\n<p class=\"has-medium-font-size wp-block-paragraph\">Durante 20 minutos un experto nalgunha \u00e1rea relacionada co mundo das webs ou do emprendemento <strong>revisar\u00e1 un proxecto real<\/strong>.<\/p>\n\n\n\n<p class=\"has-text-align-left has-medium-font-size wp-block-paragraph\">Tr\u00e1tase de <strong>amosar a metodolox\u00eda a seguir<\/strong> para poder identificar \u00e1reas de mellora e oportunidades para optimizar procesos no teu propio proxecto.<\/p>\n<\/div><figure class=\"wp-block-media-text__media\"><img loading=\"lazy\" decoding=\"async\" width=\"497\" height=\"340\" src=\"https:\/\/pontevedra.wordcamp.org\/2024\/files\/2024\/04\/auditoria.webp\" alt=\"Relatora amosando os erros dunha web\" class=\"wp-image-2609 size-full\" srcset=\"https:\/\/pontevedra.wordcamp.org\/2024\/files\/2024\/04\/auditoria.webp 497w, https:\/\/pontevedra.wordcamp.org\/2024\/files\/2024\/04\/auditoria-300x205.webp 300w, https:\/\/pontevedra.wordcamp.org\/2024\/files\/2024\/04\/auditoria-439x300.webp 439w\" sizes=\"auto, (max-width: 497px) 100vw, 497px\" \/><\/figure><\/div>\n\n\n\n<div class=\"wp-block-media-text is-stacked-on-mobile\" style=\"padding-top:24px;padding-bottom:24px;grid-template-columns:40% auto\"><figure class=\"wp-block-media-text__media\"><img loading=\"lazy\" decoding=\"async\" width=\"501\" height=\"343\" src=\"https:\/\/pontevedra.wordcamp.org\/2024\/files\/2024\/04\/consultoria.webp\" alt=\"Participante da consultor\u00eda facendo unha pregunta\" class=\"wp-image-2607 size-full\" srcset=\"https:\/\/pontevedra.wordcamp.org\/2024\/files\/2024\/04\/consultoria.webp 501w, https:\/\/pontevedra.wordcamp.org\/2024\/files\/2024\/04\/consultoria-300x205.webp 300w, https:\/\/pontevedra.wordcamp.org\/2024\/files\/2024\/04\/consultoria-438x300.webp 438w\" sizes=\"auto, (max-width: 501px) 100vw, 501px\" \/><\/figure><div class=\"wp-block-media-text__content\">\n<h2 class=\"wp-block-heading has-accent-4-color has-text-color has-link-color has-large-font-size wp-elements-3332cebc9aea1f3fb2121273fcc24b84\"><strong>Consultor\u00eda<\/strong><\/h2>\n\n\n\n<p class=\"has-text-align-left has-medium-font-size wp-block-paragraph\">Durante 10 minutos, o relator <strong>dar\u00e1 consellos e recomendaci\u00f3ns personalizadas <\/strong>sobre casos espec\u00edficos do p\u00fablico para axudarlles a resolver as s\u00faas d\u00fabidas ou problemas.<\/p>\n\n\n\n<p class=\"has-text-align-left has-medium-font-size wp-block-paragraph\">Para iso, <strong>poderase mandar preguntas con antelaci\u00f3n \u00f3 evento<\/strong>, que ser\u00e1n contestadas con soluci\u00f3ns baseadas na experiencia.<\/p>\n<\/div><\/div>\n\n\n\n<div class=\"wp-block-media-text has-media-on-the-right is-stacked-on-mobile\" style=\"padding-top:24px;padding-bottom:24px;grid-template-columns:auto 40%\"><div class=\"wp-block-media-text__content\">\n<h2 class=\"wp-block-heading has-text-align-left has-accent-4-color has-text-color has-link-color has-large-font-size wp-elements-a0a3c27407ea046fa56767fc55e530bd\"><strong><strong>Debate aberto<\/strong><\/strong><\/h2>\n\n\n\n<p class=\"has-medium-font-size wp-block-paragraph\">Este formato \u00e9 unha oportunidade para participar nunha <strong>conversa aberta e din\u00e1mica<\/strong>, durante 60 minutos, sobre un tema relevante relacionado con WordPress e o emprendemento.<\/p>\n\n\n\n<p class=\"has-medium-font-size wp-block-paragraph\">Tr\u00e1tase de identificar entre todos problemas reais compartindo perspectivas, ideas e experiencias para explorar diferentes puntos de vista e<strong> xerar soluci\u00f3ns innovadoras<\/strong>.<\/p>\n<\/div><figure class=\"wp-block-media-text__media\"><img loading=\"lazy\" decoding=\"async\" width=\"502\" height=\"340\" src=\"https:\/\/pontevedra.wordcamp.org\/2024\/files\/2024\/04\/debate_aberto.png\" alt=\"Grupo de participantes debatindo\" class=\"wp-image-2606 size-full\" srcset=\"https:\/\/pontevedra.wordcamp.org\/2024\/files\/2024\/04\/debate_aberto.png 502w, https:\/\/pontevedra.wordcamp.org\/2024\/files\/2024\/04\/debate_aberto-300x203.png 300w, https:\/\/pontevedra.wordcamp.org\/2024\/files\/2024\/04\/debate_aberto-443x300.png 443w\" sizes=\"auto, (max-width: 502px) 100vw, 502px\" \/><\/figure><\/div>\n\n\n\n<div style=\"height:40px\" aria-hidden=\"true\" class=\"wp-block-spacer\"><\/div>\n<\/div>\n\n\n\n<div class=\"wp-block-group has-accent-4-background-color has-background is-layout-flow wp-block-group-is-layout-flow\" style=\"margin-top:0px;margin-bottom:0px;padding-top:48px;padding-bottom:48px\">\n<h2 class=\"wp-block-heading has-text-align-center has-accent-3-color has-text-color has-link-color wp-elements-d1c2602af51d31453ba107ad01f9db3c\">Queres ser relator?<\/h2>\n\n\n\n<p class=\"has-text-align-center has-base-2-color has-text-color has-link-color has-medium-font-size wp-elements-6e501f4924abfb9624afe081aec13904 wp-block-paragraph\">Para participar como relator, estade atentos \u00e1 chamada e \u00f3 per\u00edodo para presentar as vosas charlas e talleres.<\/p>\n\n\n\n<div class=\"wp-block-buttons is-content-justification-center is-layout-flex wp-container-core-buttons-is-layout-ff57ccb5 wp-block-buttons-is-layout-flex\" style=\"margin-top:24px;margin-bottom:24px\">\n<div class=\"wp-block-button is-style-fill sombra-verde\"><a class=\"wp-block-button__link has-accent-4-color has-base-2-background-color has-text-color has-background has-link-color has-border-color wp-element-button\" href=\"https:\/\/pontevedra.wordcamp.org\/2024\/participar-como-relator\/\" style=\"border-color:#35ff69;border-radius:0px;padding-top:4px;padding-bottom:4px\">Participar<\/a><\/div>\n<\/div>\n<\/div>\n<\/div>\n","protected":false},"excerpt":{"rendered":"<p>Resumo e explicaci\u00f3n do tipo e formatos de conferencias que haber\u00e1 na WordCamp Pontevedra 2024<\/p>\n","protected":false},"author":17330482,"featured_media":2595,"parent":0,"menu_order":0,"comment_status":"closed","ping_status":"closed","template":"wp-custom-template-p-xinas-gl","meta":{"_crdt_document":"","advanced_seo_description":"","jetpack_seo_html_title":"","jetpack_seo_noindex":false,"jetpack_post_was_ever_published":false,"footnotes":""},"class_list":["post-2025","page","type-page","status-publish","has-post-thumbnail","hentry"],"jetpack_sharing_enabled":true,"_links":{"self":[{"href":"https:\/\/pontevedra.wordcamp.org\/2024\/wp-json\/wp\/v2\/pages\/2025","targetHints":{"allow":["GET"]}}],"collection":[{"href":"https:\/\/pontevedra.wordcamp.org\/2024\/wp-json\/wp\/v2\/pages"}],"about":[{"href":"https:\/\/pontevedra.wordcamp.org\/2024\/wp-json\/wp\/v2\/types\/page"}],"author":[{"embeddable":true,"href":"https:\/\/pontevedra.wordcamp.org\/2024\/wp-json\/wp\/v2\/users\/17330482"}],"replies":[{"embeddable":true,"href":"https:\/\/pontevedra.wordcamp.org\/2024\/wp-json\/wp\/v2\/comments?post=2025"}],"version-history":[{"count":38,"href":"https:\/\/pontevedra.wordcamp.org\/2024\/wp-json\/wp\/v2\/pages\/2025\/revisions"}],"predecessor-version":[{"id":7755,"href":"https:\/\/pontevedra.wordcamp.org\/2024\/wp-json\/wp\/v2\/pages\/2025\/revisions\/7755"}],"wp:featuredmedia":[{"embeddable":true,"href":"https:\/\/pontevedra.wordcamp.org\/2024\/wp-json\/wp\/v2\/media\/2595"}],"wp:attachment":[{"href":"https:\/\/pontevedra.wordcamp.org\/2024\/wp-json\/wp\/v2\/media?parent=2025"}],"curies":[{"name":"wp","href":"https:\/\/api.w.org\/{rel}","templated":true}]}}