{"id":2038,"date":"2024-04-21T17:09:32","date_gmt":"2024-04-21T15:09:32","guid":{"rendered":"https:\/\/pontevedra.wordcamp.org\/2024\/?page_id=2038"},"modified":"2024-07-18T11:57:14","modified_gmt":"2024-07-18T09:57:14","slug":"participar-como-voluntario","status":"publish","type":"page","link":"https:\/\/pontevedra.wordcamp.org\/2024\/participar-como-voluntario\/","title":{"rendered":"Participar como voluntario"},"content":{"rendered":"\n<div class=\"wp-block-group has-global-padding is-layout-constrained wp-block-group-is-layout-constrained\" style=\"padding-top:48px;padding-bottom:48px\">\n<h2 class=\"wp-block-heading has-text-align-center has-accent-4-color has-text-color has-link-color wp-elements-296e23454e3f514e6bd951609a9c6ed8\">Forma parte da organizaci\u00f3n!<\/h2>\n\n\n\n<p class=\"has-text-align-center has-contrast-color has-text-color has-medium-font-size wp-block-paragraph\">Unha&nbsp;<em>WordCamp<\/em>&nbsp;\u00e9 <strong>s\u00f3 posible grazas ao traballo e ilusi\u00f3n de persoas voluntarias.<\/strong><\/p>\n\n\n\n<p class=\"has-text-align-center has-contrast-color has-text-color has-medium-font-size wp-block-paragraph\">As persoas que colaboramos no equipo de organizaci\u00f3n, no equipo de voluntarios ou os relatores, non obtemos ningunha retribuci\u00f3n econ\u00f3mica. Pero iso non quere dicir que non ga\u00f1emos nada.<\/p>\n\n\n\n<p class=\"has-text-align-center has-contrast-color has-text-color has-medium-font-size wp-block-paragraph\">Ver o resultado do noso esforzo, os froitos do noso traballo, como todos os participantes levan un bo recordo,<strong> \u00e9 unha experiencia inesquecible<\/strong>, \u00e9 unha recompensa, unha sensaci\u00f3n de satisfaci\u00f3n e crecemento persoal incalculable.<\/p>\n\n\n\n<p class=\"has-text-align-center has-contrast-color has-text-color has-medium-font-size wp-block-paragraph\">Na&nbsp;<em>WordCamp<\/em>&nbsp;Pontevedra queremos que compartas esa experiencia e sentimento con n\u00f3s.<\/p>\n<\/div>\n\n\n\n<div class=\"wp-block-group alignfull is-layout-flow wp-container-core-group-is-layout-c2db5122 wp-block-group-is-layout-flow\" style=\"padding-right:0px;padding-left:0px\">\n<figure class=\"wp-block-image alignfull size-large\"><img loading=\"lazy\" decoding=\"async\" width=\"1024\" height=\"47\" src=\"https:\/\/pontevedra.wordcamp.org\/2024\/files\/2024\/04\/onda_gris-1-1024x47.webp\" alt=\"\" class=\"wp-image-2396\" srcset=\"https:\/\/pontevedra.wordcamp.org\/2024\/files\/2024\/04\/onda_gris-1-1024x47.webp 1024w, https:\/\/pontevedra.wordcamp.org\/2024\/files\/2024\/04\/onda_gris-1-300x14.webp 300w, https:\/\/pontevedra.wordcamp.org\/2024\/files\/2024\/04\/onda_gris-1-768x36.webp 768w, https:\/\/pontevedra.wordcamp.org\/2024\/files\/2024\/04\/onda_gris-1-500x23.webp 500w, https:\/\/pontevedra.wordcamp.org\/2024\/files\/2024\/04\/onda_gris-1-1536x71.webp 1536w, https:\/\/pontevedra.wordcamp.org\/2024\/files\/2024\/04\/onda_gris-1.webp 1920w\" sizes=\"auto, (max-width: 1024px) 100vw, 1024px\" \/><\/figure>\n\n\n\n<div class=\"wp-block-group has-custom-gris-fondo-background-color has-background has-global-padding is-layout-constrained wp-container-core-group-is-layout-feb6854e wp-block-group-is-layout-constrained\" style=\"padding-top:0px;padding-bottom:48px\">\n<div class=\"wp-block-media-text is-stacked-on-mobile\" style=\"padding-top:24px;padding-bottom:24px;grid-template-columns:40% auto\"><figure class=\"wp-block-media-text__media\"><img loading=\"lazy\" decoding=\"async\" width=\"496\" height=\"342\" src=\"https:\/\/pontevedra.wordcamp.org\/2024\/files\/2024\/04\/voluntarios.webp\" alt=\"Foto de voluntarios da WordCamp Pontevedra 2022\" class=\"wp-image-2711 size-full\" srcset=\"https:\/\/pontevedra.wordcamp.org\/2024\/files\/2024\/04\/voluntarios.webp 496w, https:\/\/pontevedra.wordcamp.org\/2024\/files\/2024\/04\/voluntarios-300x207.webp 300w, https:\/\/pontevedra.wordcamp.org\/2024\/files\/2024\/04\/voluntarios-435x300.webp 435w\" sizes=\"auto, (max-width: 496px) 100vw, 496px\" \/><\/figure><div class=\"wp-block-media-text__content\">\n<h2 class=\"wp-block-heading has-text-align-left has-accent-4-color has-text-color has-link-color has-love-ya-like-a-sister-font-family has-large-font-size wp-elements-626c4080344be27b68094aa6af5a06d7\">Buscamos persoas coma ti!<\/h2>\n\n\n\n<p class=\"has-medium-font-size wp-block-paragraph\">Necesitamos persoas que desexen compartir un anaco do seu tempo para lograr que a&nbsp;<em>WordCamp<\/em>&nbsp;Pontevedra 2024 acade o mesmo \u00e9xito que nas edici\u00f3ns anteriores.<\/p>\n\n\n\n<p class=\"has-medium-font-size wp-block-paragraph\">Se queres participar formando parte do equipo de voluntariado da&nbsp;<em>WordCamp<\/em>&nbsp;Pontevedra 2024, <strong>o \u00fanico que precisas \u00e9 ter ga\u00f1a e involucrarte<\/strong> coa comunidade de&nbsp;<em>WordPress<\/em>. <\/p>\n\n\n\n<p class=\"has-medium-font-size wp-block-paragraph\">Com\u00e9ntanos por qu\u00e9 queres ser voluntario. Non o penses, faino xa!<\/p>\n<\/div><\/div>\n\n\n\n<div class=\"wp-block-media-text has-media-on-the-right is-stacked-on-mobile\" style=\"padding-top:24px;padding-bottom:24px;grid-template-columns:auto 40%\"><div class=\"wp-block-media-text__content\">\n<p class=\"has-medium-font-size wp-block-paragraph\">Ser voluntario na <em>WordCamp<\/em> Pontevedra, conv\u00e9rtete nun peza esencial do seu \u00e9xito.<\/p>\n\n\n\n<p class=\"has-medium-font-size wp-block-paragraph\">Compartes o tempo e a experiencia co equipo de organizaci\u00f3n e relatores. Co\u00f1eces e falas con visitantes de todos os lugares.<\/p>\n\n\n\n<p class=\"has-medium-font-size wp-block-paragraph\">Ademais, recibes a <strong>camiseta<\/strong> exclusiva para voluntarios e a nosa caracter\u00edstica <strong>bata galega<\/strong>. Unha prenda que poucos te\u00f1en, pero moitos desexan!<\/p>\n\n\n\n<p class=\"has-medium-font-size wp-block-paragraph\">Como membro do equipo de voluntariado, a <strong>entrada \u00e9 de balde<\/strong>, incluida a comida do evento, e <strong>poder\u00e1s disfrutar da invitaci\u00f3n \u00e1 cea de relatores, organizaci\u00f3n e voluntarios<\/strong>.<\/p>\n<\/div><figure class=\"wp-block-media-text__media\"><img loading=\"lazy\" decoding=\"async\" width=\"341\" height=\"496\" src=\"https:\/\/pontevedra.wordcamp.org\/2024\/files\/2024\/04\/bata_voluntarios.webp\" alt=\"\" class=\"wp-image-2713 size-full\" srcset=\"https:\/\/pontevedra.wordcamp.org\/2024\/files\/2024\/04\/bata_voluntarios.webp 341w, https:\/\/pontevedra.wordcamp.org\/2024\/files\/2024\/04\/bata_voluntarios-206x300.webp 206w\" sizes=\"auto, (max-width: 341px) 100vw, 341px\" \/><\/figure><\/div>\n\n\n\n<div class=\"wp-block-media-text is-stacked-on-mobile\" style=\"padding-top:24px;padding-bottom:24px;grid-template-columns:40% auto\"><figure class=\"wp-block-media-text__media\"><img loading=\"lazy\" decoding=\"async\" width=\"502\" height=\"483\" src=\"https:\/\/pontevedra.wordcamp.org\/2024\/files\/2024\/04\/voluntario_fregona.webp\" alt=\"\" class=\"wp-image-2716 size-full\" srcset=\"https:\/\/pontevedra.wordcamp.org\/2024\/files\/2024\/04\/voluntario_fregona.webp 502w, https:\/\/pontevedra.wordcamp.org\/2024\/files\/2024\/04\/voluntario_fregona-300x289.webp 300w, https:\/\/pontevedra.wordcamp.org\/2024\/files\/2024\/04\/voluntario_fregona-312x300.webp 312w\" sizes=\"auto, (max-width: 502px) 100vw, 502px\" \/><\/figure><div class=\"wp-block-media-text__content\">\n<h2 class=\"wp-block-heading has-accent-4-color has-text-color has-link-color has-large-font-size wp-elements-9632d374585d27960198c88377a99af4\">En qu\u00e9 poder\u00edas colaborar?<\/h2>\n\n\n\n<p class=\"has-medium-font-size wp-block-paragraph\">Como parte do equipo de voluntarios, asign\u00e1mosche unha serie de tarefas para que, na medida do posible, poidas desfrutar de todas as actividades que che interesen do evento.<\/p>\n\n\n\n<p class=\"has-medium-font-size wp-block-paragraph\">M\u00e1is durante o d\u00eda, xurden situaci\u00f3ns non planificadas ou imprevistos nos que a t\u00faa axuda ser\u00e1 esencial. Por iso, ser unha persoa resolutiva en proactiva \u00e9 algo que che agradecer\u00e9mos moito.<\/p>\n<\/div><\/div>\n\n\n\n<div class=\"wp-block-media-text has-media-on-the-right is-stacked-on-mobile\" style=\"padding-top:24px;padding-bottom:24px;grid-template-columns:auto 40%\"><div class=\"wp-block-media-text__content\">\n<p class=\"has-medium-font-size wp-block-paragraph\">Hai moitas encomendas, tarefas ou recados nos que podes colaborar, e que supo\u00f1en unha gran axuda. Algunhas coma:<\/p>\n\n\n\n<ul class=\"wp-block-list\">\n<li class=\"has-medium-font-size\"><strong>Recibir no rexistro<\/strong> \u00f3s asistentes para darlles a benvida e entregarlles as acreditaci\u00f3ns, as camisetas, o pack de benvida&#8230;<\/li>\n\n\n\n<li class=\"has-medium-font-size\"><strong>Supervisar<\/strong> e colaborar nas horas do caf\u00e9 e comida para que non falte de nada.<\/li>\n\n\n\n<li class=\"has-medium-font-size\"><strong>Asistir <\/strong>\u00f3s relatores e patrocinadores cando o precisen, e axudar \u00f3s asistentes a ubicarse.<\/li>\n\n\n\n<li class=\"has-medium-font-size\">Levar o control dos tempos nas <strong>sesi\u00f3ns<\/strong>,  mover os micr\u00f3fonos entre os asistentes durante os turnos de preguntas. <\/li>\n<\/ul>\n<\/div><figure class=\"wp-block-media-text__media\"><img loading=\"lazy\" decoding=\"async\" width=\"500\" height=\"339\" src=\"https:\/\/pontevedra.wordcamp.org\/2024\/files\/2024\/04\/voluntario_rexistro.webp\" alt=\"Foto duns voluntarios no rexistro da WordCamp Pontevedra 2023\" class=\"wp-image-2715 size-full\" srcset=\"https:\/\/pontevedra.wordcamp.org\/2024\/files\/2024\/04\/voluntario_rexistro.webp 500w, https:\/\/pontevedra.wordcamp.org\/2024\/files\/2024\/04\/voluntario_rexistro-300x203.webp 300w, https:\/\/pontevedra.wordcamp.org\/2024\/files\/2024\/04\/voluntario_rexistro-442x300.webp 442w\" sizes=\"auto, (max-width: 500px) 100vw, 500px\" \/><\/figure><\/div>\n\n\n\n<div class=\"wp-block-group has-global-padding is-layout-constrained wp-block-group-is-layout-constrained\" style=\"margin-bottom:48px\">\n<p class=\"has-text-align-center has-large-font-size wp-block-paragraph\"><strong>MOI IMPORTANTE!<\/strong><\/p>\n\n\n\n<p class=\"has-text-align-center wp-block-paragraph\" style=\"font-size:clamp(14px, 0.875rem + ((1vw - 3.2px) * 0.732), 20px);\"><strong>Ser\u00eda xenial se, como voluntario, puideramos contar contigo en Pontevedra desde o venres 20 de setembro \u00e1 tarde.<\/strong> As\u00ed poder\u00e1s co\u00f1ecer o lugar, ao resto do equipo e podemos facer axustes da asignaci\u00f3n de tarefas se fose necesario.<\/p>\n<\/div>\n<\/div>\n<\/div>\n\n\n\n<div id=\"solicitude-voluntarios\" class=\"wp-block-group has-global-padding is-layout-constrained wp-container-core-group-is-layout-faefedc9 wp-block-group-is-layout-constrained\" style=\"padding-top:40px;padding-right:0;padding-bottom:40px;padding-left:0\">\n<div class=\"wp-block-group has-global-padding is-layout-constrained wp-container-core-group-is-layout-29a7f5d1 wp-block-group-is-layout-constrained\" style=\"padding-right:0;padding-left:0\">\n<h2 class=\"wp-block-heading has-text-align-center has-accent-4-color has-text-color has-link-color has-x-large-font-size wp-elements-8b91e6a785334d58220ebdba3103032c\">Prazo de inscrici\u00f3n pechado<\/h2>\n\n\n\n<p class=\"has-text-align-center has-medium-font-size wp-block-paragraph\">O responsable do voluntariado da WordCamp Pontevedra est\u00e1 a analizar todas as candidaturas recibidas para poder seleccionar \u00e1s persoas que formar\u00e1n parte da organizaci\u00f3n deste ano.<\/p>\n\n\n\n<p class=\"has-text-align-center has-medium-font-size wp-block-paragraph\"><strong>Ten paciencia, mantente atento \u00f3 mail<\/strong>, e en canto poidamos, far\u00e9mosche saber se foches seleccionado ou non.<\/p>\n\n\n\n<p class=\"has-text-align-center has-medium-font-size wp-block-paragraph\">Para calquera d\u00fabida, m\u00e1ndanos un correo a <a href=\"mailto:pontevedra@wordcamp.org\">pontevedra@wordcamp.org<\/a>&nbsp;ou cubre o formulario na p\u00e1xina de&nbsp;<a href=\"https:\/\/pontevedra.wordcamp.org\/2024\/contact\/\" data-type=\"page\" data-id=\"17\"><strong>contacto<\/strong><\/a>.<\/p>\n<\/div>\n<\/div>\n\n\n\n<div class=\"wp-block-group alignfull has-accent-4-background-color has-background has-global-padding is-layout-constrained wp-container-core-group-is-layout-6a899360 wp-block-group-is-layout-constrained\" style=\"padding-top:48px;padding-bottom:48px\">\n<h2 class=\"wp-block-heading has-text-align-center has-accent-3-color has-text-color has-link-color wp-elements-ac7c7dec550b307319364f92d2382b7e\">Subscr\u00edbete \u00f3 noso blog<\/h2>\n\n\n\n<p class=\"has-text-align-center has-base-2-color has-text-color has-link-color has-medium-font-size wp-elements-3363e27a44133c2f75a537ca32716fd9 wp-block-paragraph\">Ent\u00e9rate de todo o que estamos a facer para que este evento sexa inesquecible.<\/p>\n\n\n<div class=\"wp-block-jetpack-subscriptions__supports-newline suscripciones is-style-split wp-block-jetpack-subscriptions\">\n\t\t<div>\n\t\t\t<div>\n\t\t\t\t<div>\n\t\t\t\t\t<p >\n\t\t\t\t\t\t<a href=\"https:\/\/pontevedra.wordcamp.org\/2024\/?post_type=page&#038;p=2038\" style=\"font-size: 16px;padding: 15px 23px 15px 23px;margin: 0; margin-left: 10px;border-color: base-2;border-radius: 0px;border-width: 1px; text-decoration: none; white-space: nowrap; margin-left: 0\">Subscribirse<\/a>\n\t\t\t\t\t<\/p>\n\t\t\t\t<\/div>\n\t\t\t<\/div>\n\t\t<\/div>\n\t<\/div><\/div>\n","protected":false},"excerpt":{"rendered":"<p>Informaci\u00f3n que debes saber para poder participar como voluntario na WordCamp Pontevedra 2024<\/p>\n","protected":false},"author":17330482,"featured_media":2711,"parent":0,"menu_order":0,"comment_status":"closed","ping_status":"closed","template":"wp-custom-template-p-xinas-gl","meta":{"_crdt_document":"","advanced_seo_description":"","jetpack_seo_html_title":"","jetpack_seo_noindex":false,"jetpack_post_was_ever_published":false,"footnotes":""},"class_list":["post-2038","page","type-page","status-publish","has-post-thumbnail","hentry"],"jetpack_sharing_enabled":true,"_links":{"self":[{"href":"https:\/\/pontevedra.wordcamp.org\/2024\/wp-json\/wp\/v2\/pages\/2038","targetHints":{"allow":["GET"]}}],"collection":[{"href":"https:\/\/pontevedra.wordcamp.org\/2024\/wp-json\/wp\/v2\/pages"}],"about":[{"href":"https:\/\/pontevedra.wordcamp.org\/2024\/wp-json\/wp\/v2\/types\/page"}],"author":[{"embeddable":true,"href":"https:\/\/pontevedra.wordcamp.org\/2024\/wp-json\/wp\/v2\/users\/17330482"}],"replies":[{"embeddable":true,"href":"https:\/\/pontevedra.wordcamp.org\/2024\/wp-json\/wp\/v2\/comments?post=2038"}],"version-history":[{"count":41,"href":"https:\/\/pontevedra.wordcamp.org\/2024\/wp-json\/wp\/v2\/pages\/2038\/revisions"}],"predecessor-version":[{"id":6243,"href":"https:\/\/pontevedra.wordcamp.org\/2024\/wp-json\/wp\/v2\/pages\/2038\/revisions\/6243"}],"wp:featuredmedia":[{"embeddable":true,"href":"https:\/\/pontevedra.wordcamp.org\/2024\/wp-json\/wp\/v2\/media\/2711"}],"wp:attachment":[{"href":"https:\/\/pontevedra.wordcamp.org\/2024\/wp-json\/wp\/v2\/media?parent=2038"}],"curies":[{"name":"wp","href":"https:\/\/api.w.org\/{rel}","templated":true}]}}