{"id":2063,"date":"2024-04-02T13:11:11","date_gmt":"2024-04-02T11:11:11","guid":{"rendered":"https:\/\/pontevedra.wordcamp.org\/2024\/?page_id=2063"},"modified":"2024-09-17T21:17:05","modified_gmt":"2024-09-17T19:17:05","slug":"taller-e-do_action","status":"publish","type":"page","link":"https:\/\/pontevedra.wordcamp.org\/2024\/taller-e-do_action\/","title":{"rendered":"Taller e do_action hackathon"},"content":{"rendered":"\n<div class=\"wp-block-group has-global-padding is-layout-constrained wp-block-group-is-layout-constrained\" style=\"margin-bottom:0px;padding-top:48px;padding-bottom:48px\">\n<h2 class=\"wp-block-heading has-text-align-center has-accent-4-color has-text-color has-link-color wp-elements-bb8fbbb928e357d0554ce9e999105531\">Venres, 20 de setembro<\/h2>\n\n\n\n<p class=\"has-text-align-center wp-block-paragraph\">A Comunidade de WordPress Pontevedra quixemos organizar unhas actividades previas \u00e1 WordCamp nas que atraer a xente nova. Un xeito de amosar as posibilidades desta <a href=\"https:\/\/gl.wordpress.org\/\" target=\"_blank\" rel=\"noreferrer noopener\">ferramenta<\/a>, e facerlles comprender que non son cousas s\u00f3 de frikis.<\/p>\n\n\n\n<p class=\"has-text-align-center wp-block-paragraph\">Para iso, pensamos en coordinar <strong>d\u00faas actividades distintas<\/strong> nun mesmo d\u00eda e lugar, no que &nbsp;xuntar a principiantes, usuarios e profesionales de WordPress.<\/p>\n\n\n\n<p class=\"has-text-align-center wp-block-paragraph\">Pensamos neste formato porque queremos ser un grupo aberto no que cualquera te\u00f1a o seu lugar, e formar parte da sociedade pontevedresa. Crear sinerxias con outros grupos, colaborando con boas causas e loitando contra a fenda dixital.<\/p>\n<\/div>\n\n\n\n<div class=\"wp-block-group alignfull is-layout-flow wp-container-core-group-is-layout-c2db5122 wp-block-group-is-layout-flow\" style=\"padding-right:0px;padding-left:0px\">\n<figure class=\"wp-block-image alignfull size-large\"><img loading=\"lazy\" decoding=\"async\" width=\"1024\" height=\"47\" src=\"https:\/\/pontevedra.wordcamp.org\/2024\/files\/2024\/04\/onda_gris-1-1024x47.webp\" alt=\"\" class=\"wp-image-2396\" srcset=\"https:\/\/pontevedra.wordcamp.org\/2024\/files\/2024\/04\/onda_gris-1-1024x47.webp 1024w, https:\/\/pontevedra.wordcamp.org\/2024\/files\/2024\/04\/onda_gris-1-300x14.webp 300w, https:\/\/pontevedra.wordcamp.org\/2024\/files\/2024\/04\/onda_gris-1-768x36.webp 768w, https:\/\/pontevedra.wordcamp.org\/2024\/files\/2024\/04\/onda_gris-1-500x23.webp 500w, https:\/\/pontevedra.wordcamp.org\/2024\/files\/2024\/04\/onda_gris-1-1536x71.webp 1536w, https:\/\/pontevedra.wordcamp.org\/2024\/files\/2024\/04\/onda_gris-1.webp 1920w\" sizes=\"auto, (max-width: 1024px) 100vw, 1024px\" \/><\/figure>\n\n\n\n<div class=\"wp-block-group has-custom-gris-fondo-background-color has-background has-global-padding is-layout-constrained wp-container-core-group-is-layout-cdf2922d wp-block-group-is-layout-constrained\" style=\"padding-top:0px;padding-bottom:0px\">\n<div class=\"wp-block-media-text is-stacked-on-mobile\" style=\"padding-top:24px;padding-bottom:24px;grid-template-columns:40% auto\"><figure class=\"wp-block-media-text__media\"><img loading=\"lazy\" decoding=\"async\" width=\"504\" height=\"483\" src=\"https:\/\/pontevedra.wordcamp.org\/2024\/files\/2024\/05\/taller_2.webp\" alt=\"\" class=\"wp-image-3061 size-full\" srcset=\"https:\/\/pontevedra.wordcamp.org\/2024\/files\/2024\/05\/taller_2.webp 504w, https:\/\/pontevedra.wordcamp.org\/2024\/files\/2024\/05\/taller_2-300x288.webp 300w, https:\/\/pontevedra.wordcamp.org\/2024\/files\/2024\/05\/taller_2-313x300.webp 313w\" sizes=\"auto, (max-width: 504px) 100vw, 504px\" \/><\/figure><div class=\"wp-block-media-text__content\">\n<h2 class=\"wp-block-heading has-text-align-left has-accent-4-color has-text-color has-link-color has-large-font-size wp-elements-2ed4157c702a7f3cfa5533295d4110dc\"><strong>Taller de iniciaci\u00f3n<\/strong><\/h2>\n\n\n\n<p class=\"has-medium-font-size wp-block-paragraph\">Esta actividade est\u00e1 pensada para calquera que lle interese descubrir c\u00f3mo vai iso de crear webs. Que sempre quixera ter unha web pero que lle dea perguiza, ou que lle pareza demasiado complicado para facelo pola s\u00faa conta.<\/p>\n\n\n\n<p class=\"has-medium-font-size wp-block-paragraph\">Da man dun\/ha gran profesional, adentraraste no mundo de WordPress e <strong>descubrir\u00e1s o sinxelo e r\u00e1pido que \u00e9 crear unha web con este xestor.<\/strong><\/p>\n<\/div><\/div>\n\n\n\n<div class=\"wp-block-media-text has-media-on-the-right is-stacked-on-mobile\" style=\"padding-top:24px;padding-bottom:24px;grid-template-columns:auto 40%\"><div class=\"wp-block-media-text__content\">\n<h2 class=\"wp-block-heading has-text-align-left has-accent-4-color has-text-color has-link-color has-large-font-size wp-elements-5a4952263d818ab974f2e98f5dd624bf\"><strong><strong>do_action hackathon<\/strong><\/strong><\/h2>\n\n\n\n<p class=\"wp-block-paragraph\">do_action, simplemente \u00e9 a forma que ten a Comunidade de WordPress de nomear a un evento no que nos reunimos para planificar e crear o sitio web dunhas organizaci\u00f3ns sen \u00e1nimo de lucro de \u00e1mbito local nun s\u00f3 d\u00eda.<\/p>\n\n\n\n<p class=\"wp-block-paragraph\">Gracias \u00f3s participantes do taller de iniciaci\u00f3n, a calquera que queira participar, e \u00e1 Comunidade de WordPress, conseguiremos mellorar a visibilidade e presenza dixital destas asociaci\u00f3ns para axudar a que os seus proxectos te\u00f1an un maior alcance.<\/p>\n<\/div><figure class=\"wp-block-media-text__media\"><img loading=\"lazy\" decoding=\"async\" width=\"505\" height=\"340\" src=\"https:\/\/pontevedra.wordcamp.org\/2024\/files\/2024\/05\/do_action_2.webp\" alt=\"\" class=\"wp-image-3062 size-full\" srcset=\"https:\/\/pontevedra.wordcamp.org\/2024\/files\/2024\/05\/do_action_2.webp 505w, https:\/\/pontevedra.wordcamp.org\/2024\/files\/2024\/05\/do_action_2-300x202.webp 300w, https:\/\/pontevedra.wordcamp.org\/2024\/files\/2024\/05\/do_action_2-446x300.webp 446w\" sizes=\"auto, (max-width: 505px) 100vw, 505px\" \/><\/figure><\/div>\n\n\n\n<div style=\"height:40px\" aria-hidden=\"true\" class=\"wp-block-spacer\"><\/div>\n<\/div>\n<\/div>\n\n\n\n<div class=\"wp-block-group has-global-padding is-layout-constrained wp-block-group-is-layout-constrained\" style=\"margin-bottom:48px;padding-top:27px;padding-bottom:27px\">\n<p class=\"has-text-align-center wp-block-paragraph\" style=\"font-size:clamp(15.747px, 0.984rem + ((1vw - 3.2px) * 1.006), 24px);\"><strong>IMPORTANTE:<\/strong><\/p>\n\n\n\n<p class=\"has-text-align-center has-medium-font-size wp-block-paragraph\">Tanto o <strong>Taller de Iniciaci\u00f3n coma o do_action son gratuitos e independientes da celebraci\u00f3n da WordCamp<\/strong> \u00f3 d\u00eda seguinte.<\/p>\n\n\n\n<p class=\"has-text-align-center wp-block-paragraph\">An\u00edmate a participar e ser parte da nosa comunidade!<\/p>\n\n\n\n<div class=\"wp-block-buttons is-content-justification-center is-layout-flex wp-container-core-buttons-is-layout-0aa01211 wp-block-buttons-is-layout-flex\">\n<div class=\"wp-block-button is-style-fill sombra-verde\"><a class=\"wp-block-button__link has-base-2-color has-accent-4-background-color has-text-color has-background has-link-color has-border-color wp-element-button\" href=\"https:\/\/pontevedra.wordcamp.org\/2024\/participar-taller-do_action\/\" style=\"border-color:#35ff69;border-radius:0px;padding-top:4px;padding-right:24px;padding-bottom:4px;padding-left:24px\">Participar<\/a><\/div>\n<\/div>\n<\/div>\n\n\n\n<div class=\"wp-block-group alignfull has-accent-4-background-color has-background is-layout-flow wp-block-group-is-layout-flow\" style=\"margin-top:0px;margin-bottom:0px;padding-top:48px;padding-right:4%;padding-bottom:48px;padding-left:4%\">\n<h2 class=\"wp-block-heading has-text-align-center has-accent-3-color has-text-color has-link-color wp-elements-d5c9bef54976eb33f2c661fe15ab4b19\">A\u00ednda non t\u00e9s a t\u00faa entrada?&nbsp;<\/h2>\n\n\n\n<p class=\"has-text-align-center has-base-2-color has-text-color has-link-color wp-elements-dbe7e8bb3729036ffcf7131ff8135db4 wp-block-paragraph\">Se queres acudir \u00e1s Conferencias e \u00f3 D\u00eda da Comunidade, non esquezas mercar a t\u00faa entrada<\/p>\n\n\n\n<div class=\"wp-block-buttons is-content-justification-center is-layout-flex wp-container-core-buttons-is-layout-ff57ccb5 wp-block-buttons-is-layout-flex\" style=\"margin-top:24px;margin-bottom:24px\">\n<div class=\"wp-block-button is-style-fill sombra-verde\"><a class=\"wp-block-button__link has-accent-4-color has-base-2-background-color has-text-color has-background has-link-color has-border-color wp-element-button\" href=\"https:\/\/pontevedra.wordcamp.org\/2024\/entradas\/\" style=\"border-color:#35ff69;border-radius:0px;padding-top:4px;padding-bottom:4px\">Mercar entrada<\/a><\/div>\n<\/div>\n<\/div>\n\n\n\n<div style=\"height:40px\" aria-hidden=\"true\" class=\"wp-block-spacer\"><\/div>\n\n\n\n<h2 class=\"wp-block-heading has-text-align-center has-accent-4-color has-text-color has-link-color wp-elements-cd834f1c399a42de353f6a8bc6e1742a\">Patrocinadores do taller e do_action<\/h2>\n\n\n\n<figure class=\"wp-block-gallery has-nested-images columns-default wp-block-gallery-1 is-layout-flex wp-block-gallery-is-layout-flex\">\n<figure class=\"wp-block-image size-medium\"><img decoding=\"async\" data-id=\"3954\" src=\"https:\/\/pontevedra.wordcamp.org\/2022\/files\/2022\/09\/logo_asociacion_pontupstore_horizontal_color_2022-300x138.png\" alt=\"\" class=\"wp-image-3954\" \/><\/figure>\n\n\n\n<figure class=\"wp-block-image size-full\"><img decoding=\"async\" data-id=\"212\" src=\"https:\/\/pontevedra.wordcamp.org\/2023\/files\/2023\/04\/siteground.jpg\" alt=\"SiteGround\" class=\"wp-image-212\" \/><\/figure>\n\n\n\n<figure class=\"wp-block-image size-full\"><img decoding=\"async\" data-id=\"222\" src=\"https:\/\/pontevedra.wordcamp.org\/2023\/files\/2023\/04\/lucushost.jpg\" alt=\"LucusHost\" class=\"wp-image-222\" \/><\/figure>\n<\/figure>\n","protected":false},"excerpt":{"rendered":"<p>Explicaci\u00f3n e informaci\u00f3n sobre o taller de iniciaci\u00f3n a WordPress e dodo_action hackathon<\/p>\n","protected":false},"author":17330482,"featured_media":3062,"parent":0,"menu_order":0,"comment_status":"closed","ping_status":"closed","template":"wp-custom-template-p-xinas-gl","meta":{"_crdt_document":"","advanced_seo_description":"","jetpack_seo_html_title":"","jetpack_seo_noindex":false,"jetpack_post_was_ever_published":false,"footnotes":""},"class_list":["post-2063","page","type-page","status-publish","has-post-thumbnail","hentry"],"jetpack_sharing_enabled":true,"_links":{"self":[{"href":"https:\/\/pontevedra.wordcamp.org\/2024\/wp-json\/wp\/v2\/pages\/2063","targetHints":{"allow":["GET"]}}],"collection":[{"href":"https:\/\/pontevedra.wordcamp.org\/2024\/wp-json\/wp\/v2\/pages"}],"about":[{"href":"https:\/\/pontevedra.wordcamp.org\/2024\/wp-json\/wp\/v2\/types\/page"}],"author":[{"embeddable":true,"href":"https:\/\/pontevedra.wordcamp.org\/2024\/wp-json\/wp\/v2\/users\/17330482"}],"replies":[{"embeddable":true,"href":"https:\/\/pontevedra.wordcamp.org\/2024\/wp-json\/wp\/v2\/comments?post=2063"}],"version-history":[{"count":17,"href":"https:\/\/pontevedra.wordcamp.org\/2024\/wp-json\/wp\/v2\/pages\/2063\/revisions"}],"predecessor-version":[{"id":7431,"href":"https:\/\/pontevedra.wordcamp.org\/2024\/wp-json\/wp\/v2\/pages\/2063\/revisions\/7431"}],"wp:featuredmedia":[{"embeddable":true,"href":"https:\/\/pontevedra.wordcamp.org\/2024\/wp-json\/wp\/v2\/media\/3062"}],"wp:attachment":[{"href":"https:\/\/pontevedra.wordcamp.org\/2024\/wp-json\/wp\/v2\/media?parent=2063"}],"curies":[{"name":"wp","href":"https:\/\/api.w.org\/{rel}","templated":true}]}}