{"id":2064,"date":"2024-04-02T13:13:25","date_gmt":"2024-04-02T11:13:25","guid":{"rendered":"https:\/\/pontevedra.wordcamp.org\/2024\/?page_id=2064"},"modified":"2024-09-13T19:37:49","modified_gmt":"2024-09-13T17:37:49","slug":"dia-comunidade","status":"publish","type":"page","link":"https:\/\/pontevedra.wordcamp.org\/2024\/dia-comunidade\/","title":{"rendered":"D\u00eda da Comunidade"},"content":{"rendered":"\n<div class=\"wp-block-group has-global-padding is-layout-constrained wp-block-group-is-layout-constrained\" style=\"margin-bottom:0px;padding-top:48px;padding-bottom:48px\">\n<h2 class=\"wp-block-heading has-text-align-center has-accent-4-color has-text-color has-link-color wp-elements-afd93836b903d24a3a1045b20a87e6c2\">Domingo, 22 de setembro<\/h2>\n\n\n\n<p class=\"has-text-align-center has-medium-font-size wp-block-paragraph\">WordPress \u00e9 unha ferramenta de c\u00f3digo aberto e libre que permite que <strong>calquera poida participar da s\u00faa creaci\u00f3n e mellora<\/strong> ou de calquera parte do ecosistema \u00f3 seu arredor.<\/p>\n\n\n\n<p class=\"has-text-align-center has-medium-font-size wp-block-paragraph\">Nesta xornada, as persoas que desfrutamos botando unha man co proxecto de WordPress, reun\u00edmonos en persoa para <strong>traballar en com\u00fan e amosar a outros c\u00f3mo poden colaborar.<\/strong><\/p>\n\n\n\n<p class=\"has-text-align-center has-medium-font-size wp-block-paragraph\">Conf\u00f3rmanse mesas tem\u00e1ticas de traballo lideradas por persoas ampliamente reco\u00f1ecidas pola s\u00faa aportaci\u00f3n nos distintos equipos, que fan posible que WordPress sexa unha ferramenta l\u00edder no desenvolvemento web, e ti decides a qu\u00e9 equipo te queres unir.<\/p>\n<\/div>\n\n\n\n<div class=\"wp-block-group alignfull is-layout-flow wp-container-core-group-is-layout-c2db5122 wp-block-group-is-layout-flow\" style=\"padding-right:0px;padding-left:0px\">\n<figure class=\"wp-block-image alignfull size-large\"><img loading=\"lazy\" decoding=\"async\" width=\"1024\" height=\"47\" src=\"https:\/\/pontevedra.wordcamp.org\/2024\/files\/2024\/04\/onda_gris-1-1024x47.webp\" alt=\"\" class=\"wp-image-2396\" srcset=\"https:\/\/pontevedra.wordcamp.org\/2024\/files\/2024\/04\/onda_gris-1-1024x47.webp 1024w, https:\/\/pontevedra.wordcamp.org\/2024\/files\/2024\/04\/onda_gris-1-300x14.webp 300w, https:\/\/pontevedra.wordcamp.org\/2024\/files\/2024\/04\/onda_gris-1-768x36.webp 768w, https:\/\/pontevedra.wordcamp.org\/2024\/files\/2024\/04\/onda_gris-1-500x23.webp 500w, https:\/\/pontevedra.wordcamp.org\/2024\/files\/2024\/04\/onda_gris-1-1536x71.webp 1536w, https:\/\/pontevedra.wordcamp.org\/2024\/files\/2024\/04\/onda_gris-1.webp 1920w\" sizes=\"auto, (max-width: 1024px) 100vw, 1024px\" \/><\/figure>\n\n\n\n<div class=\"wp-block-group has-custom-gris-fondo-background-color has-background has-global-padding is-layout-constrained wp-container-core-group-is-layout-cdf2922d wp-block-group-is-layout-constrained\" style=\"padding-top:0px;padding-bottom:0px\">\n<div class=\"wp-block-media-text is-stacked-on-mobile\" style=\"padding-top:24px;padding-bottom:24px;grid-template-columns:40% auto\"><figure class=\"wp-block-media-text__media\"><img loading=\"lazy\" decoding=\"async\" width=\"495\" height=\"475\" src=\"https:\/\/pontevedra.wordcamp.org\/2024\/files\/2024\/04\/contributor_traducions.webp\" alt=\"Foto do equipo de traduci\u00f3ns\" class=\"wp-image-2636 size-full\" srcset=\"https:\/\/pontevedra.wordcamp.org\/2024\/files\/2024\/04\/contributor_traducions.webp 495w, https:\/\/pontevedra.wordcamp.org\/2024\/files\/2024\/04\/contributor_traducions-300x288.webp 300w, https:\/\/pontevedra.wordcamp.org\/2024\/files\/2024\/04\/contributor_traducions-313x300.webp 313w\" sizes=\"auto, (max-width: 495px) 100vw, 495px\" \/><\/figure><div class=\"wp-block-media-text__content\">\n<h2 class=\"wp-block-heading has-text-align-left has-accent-4-color has-text-color has-link-color has-large-font-size wp-elements-942ee2f2c00bbbc3f00a134f9ce58ff0\"><strong>Ax\u00fadanos a facer WordPress a\u00ednda mellor.<\/strong><\/h2>\n\n\n\n<p class=\"has-medium-font-size wp-block-paragraph\">A t\u00faa asistencia sup\u00f3n unha gran aportaci\u00f3n para a Comunidade independentemente do teu perfil. Seguramente <strong>saibas facer moitas cousas<\/strong> que poden axudar a mellorar o dese\u00f1o, a accesibilidade ou a seguridade de WordPress.<\/p>\n\n\n\n<p class=\"has-medium-font-size wp-block-paragraph\">Podes <strong>traducir<\/strong> plugins ou o tema que tanto che gusta, pero que non est\u00e1 dispo\u00f1ible no teu idioma.&nbsp;<\/p>\n\n\n\n<p class=\"has-text-align-left has-medium-font-size wp-block-paragraph\">Se cadra, prefires axudar a outros usuarios a <strong>resolver as s\u00faas d\u00fabidas<\/strong> nos foros de soporte da Comunidade. <\/p>\n\n\n\n<p class=\"has-text-align-left has-medium-font-size wp-block-paragraph\">Ou queres saber qu\u00e9 hai que facer para <strong>liderar<\/strong> a formaci\u00f3n dun grupo de WordPress na t\u00faa localidade.<\/p>\n\n\n\n<p class=\"has-text-align-left wp-block-paragraph\">Tam\u00e9n podes <strong>colaborar na mesa de WordPress.TV <\/strong>para que as sesi\u00f3ns da WordCamp est\u00e9an dispo\u00f1ibles para todo o mundo en tempo r\u00e9cord.<\/p>\n<\/div><\/div>\n\n\n\n<div class=\"wp-block-media-text has-media-on-the-right is-stacked-on-mobile\" style=\"padding-top:24px;padding-bottom:24px;grid-template-columns:auto 40%\"><div class=\"wp-block-media-text__content\">\n<h2 class=\"wp-block-heading has-text-align-left has-accent-4-color has-text-color has-link-color has-large-font-size wp-elements-955ef9a48752ed784a45969ad72db7c2\"><strong>Mesas de traballo<\/strong><\/h2>\n\n\n\n<p class=\"has-medium-font-size wp-block-paragraph\">Se a\u00ednda non tes claro a qu\u00e9 mesa te queres unir, podes curiosear por varias e quedarte na que m\u00e1is che guste. En principio, teremos as seguintes :<\/p>\n\n\n\n<div class=\"wp-block-group is-nowrap is-layout-flex wp-container-core-group-is-layout-0351fb30 wp-block-group-is-layout-flex\">\n<ul class=\"wp-block-list\">\n<li>Traduci\u00f3ns (ES, GL e PT)<\/li>\n\n\n\n<li>Dese\u00f1o<\/li>\n\n\n\n<li>WordPress.TV<\/li>\n\n\n\n<li>Sostibilidade<\/li>\n<\/ul>\n\n\n\n<ul class=\"wp-block-list\">\n<li>Accesibilidade<\/li>\n\n\n\n<li>Soporte<\/li>\n\n\n\n<li>M\u00e1rketing<\/li>\n\n\n\n<li>Comunidade<\/li>\n<\/ul>\n<\/div>\n<\/div><figure class=\"wp-block-media-text__media\"><img loading=\"lazy\" decoding=\"async\" width=\"500\" height=\"342\" src=\"https:\/\/pontevedra.wordcamp.org\/2024\/files\/2024\/04\/MESAS_contributor.webp\" alt=\"Foto das mesas de traballo\" class=\"wp-image-2635 size-full\" srcset=\"https:\/\/pontevedra.wordcamp.org\/2024\/files\/2024\/04\/MESAS_contributor.webp 500w, https:\/\/pontevedra.wordcamp.org\/2024\/files\/2024\/04\/MESAS_contributor-300x205.webp 300w, https:\/\/pontevedra.wordcamp.org\/2024\/files\/2024\/04\/MESAS_contributor-439x300.webp 439w\" sizes=\"auto, (max-width: 500px) 100vw, 500px\" \/><\/figure><\/div>\n\n\n\n<div class=\"wp-block-media-text is-stacked-on-mobile\" style=\"padding-top:24px;padding-bottom:24px;grid-template-columns:40% auto\"><figure class=\"wp-block-media-text__media\"><img loading=\"lazy\" decoding=\"async\" width=\"502\" height=\"480\" src=\"https:\/\/pontevedra.wordcamp.org\/2024\/files\/2024\/04\/contributor_ordenador.webp\" alt=\"Foto duns port\u00e1iles\" class=\"wp-image-2637 size-full\" srcset=\"https:\/\/pontevedra.wordcamp.org\/2024\/files\/2024\/04\/contributor_ordenador.webp 502w, https:\/\/pontevedra.wordcamp.org\/2024\/files\/2024\/04\/contributor_ordenador-300x287.webp 300w, https:\/\/pontevedra.wordcamp.org\/2024\/files\/2024\/04\/contributor_ordenador-314x300.webp 314w\" sizes=\"auto, (max-width: 502px) 100vw, 502px\" \/><\/figure><div class=\"wp-block-media-text__content\">\n<h2 class=\"wp-block-heading has-accent-4-color has-text-color has-link-color has-large-font-size wp-elements-78079e1a93fd806fc14e33c8217c0972\"><strong>Que se necesita para participar?<\/strong>&nbsp;<\/h2>\n\n\n\n<p class=\"has-medium-font-size wp-block-paragraph\">O principal \u00e9 que te\u00f1as <strong>curiosidade e ga\u00f1a<\/strong>. Despois de todo o vivido nas xornadas anteriores, seguramente, tam\u00e9n vas precisar un pouco de forza de voluntade para abandoar a cama e asistir.<\/p>\n\n\n\n<p class=\"has-medium-font-size wp-block-paragraph\">Pero se decides vir, \u00e9 ideal que traias o teu <strong>port\u00e1til<\/strong> ou tablet,mais non \u00e9 un requisito indispensable. Moitas veces, unha opini\u00f3n \u00e9 moito m\u00e1is valiosa ca ningunha tecnolox\u00eda.<\/p>\n\n\n\n<p class=\"has-medium-font-size wp-block-paragraph\">O que si vas precisar \u00e9 unha<strong> conta en Slack<\/strong>. Slack \u00e9 a plataforma de comunicaci\u00f3n que utilizan os grupos de traballo da Comunidade de WordPress para organizarse. <\/p>\n\n\n\n<p class=\"has-medium-font-size wp-block-paragraph\">Aqu\u00ed tes unha gu\u00eda para <strong>crear a t\u00faa conta de Slack <\/strong>e unirte \u00e1 Comunidade de WordPress.<\/p>\n\n\n\n<div class=\"wp-block-buttons is-content-justification-left is-layout-flex wp-container-core-buttons-is-layout-827f161b wp-block-buttons-is-layout-flex\" style=\"margin-top:16px;margin-bottom:16px\">\n<div class=\"wp-block-button is-style-fill sombra-verde\"><a class=\"wp-block-button__link has-base-2-color has-accent-4-background-color has-text-color has-background has-link-color has-border-color wp-element-button\" href=\"https:\/\/es.wordpress.org\/team\/handbook\/equipo\/chat\/#creacion-de-una-cuenta\" style=\"border-color:#35ff69;border-radius:0px;padding-top:4px;padding-right:24px;padding-bottom:4px;padding-left:24px\">Ver a gu\u00eda<\/a><\/div>\n<\/div>\n<\/div><\/div>\n\n\n\n<div style=\"height:40px\" aria-hidden=\"true\" class=\"wp-block-spacer\"><\/div>\n<\/div>\n<\/div>\n\n\n\n<div class=\"wp-block-group alignfull has-accent-4-background-color has-background is-layout-flow wp-block-group-is-layout-flow\" style=\"margin-top:0px;margin-bottom:0px;padding-top:48px;padding-right:4%;padding-bottom:48px;padding-left:4%\">\n<h2 class=\"wp-block-heading has-text-align-center has-accent-3-color has-text-color has-link-color wp-elements-d5c9bef54976eb33f2c661fe15ab4b19\">A\u00ednda non t\u00e9s a t\u00faa entrada?&nbsp;<\/h2>\n\n\n\n<p class=\"has-text-align-center has-base-2-color has-text-color has-link-color wp-elements-dbe7e8bb3729036ffcf7131ff8135db4 wp-block-paragraph\">Se queres acudir \u00e1s Conferencias e \u00f3 D\u00eda da Comunidade, non esquezas mercar a t\u00faa entrada<\/p>\n\n\n\n<div class=\"wp-block-buttons is-content-justification-center is-layout-flex wp-container-core-buttons-is-layout-ff57ccb5 wp-block-buttons-is-layout-flex\" style=\"margin-top:24px;margin-bottom:24px\">\n<div class=\"wp-block-button is-style-fill sombra-verde\"><a class=\"wp-block-button__link has-accent-4-color has-base-2-background-color has-text-color has-background has-link-color has-border-color wp-element-button\" href=\"https:\/\/pontevedra.wordcamp.org\/2024\/entradas\/\" style=\"border-color:#35ff69;border-radius:0px;padding-top:4px;padding-bottom:4px\">Mercar entrada<\/a><\/div>\n<\/div>\n<\/div>\n","protected":false},"excerpt":{"rendered":"<p>Explicaci\u00f3n e informaci\u00f3n de interese sobre o D\u00eda da Comunidade de WordPress na WordCamp Pontevedra 2024<\/p>\n","protected":false},"author":17330482,"featured_media":2635,"parent":0,"menu_order":0,"comment_status":"closed","ping_status":"closed","template":"wp-custom-template-p-xinas-gl","meta":{"_crdt_document":"","advanced_seo_description":"","jetpack_seo_html_title":"","jetpack_seo_noindex":false,"jetpack_post_was_ever_published":false,"footnotes":""},"class_list":["post-2064","page","type-page","status-publish","has-post-thumbnail","hentry"],"jetpack_sharing_enabled":true,"_links":{"self":[{"href":"https:\/\/pontevedra.wordcamp.org\/2024\/wp-json\/wp\/v2\/pages\/2064","targetHints":{"allow":["GET"]}}],"collection":[{"href":"https:\/\/pontevedra.wordcamp.org\/2024\/wp-json\/wp\/v2\/pages"}],"about":[{"href":"https:\/\/pontevedra.wordcamp.org\/2024\/wp-json\/wp\/v2\/types\/page"}],"author":[{"embeddable":true,"href":"https:\/\/pontevedra.wordcamp.org\/2024\/wp-json\/wp\/v2\/users\/17330482"}],"replies":[{"embeddable":true,"href":"https:\/\/pontevedra.wordcamp.org\/2024\/wp-json\/wp\/v2\/comments?post=2064"}],"version-history":[{"count":30,"href":"https:\/\/pontevedra.wordcamp.org\/2024\/wp-json\/wp\/v2\/pages\/2064\/revisions"}],"predecessor-version":[{"id":7334,"href":"https:\/\/pontevedra.wordcamp.org\/2024\/wp-json\/wp\/v2\/pages\/2064\/revisions\/7334"}],"wp:featuredmedia":[{"embeddable":true,"href":"https:\/\/pontevedra.wordcamp.org\/2024\/wp-json\/wp\/v2\/media\/2635"}],"wp:attachment":[{"href":"https:\/\/pontevedra.wordcamp.org\/2024\/wp-json\/wp\/v2\/media?parent=2064"}],"curies":[{"name":"wp","href":"https:\/\/api.w.org\/{rel}","templated":true}]}}