{"id":2093,"date":"2024-04-21T16:57:01","date_gmt":"2024-04-21T14:57:01","guid":{"rendered":"https:\/\/pontevedra.wordcamp.org\/2024\/?page_id=2093"},"modified":"2024-09-20T10:18:43","modified_gmt":"2024-09-20T08:18:43","slug":"participar-taller-do_action","status":"publish","type":"page","link":"https:\/\/pontevedra.wordcamp.org\/2024\/participar-taller-do_action\/","title":{"rendered":"Participar no Taller e do_action hackathon"},"content":{"rendered":"\n<div class=\"wp-block-group has-global-padding is-layout-constrained wp-block-group-is-layout-constrained\" style=\"margin-bottom:0px;padding-top:48px;padding-bottom:48px\">\n<h2 class=\"wp-block-heading has-text-align-center has-accent-4-color has-text-color has-link-color wp-elements-a1fb9d1fe8a5ee444335fe7e8487b146\">Principiantes e profesionais<\/h2>\n\n\n\n<p class=\"has-text-align-center has-medium-font-size wp-block-paragraph\">Un ano m\u00e1is, dende a Comunidade de WordPress Pontevedra, queremos xuntar a principiantes, usuarios e profesionais de <a href=\"https:\/\/gl.wordpress.org\/\" data-type=\"link\" data-id=\"https:\/\/gl.wordpress.org\/\" target=\"_blank\" rel=\"noreferrer noopener\">WordPress<\/a> nun mesmo evento mentres <strong>colaboran por unha boa causa<\/strong>.<\/p>\n\n\n\n<p class=\"has-text-align-center has-medium-font-size wp-block-paragraph\">Deste xeito, realizaremos d\u00faas actividades nas que poder\u00e1s participar en ambas, ou s\u00f3 na que prefiras:<\/p>\n\n\n\n<div class=\"wp-block-group has-global-padding is-layout-constrained wp-container-core-group-is-layout-9b26ac5f wp-block-group-is-layout-constrained\" style=\"margin-top:16px;margin-bottom:16px;padding-right:10%;padding-left:10%\">\n<ol class=\"wp-block-list\">\n<li class=\"has-medium-font-size\">Taller te\u00f3rico\/pr\u00e1ctico de iniciaci\u00f3n a WordPress.<\/li>\n\n\n\n<li class=\"has-medium-font-size\">do_action hackathon (Traballo colaborativo).<\/li>\n<\/ol>\n<\/div>\n\n\n\n<p class=\"has-text-align-center has-medium-font-size wp-block-paragraph\">A\u00ednda que est\u00e1n dentro do programa da PonteWordCamp, <strong>podes participar nestas actividades sen necesidade de ser asistente da WordCamp.<\/strong>&nbsp;<\/p>\n<\/div>\n\n\n\n<div class=\"wp-block-group alignfull is-layout-flow wp-container-core-group-is-layout-c2db5122 wp-block-group-is-layout-flow\" style=\"padding-right:0px;padding-left:0px\">\n<figure class=\"wp-block-image alignfull size-large\"><img loading=\"lazy\" decoding=\"async\" width=\"1024\" height=\"47\" src=\"https:\/\/pontevedra.wordcamp.org\/2024\/files\/2024\/04\/onda_gris-1-1024x47.webp\" alt=\"\" class=\"wp-image-2396\" srcset=\"https:\/\/pontevedra.wordcamp.org\/2024\/files\/2024\/04\/onda_gris-1-1024x47.webp 1024w, https:\/\/pontevedra.wordcamp.org\/2024\/files\/2024\/04\/onda_gris-1-300x14.webp 300w, https:\/\/pontevedra.wordcamp.org\/2024\/files\/2024\/04\/onda_gris-1-768x36.webp 768w, https:\/\/pontevedra.wordcamp.org\/2024\/files\/2024\/04\/onda_gris-1-500x23.webp 500w, https:\/\/pontevedra.wordcamp.org\/2024\/files\/2024\/04\/onda_gris-1-1536x71.webp 1536w, https:\/\/pontevedra.wordcamp.org\/2024\/files\/2024\/04\/onda_gris-1.webp 1920w\" sizes=\"auto, (max-width: 1024px) 100vw, 1024px\" \/><\/figure>\n\n\n\n<div class=\"wp-block-group has-custom-gris-fondo-background-color has-background has-global-padding is-layout-constrained wp-container-core-group-is-layout-feb6854e wp-block-group-is-layout-constrained\" style=\"padding-top:0px;padding-bottom:48px\">\n<div class=\"wp-block-media-text is-stacked-on-mobile\" style=\"padding-top:24px;padding-bottom:24px;grid-template-columns:40% auto\"><figure class=\"wp-block-media-text__media\"><img loading=\"lazy\" decoding=\"async\" width=\"502\" height=\"339\" src=\"https:\/\/pontevedra.wordcamp.org\/2024\/files\/2024\/04\/taller_fernando.webp\" alt=\"Foto durante o taller pr\u00e1ctico\" class=\"wp-image-2736 size-full\" srcset=\"https:\/\/pontevedra.wordcamp.org\/2024\/files\/2024\/04\/taller_fernando.webp 502w, https:\/\/pontevedra.wordcamp.org\/2024\/files\/2024\/04\/taller_fernando-300x203.webp 300w, https:\/\/pontevedra.wordcamp.org\/2024\/files\/2024\/04\/taller_fernando-444x300.webp 444w\" sizes=\"auto, (max-width: 502px) 100vw, 502px\" \/><\/figure><div class=\"wp-block-media-text__content\">\n<h2 class=\"wp-block-heading has-text-align-left has-accent-4-color has-text-color has-link-color has-love-ya-like-a-sister-font-family has-large-font-size wp-elements-2f4df052f5a422d549ac2323a5685f4b\"><strong>Taller te\u00f3rico\/pr\u00e1ctico de iniciaci\u00f3n a WordPress<\/strong><\/h2>\n\n\n\n<p class=\"has-medium-font-size wp-block-paragraph\">Pensado para calquera que lle interese descubrir c\u00f3mo vai iso de crear webs. Que sempre quixera ter unha web pero que lle dea perguiza, ou que lle pareza demasiado complicado para facelo pola s\u00faa conta.<\/p>\n\n\n\n<p class=\"has-medium-font-size wp-block-paragraph\">Da man dun grande profesional, adentraraste no mundo de WordPress e <strong>descubrir\u00e1s o sinxelo e r\u00e1pido que \u00e9 crear unha web con este xestor.<\/strong><\/p>\n<\/div><\/div>\n\n\n\n<div class=\"wp-block-media-text has-media-on-the-right is-stacked-on-mobile\" style=\"padding-top:24px;padding-bottom:24px;grid-template-columns:auto 40%\"><div class=\"wp-block-media-text__content\">\n<p class=\"has-text-align-left has-medium-font-size wp-block-paragraph\">Ademais dos co\u00f1ecementos, <strong>levaraste<\/strong>:<\/p>\n\n\n\n<div class=\"wp-block-group is-layout-flow wp-container-core-group-is-layout-fb6b32ec wp-block-group-is-layout-flow\" style=\"padding-right:2%;padding-left:2%\">\n<ol class=\"wp-block-list\">\n<li class=\"has-medium-font-size\">Unha nova <strong>instalaci\u00f3n de WordPress, propia e gratis, <\/strong>e todos os detalles de inicio de sesi\u00f3n precisos para que poidas comezar a traballar. Cun <strong>aloxamento de balde durante 3 meses,<\/strong> para poder po\u00f1er en pr\u00e1ctica ou experimentar co aprendido.<\/li>\n\n\n\n<li class=\"has-medium-font-size\">Un <strong>certificado de asistencia<\/strong> que demostre que tes un dominio dos conceptos b\u00e1sicos.<\/li>\n<\/ol>\n<\/div>\n\n\n\n<p class=\"has-text-align-left has-medium-font-size wp-block-paragraph\"><strong>RECORDA<\/strong> que est\u00e1 dirixido a <strong>principiantes <\/strong>sen co\u00f1ecementos ou con co\u00f1ecementos b\u00e1sicos. Se est\u00e1s interesado\/a en participar no Taller de Iniciaci\u00f3n, <strong>marca esta opci\u00f3n no formulario<\/strong> de inscrici\u00f3n.<\/p>\n<\/div><figure class=\"wp-block-media-text__media\"><img loading=\"lazy\" decoding=\"async\" width=\"502\" height=\"340\" src=\"https:\/\/pontevedra.wordcamp.org\/2024\/files\/2024\/05\/taller_beneficios.webp\" alt=\"Foto de asistentes \u00f3 taller da WordCamp Pontevedra 2023\" class=\"wp-image-3123 size-full\" srcset=\"https:\/\/pontevedra.wordcamp.org\/2024\/files\/2024\/05\/taller_beneficios.webp 502w, https:\/\/pontevedra.wordcamp.org\/2024\/files\/2024\/05\/taller_beneficios-300x203.webp 300w, https:\/\/pontevedra.wordcamp.org\/2024\/files\/2024\/05\/taller_beneficios-443x300.webp 443w\" sizes=\"auto, (max-width: 502px) 100vw, 502px\" \/><\/figure><\/div>\n\n\n\n<div class=\"wp-block-media-text is-stacked-on-mobile\" style=\"padding-top:24px;padding-bottom:24px;grid-template-columns:40% auto\"><figure class=\"wp-block-media-text__media\"><img loading=\"lazy\" decoding=\"async\" width=\"500\" height=\"337\" src=\"https:\/\/pontevedra.wordcamp.org\/2024\/files\/2024\/04\/do_action_equipo.webp\" alt=\"Foto dun equipo traballando na web dunha das asociaci\u00f3ns\" class=\"wp-image-2743 size-full\" srcset=\"https:\/\/pontevedra.wordcamp.org\/2024\/files\/2024\/04\/do_action_equipo.webp 500w, https:\/\/pontevedra.wordcamp.org\/2024\/files\/2024\/04\/do_action_equipo-300x202.webp 300w, https:\/\/pontevedra.wordcamp.org\/2024\/files\/2024\/04\/do_action_equipo-445x300.webp 445w\" sizes=\"auto, (max-width: 500px) 100vw, 500px\" \/><\/figure><div class=\"wp-block-media-text__content\">\n<h2 class=\"wp-block-heading has-accent-4-color has-text-color has-link-color has-large-font-size wp-elements-b15f09662d5fdc3c88e463a844337610\"><strong>do_action hackathon<\/strong><\/h2>\n\n\n\n<p class=\"has-medium-font-size wp-block-paragraph\">do_action, simplemente \u00e9 a forma que ten a Comunidade de WordPress de nomear a un evento no que nos reunimos para planificar e crear o sitio web dunhas organizaci\u00f3ns sen \u00e1nimo de lucro de \u00e1mbito local nun s\u00f3 d\u00eda.<\/p>\n\n\n\n<p class=\"has-medium-font-size wp-block-paragraph\">Poder\u00e1n participar tanto os participantes do Taller de Iniciaci\u00f3n, como calquera que desexe axudar.<\/p>\n<\/div><\/div>\n\n\n\n<div class=\"wp-block-media-text has-media-on-the-right is-stacked-on-mobile\" style=\"padding-top:24px;padding-bottom:24px;grid-template-columns:auto 40%\"><div class=\"wp-block-media-text__content\">\n<p class=\"has-medium-font-size wp-block-paragraph\">Crearemos uns <strong>grupos de traballo<\/strong> en base \u00f3s roles dos participantes para cubrir todas as tarefas precisas \u00e1 hora de crear unha web. Seguindo as indicaci\u00f3ns do Director\/a de Proxecto, dese\u00f1arase e <strong>crearase unha web a medida de acordo \u00e1s necesidades e caracter\u00edsticas de cada Asociaci\u00f3n.<\/strong><\/p>\n\n\n\n<p class=\"wp-block-paragraph\"><strong>RECORDA<\/strong> que est\u00e1 dirixido a usuarios con <strong>co\u00f1ecementos medios ou avanzados<\/strong> e a profesionais. Se est\u00e1s interesado en participar no do_action, <strong>marca esta opci\u00f3n no formulario de inscrici\u00f3n<\/strong>.<\/p>\n<\/div><figure class=\"wp-block-media-text__media\"><img loading=\"lazy\" decoding=\"async\" width=\"504\" height=\"340\" src=\"https:\/\/pontevedra.wordcamp.org\/2024\/files\/2024\/04\/do_action_equipo_2.webp\" alt=\"Foto dun equipo traballando na web dunha das asociaci\u00f3ns\" class=\"wp-image-2744 size-full\" srcset=\"https:\/\/pontevedra.wordcamp.org\/2024\/files\/2024\/04\/do_action_equipo_2.webp 504w, https:\/\/pontevedra.wordcamp.org\/2024\/files\/2024\/04\/do_action_equipo_2-300x202.webp 300w, https:\/\/pontevedra.wordcamp.org\/2024\/files\/2024\/04\/do_action_equipo_2-445x300.webp 445w\" sizes=\"auto, (max-width: 504px) 100vw, 504px\" \/><\/figure><\/div>\n<\/div>\n<\/div>\n\n\n\n<div class=\"wp-block-group has-global-padding is-layout-constrained wp-block-group-is-layout-constrained\" style=\"margin-bottom:0px;padding-top:48px;padding-bottom:48px\">\n<h2 class=\"wp-block-heading has-text-align-left has-accent-4-color has-text-color has-link-color wp-elements-18616ec5a2fab0568b3a36efe814b3a6\">Que incl\u00fae a inscrici\u00f3n?<\/h2>\n\n\n\n<p class=\"has-text-align-left has-medium-font-size wp-block-paragraph\">A inscrici\u00f3n \u00e9 totalmente gratu\u00edta e incl\u00fae:<\/p>\n\n\n\n<ul class=\"wp-block-list is-style-checkmark-list\">\n<li class=\"has-medium-font-size\">Poder participar na actividade ou actividades nas que te inscribas.<\/li>\n\n\n\n<li class=\"has-medium-font-size\"><strong>Caf\u00e9<\/strong> a media ma\u00f1\u00e1 (participantes do Taller de Iniciaci\u00f3n).<\/li>\n\n\n\n<li class=\"has-medium-font-size\">Un <strong>xantar<\/strong> na cafeter\u00eda da Universidade, gracias a patrocinadores.<\/li>\n\n\n\n<li class=\"has-medium-font-size\"><strong>Per\u00edodo de aloxamento gratu\u00edto<\/strong> nalgunha das empresas de hosting patrocinadoras do evento. (participantes do Taller de Iniciaci\u00f3n).<\/li>\n\n\n\n<li class=\"has-medium-font-size\"><strong>Certificado de participaci\u00f3n<\/strong> firmado polo relator e o grupo de WordPress de Pontevedra, (participantes do Taller de Iniciaci\u00f3n).<\/li>\n<\/ul>\n\n\n\n<div style=\"height:24px\" aria-hidden=\"true\" class=\"wp-block-spacer\"><\/div>\n\n\n\n<h2 class=\"wp-block-heading has-accent-4-color has-text-color has-link-color wp-elements-5ed529df639be947eb8deca0eea67493\">Que precisas para participar?<\/h2>\n\n\n\n<p class=\"wp-block-paragraph\">O \u00fanico que debes traer \u00e9 <strong>ga\u00f1a de aprender, colaborar e un port\u00e1til<\/strong>. Dar\u00e9mosche WiFi para poder traballar, pero non disporemos de equipos inform\u00e1ticos.<\/p>\n\n\n\n<p class=\"wp-block-paragraph\">Deber\u00e1s contar cunha <strong>conta de correo<\/strong> e poder acceder a ela. Recomendamos acceso a una conta de Google para poder compartir recursos gr\u00e1ficos para a web a trav\u00e9s de Drive.<\/p>\n\n\n\n<p class=\"wp-block-paragraph\">Tam\u00e9n che pedimos que sexas responsable. Son prazas limitadas. As\u00ed que, buscamos o <strong>m\u00e1ximo nivel de compromiso<\/strong> para poder organizar os equipos de traballo e que sexan o m\u00e1is equilibrados posibles.<\/p>\n\n\n\n<div style=\"height:40px\" aria-hidden=\"true\" class=\"wp-block-spacer\"><\/div>\n\n\n\n<p class=\"has-text-align-center wp-block-paragraph\" style=\"font-size:clamp(15.747px, 0.984rem + ((1vw - 3.2px) * 1.006), 24px);\"><strong>IMPORTANTE:<\/strong><\/p>\n\n\n\n<p class=\"has-text-align-center has-medium-font-size wp-block-paragraph\">Tanto o <strong>Taller de Iniciaci\u00f3n coma o do_action son gratuitos e independientes da celebraci\u00f3n da WordCamp<\/strong> \u00f3 d\u00eda seguinte.<\/p>\n\n\n\n<div style=\"height:24px\" aria-hidden=\"true\" class=\"wp-block-spacer\"><\/div>\n\n\n\n<p class=\"has-text-align-center has-medium-font-size wp-block-paragraph\">Para participar nas <strong>sesi\u00f3ns do s\u00e1bado e domingo, necesitas mercar a t\u00faa entrada.<\/strong> Non esquezas mercar a t\u00faa entrada se queres acudir estes d\u00edas!<\/p>\n\n\n\n<div class=\"wp-block-buttons is-content-justification-center is-layout-flex wp-container-core-buttons-is-layout-ff57ccb5 wp-block-buttons-is-layout-flex\" style=\"margin-top:24px;margin-bottom:24px\">\n<div class=\"wp-block-button is-style-fill sombra-verde\"><a class=\"wp-block-button__link has-base-2-color has-accent-4-background-color has-text-color has-background has-link-color has-border-color wp-element-button\" href=\"https:\/\/pontevedra.wordcamp.org\/2024\/entradas\" style=\"border-color:#35ff69;border-radius:0px;padding-top:4px;padding-right:24px;padding-bottom:4px;padding-left:24px\">Mercar entrada<\/a><\/div>\n<\/div>\n<\/div>\n\n\n\n<div class=\"wp-block-group alignfull has-custom-gris-fondo-background-color has-background is-layout-flow wp-block-group-is-layout-flow\">\n<div class=\"wp-block-group has-global-padding is-layout-constrained wp-container-core-group-is-layout-e868fd80 wp-block-group-is-layout-constrained\" style=\"padding-top:40px;padding-bottom:40px\">\n<h2 class=\"wp-block-heading has-text-align-center\" style=\"font-size:clamp(17.371px, 1.086rem + ((1vw - 3.2px) * 1.174), 27px);\"><strong>Formulario de inscrici\u00f3n<\/strong><\/h2>\n\n\n\n<p class=\"has-text-align-center has-medium-font-size wp-block-paragraph\">INSCRICI\u00d3NS PECHADAS<\/p>\n\n\n\n<p class=\"has-text-align-center has-medium-font-size wp-block-paragraph\">Para calquera d\u00fabida, m\u00e1ndanos un correo a&nbsp;<a href=\"mailto:pontevedra@wordcamp.org\"><strong>pontevedra@wordcamp.org<\/strong><\/a>&nbsp;ou cubre o formulario na p\u00e1xina de&nbsp;<a href=\"https:\/\/pontevedra.wordcamp.org\/2024\/contact\/\"><strong>contacto<\/strong><\/a>.<\/p>\n<\/div>\n\n\n\n<div class=\"wp-block-group alignfull has-accent-4-background-color has-background has-global-padding is-layout-constrained wp-container-core-group-is-layout-6a899360 wp-block-group-is-layout-constrained\" style=\"padding-top:48px;padding-bottom:48px\">\n<h2 class=\"wp-block-heading has-text-align-center has-accent-3-color has-text-color has-link-color wp-elements-ac7c7dec550b307319364f92d2382b7e\">Subscr\u00edbete \u00f3 noso blog<\/h2>\n\n\n\n<p class=\"has-text-align-center has-base-2-color has-text-color has-link-color has-medium-font-size wp-elements-3363e27a44133c2f75a537ca32716fd9 wp-block-paragraph\">Ent\u00e9rate de todo o que estamos a facer para que este evento sexa inesquecible.<\/p>\n\n\n<div class=\"wp-block-jetpack-subscriptions__supports-newline suscripciones is-style-split wp-block-jetpack-subscriptions\">\n\t\t<div>\n\t\t\t<div>\n\t\t\t\t<div>\n\t\t\t\t\t<p >\n\t\t\t\t\t\t<a href=\"https:\/\/pontevedra.wordcamp.org\/2024\/?post_type=page&#038;p=2093\" style=\"font-size: 16px;padding: 15px 23px 15px 23px;margin: 0; margin-left: 10px;border-color: base-2;border-radius: 0px;border-width: 1px; text-decoration: none; white-space: nowrap; margin-left: 0\">Subscribirse<\/a>\n\t\t\t\t\t<\/p>\n\t\t\t\t<\/div>\n\t\t\t<\/div>\n\t\t<\/div>\n\t<\/div><\/div>\n<\/div>\n\n\n\n<div style=\"height:40px\" aria-hidden=\"true\" class=\"wp-block-spacer\"><\/div>\n\n\n\n<h2 class=\"wp-block-heading has-text-align-center has-accent-4-color has-text-color has-link-color wp-elements-cd834f1c399a42de353f6a8bc6e1742a\">Patrocinadores do taller e do_action<\/h2>\n\n\n\n<figure class=\"wp-block-gallery has-nested-images columns-default wp-block-gallery-1 is-layout-flex wp-block-gallery-is-layout-flex\">\n<figure class=\"wp-block-image size-medium\"><img decoding=\"async\" data-id=\"3954\" src=\"https:\/\/pontevedra.wordcamp.org\/2022\/files\/2022\/09\/logo_asociacion_pontupstore_horizontal_color_2022-300x138.png\" alt=\"\" class=\"wp-image-3954\" \/><\/figure>\n\n\n\n<figure class=\"wp-block-image size-full\"><img decoding=\"async\" data-id=\"212\" src=\"https:\/\/pontevedra.wordcamp.org\/2023\/files\/2023\/04\/siteground.jpg\" alt=\"SiteGround\" class=\"wp-image-212\" \/><\/figure>\n\n\n\n<figure class=\"wp-block-image size-full\"><img decoding=\"async\" data-id=\"222\" src=\"https:\/\/pontevedra.wordcamp.org\/2023\/files\/2023\/04\/lucushost.jpg\" alt=\"LucusHost\" class=\"wp-image-222\" \/><\/figure>\n<\/figure>\n","protected":false},"excerpt":{"rendered":"<p>Explicaci\u00f3n e informaci\u00f3n sobre el taller de iniciaci\u00f3n a WordPress e dodo_action hackathon<\/p>\n","protected":false},"author":17330482,"featured_media":2736,"parent":0,"menu_order":0,"comment_status":"closed","ping_status":"closed","template":"wp-custom-template-p-xinas-gl","meta":{"_crdt_document":"","advanced_seo_description":"","jetpack_seo_html_title":"","jetpack_seo_noindex":false,"jetpack_post_was_ever_published":false,"footnotes":""},"class_list":["post-2093","page","type-page","status-publish","has-post-thumbnail","hentry"],"jetpack_sharing_enabled":true,"_links":{"self":[{"href":"https:\/\/pontevedra.wordcamp.org\/2024\/wp-json\/wp\/v2\/pages\/2093","targetHints":{"allow":["GET"]}}],"collection":[{"href":"https:\/\/pontevedra.wordcamp.org\/2024\/wp-json\/wp\/v2\/pages"}],"about":[{"href":"https:\/\/pontevedra.wordcamp.org\/2024\/wp-json\/wp\/v2\/types\/page"}],"author":[{"embeddable":true,"href":"https:\/\/pontevedra.wordcamp.org\/2024\/wp-json\/wp\/v2\/users\/17330482"}],"replies":[{"embeddable":true,"href":"https:\/\/pontevedra.wordcamp.org\/2024\/wp-json\/wp\/v2\/comments?post=2093"}],"version-history":[{"count":45,"href":"https:\/\/pontevedra.wordcamp.org\/2024\/wp-json\/wp\/v2\/pages\/2093\/revisions"}],"predecessor-version":[{"id":7486,"href":"https:\/\/pontevedra.wordcamp.org\/2024\/wp-json\/wp\/v2\/pages\/2093\/revisions\/7486"}],"wp:featuredmedia":[{"embeddable":true,"href":"https:\/\/pontevedra.wordcamp.org\/2024\/wp-json\/wp\/v2\/media\/2736"}],"wp:attachment":[{"href":"https:\/\/pontevedra.wordcamp.org\/2024\/wp-json\/wp\/v2\/media?parent=2093"}],"curies":[{"name":"wp","href":"https:\/\/api.w.org\/{rel}","templated":true}]}}