{"id":3253,"date":"2024-05-03T10:52:07","date_gmt":"2024-05-03T08:52:07","guid":{"rendered":"https:\/\/pontevedra.wordcamp.org\/2024\/?page_id=3253"},"modified":"2024-05-06T16:57:52","modified_gmt":"2024-05-06T14:57:52","slug":"actividades","status":"publish","type":"page","link":"https:\/\/pontevedra.wordcamp.org\/2024\/es\/actividades\/","title":{"rendered":"Actividades"},"content":{"rendered":"\n<div class=\"wp-block-group has-global-padding is-layout-constrained wp-block-group-is-layout-constrained\" style=\"margin-bottom:48px;padding-top:48px;padding-bottom:48px\">\n<h2 class=\"wp-block-heading has-text-align-center has-accent-4-color has-text-color has-link-color wp-elements-5a1b1f09c082a396bf94fda3a5d5c883\">Aprende, comparte y disfruta<\/h2>\n\n\n\n<p class=\"has-text-align-center has-medium-font-size wp-block-paragraph\">La WordCamp Pontevedra se conforma por 3 d\u00edas en los que podr\u00e1s participar en diferentes actividades en torno a <strong>WordPress<\/strong>.&nbsp;<\/p>\n\n\n\n<p class=\"has-text-align-center has-medium-font-size wp-block-paragraph\">Empezamos el <strong>viernes<\/strong> <strong>20 de septiembre<\/strong>, con la realizaci\u00f3n de un<strong> taller de iniciaci\u00f3n a WordPress<\/strong> y el <strong>do_action hackathon<\/strong>.<\/p>\n\n\n\n<p class=\"has-text-align-center has-medium-font-size wp-block-paragraph\">Seguimos el <strong>s\u00e1bado<\/strong> <strong>21<\/strong>, con un d\u00eda lleno de <strong>charlas, talleres y otros formatos m\u00e1s participativos<\/strong> abarcando todas las tem\u00e1ticas posibles para que tanto novatos como expertos aprendan y disfruten.<\/p>\n\n\n\n<p class=\"has-text-align-center has-medium-font-size wp-block-paragraph\">Y para acabar, el <strong>domingo<\/strong> <strong>22<\/strong>, celebraremos el <strong>D\u00eda de la Comunidad<\/strong>, en el que ayudaremos y aprenderemos a colaborar con el propio proyecto de WordPress participando en diferentes mesas de trabajo.<\/p>\n<\/div>\n\n\n\n<div class=\"wp-block-group alignfull is-layout-flow wp-container-core-group-is-layout-c2db5122 wp-block-group-is-layout-flow\" style=\"padding-right:0px;padding-left:0px\">\n<figure class=\"wp-block-image alignfull size-large\"><img loading=\"lazy\" decoding=\"async\" width=\"1024\" height=\"47\" src=\"https:\/\/pontevedra.wordcamp.org\/2024\/files\/2024\/04\/onda_gris-1-1024x47.webp\" alt=\"\" class=\"wp-image-2396\" srcset=\"https:\/\/pontevedra.wordcamp.org\/2024\/files\/2024\/04\/onda_gris-1-1024x47.webp 1024w, https:\/\/pontevedra.wordcamp.org\/2024\/files\/2024\/04\/onda_gris-1-300x14.webp 300w, https:\/\/pontevedra.wordcamp.org\/2024\/files\/2024\/04\/onda_gris-1-768x36.webp 768w, https:\/\/pontevedra.wordcamp.org\/2024\/files\/2024\/04\/onda_gris-1-500x23.webp 500w, https:\/\/pontevedra.wordcamp.org\/2024\/files\/2024\/04\/onda_gris-1-1536x71.webp 1536w, https:\/\/pontevedra.wordcamp.org\/2024\/files\/2024\/04\/onda_gris-1.webp 1920w\" sizes=\"auto, (max-width: 1024px) 100vw, 1024px\" \/><\/figure>\n\n\n\n<div class=\"wp-block-group has-custom-gris-fondo-background-color has-background has-global-padding is-layout-constrained wp-container-core-group-is-layout-cdf2922d wp-block-group-is-layout-constrained\" style=\"padding-top:0px;padding-bottom:0px\">\n<div class=\"wp-block-media-text is-stacked-on-mobile\" style=\"padding-top:24px;padding-bottom:24px;grid-template-columns:40% auto\"><figure class=\"wp-block-media-text__media\"><img loading=\"lazy\" decoding=\"async\" width=\"499\" height=\"480\" src=\"https:\/\/pontevedra.wordcamp.org\/2024\/files\/2024\/04\/do_action-1.webp\" alt=\"Asistentes al hackathon do_action trabajando en la creaci\u00f3n de un sitio web.\" class=\"wp-image-2494 size-full\" srcset=\"https:\/\/pontevedra.wordcamp.org\/2024\/files\/2024\/04\/do_action-1.webp 499w, https:\/\/pontevedra.wordcamp.org\/2024\/files\/2024\/04\/do_action-1-300x289.webp 300w, https:\/\/pontevedra.wordcamp.org\/2024\/files\/2024\/04\/do_action-1-312x300.webp 312w\" sizes=\"auto, (max-width: 499px) 100vw, 499px\" \/><\/figure><div class=\"wp-block-media-text__content\">\n<div class=\"wp-block-columns are-vertically-aligned-center is-layout-flex wp-container-core-columns-is-layout-da166788 wp-block-columns-is-layout-flex\">\n<div class=\"wp-block-column is-vertically-aligned-center is-layout-flow wp-block-column-is-layout-flow\" style=\"flex-basis:25%\">\n<figure class=\"wp-block-image size-full is-resized\"><img loading=\"lazy\" decoding=\"async\" width=\"128\" height=\"128\" src=\"https:\/\/pontevedra.wordcamp.org\/2024\/files\/2024\/05\/viernes.webp\" alt=\"20 viernes\" class=\"wp-image-3356\" style=\"object-fit:cover;width:128px;height:128px\" \/><\/figure>\n<\/div>\n\n\n\n<div class=\"wp-block-column is-vertically-aligned-center is-layout-flow wp-block-column-is-layout-flow\" style=\"flex-basis:66.66%\">\n<h2 class=\"wp-block-heading has-accent-4-color has-text-color has-link-color has-large-font-size wp-elements-c20fcbf3e7002e82cc63431452640509\"><strong><a href=\"https:\/\/pontevedra.wordcamp.org\/2024\/taller-y-do_action\/\" data-type=\"page\" data-id=\"2063\">Taller y do_action hackathon<\/a><\/strong><\/h2>\n<\/div>\n<\/div>\n\n\n\n<p class=\"has-text-align-left has-medium-font-size wp-block-paragraph\">Tras el \u00e9xito de ediciones anteriores, este a\u00f1o continuamos celebrando un <strong>Taller de inciaci\u00f3n a WordPress<\/strong> para abrirle la puerta a curiosos que deseen descubrir la manera de instalar, configurar y editar contenidos con este gestor.&nbsp;<\/p>\n\n\n\n<p class=\"has-text-align-left has-medium-font-size wp-block-paragraph\">A continuaci\u00f3n, empezar\u00e1 el <strong>do_action hackathon<\/strong> en el que podr\u00e1s ayudarnos en la <strong>creaci\u00f3n de las webs de varias asociaciones sin \u00e1nimo de lucro<\/strong> para mejorar su presencia digital y a potenciar el alcance de sus proyectos.<\/p>\n\n\n\n<p class=\"has-text-align-left wp-block-paragraph\">Tanto si eres principiante como profesional, <strong>an\u00edmate a <a href=\"https:\/\/pontevedra.wordcamp.org\/2024\/es\/participar-taller-do_action\/\" data-type=\"page\" data-id=\"3285\">participar<\/a><\/strong>!<\/p>\n<\/div><\/div>\n\n\n\n<div class=\"wp-block-media-text has-media-on-the-right is-stacked-on-mobile\" style=\"padding-top:24px;padding-bottom:24px;grid-template-columns:auto 40%\"><div class=\"wp-block-media-text__content\">\n<div class=\"wp-block-columns are-vertically-aligned-center is-layout-flex wp-container-core-columns-is-layout-aed07fa8 wp-block-columns-is-layout-flex\" style=\"padding-top:0px;padding-bottom:0px\">\n<div class=\"wp-block-column is-vertically-aligned-center is-layout-flow wp-container-core-column-is-layout-61d84bd2 wp-block-column-is-layout-flow\" style=\"padding-top:16px;padding-bottom:16px;flex-basis:25%\">\n<figure class=\"wp-block-image size-full is-resized\"><img loading=\"lazy\" decoding=\"async\" width=\"128\" height=\"128\" src=\"https:\/\/pontevedra.wordcamp.org\/2024\/files\/2024\/04\/sabado-1.webp\" alt=\"21 s\u00e1bado\" class=\"wp-image-2794\" style=\"object-fit:cover;width:128px;height:128px\" \/><\/figure>\n<\/div>\n\n\n\n<div class=\"wp-block-column is-vertically-aligned-center is-layout-flow wp-block-column-is-layout-flow\" style=\"flex-basis:66.66%\">\n<h2 class=\"wp-block-heading has-accent-4-color has-text-color has-link-color wp-elements-7fd681f6ff258a6ad02f493ee5b5b6cf\"><strong><a href=\"https:\/\/pontevedra.wordcamp.org\/2024\/es\/conferencias\/\" data-type=\"page\" data-id=\"3257\">Conferencias<\/a><\/strong><\/h2>\n<\/div>\n<\/div>\n\n\n\n<p class=\"has-text-align-left has-medium-font-size wp-block-paragraph\">Este d\u00eda podr\u00e1s acudir a las charlas y talleres que m\u00e1s te gusten de nuestro <a href=\"https:\/\/pontevedra.wordcamp.org\/2024\/es\/programa\/\" data-type=\"page\" data-id=\"3218\"><strong>Programa<\/strong><\/a>. Sesiones con diferentes niveles, formatos y tem\u00e1ticas para aprender de un modo din\u00e1mico y divertido.\u00a0<\/p>\n\n\n\n<p class=\"has-text-align-left has-medium-font-size wp-block-paragraph\">Si quieres compartir tu experiencia y conocimientos, <strong>an\u00edmate a <a href=\"https:\/\/pontevedra.wordcamp.org\/2024\/participar-como-ponente\/\" data-type=\"page\" data-id=\"2031\">participar<\/a> como ponente!<\/strong><\/p>\n<\/div><figure class=\"wp-block-media-text__media\"><img loading=\"lazy\" decoding=\"async\" width=\"496\" height=\"340\" src=\"https:\/\/pontevedra.wordcamp.org\/2024\/files\/2024\/04\/conferencias.webp\" alt=\"P\u00fablico de una charla de WordCamp Pontevedra 2023 riendo y aplaudiendo\" class=\"wp-image-2495 size-full\" srcset=\"https:\/\/pontevedra.wordcamp.org\/2024\/files\/2024\/04\/conferencias.webp 496w, https:\/\/pontevedra.wordcamp.org\/2024\/files\/2024\/04\/conferencias-300x206.webp 300w, https:\/\/pontevedra.wordcamp.org\/2024\/files\/2024\/04\/conferencias-438x300.webp 438w\" sizes=\"auto, (max-width: 496px) 100vw, 496px\" \/><\/figure><\/div>\n\n\n\n<div class=\"wp-block-media-text is-stacked-on-mobile\" style=\"padding-top:24px;padding-bottom:24px;grid-template-columns:40% auto\"><figure class=\"wp-block-media-text__media\"><img loading=\"lazy\" decoding=\"async\" width=\"500\" height=\"341\" src=\"https:\/\/pontevedra.wordcamp.org\/2024\/files\/2024\/04\/conferencias_descanso.webp\" alt=\"Asistentes a WordCamp Pontevedra 2023 charlando y descansando en la zona de relax.\" class=\"wp-image-2497 size-full\" srcset=\"https:\/\/pontevedra.wordcamp.org\/2024\/files\/2024\/04\/conferencias_descanso.webp 500w, https:\/\/pontevedra.wordcamp.org\/2024\/files\/2024\/04\/conferencias_descanso-300x205.webp 300w, https:\/\/pontevedra.wordcamp.org\/2024\/files\/2024\/04\/conferencias_descanso-440x300.webp 440w\" sizes=\"auto, (max-width: 500px) 100vw, 500px\" \/><\/figure><div class=\"wp-block-media-text__content\">\n<p class=\"has-medium-font-size wp-block-paragraph\">Aprovecha los descansos y las comidas para reponer fuerzas y conocer y charlar con los dem\u00e1s asistentes.&nbsp;<\/p>\n\n\n\n<p class=\"has-medium-font-size wp-block-paragraph\">P\u00e1sate por los diferentes espacios para indagar sobre nuestros <strong><a href=\"https:\/\/pontevedra.wordcamp.org\/2024\/patrocinios\/\" data-type=\"page\" data-id=\"10\">patrocinadores<\/a><\/strong>, encontrar oportunidades de negocio, o desconectar, si lo necesitas.<\/p>\n<\/div><\/div>\n\n\n\n<div class=\"wp-block-media-text has-media-on-the-right is-stacked-on-mobile\" style=\"padding-top:24px;padding-bottom:24px;grid-template-columns:auto 40%\"><div class=\"wp-block-media-text__content\">\n<div class=\"wp-block-columns are-vertically-aligned-center is-layout-flex wp-container-core-columns-is-layout-da166788 wp-block-columns-is-layout-flex\">\n<div class=\"wp-block-column is-vertically-aligned-center is-layout-flow wp-block-column-is-layout-flow\" style=\"flex-basis:25%\">\n<figure class=\"wp-block-image size-full is-resized\"><img loading=\"lazy\" decoding=\"async\" width=\"128\" height=\"128\" src=\"https:\/\/pontevedra.wordcamp.org\/2024\/files\/2024\/04\/domingo-1.webp\" alt=\"22 domingo\" class=\"wp-image-2793\" style=\"object-fit:cover;width:128px;height:128px\" \/><\/figure>\n<\/div>\n\n\n\n<div class=\"wp-block-column is-vertically-aligned-center is-layout-flow wp-block-column-is-layout-flow\" style=\"flex-basis:66.66%\">\n<h2 class=\"wp-block-heading has-accent-4-color has-text-color has-link-color wp-elements-8c3d3ade7aac0163510f60ab14d7f2a2\"><strong><a href=\"https:\/\/pontevedra.wordcamp.org\/2024\/dia-comunidad\/\" data-type=\"page\" data-id=\"3261\">D\u00eda de la Comunidad<\/a><\/strong><\/h2>\n<\/div>\n<\/div>\n\n\n\n<p class=\"has-medium-font-size wp-block-paragraph\">WordPress es un sistema de c\u00f3digo abierto que ofrece amplias funcionalidades y posibilidades gracias al trabajo desinteresado de los miembros que conforman su Comunidad.&nbsp;<\/p>\n\n\n\n<p class=\"has-medium-font-size wp-block-paragraph\">El D\u00eda de la Comunidad <strong>nos juntamos para trabajar en equipo o para aprender c\u00f3mo podemos colaborar con el proyecto<\/strong> para que siga creciendo.<\/p>\n\n\n\n<p class=\"has-medium-font-size wp-block-paragraph\">Participa en alguna de las mesas de trabajo y descubre que no hace falta ser un experto para echar una mano.&nbsp;&nbsp;<\/p>\n<\/div><figure class=\"wp-block-media-text__media\"><img loading=\"lazy\" decoding=\"async\" width=\"502\" height=\"479\" src=\"https:\/\/pontevedra.wordcamp.org\/2024\/files\/2024\/04\/contributor.webp\" alt=\"Foto de una mesa de trabajo en el D\u00eda de la Comunidad en WordCamp Pontevedra 2022.\" class=\"wp-image-2502 size-full\" srcset=\"https:\/\/pontevedra.wordcamp.org\/2024\/files\/2024\/04\/contributor.webp 502w, https:\/\/pontevedra.wordcamp.org\/2024\/files\/2024\/04\/contributor-300x286.webp 300w, https:\/\/pontevedra.wordcamp.org\/2024\/files\/2024\/04\/contributor-314x300.webp 314w\" sizes=\"auto, (max-width: 502px) 100vw, 502px\" \/><\/figure><\/div>\n\n\n\n<div style=\"height:40px\" aria-hidden=\"true\" class=\"wp-block-spacer\"><\/div>\n<\/div>\n<\/div>\n\n\n\n<div class=\"wp-block-group alignfull has-accent-4-background-color has-background is-layout-flow wp-block-group-is-layout-flow\" style=\"margin-top:0px;margin-bottom:0px;padding-top:48px;padding-right:4%;padding-bottom:48px;padding-left:4%\">\n<h2 class=\"wp-block-heading has-text-align-center con-interrogante has-accent-3-color has-text-color has-link-color wp-elements-53eb80b828f78c8b866cd9f4c1965224\"><strong>\u00bf<\/strong>A\u00fan no tienes tu entrada?&nbsp;<\/h2>\n\n\n\n<p class=\"has-text-align-center has-base-2-color has-text-color has-link-color wp-elements-5f6950803844903dd37f7656f27186b0 wp-block-paragraph\">Si quieres acudir a las Conferencias y al D\u00eda de la Comunidad, no olvides comprar tu entrada.<\/p>\n\n\n\n<div class=\"wp-block-buttons is-content-justification-center is-layout-flex wp-container-core-buttons-is-layout-ff57ccb5 wp-block-buttons-is-layout-flex\" style=\"margin-top:24px;margin-bottom:24px\">\n<div class=\"wp-block-button is-style-fill sombra-verde\"><a class=\"wp-block-button__link has-accent-4-color has-base-2-background-color has-text-color has-background has-link-color has-border-color wp-element-button\" href=\"https:\/\/pontevedra.wordcamp.org\/2024\/es\/entradas\/\" style=\"border-color:#35ff69;border-radius:0px;padding-top:4px;padding-bottom:4px\">Comprar entrada<\/a><\/div>\n<\/div>\n<\/div>\n","protected":false},"excerpt":{"rendered":"<p>Resumen y explicaci\u00f3n de las actividades que se celebrar\u00e1n los 3 d\u00edas que dura la WordCamp Pontevedra 2024.<\/p>\n","protected":false},"author":17330482,"featured_media":2495,"parent":3269,"menu_order":0,"comment_status":"closed","ping_status":"closed","template":"wp-custom-template-p-ginas-espa-ol","meta":{"_crdt_document":"","advanced_seo_description":"","jetpack_seo_html_title":"","jetpack_seo_noindex":false,"jetpack_post_was_ever_published":false,"footnotes":""},"class_list":["post-3253","page","type-page","status-publish","has-post-thumbnail","hentry"],"jetpack_sharing_enabled":true,"_links":{"self":[{"href":"https:\/\/pontevedra.wordcamp.org\/2024\/wp-json\/wp\/v2\/pages\/3253","targetHints":{"allow":["GET"]}}],"collection":[{"href":"https:\/\/pontevedra.wordcamp.org\/2024\/wp-json\/wp\/v2\/pages"}],"about":[{"href":"https:\/\/pontevedra.wordcamp.org\/2024\/wp-json\/wp\/v2\/types\/page"}],"author":[{"embeddable":true,"href":"https:\/\/pontevedra.wordcamp.org\/2024\/wp-json\/wp\/v2\/users\/17330482"}],"replies":[{"embeddable":true,"href":"https:\/\/pontevedra.wordcamp.org\/2024\/wp-json\/wp\/v2\/comments?post=3253"}],"version-history":[{"count":11,"href":"https:\/\/pontevedra.wordcamp.org\/2024\/wp-json\/wp\/v2\/pages\/3253\/revisions"}],"predecessor-version":[{"id":3764,"href":"https:\/\/pontevedra.wordcamp.org\/2024\/wp-json\/wp\/v2\/pages\/3253\/revisions\/3764"}],"up":[{"embeddable":true,"href":"https:\/\/pontevedra.wordcamp.org\/2024\/wp-json\/wp\/v2\/pages\/3269"}],"wp:featuredmedia":[{"embeddable":true,"href":"https:\/\/pontevedra.wordcamp.org\/2024\/wp-json\/wp\/v2\/media\/2495"}],"wp:attachment":[{"href":"https:\/\/pontevedra.wordcamp.org\/2024\/wp-json\/wp\/v2\/media?parent=3253"}],"curies":[{"name":"wp","href":"https:\/\/api.w.org\/{rel}","templated":true}]}}