{"id":3255,"date":"2024-05-03T10:53:18","date_gmt":"2024-05-03T08:53:18","guid":{"rendered":"https:\/\/pontevedra.wordcamp.org\/2024\/?page_id=3255"},"modified":"2024-05-06T13:30:00","modified_gmt":"2024-05-06T11:30:00","slug":"codigo-de-conducta","status":"publish","type":"page","link":"https:\/\/pontevedra.wordcamp.org\/2024\/es\/codigo-de-conducta\/","title":{"rendered":"C\u00f3digo de conducta"},"content":{"rendered":"\n<div class=\"wp-block-group has-global-padding is-layout-constrained wp-block-group-is-layout-constrained\" style=\"padding-top:48px;padding-bottom:48px\">\n<h2 class=\"wp-block-heading has-accent-4-color has-text-color has-link-color wp-elements-8d13f6b50c75d6295abaa027c254b43e\" id=\"galego\">1. Prop\u00f3sito<\/h2>\n\n\n\n<p class=\"wp-block-paragraph\"><strong>WordCamp Pontevedra<\/strong> considera fundamental que nuestra <strong>comunidad<\/strong> est\u00e9 realmente <strong>abierta<\/strong> a todo el mundo. Como tal, nos comprometemos a brindar un <strong>entorno amigable, seguro y acogedor para todos<\/strong>, independientemente de su g\u00e9nero, orientaci\u00f3n sexual, discapacidad, origen \u00e9tnico, religi\u00f3n, sistema operativo preferido, lenguaje de programaci\u00f3n o editor de texto.<\/p>\n\n\n\n<p class=\"wp-block-paragraph\">Este c\u00f3digo de conducta describe nuestras expectativas sobre el comportamiento de los participantes, as\u00ed como las consecuencias del comportamiento inaceptable.<\/p>\n\n\n\n<p class=\"wp-block-paragraph\">Instamos a todos los patrocinadores, voluntarios, ponentes, asistentes y otros participantes a que nos ayuden a hacer realidad una experiencia de evento segura y positiva para todos.<\/p>\n\n\n\n<div style=\"height:30px\" aria-hidden=\"true\" class=\"wp-block-spacer\"><\/div>\n\n\n\n<h2 class=\"wp-block-heading has-accent-4-color has-text-color has-link-color wp-elements-254ecdf798239d58a2feb13e5b332667\">2. Ciudadan\u00eda\u00a0<em>Open Source<\/em><\/h2>\n\n\n\n<p class=\"wp-block-paragraph\">Un objetivo adicional de este c\u00f3digo de conducta es <strong>aumentar la ciudadan\u00eda del c\u00f3digo abierto<\/strong> al alentar a los participantes a reconocer y fortalecer las relaciones entre lo que hacemos <strong>y la comunidad en general<\/strong>.<\/p>\n\n\n\n<p class=\"wp-block-paragraph\">Para lograr este objetivo, los organizadores de WordCamp Pontevedra recoger\u00e1n nominaciones de ciudadanos ejemplares durante el evento y las reconocer\u00e1n en la p\u00e1gina web tras la conferencia.<\/p>\n\n\n\n<p class=\"wp-block-paragraph\">Si ves a alguien que est\u00e1 haciendo un esfuerzo adicional para asegurarse de que nuestra comunidad sea acogedora y amigable y aliente a todos los participantes a contribuir tanto como sea posible, queremos saberlo. Puedes nominar a alguien en el mostrador de inscripci\u00f3n o comunic\u00e1ndoselo al equipo organizador.<\/p>\n\n\n\n<div style=\"height:30px\" aria-hidden=\"true\" class=\"wp-block-spacer\"><\/div>\n\n\n\n<h2 class=\"wp-block-heading has-accent-4-color has-text-color has-link-color wp-elements-6687955082be1c87b302ae1857268027\">3. Comportamiento esperado<\/h2>\n\n\n\n<ul class=\"wp-block-list\">\n<li>S\u00e9 una persona considerada, respetuosa y colaboradora.<\/li>\n\n\n\n<li>Abstente de comportamientos y expresiones degradantes, discriminatorias o acosadoras.<\/li>\n\n\n\n<li>S\u00e9 consciente de su entorno y de tus compa\u00f1eros participantes. Avisa a los organizadores del evento si ves una situaci\u00f3n peligrosa o alguien en peligro.<\/li>\n\n\n\n<li>Participa de forma aut\u00e9ntica y activa. De esta manera est\u00e1s ayudando a crear WordCamp Pontevedra y hacerla tuya.<\/li>\n<\/ul>\n\n\n\n<div style=\"height:30px\" aria-hidden=\"true\" class=\"wp-block-spacer\"><\/div>\n\n\n\n<h2 class=\"wp-block-heading has-accent-4-color has-text-color has-link-color wp-elements-8c58f065e67a3db3a830a9aead8e2247\">4. Comportamiento inaceptable<\/h2>\n\n\n\n<p class=\"wp-block-paragraph\">El comportamiento inaceptable incluye: comportamiento intimidante, acosador, abusivo, discriminatorio, despectivo o degradante por parte de cualquier asistente a WordCamp Pontevedra y eventos relacionados. Todas las plazas de WordCamp Pontevedra se pueden compartir con otros miembros de la sociedad; S\u00e9 respetuoso con todos los usuarios de estos sitios.<\/p>\n\n\n\n<p class=\"wp-block-paragraph\">El acoso incluye: comentarios verbales ofensivos relacionados con el g\u00e9nero, orientaci\u00f3n sexual, raza, religi\u00f3n, discapacidad; uso inapropiado de desnudez y\/o im\u00e1genes sexuales en espacios p\u00fablicos (incluidas diapositivas de presentaci\u00f3n); intimidaci\u00f3n, acecho o seguimiento deliberados; acoso con fotograf\u00edas o grabaciones; interrupci\u00f3n sostenida de las conversaciones y otros eventos; contacto f\u00edsico inapropiado y atenci\u00f3n sexual no deseada.<\/p>\n\n\n\n<div style=\"height:30px\" aria-hidden=\"true\" class=\"wp-block-spacer\"><\/div>\n\n\n\n<h2 class=\"wp-block-heading has-accent-4-color has-text-color has-link-color wp-elements-3fd5f292bcf440451501fffa53bb8d52\">5. Consecuencias de un comportamiento inaceptable<\/h2>\n\n\n\n<p class=\"wp-block-paragraph\"><strong>No se tolerar\u00e1n comportamientos inaceptables<\/strong>, ni por parte de otros asistentes, organizadores, personal del recinto, patrocinadores ni otros usuarios de las instalaciones de WordCamp Pontevedra.<\/p>\n\n\n\n<p class=\"wp-block-paragraph\">Se espera que cualquier persona cumpla inmediatamente si se le pide que detenga un comportamiento inaceptable.<\/p>\n\n\n\n<p class=\"wp-block-paragraph\">Si un participante tiene un comportamiento inaceptable, los organizadores de la conferencia pueden tomar cualquier medida que consideren apropiada, que puede incluir la expulsi\u00f3n de la conferencia sin previo aviso o un reembolso.<\/p>\n\n\n\n<div style=\"height:30px\" aria-hidden=\"true\" class=\"wp-block-spacer\"><\/div>\n\n\n\n<h2 class=\"wp-block-heading has-accent-4-color has-text-color has-link-color wp-elements-a4d464ec7b4a0b759393dc798032c7a3\">6. <strong>\u00bf<\/strong>Qu\u00e9 hacer si eres testigo u objeto de un comportamiento inaceptable?<\/h2>\n\n\n\n<p class=\"wp-block-paragraph\"><strong>Si eres objeto de un comportamiento inaceptable, eres testigo<\/strong> de que otra persona es objeto de un comportamiento inaceptable o tiene otras inquietudes, notifique al organizador de la conferencia lo antes posible.<\/p>\n\n\n\n<p class=\"wp-block-paragraph\">El equipo de WordCamp Pontevedra estar\u00e1 disponible para ayudar a los participantes a ponerse en contacto con la seguridad del lugar o las fuerzas de seguridad locales para ofrecer escolta o ayudar a aquellos que experimenten un comportamiento inaceptable a sentirse seguros durante el evento.<\/p>\n\n\n\n<p class=\"wp-block-paragraph\">Los voluntarios usar\u00e1n un color o prenda diferente. Cualquier voluntario puede ponerte en contacto con un organizador. Tambi\u00e9n puedes acercarte al mostrador de inscripci\u00f3n especial en la planta baja y preguntar por los organizadores.<\/p>\n\n\n\n<div style=\"height:30px\" aria-hidden=\"true\" class=\"wp-block-spacer\"><\/div>\n\n\n\n<h2 class=\"wp-block-heading has-accent-4-color has-text-color has-link-color wp-elements-23b05e42f166a823399add6a48b818dc\">7. \u00c1mbito de aplicaci\u00f3n<\/h2>\n\n\n\n<p class=\"wp-block-paragraph\">Esperamos que todos los participantes del evento (patrocinadores, voluntarios, ponentes, asistentes y otros invitados) <strong>respeten este c\u00f3digo de conducta<\/strong> en todas las salas de conferencias y eventos sociales relacionados con las conferencias.<\/p>\n\n\n\n<div style=\"height:30px\" aria-hidden=\"true\" class=\"wp-block-spacer\"><\/div>\n\n\n\n<h2 class=\"wp-block-heading has-accent-4-color has-text-color has-link-color wp-elements-b0d18e3310e97783dda7e65638d8bcba\">8. Informaci\u00f3n de contacto<\/h2>\n\n\n\n<p class=\"wp-block-paragraph\">Si te ves en la necesidad de contactar con nosotros, en la p\u00e1gina de contacto tienes un formulario para hacerlo.<\/p>\n\n\n\n<div style=\"height:30px\" aria-hidden=\"true\" class=\"wp-block-spacer\"><\/div>\n\n\n\n<h2 class=\"wp-block-heading has-accent-4-color has-text-color has-link-color wp-elements-fe4eec43c767b6da01137c3a4d492ca7\">9. Licencia y atribuci\u00f3n<\/h2>\n\n\n\n<p class=\"wp-block-paragraph\">Este C\u00f3digo de Conducta es una copia directa del impresionante trabajo del <strong>Open Source Bridge<\/strong>, pero reemplazando la informaci\u00f3n por la de nuestro evento.<\/p>\n\n\n\n<p class=\"wp-block-paragraph\">El original, publicado en http:\/\/opensourcebridge.org\/about\/code-of-conduct\/, ya no est\u00e1 disponible, pero se puede ver en esta imagen de archivo y se ha publicado bajo una licencia<strong> <a href=\"https:\/\/creativecommons.org\/licenses\/by-sa\/3.0\/deed.es\">Creative Commons Attribution-ShareAlike.<\/a><\/strong><\/p>\n<\/div>\n","protected":false},"excerpt":{"rendered":"<p>Este c\u00f3digo de conducta describe nuestras expectativas sobre el comportamiento de los participantes, as\u00ed como las consecuencias del comportamiento inaceptable.<\/p>\n","protected":false},"author":17330482,"featured_media":0,"parent":3269,"menu_order":0,"comment_status":"closed","ping_status":"closed","template":"wp-custom-template-p-gina-es-sin-patros","meta":{"_crdt_document":"","advanced_seo_description":"","jetpack_seo_html_title":"","jetpack_seo_noindex":false,"jetpack_post_was_ever_published":false,"footnotes":""},"class_list":["post-3255","page","type-page","status-publish","hentry"],"jetpack_sharing_enabled":true,"_links":{"self":[{"href":"https:\/\/pontevedra.wordcamp.org\/2024\/wp-json\/wp\/v2\/pages\/3255","targetHints":{"allow":["GET"]}}],"collection":[{"href":"https:\/\/pontevedra.wordcamp.org\/2024\/wp-json\/wp\/v2\/pages"}],"about":[{"href":"https:\/\/pontevedra.wordcamp.org\/2024\/wp-json\/wp\/v2\/types\/page"}],"author":[{"embeddable":true,"href":"https:\/\/pontevedra.wordcamp.org\/2024\/wp-json\/wp\/v2\/users\/17330482"}],"replies":[{"embeddable":true,"href":"https:\/\/pontevedra.wordcamp.org\/2024\/wp-json\/wp\/v2\/comments?post=3255"}],"version-history":[{"count":6,"href":"https:\/\/pontevedra.wordcamp.org\/2024\/wp-json\/wp\/v2\/pages\/3255\/revisions"}],"predecessor-version":[{"id":3724,"href":"https:\/\/pontevedra.wordcamp.org\/2024\/wp-json\/wp\/v2\/pages\/3255\/revisions\/3724"}],"up":[{"embeddable":true,"href":"https:\/\/pontevedra.wordcamp.org\/2024\/wp-json\/wp\/v2\/pages\/3269"}],"wp:attachment":[{"href":"https:\/\/pontevedra.wordcamp.org\/2024\/wp-json\/wp\/v2\/media?parent=3255"}],"curies":[{"name":"wp","href":"https:\/\/api.w.org\/{rel}","templated":true}]}}