{"id":3261,"date":"2024-05-03T10:57:26","date_gmt":"2024-05-03T08:57:26","guid":{"rendered":"https:\/\/pontevedra.wordcamp.org\/2024\/?page_id=3261"},"modified":"2024-09-13T19:36:48","modified_gmt":"2024-09-13T17:36:48","slug":"dia-comunidad","status":"publish","type":"page","link":"https:\/\/pontevedra.wordcamp.org\/2024\/es\/dia-comunidad\/","title":{"rendered":"D\u00eda de la Comunidad"},"content":{"rendered":"\n<div class=\"wp-block-group has-global-padding is-layout-constrained wp-block-group-is-layout-constrained\" style=\"margin-bottom:48px;padding-top:48px;padding-bottom:48px\">\n<h2 class=\"wp-block-heading has-text-align-center has-accent-4-color has-text-color has-link-color wp-elements-a04b472ebf6a6be13cbbbdadc7b72fae\">Domingo, 22 de septiembre<\/h2>\n\n\n\n<p class=\"has-text-align-center has-medium-font-size wp-block-paragraph\">WordPress es una herramienta gratuita y de c\u00f3digo abierto que permite que <strong>cualquier persona participe en su creaci\u00f3n y mejora<\/strong> o en cualquier parte del ecosistema que la rodea.<\/p>\n\n\n\n<p class=\"has-text-align-center has-medium-font-size wp-block-paragraph\">En este d\u00eda, las personas que disfrutan ayudando al proyecto de WordPress se re\u00fanen en persona para <strong>trabajar juntas y mostrar a otros c\u00f3mo pueden colaborar.<\/strong><\/p>\n\n\n\n<p class=\"has-text-align-center has-medium-font-size wp-block-paragraph\">Existen mesas de trabajo tem\u00e1ticas lideradas por personas ampliamente reconocidas por su aporte a los diferentes equipos, que hacen posible que WordPress sea una herramienta l\u00edder en el desarrollo web, y t\u00fa decides a qu\u00e9 equipo te quieres unir.<\/p>\n<\/div>\n\n\n\n<div class=\"wp-block-group alignfull is-layout-flow wp-container-core-group-is-layout-c2db5122 wp-block-group-is-layout-flow\" style=\"padding-right:0px;padding-left:0px\">\n<figure class=\"wp-block-image alignfull size-large\"><img loading=\"lazy\" decoding=\"async\" width=\"1024\" height=\"47\" src=\"https:\/\/pontevedra.wordcamp.org\/2024\/files\/2024\/04\/onda_gris-1-1024x47.webp\" alt=\"\" class=\"wp-image-2396\" srcset=\"https:\/\/pontevedra.wordcamp.org\/2024\/files\/2024\/04\/onda_gris-1-1024x47.webp 1024w, https:\/\/pontevedra.wordcamp.org\/2024\/files\/2024\/04\/onda_gris-1-300x14.webp 300w, https:\/\/pontevedra.wordcamp.org\/2024\/files\/2024\/04\/onda_gris-1-768x36.webp 768w, https:\/\/pontevedra.wordcamp.org\/2024\/files\/2024\/04\/onda_gris-1-500x23.webp 500w, https:\/\/pontevedra.wordcamp.org\/2024\/files\/2024\/04\/onda_gris-1-1536x71.webp 1536w, https:\/\/pontevedra.wordcamp.org\/2024\/files\/2024\/04\/onda_gris-1.webp 1920w\" sizes=\"auto, (max-width: 1024px) 100vw, 1024px\" \/><\/figure>\n\n\n\n<div class=\"wp-block-group has-custom-gris-fondo-background-color has-background has-global-padding is-layout-constrained wp-container-core-group-is-layout-cdf2922d wp-block-group-is-layout-constrained\" style=\"padding-top:0px;padding-bottom:0px\">\n<div class=\"wp-block-media-text is-stacked-on-mobile\" style=\"padding-top:24px;padding-bottom:24px;grid-template-columns:40% auto\"><figure class=\"wp-block-media-text__media\"><img loading=\"lazy\" decoding=\"async\" width=\"495\" height=\"475\" src=\"https:\/\/pontevedra.wordcamp.org\/2024\/files\/2024\/04\/contributor_traducions.webp\" alt=\"Foto do equipo de traduci\u00f3ns\" class=\"wp-image-2636 size-full\" srcset=\"https:\/\/pontevedra.wordcamp.org\/2024\/files\/2024\/04\/contributor_traducions.webp 495w, https:\/\/pontevedra.wordcamp.org\/2024\/files\/2024\/04\/contributor_traducions-300x288.webp 300w, https:\/\/pontevedra.wordcamp.org\/2024\/files\/2024\/04\/contributor_traducions-313x300.webp 313w\" sizes=\"auto, (max-width: 495px) 100vw, 495px\" \/><\/figure><div class=\"wp-block-media-text__content\">\n<h2 class=\"wp-block-heading has-text-align-left has-accent-4-color has-text-color has-link-color has-large-font-size wp-elements-62854b0aeeee4388ea36829b899c2728\">\u00a1<strong>Ay\u00fadanos a hacer WordPress a\u00fan mejor!<\/strong><\/h2>\n\n\n\n<p class=\"wp-block-paragraph\">Tu asistencia es un gran aporte a la Comunidad independientemente de tu perfil. <strong>Probablemente sepas c\u00f3mo hacer muchas cosas<\/strong> que pueden ayudar a mejorar el dise\u00f1o, la accesibilidad o la seguridad de WordPress.<\/p>\n\n\n\n<p class=\"wp-block-paragraph\">Puedes <strong>traducir<\/strong> plugins o el tema que tanto te guste, pero que no est\u00e9 disponible en tu idioma.<\/p>\n\n\n\n<p class=\"wp-block-paragraph\">Quiz\u00e1s prefieras ayudar a otros usuarios a <strong>resolver sus dudas<\/strong> en los foros de soporte de la Comunidad.<\/p>\n\n\n\n<p class=\"wp-block-paragraph\">O quieres saber qu\u00e9 hacer para <strong>liderar la formaci\u00f3n de un grupo<\/strong> de WordPress en tu localidad.<\/p>\n\n\n\n<p class=\"wp-block-paragraph\">Tambi\u00e9n puedes <strong>colaborar en la mesa de WordPress.TV<\/strong> para que las sesiones de WordCamp est\u00e9n disponibles para todos en un tiempo r\u00e9cord.<\/p>\n<\/div><\/div>\n\n\n\n<div class=\"wp-block-media-text has-media-on-the-right is-stacked-on-mobile\" style=\"padding-top:24px;padding-bottom:24px;grid-template-columns:auto 40%\"><div class=\"wp-block-media-text__content\">\n<h2 class=\"wp-block-heading has-text-align-left has-accent-4-color has-text-color has-link-color has-large-font-size wp-elements-46bab8c39eadfdf27d30f0e990f875d7\"><strong>Mesas de trabajo<\/strong><\/h2>\n\n\n\n<p class=\"has-medium-font-size wp-block-paragraph\">Si a\u00fan no est\u00e1s seguro de a qu\u00e9 mesa quieres unirte, puedes navegar por varias y quedarte en la que m\u00e1s te guste. En principio tendremos lo siguiente:<\/p>\n\n\n\n<div class=\"wp-block-group is-nowrap is-layout-flex wp-container-core-group-is-layout-0351fb30 wp-block-group-is-layout-flex\">\n<ul class=\"wp-block-list\">\n<li>Traducciones (ES, GL y PT)<\/li>\n\n\n\n<li>Dise\u00f1o<\/li>\n\n\n\n<li>WordPress.TV<\/li>\n\n\n\n<li>Sostenibilidad<\/li>\n<\/ul>\n\n\n\n<ul class=\"wp-block-list\">\n<li>Accesibilidad<\/li>\n\n\n\n<li>Soporte<\/li>\n\n\n\n<li>Marketing<\/li>\n\n\n\n<li>Comunidad<\/li>\n<\/ul>\n<\/div>\n<\/div><figure class=\"wp-block-media-text__media\"><img loading=\"lazy\" decoding=\"async\" width=\"500\" height=\"342\" src=\"https:\/\/pontevedra.wordcamp.org\/2024\/files\/2024\/04\/MESAS_contributor.webp\" alt=\"Foto das mesas de traballo\" class=\"wp-image-2635 size-full\" srcset=\"https:\/\/pontevedra.wordcamp.org\/2024\/files\/2024\/04\/MESAS_contributor.webp 500w, https:\/\/pontevedra.wordcamp.org\/2024\/files\/2024\/04\/MESAS_contributor-300x205.webp 300w, https:\/\/pontevedra.wordcamp.org\/2024\/files\/2024\/04\/MESAS_contributor-439x300.webp 439w\" sizes=\"auto, (max-width: 500px) 100vw, 500px\" \/><\/figure><\/div>\n\n\n\n<div class=\"wp-block-media-text is-stacked-on-mobile\" style=\"padding-top:24px;padding-bottom:24px;grid-template-columns:40% auto\"><figure class=\"wp-block-media-text__media\"><img loading=\"lazy\" decoding=\"async\" width=\"502\" height=\"480\" src=\"https:\/\/pontevedra.wordcamp.org\/2024\/files\/2024\/04\/contributor_ordenador.webp\" alt=\"Foto duns port\u00e1iles\" class=\"wp-image-2637 size-full\" srcset=\"https:\/\/pontevedra.wordcamp.org\/2024\/files\/2024\/04\/contributor_ordenador.webp 502w, https:\/\/pontevedra.wordcamp.org\/2024\/files\/2024\/04\/contributor_ordenador-300x287.webp 300w, https:\/\/pontevedra.wordcamp.org\/2024\/files\/2024\/04\/contributor_ordenador-314x300.webp 314w\" sizes=\"auto, (max-width: 502px) 100vw, 502px\" \/><\/figure><div class=\"wp-block-media-text__content\">\n<h2 class=\"wp-block-heading con-interrogante has-accent-4-color has-text-color has-link-color has-large-font-size wp-elements-3df9d937e176dae1ed0c092b72747deb\"><strong>\u00bf<\/strong>Que se necesita para participar?&nbsp;<\/h2>\n\n\n\n<p class=\"wp-block-paragraph\">Lo principal es que tengas<strong> curiosidad y ganas<\/strong>. Despu\u00e9s de todo lo vivido en los d\u00edas anteriores, seguramente, tambi\u00e9n necesitar\u00e1s un poco de fuerza de voluntad para levantarte de la cama y atenderte.<\/p>\n\n\n\n<p class=\"wp-block-paragraph\">Pero si decides venir lo ideal es que traigas tu <strong>port\u00e1til<\/strong> o tablet, pero no es un requisito imprescindible. Muchas veces, una opini\u00f3n es mucho m\u00e1s valiosa que cualquier tecnolog\u00eda.<\/p>\n\n\n\n<p class=\"wp-block-paragraph\">Lo que necesitar\u00e1s es una <strong>cuenta de Slack<\/strong>. Slack es la plataforma de comunicaci\u00f3n que utilizan los grupos de trabajo de la Comunidad WordPress para organizarse.<\/p>\n\n\n\n<p class=\"wp-block-paragraph\">Aqu\u00ed hay una <strong>gu\u00eda para crear su cuenta de Slack<\/strong> y unirse a la comunidad de WordPress.<\/p>\n\n\n\n<div class=\"wp-block-buttons is-content-justification-left is-layout-flex wp-container-core-buttons-is-layout-827f161b wp-block-buttons-is-layout-flex\" style=\"margin-top:16px;margin-bottom:16px\">\n<div class=\"wp-block-button is-style-fill sombra-verde\"><a class=\"wp-block-button__link has-base-2-color has-accent-4-background-color has-text-color has-background has-link-color has-border-color wp-element-button\" href=\"https:\/\/es.wordpress.org\/team\/handbook\/equipo\/chat\/#creacion-de-una-cuenta\" style=\"border-color:#35ff69;border-radius:0px;padding-top:4px;padding-right:24px;padding-bottom:4px;padding-left:24px\">Ver a gu\u00eda<\/a><\/div>\n<\/div>\n<\/div><\/div>\n\n\n\n<div style=\"height:40px\" aria-hidden=\"true\" class=\"wp-block-spacer\"><\/div>\n<\/div>\n<\/div>\n\n\n\n<div class=\"wp-block-group alignfull has-accent-4-background-color has-background is-layout-flow wp-block-group-is-layout-flow\" style=\"margin-top:0px;margin-bottom:0px;padding-top:48px;padding-right:4%;padding-bottom:48px;padding-left:4%\">\n<h2 class=\"wp-block-heading has-text-align-center con-interrogante has-accent-3-color has-text-color has-link-color wp-elements-53eb80b828f78c8b866cd9f4c1965224\"><strong>\u00bf<\/strong>A\u00fan no tienes tu entrada?&nbsp;<\/h2>\n\n\n\n<p class=\"has-text-align-center has-base-2-color has-text-color has-link-color wp-elements-fd4239603da8e2ab1126d637b64cd781 wp-block-paragraph\">Se quieres acudir a las Conferencias y al D\u00eda de la Comunidad, no olvides comprar tu entrada<\/p>\n\n\n\n<div class=\"wp-block-buttons is-content-justification-center is-layout-flex wp-container-core-buttons-is-layout-ff57ccb5 wp-block-buttons-is-layout-flex\" style=\"margin-top:24px;margin-bottom:24px\">\n<div class=\"wp-block-button is-style-fill sombra-verde\"><a class=\"wp-block-button__link has-accent-4-color has-base-2-background-color has-text-color has-background has-link-color has-border-color wp-element-button\" href=\"https:\/\/pontevedra.wordcamp.org\/2024\/es\/entradas\/\" style=\"border-color:#35ff69;border-radius:0px;padding-top:4px;padding-bottom:4px\">Comprar entrada<\/a><\/div>\n<\/div>\n<\/div>\n","protected":false},"excerpt":{"rendered":"<p>Explicaci\u00f3n e informaci\u00f3n de inter\u00e9s sobre el D\u00eda de la Comunidad de WordPress en la WordCamp Pontevedra 2024<\/p>\n","protected":false},"author":17330482,"featured_media":2635,"parent":3269,"menu_order":0,"comment_status":"closed","ping_status":"closed","template":"wp-custom-template-p-ginas-espa-ol","meta":{"_crdt_document":"","advanced_seo_description":"","jetpack_seo_html_title":"","jetpack_seo_noindex":false,"jetpack_post_was_ever_published":false,"footnotes":""},"class_list":["post-3261","page","type-page","status-publish","has-post-thumbnail","hentry"],"jetpack_sharing_enabled":true,"_links":{"self":[{"href":"https:\/\/pontevedra.wordcamp.org\/2024\/wp-json\/wp\/v2\/pages\/3261","targetHints":{"allow":["GET"]}}],"collection":[{"href":"https:\/\/pontevedra.wordcamp.org\/2024\/wp-json\/wp\/v2\/pages"}],"about":[{"href":"https:\/\/pontevedra.wordcamp.org\/2024\/wp-json\/wp\/v2\/types\/page"}],"author":[{"embeddable":true,"href":"https:\/\/pontevedra.wordcamp.org\/2024\/wp-json\/wp\/v2\/users\/17330482"}],"replies":[{"embeddable":true,"href":"https:\/\/pontevedra.wordcamp.org\/2024\/wp-json\/wp\/v2\/comments?post=3261"}],"version-history":[{"count":12,"href":"https:\/\/pontevedra.wordcamp.org\/2024\/wp-json\/wp\/v2\/pages\/3261\/revisions"}],"predecessor-version":[{"id":7333,"href":"https:\/\/pontevedra.wordcamp.org\/2024\/wp-json\/wp\/v2\/pages\/3261\/revisions\/7333"}],"up":[{"embeddable":true,"href":"https:\/\/pontevedra.wordcamp.org\/2024\/wp-json\/wp\/v2\/pages\/3269"}],"wp:featuredmedia":[{"embeddable":true,"href":"https:\/\/pontevedra.wordcamp.org\/2024\/wp-json\/wp\/v2\/media\/2635"}],"wp:attachment":[{"href":"https:\/\/pontevedra.wordcamp.org\/2024\/wp-json\/wp\/v2\/media?parent=3261"}],"curies":[{"name":"wp","href":"https:\/\/api.w.org\/{rel}","templated":true}]}}