{"id":3281,"date":"2024-05-03T11:13:20","date_gmt":"2024-05-03T09:13:20","guid":{"rendered":"https:\/\/pontevedra.wordcamp.org\/2024\/?page_id=3281"},"modified":"2024-07-21T21:35:11","modified_gmt":"2024-07-21T19:35:11","slug":"participar-como-ponente","status":"publish","type":"page","link":"https:\/\/pontevedra.wordcamp.org\/2024\/es\/participar-como-ponente\/","title":{"rendered":"Participar como ponente"},"content":{"rendered":"\n<div class=\"wp-block-group has-global-padding is-layout-constrained wp-container-core-group-is-layout-c4d4d252 wp-block-group-is-layout-constrained\" style=\"margin-bottom:0px;padding-top:48px;padding-right:0;padding-bottom:48px;padding-left:0\">\n<h2 class=\"wp-block-heading has-text-align-center has-accent-4-color has-text-color has-link-color wp-elements-6c9cf4d2dbca9554438067bf68618f47\">Comparte tus conocimientos<\/h2>\n\n\n\n<p class=\"has-text-align-center has-medium-font-size wp-block-paragraph\">\u00bfTe apetece vivir una experiencia inolvidable compartiendo tus conocimientos sobre WordPress y emprendimiento?<\/p>\n\n\n\n<p class=\"has-text-align-center has-medium-font-size wp-block-paragraph\">Si tu respuesta ha sido \u201cS\u00ed\u201d, est\u00e1s en el lugar acertado. Puedes venir a la WordCamp Pontevedra 2024, donde estaremos encantados de descubrir aquello que decidas ense\u00f1arnos.<\/p>\n\n\n\n<p class=\"has-text-align-center has-medium-font-size wp-block-paragraph\">Este a\u00f1o,  nos hemos propuesto crear un programa centrado en el emprendimiento, en tener un negocio rentable, c\u00f3mo WordPress puede ayudar a tu proyecto. Y por eso, buscamos <strong>ideas innovadoras<\/strong>, <strong>historias que inspiren a otros<\/strong>, o quiz\u00e1is <strong>consejos pr\u00e1cticos<\/strong>.<\/p>\n<\/div>\n\n\n\n<div class=\"wp-block-group alignfull is-layout-flow wp-container-core-group-is-layout-c2db5122 wp-block-group-is-layout-flow\" style=\"padding-right:0px;padding-left:0px\">\n<figure class=\"wp-block-image alignfull size-large\"><img loading=\"lazy\" decoding=\"async\" width=\"1024\" height=\"47\" src=\"https:\/\/pontevedra.wordcamp.org\/2024\/files\/2024\/04\/onda_gris-1-1024x47.webp\" alt=\"\" class=\"wp-image-2396\" srcset=\"https:\/\/pontevedra.wordcamp.org\/2024\/files\/2024\/04\/onda_gris-1-1024x47.webp 1024w, https:\/\/pontevedra.wordcamp.org\/2024\/files\/2024\/04\/onda_gris-1-300x14.webp 300w, https:\/\/pontevedra.wordcamp.org\/2024\/files\/2024\/04\/onda_gris-1-768x36.webp 768w, https:\/\/pontevedra.wordcamp.org\/2024\/files\/2024\/04\/onda_gris-1-500x23.webp 500w, https:\/\/pontevedra.wordcamp.org\/2024\/files\/2024\/04\/onda_gris-1-1536x71.webp 1536w, https:\/\/pontevedra.wordcamp.org\/2024\/files\/2024\/04\/onda_gris-1.webp 1920w\" sizes=\"auto, (max-width: 1024px) 100vw, 1024px\" \/><\/figure>\n\n\n\n<div class=\"wp-block-group has-custom-gris-fondo-background-color has-background has-global-padding is-layout-constrained wp-container-core-group-is-layout-cdf2922d wp-block-group-is-layout-constrained\" style=\"padding-top:0px;padding-bottom:0px\">\n<div class=\"wp-block-media-text is-stacked-on-mobile\" style=\"padding-top:24px;padding-bottom:24px;grid-template-columns:40% auto\"><figure class=\"wp-block-media-text__media\"><img loading=\"lazy\" decoding=\"async\" width=\"499\" height=\"481\" src=\"https:\/\/pontevedra.wordcamp.org\/2024\/files\/2024\/04\/relator-1.webp\" alt=\"Foto de una ponente\" class=\"wp-image-2692 size-full\" srcset=\"https:\/\/pontevedra.wordcamp.org\/2024\/files\/2024\/04\/relator-1.webp 499w, https:\/\/pontevedra.wordcamp.org\/2024\/files\/2024\/04\/relator-1-300x289.webp 300w, https:\/\/pontevedra.wordcamp.org\/2024\/files\/2024\/04\/relator-1-311x300.webp 311w\" sizes=\"auto, (max-width: 499px) 100vw, 499px\" \/><\/figure><div class=\"wp-block-media-text__content\">\n<h2 class=\"wp-block-heading has-text-align-left has-accent-4-color has-text-color has-link-color has-large-font-size wp-elements-98426ea2249b75e899384d7b822bb3db\"><strong>Una experiencia inolvidable<\/strong><\/h2>\n\n\n\n<p class=\"has-medium-font-size wp-block-paragraph\">Seguramente te estar\u00e1s preguntando, por qu\u00e9 deber\u00eda participar como ponente. Y aunque no somos muy imparciales, te dejamos algunas cosas que nos parece importante que te plantees.<\/p>\n\n\n\n<p class=\"has-medium-font-size wp-block-paragraph\">Es una <strong>gran oportunidad para mostrar tu talento<\/strong>, para aportar valor a los dem\u00e1s, y para llevar buenas vibraciones de todos los que asistan a tu ponencia.<\/p>\n\n\n\n<p class=\"has-text-align-left has-medium-font-size wp-block-paragraph\">Una charla siempre abre el camino para <strong>mostrarte como experto\/a<\/strong> <strong>o especialista<\/strong> en algo.<\/p>\n<\/div><\/div>\n\n\n\n<div class=\"wp-block-media-text has-media-on-the-right is-stacked-on-mobile\" style=\"padding-top:24px;padding-bottom:24px;grid-template-columns:auto 40%\"><div class=\"wp-block-media-text__content\">\n<p class=\"has-text-align-left has-medium-font-size wp-block-paragraph\">Siempre nos encanta ver c\u00f3mo nuestros ponentes comparten su pasi\u00f3n en el escenario cada a\u00f1o. La experiencia puede marcar una diferencia y <strong>llevar a un nuevo nivel tu marca personal o negocio.<\/strong><\/p>\n\n\n\n<p class=\"has-medium-font-size wp-block-paragraph\">Estamos hablando de una charla presencial frente a cientos de asistentes. Personas como tu, que son ponentes, asistentes, voluntarios o organizadores de WordCamps, con los que <strong>puedes identificarte y crecer profesionalmente.<\/strong><\/p>\n\n\n\n<p class=\"has-medium-font-size wp-block-paragraph\">Y por \u00faltimo, el <strong>video de tu ponencia<\/strong> ser\u00e1 <strong>subido a la p\u00e1gina web de <a href=\"https:\/\/wordpress.tv\/\">WordPress.tv<\/a> <\/strong>y quedar\u00e1 ah\u00ed por siempre pudiendo ser compartido y visto por incalculables personas.<\/p>\n<\/div><figure class=\"wp-block-media-text__media\"><img loading=\"lazy\" decoding=\"async\" width=\"504\" height=\"339\" src=\"https:\/\/pontevedra.wordcamp.org\/2024\/files\/2024\/04\/publico.webp\" alt=\"Foto del p\u00fablico\" class=\"wp-image-2693 size-full\" srcset=\"https:\/\/pontevedra.wordcamp.org\/2024\/files\/2024\/04\/publico.webp 504w, https:\/\/pontevedra.wordcamp.org\/2024\/files\/2024\/04\/publico-300x202.webp 300w, https:\/\/pontevedra.wordcamp.org\/2024\/files\/2024\/04\/publico-446x300.webp 446w\" sizes=\"auto, (max-width: 504px) 100vw, 504px\" \/><\/figure><\/div>\n\n\n\n<p class=\"has-text-align-center wp-block-paragraph\" style=\"font-size:clamp(14px, 0.875rem + ((1vw - 3.2px) * 0.732), 20px);\">Si quieres participar como ponente, <strong>lee atentamente la siguiente informaci\u00f3n para saber qu\u00e9 debes hacer.<\/strong><\/p>\n\n\n\n<div style=\"height:40px\" aria-hidden=\"true\" class=\"wp-block-spacer\"><\/div>\n<\/div>\n<\/div>\n\n\n\n<div class=\"wp-block-group has-global-padding is-layout-constrained wp-container-core-group-is-layout-9b6d7eae wp-block-group-is-layout-constrained\" style=\"margin-bottom:48px;padding-top:24px;padding-right:0;padding-bottom:24px;padding-left:0\">\n<h2 class=\"wp-block-heading has-text-align-left con-interrogante has-accent-4-color has-text-color has-link-color has-x-large-font-size wp-elements-ff2bd2fc76b3ebe95bee6d54af3e2502\"><strong>\u00bf<\/strong>Qu\u00e9 estamos buscando?<\/h2>\n\n\n\n<p class=\"has-medium-font-size wp-block-paragraph\">Estamos buscando ponencias relacionadas con WordPress y el emprendimiento, en diferentes \u00e1reas, negocios digitales, comercio electr\u00f3nico, marca personal, redes sociales, <em>copywriting<\/em>, desarrollo web, dise\u00f1o UX\/UI, accesibilidad, marketing y ventas, SEO, seguridad, WPO, aspectos legales&#8230;<\/p>\n\n\n\n<p class=\"has-medium-font-size wp-block-paragraph\"><strong>Valoraremos la originalidad<\/strong>, si eres experto en algo y si normalmente haces ponencias en otras WordCamps, te pedimos que la cambies para no repetirnos.<\/p>\n\n\n\n<p class=\"has-medium-font-size wp-block-paragraph\">Nuestro objetivo es <strong>escoger ponencias din\u00e1micas, lo m\u00e1s pr\u00e1cticas posibles<\/strong> y que los asistentes acaben con ganas de probar cosas nuevas.<\/p>\n\n\n\n<div style=\"height:24px\" aria-hidden=\"true\" class=\"wp-block-spacer\"><\/div>\n\n\n\n<h2 class=\"wp-block-heading con-interrogante has-accent-4-color has-text-color has-link-color wp-elements-17498d78ceba521b8d49f3fe2b216bf5\"><strong>\u00bf<\/strong>Qu\u00e9 tem\u00e1ticas nos gustan?<\/h2>\n\n\n\n<p class=\"has-medium-font-size wp-block-paragraph\">WordPress, WordPress, ahhh y WordPress\u2026 \u00bfEs obvio, no? Estamos en un evento organizado por la comunidad de WordPress, aunque dentro de ese marco hay cabida para muchas tem\u00e1ticas. Puedes hablarnos de:<\/p>\n\n\n\n<ul class=\"wp-block-list\">\n<li class=\"has-medium-font-size\">Desarrollo de webs<\/li>\n\n\n\n<li class=\"has-medium-font-size\">Dise\u00f1o web y experiencia de usuario<\/li>\n\n\n\n<li class=\"has-medium-font-size\">Marketing digital, SEO, SEM para emprendedores<\/li>\n\n\n\n<li class=\"has-medium-font-size\">Monetizaci\u00f3n de sitios web<\/li>\n\n\n\n<li class=\"has-medium-font-size\">Emprendimiento digital<\/li>\n\n\n\n<li class=\"has-medium-font-size\">Seguridad en WordPress<\/li>\n\n\n\n<li class=\"has-medium-font-size\">Optimizaci\u00f3n de rendimiento<\/li>\n\n\n\n<li class=\"has-medium-font-size\">Desarrollo personal y habilidades empresariales<\/li>\n\n\n\n<li class=\"has-medium-font-size\">Y todo aquello que consideres que puede ser interesante, \u00fatil o de ayuda para los asistentes.<\/li>\n<\/ul>\n\n\n\n<div style=\"height:24px\" aria-hidden=\"true\" class=\"wp-block-spacer\"><\/div>\n\n\n\n<h2 class=\"wp-block-heading con-interrogante has-accent-4-color has-text-color has-link-color wp-elements-7c07cf1da914249a206a35c88a9da19e\"><strong>\u00bf<\/strong>Qu\u00e9 formatos de ponencias tendremos?<\/h2>\n\n\n\n<p class=\"has-text-align-left has-medium-font-size wp-block-paragraph\">Este a\u00f1o apostamos por una mayor participaci\u00f3n de los asistentes, y por formatos m\u00e1s din\u00e1micos y pr\u00e1cticos para afianzar conocimientos aplicados a casos reales a trav\u00e9s de la experiencia personal.<\/p>\n\n\n\n<ul class=\"wp-block-list is-style-default\">\n<li class=\"has-medium-font-size\">Charla larga<\/li>\n\n\n\n<li class=\"has-medium-font-size\">Charla corta<\/li>\n\n\n\n<li class=\"has-medium-font-size\">Taller<\/li>\n\n\n\n<li>Demo<\/li>\n\n\n\n<li class=\"has-medium-font-size\">Auditor\u00eda<\/li>\n\n\n\n<li class=\"has-medium-font-size\">Consultor\u00eda<\/li>\n<\/ul>\n\n\n\n<p class=\"has-medium-font-size wp-block-paragraph\">Lee las descripciones de cada formato y <strong>escoge lo que mellor se ajuste<\/strong> a tus circunstancias, ideas o preferencias.<\/p>\n\n\n\n<div style=\"height:24px\" aria-hidden=\"true\" class=\"wp-block-spacer\"><\/div>\n\n\n\n<h3 class=\"wp-block-heading has-accent-4-color has-text-color has-link-color wp-elements-fe2ec75de59bdede5dc290f0d706b3a4\"><strong>Charla larga<\/strong> (20 minutos + 5 de preguntas)<\/h3>\n\n\n\n<p class=\"has-text-align-left has-medium-font-size wp-block-paragraph\">La charla larga es una excelente oportunidad si quieres <strong>profundizar en un tema espec\u00edfico<\/strong>. Podr\u00e1s proporcionar ejemplos concretos, estudios relevantes o consejos pr\u00e1cticos.<\/p>\n\n\n\n<p class=\"wp-block-paragraph\">Este formato es id\u00f3neo para <strong>conectar con otros profesionales y entusiastas<\/strong> que comparten tu mismo inter\u00e9s sobre el tema que presentas.<\/p>\n\n\n\n<p class=\"has-text-align-left has-medium-font-size wp-block-paragraph\">Al finalizar, habr\u00e1 tiempo para que el p\u00fablico realice preguntas.<\/p>\n\n\n\n<p class=\"has-text-align-left has-medium-font-size wp-block-paragraph\">Las <strong>preguntas<\/strong> permiten entrar en m\u00e1s detalle y <strong>abordar inquietudes<\/strong> directas de los asistentes. El trato con el p\u00fablico podr\u00e1 ayudarte a <strong>establecer conexiones significativas<\/strong> con los asistentes a la WordCamp.<\/p>\n\n\n\n<div style=\"height:24px\" aria-hidden=\"true\" class=\"wp-block-spacer\"><\/div>\n\n\n\n<h3 class=\"wp-block-heading has-accent-4-color has-text-color has-link-color wp-elements-87bd4e94fce72b6ff28afe397f9b5fbf\"><strong>Charla corta<\/strong> (10 minutos)<\/h3>\n\n\n\n<p class=\"has-medium-font-size wp-block-paragraph\">Este formato est\u00e1 dise\u00f1ado para <strong>temas m\u00e1s r\u00e1pidos de explicar<\/strong>, principiantes en hablar al p\u00fablico&#8230;, ya que duran muy poco tiempo y no hay posibilidad de hacer preguntas al finalizar.<\/p>\n\n\n\n<p class=\"has-medium-font-size wp-block-paragraph\">La brevedad de tiempo obliga a <strong>concentrarse en los aspectos m\u00e1s importantes del tema<\/strong>, destacar puntos clave, ofrecer consejos pr\u00e1cticos y compartir ideas efectivas.<\/p>\n\n\n\n<p class=\"has-medium-font-size wp-block-paragraph\">Presentar una charla corta es<strong> un desaf\u00edo creativo<\/strong>, porque tienes que captar la atenci\u00f3n del p\u00fablico con un mensaje r\u00e1pido, claro, conciso e interesante. Lo que te llevar\u00e1 a una <strong>actitud innovadora y creativa con la que destacar. <\/strong><\/p>\n\n\n\n<div style=\"height:24px\" aria-hidden=\"true\" class=\"wp-block-spacer\"><\/div>\n\n\n\n<h3 class=\"wp-block-heading has-accent-4-color has-text-color has-link-color wp-elements-b5d1cf5a0f5888d8d39fa7b0fa39ac85\"><strong>Taller<\/strong> (60 minutos)<\/h3>\n\n\n\n<p class=\"has-medium-font-size wp-block-paragraph\">Es una oportunidad \u00fanica para involucrar activamente a los asistentes en una experiencia pr\u00e1ctica y participativa.<\/p>\n\n\n\n<p class=\"has-text-align-left has-medium-font-size wp-block-paragraph\">Este formato es ideal para <strong>aprender haciendo<\/strong>. Podr\u00e1s proponer ejercicios pr\u00e1cticos, una sesi\u00f3n de trabajo en equipo, resolver problemas concretos, personalizar ciertos aspectos&#8230; De manera que los participantes puedan aplicar conceptos e herramientas directamente en sus proyectos.<\/p>\n\n\n\n<p class=\"has-text-align-left has-medium-font-size wp-block-paragraph\">Ademais de guiar a los asistentes a trav\u00e9s de una experiencia pr\u00e1ctica, te pedimos que fomentes la innovaci\u00f3n, la creatividad y el intercambio de conocimientos con los participantes para trabajar juntos en la b\u00fasqueda de <strong>soluciones creativas a desaf\u00edos espec\u00edficos<\/strong>.<\/p>\n\n\n\n<div style=\"height:24px\" aria-hidden=\"true\" class=\"wp-block-spacer\"><\/div>\n\n\n\n<h3 class=\"wp-block-heading has-accent-4-color has-text-color has-link-color wp-elements-0bbfbd1aacbeb6d431bb5329f0c9e11e\"><strong>Demo<\/strong> (10 minutos)<\/h3>\n\n\n\n<p class=\"has-medium-font-size wp-block-paragraph\">Este formato es una oportunidad para <strong>compartir algo que sepas hacer<\/strong>. Se trata de <strong>ense\u00f1ar<\/strong> <strong>de manera pr\u00e1ctica c\u00f3mo funciona<\/strong> una aplicaci\u00f3n, un <em>plugin<\/em>, los pasos a seguir para hacer una estrategia espec\u00edfica\u2026<\/p>\n\n\n\n<p class=\"has-medium-font-size wp-block-paragraph\">Deber\u00e1s ser conciso e inspirador para que la audiencia comprenda r\u00e1pidamente su utilidad y el potencial do su uso para que despu\u00e9s exploren o implementen en sus proyectos.<\/p>\n\n\n\n<p class=\"has-medium-font-size wp-block-paragraph\">Piensa en algo simple para que los asistentes puedan ver de una forma r\u00e1pida y f\u00e1cil, la forma de facer algo concreto y de esa manera, que puedan<strong> aprender a hacerlo<\/strong>.<\/p>\n\n\n\n<div style=\"height:24px\" aria-hidden=\"true\" class=\"wp-block-spacer\"><\/div>\n\n\n\n<h3 class=\"wp-block-heading has-accent-4-color has-text-color has-link-color wp-elements-0ef873f0b31ec08ff14affead1fac519\"><strong>Auditor\u00eda<\/strong> (20 minutos + 5 preguntas)<\/h3>\n\n\n\n<p class=\"has-medium-font-size wp-block-paragraph\">Es el formato id\u00f3neo <strong>si sueles auditar proyectos<\/strong> para poder identificar \u00e1reas de mejora y oportunidades para optimizar procesos relacionados con el mundo de las webs o del emprendimiento.<\/p>\n\n\n\n<p class=\"has-text-align-left has-medium-font-size wp-block-paragraph\">Se trata de <strong>ense\u00f1ar la metodolog\u00eda que sigues al analizar casos reales<\/strong> que tu escojas dentro de las propuestas que los participantes enviar\u00e1n antes del evento. Tendr\u00e1s el tiempo necesario tanto para hacer la elecci\u00f3n, como para realizar las revisiones.<\/p>\n\n\n\n<p class=\"has-medium-font-size wp-block-paragraph\">El d\u00eda del evento podr\u00e1s ofrecer consejos pr\u00e1cticos y sugerencias de mejora adaptadas a las necesidades y circunstancias \u00fanicas de cada proyecto. De manera que <strong>los participantes no solo recibir\u00e1n asesoramiento personalizado, si no que tambi\u00e9n tendr\u00e1n la oportunidad de aprender de los proyectos de los otros.<\/strong><\/p>\n\n\n\n<div style=\"height:24px\" aria-hidden=\"true\" class=\"wp-block-spacer\"><\/div>\n\n\n\n<h3 class=\"wp-block-heading has-accent-4-color has-text-color has-link-color wp-elements-b1261a831383e02961e55eed2d576cc3\"><strong>Consultor\u00eda<\/strong> (10 minutos)<\/h3>\n\n\n\n<p class=\"has-medium-font-size wp-block-paragraph\">Este formato es una oportunidad para ayudar y aconsejar a los participantes gracias a tus conocimientos y experiencia sobre un \u00e1rea o tema espec\u00edfico relacionados con el emprendimiento y WordPress.<\/p>\n\n\n\n<p class=\"has-medium-font-size wp-block-paragraph\">Se trata de <strong>dar consejos y recomendaciones personalizadas sobre casos espec\u00edficos del p\u00fablico<\/strong> para ayudarles a resolver sus dudas o problemas.<\/p>\n\n\n\n<p class=\"has-medium-font-size wp-block-paragraph\">Para eso, los participantes <strong>podr\u00e1n mandar sus preguntas con antelaci\u00f3n al evento<\/strong> para seleccionar las m\u00e1s interesantes y que puedan ser de mayor utilidad. Dejando espacio tambi\u00e9n para las dudas que surjan en el momento.<\/p>\n\n\n\n<div style=\"height:24px\" aria-hidden=\"true\" class=\"wp-block-spacer\"><\/div>\n\n\n\n<p class=\"wp-block-paragraph\" style=\"font-size:clamp(14px, 0.875rem + ((1vw - 3.2px) * 0.732), 20px);\">Todos los formatos planteados son orientativos y flexibles, por lo que <strong>estamos abiertos a cualquier modificaci\u00f3n o propuesta<\/strong> que nos quer\u00e1is hacer llegar.<\/p>\n\n\n\n<div style=\"height:40px\" aria-hidden=\"true\" class=\"wp-block-spacer\"><\/div>\n\n\n\n<h2 class=\"wp-block-heading has-accent-4-color has-text-color has-link-color wp-elements-81c01a75c1a37b94bf8718b9750c5e4f\">Informaci\u00f3n de inter\u00e9s<\/h2>\n\n\n\n<p class=\"has-medium-font-size wp-block-paragraph\"><strong>Para ser ponente tan s\u00f3lo necesitar\u00e1s<\/strong>:<\/p>\n\n\n\n<ul class=\"wp-block-list\">\n<li class=\"has-medium-font-size\"><strong>Ganas de aportar valor <\/strong>y de ayudar a los dem\u00e1s<\/li>\n\n\n\n<li class=\"has-medium-font-size\"><strong>Prepararte (bien) la ponencia<\/strong><\/li>\n\n\n\n<li class=\"has-medium-font-size\"><strong>Estar en Pontevedra<\/strong> los d\u00edas del evento, concretamente antes de la hora que te toque salir a escena.<\/li>\n<\/ul>\n\n\n\n<div style=\"height:24px\" aria-hidden=\"true\" class=\"wp-block-spacer\"><\/div>\n\n\n\n<p class=\"has-medium-font-size wp-block-paragraph\"><strong>Adem\u00e1s, ten en cuenta<\/strong>:<\/p>\n\n\n\n<ol class=\"wp-block-list\">\n<li class=\"has-medium-font-size\">En WordCamp Pontevedra 2024 nos enfocamos en promover el conocimiento, la colaboraci\u00f3n y el intercambio de ideas en beneficio de nuestra comunidad. Por esta raz\u00f3n, <strong>no aceptamos ponencias comerciales o publicitarias.<\/strong><\/li>\n\n\n\n<li class=\"has-medium-font-size\">Nuestro objetivo es encontrar <strong>contenido de calidad y original<\/strong> digno para ser compartido en WordPress.tv.<\/li>\n\n\n\n<li class=\"has-medium-font-size\">En tu presentaci\u00f3n tan s\u00f3lo podr\u00e1 aparecer 1 diapositiva con tus datos de contacto.<\/li>\n\n\n\n<li class=\"has-medium-font-size\">Debes respetar el esp\u00edritu de <strong>WordPress<\/strong> y su <a href=\"https:\/\/es.wikipedia.org\/wiki\/GNU_General_Public_License\">licencia GPL<\/a>.<\/li>\n\n\n\n<li class=\"has-medium-font-size\">El <strong>idioma <\/strong>de la charla debe ser preferentemente: espa\u00f1ol, gallego, portugu\u00e9s o ingl\u00e9s.<\/li>\n<\/ol>\n\n\n\n<div style=\"height:24px\" aria-hidden=\"true\" class=\"wp-block-spacer\"><\/div>\n\n\n\n<p class=\"has-medium-font-size wp-block-paragraph\"><strong>Si precisas<\/strong> <strong>ayuda<\/strong>:<\/p>\n\n\n\n<p class=\"has-medium-font-size wp-block-paragraph\">Sabemos que preparar una ponencia requiere tiempo y esfuerzo, pero estamos aqu\u00ed para apoyarte en cada paso del camino.<\/p>\n\n\n\n<p class=\"has-medium-font-size wp-block-paragraph\">Nuestro <strong>equipo de ponentes <\/strong>estar\u00e1 a tu disposici\u00f3n para<strong> brindarte asesoramiento y recursos,<\/strong> y asegurarnos de que<strong> \u00a1tu presentaci\u00f3n sea un \u00e9xito rotundo!<\/strong><\/p>\n<\/div>\n\n\n\n<div class=\"wp-block-group alignfull has-custom-gris-fondo-background-color has-background has-global-padding is-layout-constrained wp-block-group-is-layout-constrained\">\n<div class=\"wp-block-group formulario_registro has-global-padding is-content-justification-center is-layout-constrained wp-container-core-group-is-layout-d8b12361 wp-block-group-is-layout-constrained\" style=\"padding-top:40px;padding-bottom:40px\">\n<h2 class=\"wp-block-heading has-text-align-center\">Plazo de inscripci\u00f3n cerrado<\/h2>\n\n\n\n<p class=\"has-text-align-center has-medium-font-size wp-block-paragraph\">Despu\u00e9s de un complejo y complicado trabajo de selecci\u00f3n, hemos configurado un programa con las propuestas recibidas que consideramos que pod\u00edan ser de mayor valor e inter\u00e9s para los asistentes.<\/p>\n\n\n\n<p class=\"has-text-align-center wp-block-paragraph\">Ya puedes consultar las charlas y los ponentes seleccionados, en el <a href=\"https:\/\/pontevedra.wordcamp.org\/2024\/es\/programa\/\"><strong>programa<\/strong><\/a> de la WordCamp Pontevedra 2024.<\/p>\n<\/div>\n<\/div>\n\n\n\n<div class=\"wp-block-group alignfull has-accent-4-background-color has-background has-global-padding is-layout-constrained wp-block-group-is-layout-constrained\" style=\"margin-top:0;margin-bottom:0;padding-top:48px;padding-bottom:48px\">\n<h2 class=\"wp-block-heading has-text-align-center has-accent-3-color has-text-color has-link-color wp-elements-2eea2c4dc0afad805768b6d74230a468\">Suscr\u00edbete a nuestro blog<\/h2>\n\n\n\n<p class=\"has-text-align-center has-base-2-color has-text-color has-link-color has-medium-font-size wp-elements-4d77f6d6c7ee1de01b0557bd825116e8 wp-block-paragraph\">Ent\u00e9rate de todo lo que estamos haciendo para que este evento sea inolvidable.<\/p>\n\n\n<div class=\"wp-block-jetpack-subscriptions__supports-newline suscripciones is-style-split wp-block-jetpack-subscriptions\">\n\t\t<div>\n\t\t\t<div>\n\t\t\t\t<div>\n\t\t\t\t\t<p >\n\t\t\t\t\t\t<a href=\"https:\/\/pontevedra.wordcamp.org\/2024\/?post_type=page&#038;p=3281\" style=\"font-size: 16px;padding: 15px 23px 15px 23px;margin: 0; margin-left: 10px;border-color: base-2;border-radius: 0px;border-width: 1px; text-decoration: none; white-space: nowrap; margin-left: 0\">Suscribirse<\/a>\n\t\t\t\t\t<\/p>\n\t\t\t\t<\/div>\n\t\t\t<\/div>\n\t\t<\/div>\n\t<\/div><\/div>\n","protected":false},"excerpt":{"rendered":"<p>Informaci\u00f3n que debes saber para poder participar como ponente en la WordCamp Pontevedra 2024<\/p>\n","protected":false},"author":17330482,"featured_media":3712,"parent":3269,"menu_order":0,"comment_status":"closed","ping_status":"closed","template":"wp-custom-template-p-ginas-espa-ol","meta":{"_crdt_document":"","advanced_seo_description":"","jetpack_seo_html_title":"","jetpack_seo_noindex":false,"jetpack_post_was_ever_published":false,"footnotes":""},"class_list":["post-3281","page","type-page","status-publish","has-post-thumbnail","hentry"],"jetpack_sharing_enabled":true,"_links":{"self":[{"href":"https:\/\/pontevedra.wordcamp.org\/2024\/wp-json\/wp\/v2\/pages\/3281","targetHints":{"allow":["GET"]}}],"collection":[{"href":"https:\/\/pontevedra.wordcamp.org\/2024\/wp-json\/wp\/v2\/pages"}],"about":[{"href":"https:\/\/pontevedra.wordcamp.org\/2024\/wp-json\/wp\/v2\/types\/page"}],"author":[{"embeddable":true,"href":"https:\/\/pontevedra.wordcamp.org\/2024\/wp-json\/wp\/v2\/users\/17330482"}],"replies":[{"embeddable":true,"href":"https:\/\/pontevedra.wordcamp.org\/2024\/wp-json\/wp\/v2\/comments?post=3281"}],"version-history":[{"count":44,"href":"https:\/\/pontevedra.wordcamp.org\/2024\/wp-json\/wp\/v2\/pages\/3281\/revisions"}],"predecessor-version":[{"id":7766,"href":"https:\/\/pontevedra.wordcamp.org\/2024\/wp-json\/wp\/v2\/pages\/3281\/revisions\/7766"}],"up":[{"embeddable":true,"href":"https:\/\/pontevedra.wordcamp.org\/2024\/wp-json\/wp\/v2\/pages\/3269"}],"wp:featuredmedia":[{"embeddable":true,"href":"https:\/\/pontevedra.wordcamp.org\/2024\/wp-json\/wp\/v2\/media\/3712"}],"wp:attachment":[{"href":"https:\/\/pontevedra.wordcamp.org\/2024\/wp-json\/wp\/v2\/media?parent=3281"}],"curies":[{"name":"wp","href":"https:\/\/api.w.org\/{rel}","templated":true}]}}