{"id":3283,"date":"2024-05-03T11:14:34","date_gmt":"2024-05-03T09:14:34","guid":{"rendered":"https:\/\/pontevedra.wordcamp.org\/2024\/?page_id=3283"},"modified":"2024-07-18T11:59:31","modified_gmt":"2024-07-18T09:59:31","slug":"participar-como-voluntario","status":"publish","type":"page","link":"https:\/\/pontevedra.wordcamp.org\/2024\/es\/participar-como-voluntario\/","title":{"rendered":"Participar como voluntario"},"content":{"rendered":"\n<div class=\"wp-block-group has-global-padding is-layout-constrained wp-block-group-is-layout-constrained\" style=\"margin-bottom:0px;padding-top:48px;padding-bottom:48px\">\n<h2 class=\"wp-block-heading has-text-align-center has-accent-4-color has-text-color has-link-color wp-elements-6a14cbbbc4fe2a9099efb371fda2bf67\">\u00a1Forma parte de la organizaci\u00f3n!<\/h2>\n\n\n\n<p class=\"has-text-align-center has-medium-font-size wp-block-paragraph\">Una <em>WordCamp<\/em> <strong>s\u00f3lo es posible gracias al trabajo e ilusi\u00f3n de personas voluntarias<\/strong>.<\/p>\n\n\n\n<p class=\"has-text-align-center has-medium-font-size wp-block-paragraph\">Ni las personas que colaboramos en el equipo de organizaci\u00f3n, en el equipo de voluntarios ni los propios ponentes obtenemos ninguna retribuci\u00f3n econ\u00f3mica, pero \u00a1esto no quiere decir que no ganemos nada!<\/p>\n\n\n\n<p class=\"has-text-align-center has-medium-font-size wp-block-paragraph\">Ver el resultado de nuestro esfuerzo, el fruto de nuestro trabajo y c\u00f3mo todos los participantes llevan un buen recuerdo, <strong>es una experiencia inolvidable<\/strong>, una recompensa, una sensaci\u00f3n de satisfacci\u00f3n y de crecimiento personal incalculable.<\/p>\n\n\n\n<p class=\"has-text-align-center has-medium-font-size wp-block-paragraph\">En <em>WordCamp<\/em> Pontevedra queremos que compartas esa experiencia con nosotros.<\/p>\n<\/div>\n\n\n\n<div class=\"wp-block-group alignfull is-layout-flow wp-container-core-group-is-layout-c2db5122 wp-block-group-is-layout-flow\" style=\"padding-right:0px;padding-left:0px\">\n<figure class=\"wp-block-image alignfull size-large\"><img loading=\"lazy\" decoding=\"async\" width=\"1024\" height=\"47\" src=\"https:\/\/pontevedra.wordcamp.org\/2024\/files\/2024\/04\/onda_gris-1-1024x47.webp\" alt=\"\" class=\"wp-image-2396\" srcset=\"https:\/\/pontevedra.wordcamp.org\/2024\/files\/2024\/04\/onda_gris-1-1024x47.webp 1024w, https:\/\/pontevedra.wordcamp.org\/2024\/files\/2024\/04\/onda_gris-1-300x14.webp 300w, https:\/\/pontevedra.wordcamp.org\/2024\/files\/2024\/04\/onda_gris-1-768x36.webp 768w, https:\/\/pontevedra.wordcamp.org\/2024\/files\/2024\/04\/onda_gris-1-500x23.webp 500w, https:\/\/pontevedra.wordcamp.org\/2024\/files\/2024\/04\/onda_gris-1-1536x71.webp 1536w, https:\/\/pontevedra.wordcamp.org\/2024\/files\/2024\/04\/onda_gris-1.webp 1920w\" sizes=\"auto, (max-width: 1024px) 100vw, 1024px\" \/><\/figure>\n\n\n\n<div class=\"wp-block-group has-custom-gris-fondo-background-color has-background has-global-padding is-layout-constrained wp-container-core-group-is-layout-feb6854e wp-block-group-is-layout-constrained\" style=\"padding-top:0px;padding-bottom:48px\">\n<div class=\"wp-block-media-text is-stacked-on-mobile\" style=\"padding-top:24px;padding-bottom:24px;grid-template-columns:40% auto\"><figure class=\"wp-block-media-text__media\"><img loading=\"lazy\" decoding=\"async\" width=\"496\" height=\"342\" src=\"https:\/\/pontevedra.wordcamp.org\/2024\/files\/2024\/04\/voluntarios.webp\" alt=\"Foto de voluntarios da WordCamp Pontevedra 2022\" class=\"wp-image-2711 size-full\" srcset=\"https:\/\/pontevedra.wordcamp.org\/2024\/files\/2024\/04\/voluntarios.webp 496w, https:\/\/pontevedra.wordcamp.org\/2024\/files\/2024\/04\/voluntarios-300x207.webp 300w, https:\/\/pontevedra.wordcamp.org\/2024\/files\/2024\/04\/voluntarios-435x300.webp 435w\" sizes=\"auto, (max-width: 496px) 100vw, 496px\" \/><\/figure><div class=\"wp-block-media-text__content\">\n<h2 class=\"wp-block-heading has-text-align-left has-accent-4-color has-text-color has-link-color has-love-ya-like-a-sister-font-family has-large-font-size wp-elements-fa2eb8a4a25dee5c80c4ea864b0a90ba\">\u00a1Buscamos personas como t\u00fa!<\/h2>\n\n\n\n<p class=\"has-medium-font-size wp-block-paragraph\">Buscamos personas que deseen compartir un poco de su tiempo para lograr que la <em>WordCamp<\/em> Pontevedra 2024 alcance el mismo \u00e9xito que en las ediciones anteriores.<\/p>\n\n\n\n<p class=\"has-medium-font-size wp-block-paragraph\">Si quieres participar formando parte del equipo de voluntariado de <em>WordCamp<\/em> Pontevedra 2024, <strong>lo \u00fanico que necesitas es tener ganas e involucrarte<\/strong> con la comunidad de <em>WordPress<\/em>.<\/p>\n<\/div><\/div>\n\n\n\n<div class=\"wp-block-media-text has-media-on-the-right is-stacked-on-mobile\" style=\"padding-top:24px;padding-bottom:24px;grid-template-columns:auto 40%\"><div class=\"wp-block-media-text__content\">\n<p class=\"has-medium-font-size wp-block-paragraph\">Ser voluntario en la <em>WordCamp<\/em> de Pontevedra, te convierte en una pieza esencial para su \u00e9xito.<\/p>\n\n\n\n<p class=\"has-medium-font-size wp-block-paragraph\">Compartes el tiempo y la experiencia con el equipo de organizaci\u00f3n y los ponentes. Conoces y hablas con visitantes de todos los lugares.<\/p>\n\n\n\n<p class=\"has-medium-font-size wp-block-paragraph\">Adem\u00e1s, recibes una <strong>camiseta exclusiva<\/strong> para voluntarios y nuestra caracter\u00edstica <strong><em>bata galega<\/em><\/strong>, una prenda que pocos tienen, \u00a1pero muchos desean!<\/p>\n\n\n\n<p class=\"has-medium-font-size wp-block-paragraph\">Como miembro del equipo de voluntarios, la <strong>entrada es gratis<\/strong>, incluida la comida del evento, y <strong>podr\u00e1s disfrutar de la invitaci\u00f3n a la cena de ponentes, organizaci\u00f3n y voluntarios<\/strong>.<\/p>\n<\/div><figure class=\"wp-block-media-text__media\"><img loading=\"lazy\" decoding=\"async\" width=\"341\" height=\"496\" src=\"https:\/\/pontevedra.wordcamp.org\/2024\/files\/2024\/04\/bata_voluntarios.webp\" alt=\"\" class=\"wp-image-2713 size-full\" srcset=\"https:\/\/pontevedra.wordcamp.org\/2024\/files\/2024\/04\/bata_voluntarios.webp 341w, https:\/\/pontevedra.wordcamp.org\/2024\/files\/2024\/04\/bata_voluntarios-206x300.webp 206w\" sizes=\"auto, (max-width: 341px) 100vw, 341px\" \/><\/figure><\/div>\n\n\n\n<div class=\"wp-block-media-text is-stacked-on-mobile\" style=\"padding-top:24px;padding-bottom:24px;grid-template-columns:40% auto\"><figure class=\"wp-block-media-text__media\"><img loading=\"lazy\" decoding=\"async\" width=\"502\" height=\"483\" src=\"https:\/\/pontevedra.wordcamp.org\/2024\/files\/2024\/04\/voluntario_fregona.webp\" alt=\"\" class=\"wp-image-2716 size-full\" srcset=\"https:\/\/pontevedra.wordcamp.org\/2024\/files\/2024\/04\/voluntario_fregona.webp 502w, https:\/\/pontevedra.wordcamp.org\/2024\/files\/2024\/04\/voluntario_fregona-300x289.webp 300w, https:\/\/pontevedra.wordcamp.org\/2024\/files\/2024\/04\/voluntario_fregona-312x300.webp 312w\" sizes=\"auto, (max-width: 502px) 100vw, 502px\" \/><\/figure><div class=\"wp-block-media-text__content\">\n<h2 class=\"wp-block-heading con-interrogante has-accent-4-color has-text-color has-link-color has-large-font-size wp-elements-6cf4bf420c1b4b57d5e8929140294996\"><strong>\u00bf<\/strong>En qu\u00e9 podr\u00edas colaborar?<\/h2>\n\n\n\n<p class=\"has-medium-font-size wp-block-paragraph\">Como parte del equipo de voluntarios, <strong>te asignaremos tareas<\/strong> de forma que puedas disfrutar, lo mejor posible, de las actividades que te interesen del evento.<\/p>\n\n\n\n<p class=\"has-medium-font-size wp-block-paragraph\">A\u00fan con todo, durante el d\u00eda surgen situaciones no planificadas o imprevistos en los que tu ayuda ser\u00e1 esencial. Por eso, <strong>que seas una persona resolutiva y proactiva es algo que te agradeceremos mucho<\/strong>.<\/p>\n<\/div><\/div>\n\n\n\n<div class=\"wp-block-media-text has-media-on-the-right is-stacked-on-mobile\" style=\"padding-top:24px;padding-bottom:24px;grid-template-columns:auto 40%\"><div class=\"wp-block-media-text__content\">\n<p class=\"has-medium-font-size wp-block-paragraph\">Hay muchas tareas en las que puedes colaborar y que suponen una gran ayuda. Algunas como:<\/p>\n\n\n\n<ul class=\"wp-block-list\">\n<li class=\"has-medium-font-size\"><strong>Recibir en el registro<\/strong> a asistentes para darles la bienvenida y entregarles las acreditaciones, las camisetas, el pack de bienvenida\u2026<\/li>\n\n\n\n<li class=\"has-medium-font-size\"><strong>Supervisar y colaborar<\/strong> en las horas de caf\u00e9 y comida para que no falte de nada.<\/li>\n\n\n\n<li class=\"has-medium-font-size\"><strong>Asistir<\/strong> a los ponentes y patrocinadores cuando lo necesiten y ayudar a los asistentes a ubicarse.<\/li>\n\n\n\n<li class=\"has-medium-font-size\">Llevar el control de los tiempos en las sesiones o mover los micr\u00f3fonos entre los asistentes durante los turnos de preguntas.<\/li>\n<\/ul>\n<\/div><figure class=\"wp-block-media-text__media\"><img loading=\"lazy\" decoding=\"async\" width=\"500\" height=\"339\" src=\"https:\/\/pontevedra.wordcamp.org\/2024\/files\/2024\/04\/voluntario_rexistro.webp\" alt=\"Foto duns voluntarios no rexistro da WordCamp Pontevedra 2023\" class=\"wp-image-2715 size-full\" srcset=\"https:\/\/pontevedra.wordcamp.org\/2024\/files\/2024\/04\/voluntario_rexistro.webp 500w, https:\/\/pontevedra.wordcamp.org\/2024\/files\/2024\/04\/voluntario_rexistro-300x203.webp 300w, https:\/\/pontevedra.wordcamp.org\/2024\/files\/2024\/04\/voluntario_rexistro-442x300.webp 442w\" sizes=\"auto, (max-width: 500px) 100vw, 500px\" \/><\/figure><\/div>\n\n\n\n<div class=\"wp-block-group has-global-padding is-layout-constrained wp-block-group-is-layout-constrained\" style=\"margin-bottom:48px\">\n<p class=\"has-text-align-center has-large-font-size wp-block-paragraph\"><strong>\u00a1IMPORTANTE!<\/strong><\/p>\n\n\n\n<p class=\"has-text-align-center wp-block-paragraph\" style=\"font-size:clamp(14px, 0.875rem + ((1vw - 3.2px) * 0.732), 20px);\"><strong>Ser\u00eda genial si pudi\u00e9ramos contar contigo en Pontevedra desde el viernes, 20 de septiembre por la tarde<\/strong>. As\u00ed, podr\u00e1s ir conociendo el lugar del evento, al resto del equipo y podremos hacer alg\u00fan ajuste en las tareas en caso de ser necesario.<\/p>\n<\/div>\n<\/div>\n<\/div>\n\n\n\n<div id=\"solicitud-voluntarios\" class=\"wp-block-group has-global-padding is-layout-constrained wp-container-core-group-is-layout-9595cd89 wp-block-group-is-layout-constrained\" style=\"padding-top:40px;padding-right:0;padding-bottom:40px;padding-left:0\">\n<div class=\"wp-block-group has-global-padding is-layout-constrained wp-container-core-group-is-layout-05c69bcc wp-block-group-is-layout-constrained\">\n<h2 class=\"wp-block-heading has-text-align-center has-accent-4-color has-text-color has-link-color has-love-ya-like-a-sister-font-family has-x-large-font-size wp-elements-3212119315ede0da17a83ca415da7911\">Plazo de inscripci\u00f3n cerrado<\/h2>\n\n\n\n<p class=\"has-text-align-center wp-block-paragraph\">El responsable del voluntariado de la WordCamp Pontevedra est\u00e1 analizando todas las candidaturas recibidas para poder seleccionar a las personas que formar\u00e1n parte de la organizaci\u00f3n de este ano.<\/p>\n\n\n\n<p class=\"has-text-align-center wp-block-paragraph\"><strong>Ten paciencia, mantente atento almail<\/strong>, y en cuanto podamos, te haremos saber si fuiste seleccionado o no.<\/p>\n\n\n\n<p class=\"has-text-align-center has-medium-font-size wp-block-paragraph\">Para cualquier duda, m\u00e1ndanos un correo a <a href=\"mailto:pontevedra@wordcamp.org\">pontevedra@wordcamp.org<\/a>, o usa el <a href=\"https:\/\/pontevedra.wordcamp.org\/2024\/es\/contacto\/\" data-type=\"page\" data-id=\"3259\">formulario de contacto<\/a>.<\/p>\n<\/div>\n<\/div>\n\n\n\n<div class=\"wp-block-group alignfull has-accent-4-background-color has-background has-global-padding is-layout-constrained wp-block-group-is-layout-constrained\" style=\"padding-top:48px;padding-bottom:48px\">\n<h2 class=\"wp-block-heading has-text-align-center has-accent-3-color has-text-color has-link-color wp-elements-2eea2c4dc0afad805768b6d74230a468\">Suscr\u00edbete a nuestro blog<\/h2>\n\n\n\n<p class=\"has-text-align-center has-base-2-color has-text-color has-link-color has-medium-font-size wp-elements-4d77f6d6c7ee1de01b0557bd825116e8 wp-block-paragraph\">Ent\u00e9rate de todo lo que estamos haciendo para que este evento sea inolvidable.<\/p>\n\n\n<div class=\"wp-block-jetpack-subscriptions__supports-newline suscripciones is-style-split wp-block-jetpack-subscriptions\">\n\t\t<div>\n\t\t\t<div>\n\t\t\t\t<div>\n\t\t\t\t\t<p >\n\t\t\t\t\t\t<a href=\"https:\/\/pontevedra.wordcamp.org\/2024\/?post_type=page&#038;p=3283\" style=\"font-size: 16px;padding: 15px 23px 15px 23px;margin: 0; margin-left: 10px;border-color: base-2;border-radius: 0px;border-width: 1px; text-decoration: none; white-space: nowrap; margin-left: 0\">Suscribirse<\/a>\n\t\t\t\t\t<\/p>\n\t\t\t\t<\/div>\n\t\t\t<\/div>\n\t\t<\/div>\n\t<\/div><\/div>\n","protected":false},"excerpt":{"rendered":"<p>Informaci\u00f3n que debes saber para poder participar como voluntario en la WordCamp Pontevedra 2024<\/p>\n","protected":false},"author":17330482,"featured_media":2711,"parent":3269,"menu_order":0,"comment_status":"closed","ping_status":"closed","template":"wp-custom-template-p-ginas-espa-ol","meta":{"_crdt_document":"","advanced_seo_description":"","jetpack_seo_html_title":"","jetpack_seo_noindex":false,"jetpack_post_was_ever_published":false,"footnotes":""},"class_list":["post-3283","page","type-page","status-publish","has-post-thumbnail","hentry"],"jetpack_sharing_enabled":true,"_links":{"self":[{"href":"https:\/\/pontevedra.wordcamp.org\/2024\/wp-json\/wp\/v2\/pages\/3283","targetHints":{"allow":["GET"]}}],"collection":[{"href":"https:\/\/pontevedra.wordcamp.org\/2024\/wp-json\/wp\/v2\/pages"}],"about":[{"href":"https:\/\/pontevedra.wordcamp.org\/2024\/wp-json\/wp\/v2\/types\/page"}],"author":[{"embeddable":true,"href":"https:\/\/pontevedra.wordcamp.org\/2024\/wp-json\/wp\/v2\/users\/17330482"}],"replies":[{"embeddable":true,"href":"https:\/\/pontevedra.wordcamp.org\/2024\/wp-json\/wp\/v2\/comments?post=3283"}],"version-history":[{"count":25,"href":"https:\/\/pontevedra.wordcamp.org\/2024\/wp-json\/wp\/v2\/pages\/3283\/revisions"}],"predecessor-version":[{"id":6245,"href":"https:\/\/pontevedra.wordcamp.org\/2024\/wp-json\/wp\/v2\/pages\/3283\/revisions\/6245"}],"up":[{"embeddable":true,"href":"https:\/\/pontevedra.wordcamp.org\/2024\/wp-json\/wp\/v2\/pages\/3269"}],"wp:featuredmedia":[{"embeddable":true,"href":"https:\/\/pontevedra.wordcamp.org\/2024\/wp-json\/wp\/v2\/media\/2711"}],"wp:attachment":[{"href":"https:\/\/pontevedra.wordcamp.org\/2024\/wp-json\/wp\/v2\/media?parent=3283"}],"curies":[{"name":"wp","href":"https:\/\/api.w.org\/{rel}","templated":true}]}}