{"id":3287,"date":"2024-05-03T11:18:22","date_gmt":"2024-05-03T09:18:22","guid":{"rendered":"https:\/\/pontevedra.wordcamp.org\/2024\/?page_id=3287"},"modified":"2024-05-06T13:38:55","modified_gmt":"2024-05-06T11:38:55","slug":"politica-de-privacidad","status":"publish","type":"page","link":"https:\/\/pontevedra.wordcamp.org\/2024\/es\/politica-de-privacidad\/","title":{"rendered":"Pol\u00edtica de privacidad"},"content":{"rendered":"\n<div class=\"wp-block-group has-global-padding is-layout-constrained wp-block-group-is-layout-constrained\" style=\"padding-top:48px;padding-bottom:48px\">\n<p class=\"wp-block-paragraph\">Los sitios web de WordPress.org (colectivamente \u201cWordPress.org\u201d en este documento) se refieren a sitios alojados en WordPress.org, WordPress.net, WordCamp.org, BuddyPress.org, bbPress.org y otros dominios y subdominios relacionados. Esta pol\u00edtica de privacidad describe c\u00f3mo WordPress.org usa y protege cualquier informaci\u00f3n que usted nos proporcione. Estamos comprometidos a garantizar la protecci\u00f3n de su privacidad. Si nos proporciona informaci\u00f3n personal a trav\u00e9s de WordPress.org, puede estar seguro de que solo se utilizar\u00e1 de acuerdo con esta declaraci\u00f3n de privacidad.<\/p>\n\n\n\n<div style=\"height:40px\" aria-hidden=\"true\" class=\"wp-block-spacer\"><\/div>\n\n\n\n<h2 class=\"wp-block-heading\">Visitantes del sitio web<\/h2>\n\n\n\n<p class=\"wp-block-paragraph\">Como la mayor\u00eda de los operadores de sitios web, WordPress.org recopila informaci\u00f3n de identificaci\u00f3n no personal del tipo que los navegadores y servidores web suelen poner a disposici\u00f3n, como el tipo de navegador, la preferencia de idioma, el sitio de referencia y la fecha y hora de cada solicitud de visitante. El prop\u00f3sito de WordPress.org al recopilar informaci\u00f3n de identificaci\u00f3n no personal es comprender mejor c\u00f3mo los visitantes de WordPress.org utilizan su sitio web. De vez en cuando, WordPress.org puede divulgar informaci\u00f3n de identificaci\u00f3n no personal en conjunto, por ejemplo, mediante la publicaci\u00f3n de un informe sobre las tendencias en el uso de su sitio web.<\/p>\n\n\n\n<p class=\"wp-block-paragraph\">WordPress.org tambi\u00e9n recopila informaci\u00f3n potencialmente de identificaci\u00f3n personal, como direcciones de Protocolo de Internet (IP). Sin embargo, WordPress.org no utiliza direcciones IP para identificar a sus visitantes y no divulga dicha informaci\u00f3n, excepto en las mismas circunstancias en las que utiliza y divulga informaci\u00f3n de identificaci\u00f3n personal, como se describe a continuaci\u00f3n.<\/p>\n\n\n\n<div style=\"height:40px\" aria-hidden=\"true\" class=\"wp-block-spacer\"><\/div>\n\n\n\n<h2 class=\"wp-block-heading\">Recopilaci\u00f3n de informaci\u00f3n de identificaci\u00f3n personal<\/h2>\n\n\n\n<p class=\"wp-block-paragraph\">Ciertos visitantes de WordPress.org eligen interactuar con WordPress.org de maneras que requieren que WordPress.org recopile informaci\u00f3n de identificaci\u00f3n personal. La cantidad y el tipo de informaci\u00f3n que recopila WordPress.org depende de la naturaleza de la interacci\u00f3n. Por ejemplo, solicitamos a los visitantes de nuestros foros que proporcionen un nombre de usuario y una direcci\u00f3n de correo electr\u00f3nico.<\/p>\n\n\n\n<p class=\"wp-block-paragraph\">En cada caso, WordPress.org recopila dicha informaci\u00f3n s\u00f3lo en la medida necesaria o apropiada para cumplir el prop\u00f3sito de la interacci\u00f3n del visitante con WordPress.org. WordPress.org no divulga informaci\u00f3n de identificaci\u00f3n personal distinta a la que se describe a continuaci\u00f3n. Y los visitantes siempre pueden negarse a proporcionar informaci\u00f3n de identificaci\u00f3n personal, con la salvedad de que esto puede impedirles participar en ciertas actividades relacionadas con el sitio web, como comprar una entrada para WordCamp.<\/p>\n\n\n\n<p class=\"wp-block-paragraph\">Toda la informaci\u00f3n recopilada en WordPress.org se manejar\u00e1 de acuerdo con la legislaci\u00f3n GDPR.<\/p>\n\n\n\n<div style=\"height:40px\" aria-hidden=\"true\" class=\"wp-block-spacer\"><\/div>\n\n\n\n<h2 class=\"wp-block-heading\">Protecci\u00f3n de cierta informaci\u00f3n de identificaci\u00f3n personal<\/h2>\n\n\n\n<p class=\"wp-block-paragraph\">WordPress.org divulga informaci\u00f3n de identificaci\u00f3n personal y de identificaci\u00f3n personal solo a aquellos administradores de proyectos, empleados, contratistas y organizaciones afiliadas que (i) necesitan conocer esa informaci\u00f3n para procesarla en nombre de WordPress.org o para proporcionar servicios disponibles a trav\u00e9s de WordPress.org, y (ii) que han acordado no revelarlo a otros. Algunos de esos empleados, contratistas y organizaciones afiliadas pueden estar ubicados fuera de su pa\u00eds de origen; Al utilizar WordPress.org, usted acepta la transferencia de dicha informaci\u00f3n a ellos.<\/p>\n\n\n\n<p class=\"wp-block-paragraph\">WordPress.org no alquilar\u00e1 ni vender\u00e1 informaci\u00f3n de identificaci\u00f3n personal ni informaci\u00f3n de identificaci\u00f3n personal a nadie. Adem\u00e1s de los administradores de proyectos, empleados, contratistas y organizaciones afiliadas como se describe anteriormente, WordPress.org divulga informaci\u00f3n de identificaci\u00f3n personal y de identificaci\u00f3n personal solo cuando as\u00ed lo exige la ley, si usted da permiso para que se comparta su informaci\u00f3n o cuando WordPress .org cree de buena fe que la divulgaci\u00f3n es razonablemente necesaria para proteger la propiedad o los derechos de WordPress.org, de terceros o del p\u00fablico en general.<\/p>\n\n\n\n<p class=\"wp-block-paragraph\">Si es un usuario registrado de un sitio web de WordPress.org y ha proporcionado su direcci\u00f3n de correo electr\u00f3nico, WordPress.org puede ocasionalmente enviarle un correo electr\u00f3nico para informarle sobre nuevas funciones, solicitar su opini\u00f3n o simplemente mantenerlo actualizado con las novedades. sucediendo con WordPress.org y nuestros productos. Utilizamos nuestro blog principalmente para comunicar este tipo de informaci\u00f3n, por lo que esperamos mantener este tipo de correo electr\u00f3nico al m\u00ednimo.<\/p>\n\n\n\n<p class=\"wp-block-paragraph\">Si nos env\u00eda una solicitud (por ejemplo, a trav\u00e9s de un correo electr\u00f3nico de soporte o mediante uno de nuestros mecanismos de comentarios), nos reservamos el derecho de publicarla para ayudarnos a aclarar o responder a su solicitud o para ayudarnos a apoyar a otros usuarios. WordPress.org toma todas las medidas razonablemente necesarias para proteger contra el acceso no autorizado, uso, alteraci\u00f3n o destrucci\u00f3n de informaci\u00f3n potencialmente identificable y de identificaci\u00f3n personal.<\/p>\n\n\n\n<div style=\"height:40px\" aria-hidden=\"true\" class=\"wp-block-spacer\"><\/div>\n\n\n\n<h2 class=\"wp-block-heading\">Uso de la informaci\u00f3n personal<\/h2>\n\n\n\n<p class=\"wp-block-paragraph\">No utilizaremos la informaci\u00f3n que usted proporcione cuando se registre para obtener una cuenta, asista a nuestros eventos, reciba boletines informativos, utilice otros servicios o participe en el Proyecto de c\u00f3digo abierto de WordPress de cualquier otra manera.<\/p>\n\n\n\n<p class=\"wp-block-paragraph\">No venderemos ni cederemos su informaci\u00f3n personal a terceros a menos que tengamos su permiso o estemos obligados a hacerlo por ley.<\/p>\n\n\n\n<p class=\"wp-block-paragraph\">Nos gustar\u00eda enviarle comunicaciones de marketing por correo electr\u00f3nico que puedan ser de su inter\u00e9s de vez en cuando. Si ha dado su consentimiento para el marketing, puede optar por no participar en una fecha posterior.<\/p>\n\n\n\n<p class=\"wp-block-paragraph\">Tiene derecho en cualquier momento a impedir que nos comuniquemos con usted con fines de marketing. Si ya no desea que nos comuniquemos con usted con fines de marketing, haga clic en el enlace para cancelar la suscripci\u00f3n que se encuentra en la parte inferior del correo electr\u00f3nico.<\/p>\n\n\n\n<div style=\"height:40px\" aria-hidden=\"true\" class=\"wp-block-spacer\"><\/div>\n\n\n\n<h2 class=\"wp-block-heading\">Bases legales para el procesamiento de informaci\u00f3n personal<\/h2>\n\n\n\n<p class=\"wp-block-paragraph\">Nos basamos en una o m\u00e1s de las siguientes condiciones de procesamiento:<\/p>\n\n\n\n<ul class=\"wp-block-list\">\n<li>nuestros intereses leg\u00edtimos en la entrega efectiva de informaci\u00f3n y servicios a usted;<\/li>\n\n\n\n<li>consentimiento expl\u00edcito que haya otorgado;<\/li>\n\n\n\n<li>obligaciones legales<\/li>\n<\/ul>\n\n\n\n<div style=\"height:40px\" aria-hidden=\"true\" class=\"wp-block-spacer\"><\/div>\n\n\n\n<h2 class=\"wp-block-heading\">Acceso a los datos<\/h2>\n\n\n\n<p class=\"wp-block-paragraph\">Tiene derecho a solicitar una copia de la informaci\u00f3n que tenemos sobre usted. Si desea una copia de parte o de toda su informaci\u00f3n personal, siga las instrucciones al final de esta secci\u00f3n.<\/p>\n\n\n\n<p class=\"wp-block-paragraph\">Todos los datos proporcionados por los asistentes a WordCamp pueden ser vistos y modificados por el asistente a trav\u00e9s de la URL del token de acceso que se env\u00eda por correo electr\u00f3nico para confirmar que la compra del boleto se realiz\u00f3 correctamente.<\/p>\n\n\n\n<p class=\"wp-block-paragraph\">Las cuentas de usuario de WordPress.org se pueden editar siguiendo estos pasos:<\/p>\n\n\n\n<ol class=\"wp-block-list\">\n<li>Visite\u00a0<a href=\"https:\/\/login.wordpress.org\/\">https:\/\/login.wordpress.org\/<\/a>\u00a0e ingrese su nombre de usuario y contrase\u00f1a.<\/li>\n\n\n\n<li>Ser\u00e1 redirigido a https:\/\/profiles.wordpress.org\/your_username.<\/li>\n\n\n\n<li>Haga clic en el enlace &#8220;Editar&#8221; junto a su nombre de usuario.<\/li>\n<\/ol>\n\n\n\n<p class=\"wp-block-paragraph\">Si desea solicitar acceso a los datos de su cuenta, siga estos pasos:<\/p>\n\n\n\n<ol class=\"wp-block-list\">\n<li>Visita&nbsp;<a href=\"https:\/\/wordpress.org\/about\/privacy\/data-export-request\/\">https:\/\/wordpress.org\/about\/privacy\/data-export-request\/<\/a>.<\/li>\n\n\n\n<li>Ingrese su direcci\u00f3n de correo electr\u00f3nico.<\/li>\n\n\n\n<li>Haga clic en &#8220;Aceptar declaraci\u00f3n y solicitar exportaci\u00f3n&#8221;.<\/li>\n<\/ol>\n\n\n\n<p class=\"wp-block-paragraph\">Nota: Si tiene una cuenta de WP.org, le recomendamos que inicie sesi\u00f3n antes de enviarla para asociar su cuenta con la solicitud.<\/p>\n\n\n\n<div style=\"height:40px\" aria-hidden=\"true\" class=\"wp-block-spacer\"><\/div>\n\n\n\n<h2 class=\"wp-block-heading\">Retenci\u00f3n de informaci\u00f3n personal<\/h2>\n\n\n\n<p class=\"wp-block-paragraph\">Conservaremos su informaci\u00f3n personal en nuestros sistemas solo durante el tiempo que sea necesario para el \u00e9xito del proyecto de c\u00f3digo abierto de WordPress y los programas que admite WordPress.org. Conservamos informaci\u00f3n de contacto (como informaci\u00f3n de la lista de correo) hasta que un usuario cancela su suscripci\u00f3n o solicita que eliminemos esa informaci\u00f3n de nuestros sistemas en vivo. Si elige darse de baja de una lista de correo, podemos conservar cierta informaci\u00f3n limitada sobre usted para cumplir con su solicitud.<\/p>\n\n\n\n<p class=\"wp-block-paragraph\">WordPress.org no eliminar\u00e1 datos personales de los registros o registros necesarios para la operaci\u00f3n, el desarrollo o los archivos del proyecto de c\u00f3digo abierto de WordPress.<\/p>\n\n\n\n<p class=\"wp-block-paragraph\">WordPress.org conservar\u00e1 los datos de los asistentes a WordCamp durante 3 a\u00f1os para realizar un mejor seguimiento y fomentar el crecimiento de la comunidad, y luego eliminar\u00e1 autom\u00e1ticamente los datos no esenciales recopilados mediante el registro. Los nombres y direcciones de correo electr\u00f3nico de los asistentes se conservar\u00e1n indefinidamente para preservar nuestra capacidad de responder a los informes del c\u00f3digo de conducta.<\/p>\n\n\n\n<p class=\"wp-block-paragraph\">En los sitios de WordCamp.org, la informaci\u00f3n bancaria\/financiera recopilada como parte de una solicitud de reembolso se eliminar\u00e1 de WordCamp.org 7 d\u00edas despu\u00e9s de que la solicitud se marque como pagada. El motivo del per\u00edodo de retenci\u00f3n de 7 d\u00edas es evitar que los organizadores tengan que volver a ingresar sus datos bancarios si falla una transferencia o si un pago se ha marcado como &#8220;Pago&#8221; por error. Las facturas y recibos relacionados con los gastos de WordCamp se conservan durante 7 a\u00f1os despu\u00e9s del cierre de la auditor\u00eda del a\u00f1o calendario, bajo la direcci\u00f3n de nuestros consultores financieros (auditores y contables).<\/p>\n\n\n\n<p class=\"wp-block-paragraph\">Cuando se solicita o requiere la eliminaci\u00f3n, anonimizaremos a los interesados \u200b\u200by\/o eliminaremos su informaci\u00f3n de sitios de acceso p\u00fablico si la eliminaci\u00f3n de los datos alterar\u00eda los sistemas esenciales o da\u00f1ar\u00eda los registros o registros necesarios para la operaci\u00f3n, el desarrollo o los registros de archivo del proyecto de c\u00f3digo abierto de WordPress.<\/p>\n\n\n\n<p class=\"wp-block-paragraph\">Si desea solicitar la eliminaci\u00f3n de su cuenta y los datos asociados, siga estos pasos:<\/p>\n\n\n\n<ol class=\"wp-block-list\">\n<li>Visite&nbsp;<a href=\"https:\/\/wordpress.org\/about\/privacy\/data-erasure-request\/\">https:\/\/wordpress.org\/about\/privacy\/data-erasure-request\/<\/a>.<\/li>\n\n\n\n<li>Ingrese su direcci\u00f3n de correo electr\u00f3nico.<\/li>\n\n\n\n<li>Haga clic en &#8220;Aceptar estado de cuenta y solicitar la eliminaci\u00f3n permanente de la cuenta&#8221;.<\/li>\n<\/ol>\n\n\n\n<p class=\"wp-block-paragraph\">Nota: Si tiene una cuenta de WP.org, le recomendamos que inicie sesi\u00f3n antes de enviarla para asociar su cuenta con la solicitud.<\/p>\n\n\n\n<div style=\"height:40px\" aria-hidden=\"true\" class=\"wp-block-spacer\"><\/div>\n\n\n\n<h2 class=\"wp-block-heading\">Derechos en relaci\u00f3n con su informaci\u00f3n<\/h2>\n\n\n\n<p class=\"wp-block-paragraph\">Es posible que tenga ciertos derechos seg\u00fan la ley de protecci\u00f3n de datos en relaci\u00f3n con la informaci\u00f3n personal que tenemos sobre usted. En particular, podr\u00e1 tener derecho a:<\/p>\n\n\n\n<ul class=\"wp-block-list\">\n<li>solicitar una copia de la informaci\u00f3n personal que tenemos sobre usted;<\/li>\n\n\n\n<li>solicitar que actualicemos la informaci\u00f3n personal que tenemos sobre usted, o que corrijamos de forma independiente dicha informaci\u00f3n personal que considere incorrecta o incompleta;<\/li>\n\n\n\n<li>solicitar que eliminemos la informaci\u00f3n personal que tenemos sobre usted de los sistemas activos, o que restrinjamos la forma en que usamos esa informaci\u00f3n personal (para obtener informaci\u00f3n sobre la eliminaci\u00f3n de archivos, consulte la secci\u00f3n &#8220;Retenci\u00f3n de informaci\u00f3n personal&#8221;);<\/li>\n\n\n\n<li>oponerse a nuestro procesamiento de su informaci\u00f3n personal; y\/o<\/li>\n\n\n\n<li>retirar su consentimiento para que procesemos su informaci\u00f3n personal (en la medida en que dicho procesamiento se base en el consentimiento y el consentimiento sea la \u00fanica base permitida para el procesamiento).<\/li>\n<\/ul>\n\n\n\n<p class=\"wp-block-paragraph\">Si desea ejercer estos derechos o comprender si estos derechos se aplican a usted, siga las instrucciones al final de esta declaraci\u00f3n de privacidad.<\/p>\n\n\n\n<div style=\"height:40px\" aria-hidden=\"true\" class=\"wp-block-spacer\"><\/div>\n\n\n\n<h2 class=\"wp-block-heading\">Enlaces de terceros<\/h2>\n\n\n\n<p class=\"wp-block-paragraph\">Nuestro sitio web puede contener enlaces a otros sitios web proporcionados por terceros que no est\u00e1n bajo nuestro control. Cuando sigue un enlace y proporciona informaci\u00f3n a un sitio web de un tercero, tenga en cuenta que no somos responsables de los datos proporcionados a ese tercero. Esta pol\u00edtica de privacidad solo se aplica a los sitios web enumerados al principio de este documento, por lo que cuando visite otros sitios web, incluso cuando haga clic en un enlace publicado en WordPress.org, debe leer sus propias pol\u00edticas de privacidad.<\/p>\n\n\n\n<div style=\"height:40px\" aria-hidden=\"true\" class=\"wp-block-spacer\"><\/div>\n\n\n\n<h2 class=\"wp-block-heading\">Estad\u00edsticas agregadas<\/h2>\n\n\n\n<p class=\"wp-block-paragraph\">WordPress.org puede recopilar estad\u00edsticas sobre el comportamiento de los visitantes de sus sitios web. Por ejemplo, WordPress.org puede revelar cu\u00e1ntas veces se ha descargado una versi\u00f3n particular de WordPress o informar qu\u00e9 complementos son los m\u00e1s populares, seg\u00fan los datos recopilados por , un servicio web utilizado por las instalaciones de WordPress para buscar nuevas versiones de WordPress y complementos. . Sin embargo, WordPress.org no divulga informaci\u00f3n de identificaci\u00f3n personal distinta a la descrita en esta pol\u00edtica.api.wordpress.org<\/p>\n\n\n\n<div style=\"height:40px\" aria-hidden=\"true\" class=\"wp-block-spacer\"><\/div>\n\n\n\n<h2 class=\"wp-block-heading\">Cookies<\/h2>\n\n\n\n<p class=\"wp-block-paragraph\">Adem\u00e1s, la informaci\u00f3n sobre c\u00f3mo utiliza nuestros sitios web se recopila autom\u00e1ticamente mediante &#8220;cookies&#8221;. Las cookies son archivos de texto que se colocan en su computadora para recopilar informaci\u00f3n est\u00e1ndar de registro de Internet e informaci\u00f3n sobre el comportamiento de los visitantes. Esta informaci\u00f3n se utiliza para rastrear el uso que los visitantes hacen del sitio web y para compilar informes estad\u00edsticos sobre la actividad del sitio web.<\/p>\n\n\n\n<p class=\"wp-block-paragraph\">Consulte nuestra <a href=\"https:\/\/wordpress.org\/about\/privacy\/cookies\/\">pol\u00edtica de cookies <\/a>para obtener m\u00e1s informaci\u00f3n sobre qu\u00e9 cookies se recopilan en WordPress.org.<\/p>\n\n\n\n<div style=\"height:40px\" aria-hidden=\"true\" class=\"wp-block-spacer\"><\/div>\n\n\n\n<h2 class=\"wp-block-heading\">Cambios en la pol\u00edtica de privacidad<\/h2>\n\n\n\n<p class=\"wp-block-paragraph\">Aunque es probable que la mayor\u00eda de los cambios sean menores, WordPress.org puede cambiar su Pol\u00edtica de Privacidad de vez en cuando y a su entera discreci\u00f3n. WordPress.org anima a los visitantes a consultar con frecuencia esta p\u00e1gina para ver cambios en su Pol\u00edtica de Privacidad. Su uso continuado de este sitio despu\u00e9s de cualquier cambio a esta Pol\u00edtica de Privacidad constituir\u00e1 su aceptaci\u00f3n de dicho cambio.<\/p>\n\n\n\n<div style=\"height:40px\" aria-hidden=\"true\" class=\"wp-block-spacer\"><\/div>\n\n\n\n<h2 class=\"wp-block-heading\">Contacto<\/h2>\n\n\n\n<p class=\"wp-block-paragraph\">Tenga en cuenta que no podemos proporcionar ayuda ni informaci\u00f3n sobre otros sitios web, incluidos aquellos que pueden ejecutarse en el software de c\u00f3digo abierto de WordPress pero que est\u00e1n alojados por terceros.<\/p>\n\n\n\n<p class=\"wp-block-paragraph\">Le sugerimos que se comunique directamente con el propietario o autor del sitio. Para obtener m\u00e1s informaci\u00f3n sobre el host de su sitio o el registrador de dominio, puede utilizar estas herramientas:<\/p>\n\n\n\n<ul class=\"wp-block-list\">\n<li><a href=\"https:\/\/href.li\/?https:\/\/lookup.icann.org\">https:\/\/lookup.icann.org<\/a><\/li>\n\n\n\n<li><a href=\"https:\/\/href.li\/?https:\/\/www.whoishostingthis.com\/\">https:\/\/www.whoishostingthis.com\/<\/a><\/li>\n<\/ul>\n\n\n\n<p class=\"wp-block-paragraph\">Comun\u00edquese con nosotros si tiene alguna pregunta sobre nuestra pol\u00edtica de privacidad o la informaci\u00f3n que tenemos sobre usted enviando un correo electr\u00f3nico a dpo@wordpress.org.<\/p>\n<\/div>\n","protected":false},"excerpt":{"rendered":"<p>Informaci\u00f3n sobre la pol\u00edtica de privacidad<\/p>\n","protected":false},"author":17330482,"featured_media":0,"parent":3269,"menu_order":0,"comment_status":"closed","ping_status":"closed","template":"wp-custom-template-p-gina-es-sin-patros","meta":{"_crdt_document":"","advanced_seo_description":"","jetpack_seo_html_title":"","jetpack_seo_noindex":false,"jetpack_post_was_ever_published":false,"footnotes":""},"class_list":["post-3287","page","type-page","status-publish","hentry"],"jetpack_sharing_enabled":true,"_links":{"self":[{"href":"https:\/\/pontevedra.wordcamp.org\/2024\/wp-json\/wp\/v2\/pages\/3287","targetHints":{"allow":["GET"]}}],"collection":[{"href":"https:\/\/pontevedra.wordcamp.org\/2024\/wp-json\/wp\/v2\/pages"}],"about":[{"href":"https:\/\/pontevedra.wordcamp.org\/2024\/wp-json\/wp\/v2\/types\/page"}],"author":[{"embeddable":true,"href":"https:\/\/pontevedra.wordcamp.org\/2024\/wp-json\/wp\/v2\/users\/17330482"}],"replies":[{"embeddable":true,"href":"https:\/\/pontevedra.wordcamp.org\/2024\/wp-json\/wp\/v2\/comments?post=3287"}],"version-history":[{"count":4,"href":"https:\/\/pontevedra.wordcamp.org\/2024\/wp-json\/wp\/v2\/pages\/3287\/revisions"}],"predecessor-version":[{"id":3735,"href":"https:\/\/pontevedra.wordcamp.org\/2024\/wp-json\/wp\/v2\/pages\/3287\/revisions\/3735"}],"up":[{"embeddable":true,"href":"https:\/\/pontevedra.wordcamp.org\/2024\/wp-json\/wp\/v2\/pages\/3269"}],"wp:attachment":[{"href":"https:\/\/pontevedra.wordcamp.org\/2024\/wp-json\/wp\/v2\/media?parent=3287"}],"curies":[{"name":"wp","href":"https:\/\/api.w.org\/{rel}","templated":true}]}}