{"id":3291,"date":"2024-05-03T11:23:22","date_gmt":"2024-05-03T09:23:22","guid":{"rendered":"https:\/\/pontevedra.wordcamp.org\/2024\/?page_id=3291"},"modified":"2024-09-17T21:12:46","modified_gmt":"2024-09-17T19:12:46","slug":"taller-y-do_action","status":"publish","type":"page","link":"https:\/\/pontevedra.wordcamp.org\/2024\/es\/taller-y-do_action\/","title":{"rendered":"Taller y do_action hackathon"},"content":{"rendered":"\n<div class=\"wp-block-group has-global-padding is-layout-constrained wp-block-group-is-layout-constrained\" style=\"margin-bottom:0px;padding-top:48px;padding-bottom:48px\">\n<h2 class=\"wp-block-heading has-text-align-center has-accent-4-color has-text-color has-link-color wp-elements-eaf84f7bec0b8ab3ebee55dfdaa9994a\">Viernes, 20 de septiembre<\/h2>\n\n\n\n<p class=\"has-text-align-center has-medium-font-size wp-block-paragraph\">La Comunidad de WordPress Pontevedra hemos querido organizar unas actividades previas a la WordCamp en las que atraer gente nueva. Una forma de mostrar las posibilidades de esta <a href=\"https:\/\/es.wordpress.org\/\" data-type=\"link\" data-id=\"https:\/\/es.wordpress.org\/\" target=\"_blank\" rel=\"noreferrer noopener\">herramienta<\/a> y hacerles comprender que no son cosas solo de frikis.<\/p>\n\n\n\n<p class=\"has-text-align-center has-medium-font-size wp-block-paragraph\">Para ello, pensamos en coordinar <strong>dos actividades distintas<\/strong> en un mismo d\u00eda y lugar, en el que reunir a principiantes, usuarios e profesionales de WordPress.<\/p>\n\n\n\n<p class=\"has-text-align-center has-medium-font-size wp-block-paragraph\">Hemos pensado en este formato porque queremos ser un grupo abierto en el que cualquiera tenga su lugar y forme parte de la comunidad pontevedresa. Crear sinergias con otros grupos, colaborando con buenas causas y luchando contra la brecha digital.<\/p>\n<\/div>\n\n\n\n<div class=\"wp-block-group alignfull is-layout-flow wp-container-core-group-is-layout-c2db5122 wp-block-group-is-layout-flow\" style=\"padding-right:0px;padding-left:0px\">\n<figure class=\"wp-block-image alignfull size-large\"><img loading=\"lazy\" decoding=\"async\" width=\"1024\" height=\"47\" src=\"https:\/\/pontevedra.wordcamp.org\/2024\/files\/2024\/04\/onda_gris-1-1024x47.webp\" alt=\"\" class=\"wp-image-2396\" srcset=\"https:\/\/pontevedra.wordcamp.org\/2024\/files\/2024\/04\/onda_gris-1-1024x47.webp 1024w, https:\/\/pontevedra.wordcamp.org\/2024\/files\/2024\/04\/onda_gris-1-300x14.webp 300w, https:\/\/pontevedra.wordcamp.org\/2024\/files\/2024\/04\/onda_gris-1-768x36.webp 768w, https:\/\/pontevedra.wordcamp.org\/2024\/files\/2024\/04\/onda_gris-1-500x23.webp 500w, https:\/\/pontevedra.wordcamp.org\/2024\/files\/2024\/04\/onda_gris-1-1536x71.webp 1536w, https:\/\/pontevedra.wordcamp.org\/2024\/files\/2024\/04\/onda_gris-1.webp 1920w\" sizes=\"auto, (max-width: 1024px) 100vw, 1024px\" \/><\/figure>\n\n\n\n<div class=\"wp-block-group has-custom-gris-fondo-background-color has-background has-global-padding is-layout-constrained wp-container-core-group-is-layout-cdf2922d wp-block-group-is-layout-constrained\" style=\"padding-top:0px;padding-bottom:0px\">\n<div class=\"wp-block-media-text is-stacked-on-mobile\" style=\"padding-top:24px;padding-bottom:24px;grid-template-columns:40% auto\"><figure class=\"wp-block-media-text__media\"><img loading=\"lazy\" decoding=\"async\" width=\"504\" height=\"483\" src=\"https:\/\/pontevedra.wordcamp.org\/2024\/files\/2024\/05\/taller_2.webp\" alt=\"\" class=\"wp-image-3061 size-full\" srcset=\"https:\/\/pontevedra.wordcamp.org\/2024\/files\/2024\/05\/taller_2.webp 504w, https:\/\/pontevedra.wordcamp.org\/2024\/files\/2024\/05\/taller_2-300x288.webp 300w, https:\/\/pontevedra.wordcamp.org\/2024\/files\/2024\/05\/taller_2-313x300.webp 313w\" sizes=\"auto, (max-width: 504px) 100vw, 504px\" \/><\/figure><div class=\"wp-block-media-text__content\">\n<h2 class=\"wp-block-heading has-text-align-left has-accent-4-color has-text-color has-link-color has-large-font-size wp-elements-2ed4157c702a7f3cfa5533295d4110dc\"><strong>Taller de iniciaci\u00f3n<\/strong><\/h2>\n\n\n\n<p class=\"has-medium-font-size wp-block-paragraph\">Esta actividad est\u00e1 pensada para cualquiera que le interese descubrir c\u00f3mo va eso de crear webs. Que siempre haya querido ter unha web pero que tenga pereza, o que le parezca demasiado complicado para hacerlo por su cuenta.<\/p>\n\n\n\n<p class=\"has-medium-font-size wp-block-paragraph\">De la mano de un\/a gran profesional, te adentrar\u00e1s en el mundo de WordPress y <strong>descubrir\u00e1s lo simple y r\u00e1pido que es crear una web con este gestor.<\/strong><\/p>\n<\/div><\/div>\n\n\n\n<div class=\"wp-block-media-text has-media-on-the-right is-stacked-on-mobile\" style=\"padding-top:24px;padding-bottom:24px;grid-template-columns:auto 40%\"><div class=\"wp-block-media-text__content\">\n<h2 class=\"wp-block-heading has-text-align-left has-accent-4-color has-text-color has-link-color has-large-font-size wp-elements-5a4952263d818ab974f2e98f5dd624bf\"><strong><strong>do_action hackathon<\/strong><\/strong><\/h2>\n\n\n\n<p class=\"has-medium-font-size wp-block-paragraph\">do_action, simplemente es la forma que tiene la Comunidad de WordPress de nombrar a un evento en el que nos reunimos para planificar y crear el sitio web de unas organizaciones sin \u00e1nimo de lucro de \u00e1mbito local en un solo d\u00eda.<\/p>\n\n\n\n<p class=\"has-medium-font-size wp-block-paragraph\">Gracias a los participantes del taller de iniciaci\u00f3n, a calquera que quiera participar, y a la Comunidade de WordPress, conseguiremos mejorar la visibilidad e presencia digital de estas asociaciones para ayudar a que sus proyectos tengan un mayor alcance.<\/p>\n<\/div><figure class=\"wp-block-media-text__media\"><img loading=\"lazy\" decoding=\"async\" width=\"505\" height=\"340\" src=\"https:\/\/pontevedra.wordcamp.org\/2024\/files\/2024\/05\/do_action_2.webp\" alt=\"\" class=\"wp-image-3062 size-full\" srcset=\"https:\/\/pontevedra.wordcamp.org\/2024\/files\/2024\/05\/do_action_2.webp 505w, https:\/\/pontevedra.wordcamp.org\/2024\/files\/2024\/05\/do_action_2-300x202.webp 300w, https:\/\/pontevedra.wordcamp.org\/2024\/files\/2024\/05\/do_action_2-446x300.webp 446w\" sizes=\"auto, (max-width: 505px) 100vw, 505px\" \/><\/figure><\/div>\n\n\n\n<div style=\"height:40px\" aria-hidden=\"true\" class=\"wp-block-spacer\"><\/div>\n<\/div>\n<\/div>\n\n\n\n<div class=\"wp-block-group has-global-padding is-layout-constrained wp-block-group-is-layout-constrained\" style=\"margin-bottom:48px;padding-top:27px;padding-bottom:27px\">\n<p class=\"has-text-align-center wp-block-paragraph\" style=\"font-size:clamp(15.747px, 0.984rem + ((1vw - 3.2px) * 1.006), 24px);\"><strong>IMPORTANTE:<\/strong><\/p>\n\n\n\n<p class=\"has-text-align-center has-medium-font-size wp-block-paragraph\">Tanto el <strong>Taller de Iniciaci\u00f3n como el do_action son gratuitos e independientes de la celebraci\u00f3n de la WordCamp<\/strong> al d\u00eda seguinte.<\/p>\n\n\n\n<p class=\"has-text-align-center wp-block-paragraph\">An\u00edmate a participar y ser parte de nuestra comunidad!<\/p>\n\n\n\n<div class=\"wp-block-buttons is-content-justification-center is-layout-flex wp-container-core-buttons-is-layout-0aa01211 wp-block-buttons-is-layout-flex\">\n<div class=\"wp-block-button is-style-fill sombra-verde\"><a class=\"wp-block-button__link has-base-2-color has-accent-4-background-color has-text-color has-background has-link-color has-border-color wp-element-button\" href=\"https:\/\/pontevedra.wordcamp.org\/2024\/es\/participar-taller-do_action\/\" style=\"border-color:#35ff69;border-radius:0px;padding-top:4px;padding-right:24px;padding-bottom:4px;padding-left:24px\">Participar<\/a><\/div>\n<\/div>\n<\/div>\n\n\n\n<div class=\"wp-block-group alignfull has-accent-4-background-color has-background is-layout-flow wp-block-group-is-layout-flow\" style=\"margin-top:0px;margin-bottom:0px;padding-top:48px;padding-right:4%;padding-bottom:48px;padding-left:4%\">\n<h2 class=\"wp-block-heading has-text-align-center con-interrogante has-accent-3-color has-text-color has-link-color wp-elements-5c7b3bcd4f10c0e1c3c230b3dc5199ad\"><span class=\"inv-question-mark\"><strong>\u00bf<\/strong><\/span>A\u00fan no tienes tu entrada?&nbsp;<\/h2>\n\n\n\n<p class=\"has-text-align-center has-base-2-color has-text-color has-link-color wp-elements-a3d200dfc231a1bde71da91109507270 wp-block-paragraph\">Si quieres acudir a las Conferencias y al D\u00eda de la Comunidad, no te olvides de comprar tu entrada<\/p>\n\n\n\n<div class=\"wp-block-buttons is-content-justification-center is-layout-flex wp-container-core-buttons-is-layout-ff57ccb5 wp-block-buttons-is-layout-flex\" style=\"margin-top:24px;margin-bottom:24px\">\n<div class=\"wp-block-button is-style-fill sombra-verde\"><a class=\"wp-block-button__link has-accent-4-color has-base-2-background-color has-text-color has-background has-link-color has-border-color wp-element-button\" href=\"https:\/\/pontevedra.wordcamp.org\/2024\/es\/entradas\/\" style=\"border-color:#35ff69;border-radius:0px;padding-top:4px;padding-bottom:4px\">Comprar entrada<\/a><\/div>\n<\/div>\n<\/div>\n\n\n\n<div style=\"height:40px\" aria-hidden=\"true\" class=\"wp-block-spacer\"><\/div>\n\n\n\n<h2 class=\"wp-block-heading has-text-align-center has-accent-4-color has-text-color has-link-color wp-elements-7efacc85791abf166ac8cd033f1ba039\">Patrocinadores del taller y do_action<\/h2>\n\n\n\n<figure class=\"wp-block-gallery has-nested-images columns-default wp-block-gallery-1 is-layout-flex wp-block-gallery-is-layout-flex\">\n<figure class=\"wp-block-image size-medium\"><img decoding=\"async\" data-id=\"3954\" src=\"https:\/\/pontevedra.wordcamp.org\/2022\/files\/2022\/09\/logo_asociacion_pontupstore_horizontal_color_2022-300x138.png\" alt=\"\" class=\"wp-image-3954\" \/><\/figure>\n\n\n\n<figure class=\"wp-block-image size-full\"><img decoding=\"async\" data-id=\"212\" src=\"https:\/\/pontevedra.wordcamp.org\/2023\/files\/2023\/04\/siteground.jpg\" alt=\"SiteGround\" class=\"wp-image-212\" \/><\/figure>\n\n\n\n<figure class=\"wp-block-image size-full\"><img decoding=\"async\" data-id=\"222\" src=\"https:\/\/pontevedra.wordcamp.org\/2023\/files\/2023\/04\/lucushost.jpg\" alt=\"LucusHost\" class=\"wp-image-222\" \/><\/figure>\n<\/figure>\n","protected":false},"excerpt":{"rendered":"<p>Explicaci\u00f3n e informaci\u00f3n sobre el taller de iniciaci\u00f3n a WordPress y del do_action hackathon<\/p>\n","protected":false},"author":17330482,"featured_media":3062,"parent":3269,"menu_order":0,"comment_status":"closed","ping_status":"closed","template":"wp-custom-template-p-ginas-espa-ol","meta":{"_crdt_document":"","advanced_seo_description":"","jetpack_seo_html_title":"","jetpack_seo_noindex":false,"jetpack_post_was_ever_published":false,"footnotes":""},"class_list":["post-3291","page","type-page","status-publish","has-post-thumbnail","hentry"],"jetpack_sharing_enabled":true,"_links":{"self":[{"href":"https:\/\/pontevedra.wordcamp.org\/2024\/wp-json\/wp\/v2\/pages\/3291","targetHints":{"allow":["GET"]}}],"collection":[{"href":"https:\/\/pontevedra.wordcamp.org\/2024\/wp-json\/wp\/v2\/pages"}],"about":[{"href":"https:\/\/pontevedra.wordcamp.org\/2024\/wp-json\/wp\/v2\/types\/page"}],"author":[{"embeddable":true,"href":"https:\/\/pontevedra.wordcamp.org\/2024\/wp-json\/wp\/v2\/users\/17330482"}],"replies":[{"embeddable":true,"href":"https:\/\/pontevedra.wordcamp.org\/2024\/wp-json\/wp\/v2\/comments?post=3291"}],"version-history":[{"count":15,"href":"https:\/\/pontevedra.wordcamp.org\/2024\/wp-json\/wp\/v2\/pages\/3291\/revisions"}],"predecessor-version":[{"id":7429,"href":"https:\/\/pontevedra.wordcamp.org\/2024\/wp-json\/wp\/v2\/pages\/3291\/revisions\/7429"}],"up":[{"embeddable":true,"href":"https:\/\/pontevedra.wordcamp.org\/2024\/wp-json\/wp\/v2\/pages\/3269"}],"wp:featuredmedia":[{"embeddable":true,"href":"https:\/\/pontevedra.wordcamp.org\/2024\/wp-json\/wp\/v2\/media\/3062"}],"wp:attachment":[{"href":"https:\/\/pontevedra.wordcamp.org\/2024\/wp-json\/wp\/v2\/media?parent=3291"}],"curies":[{"name":"wp","href":"https:\/\/api.w.org\/{rel}","templated":true}]}}