{"id":7,"date":"2024-01-23T21:07:54","date_gmt":"2024-01-23T20:07:54","guid":{"rendered":"https:\/\/pontevedra.wordcamp.org\/2024\/schedule\/"},"modified":"2024-07-17T11:20:49","modified_gmt":"2024-07-17T09:20:49","slug":"programa","status":"publish","type":"page","link":"https:\/\/pontevedra.wordcamp.org\/2024\/programa\/","title":{"rendered":"Programa"},"content":{"rendered":"\n<div class=\"wp-block-group has-global-padding is-layout-constrained wp-block-group-is-layout-constrained\" style=\"padding-top:48px;padding-bottom:48px\">\n<p class=\"has-text-align-center wp-block-paragraph\">O programa da WordCamp Pontevedra informa dos horarios das diferentes actividades a realizar os d\u00edas:<\/p>\n\n\n\n<div class=\"wp-block-columns is-layout-flex wp-container-core-columns-is-layout-77c5b036 wp-block-columns-is-layout-flex\" style=\"padding-top:24px;padding-bottom:24px\">\n<div class=\"wp-block-column is-layout-flow wp-block-column-is-layout-flow\">\n<figure class=\"wp-block-image aligncenter size-full is-resized\"><a href=\"#venres\"><img loading=\"lazy\" decoding=\"async\" width=\"128\" height=\"128\" src=\"https:\/\/pontevedra.wordcamp.org\/2024\/files\/2024\/04\/venres-1.webp\" alt=\"20 venres\" class=\"wp-image-2795\" style=\"object-fit:cover;width:128px;height:128px\" \/><\/a><\/figure>\n\n\n\n<p class=\"has-text-align-center wp-block-paragraph\"><strong>Taller<\/strong> de iniciaci\u00f3n a WordPress e<strong> do_action<\/strong> hackathon<\/p>\n<\/div>\n\n\n\n<div class=\"wp-block-column is-layout-flow wp-block-column-is-layout-flow\">\n<figure class=\"wp-block-image aligncenter size-full is-resized\"><a href=\"#sabado\"><img loading=\"lazy\" decoding=\"async\" width=\"128\" height=\"128\" src=\"https:\/\/pontevedra.wordcamp.org\/2024\/files\/2024\/04\/sabado-1.webp\" alt=\"21 s\u00e1bado\" class=\"wp-image-2794\" style=\"object-fit:cover;width:128px;height:128px\" \/><\/a><\/figure>\n\n\n\n<p class=\"has-text-align-center wp-block-paragraph\"><strong>Conferencias<\/strong> sobre WordPress e emprendemento<\/p>\n<\/div>\n\n\n\n<div class=\"wp-block-column is-layout-flow wp-block-column-is-layout-flow\">\n<figure class=\"wp-block-image aligncenter size-full is-resized\"><a href=\"#domingo\"><img loading=\"lazy\" decoding=\"async\" width=\"128\" height=\"128\" src=\"https:\/\/pontevedra.wordcamp.org\/2024\/files\/2024\/04\/domingo-1.webp\" alt=\"22 domingo\" class=\"wp-image-2793\" style=\"object-fit:cover;width:128px;height:128px\" \/><\/a><\/figure>\n\n\n\n<p class=\"has-text-align-center wp-block-paragraph\"><strong>D\u00eda da comunidade<\/strong> con mesas de traballo colaborativo<\/p>\n<\/div>\n<\/div>\n\n\n\n<p class=\"has-text-align-center wp-block-paragraph\">As sesi\u00f3ns son seleccionadas entre as propostas que usuarios e profesionais de WordPress presentan co \u00fanico fin de compartir a s\u00faa experiencia e co\u00f1ecementos, sen cobrar nada a cambio.<\/p>\n\n\n\n<p class=\"has-text-align-center wp-block-paragraph\">Este ano, propux\u00e9monos crear un programa centrado no emprendemento, en ter un negocio rentable, c\u00f3mo WordPress nos pode axudar nesta aventura. Para iso, buscamos profesionais con <strong>ideas innovadoras<\/strong>, <strong>historias que inspiren a outros<\/strong> ou quiz\u00e1is <strong>consellos pr\u00e1cticos<\/strong> que nos sirvan para aplicar \u00f3s nosos proxectos.<\/p>\n\n\n\n<div style=\"height:24px\" aria-hidden=\"true\" class=\"wp-block-spacer\"><\/div>\n<\/div>\n\n\n\n<div style=\"height:100px\" aria-hidden=\"true\" id=\"venres\" class=\"wp-block-spacer\"><\/div>\n\n\n\n<div\n\tclass=\"wp-block-wordcamp-schedule alignwide is-loading\"\n\t\tdata-attributes=\"{&quot;__isStylesPreview&quot;:false,&quot;align&quot;:&quot;wide&quot;,&quot;chooseSpecificDays&quot;:true,&quot;chosenDays&quot;:[&quot;2024-09-20&quot;],&quot;chooseSpecificTracks&quot;:true,&quot;chosenTrackIds&quot;:[51,55],&quot;showCategories&quot;:true,&quot;useClientTimezone&quot;:false,&quot;metadata&quot;:{&quot;name&quot;:&quot;20 setembro&quot;}}\"\n>\n\tCargando&#8230;<\/div>\n\n\n\t<div class=\"email-form fav-session-email-form-hide\">\n\t\t<!-- Tab links -->\n\t\t<div class=\"fav-session-share-tab\">\n\t\t\t\t\t\t\t<div class=\"fav-session-tablinks\" id=\"fav-session-btn-email\">\n\t\t\t\t\tEmail\t\t\t\t<\/div>\n\t\t\t\n\t\t\t<div class=\"fav-session-tablinks\" id=\"fav-session-btn-link\">\n\t\t\t\tLigaz\u00f3n\t\t\t<\/div>\n\n\t\t\t<div class=\"fav-session-tablinks\" id=\"fav-session-btn-print\">\n\t\t\t\tImprimir\t\t\t<\/div>\n\t\t<\/div>\n\n\t\t<!-- Tab content -->\n\t\t\t\t\t<div id=\"fav-session-tab-email\" class=\"fav-session-share-tabcontent\">\n\t\t\t\t<div id=\"fav-session-email-form\">\n\t\t\t\t\tEnviarme as mi\u00f1as sesi\u00f3ns favoritas:\n\t\t\t\t\t<form id=\"fav-sessions-form\">\n\t\t\t\t\t\t<input\n\t\t\t\t\t\t\ttype=\"text\"\n\t\t\t\t\t\t\tname=\"email_address\"\n\t\t\t\t\t\t\tid=\"fav-sessions-email-address\"\n\t\t\t\t\t\t\tplaceholder=\"me@protonmail.com\"\n\t\t\t\t\t\t\/>\n\t\t\t\t\t\t<input type=\"submit\" value=\"Enviar\" \/>\n\t\t\t\t\t<\/form>\n\t\t\t\t<\/div>\n\n\t\t\t\t<div class=\"fav-session-email-wait-spinner\"><\/div>\n\t\t\t\t<div class=\"fav-session-email-result\"><\/div>\n\t\t\t<\/div>\n\t\t\n\t\t<div id=\"fav-session-tab-link\" class=\"fav-session-share-tabcontent\">\n\t\t\tLigaz\u00f3n compartible:\t\t\t<br \/>\n\t\t\t<a id=\"fav-sessions-link\" href=\"\"><\/a>\n\t\t<\/div>\n\n\t\t<div id=\"fav-session-tab-print\" class=\"fav-session-share-tabcontent\">\n\t\t\t<button id=\"fav-session-print\">\n\t\t\t\tImprimir sesi\u00f3ns favoritas\t\t\t<\/button>\n\t\t<\/div>\n\t<\/div>\n\n\t<a class=\"show-email-form\" href=\"javascript:\">\n\t\t<span class=\"dashicons dashicons-star-filled\"><\/span>\n\t\t<span class=\"dashicons dashicons-email-alt\"><\/span>\n\t<\/a>\n\n\t\n\n\n<div style=\"height:100px\" aria-hidden=\"true\" id=\"sabado\" class=\"wp-block-spacer\"><\/div>\n\n\n\n<div\n\tclass=\"wp-block-wordcamp-schedule alignwide is-loading\"\n\t\tdata-attributes=\"{&quot;__isStylesPreview&quot;:false,&quot;align&quot;:&quot;wide&quot;,&quot;chooseSpecificDays&quot;:true,&quot;chosenDays&quot;:[&quot;2024-09-21&quot;],&quot;chooseSpecificTracks&quot;:true,&quot;chosenTrackIds&quot;:[51,55],&quot;showCategories&quot;:true,&quot;useClientTimezone&quot;:false,&quot;metadata&quot;:{&quot;name&quot;:&quot;21 setembro&quot;}}\"\n>\n\tCargando&#8230;<\/div>\n\n\n\n\n<div style=\"height:100px\" aria-hidden=\"true\" id=\"domingo\" class=\"wp-block-spacer\"><\/div>\n\n\n\n<div\n\tclass=\"wp-block-wordcamp-schedule alignwide is-loading\"\n\t\tdata-attributes=\"{&quot;__isStylesPreview&quot;:false,&quot;align&quot;:&quot;wide&quot;,&quot;chooseSpecificDays&quot;:true,&quot;chosenDays&quot;:[&quot;2024-09-22&quot;],&quot;chooseSpecificTracks&quot;:true,&quot;chosenTrackIds&quot;:[51,55],&quot;showCategories&quot;:true,&quot;useClientTimezone&quot;:false,&quot;metadata&quot;:{&quot;name&quot;:&quot;22 setembro&quot;}}\"\n>\n\tCargando&#8230;<\/div>\n\n","protected":false},"excerpt":{"rendered":"<p>Horarios e actividades da WordCamp Pontevedra 2024<\/p>\n","protected":false},"author":17330482,"featured_media":0,"parent":0,"menu_order":0,"comment_status":"closed","ping_status":"closed","template":"wp-custom-template-p-xinas-gl","meta":{"_crdt_document":"","advanced_seo_description":"","jetpack_seo_html_title":"","jetpack_seo_noindex":false,"jetpack_post_was_ever_published":false,"footnotes":""},"class_list":["post-7","page","type-page","status-publish","hentry"],"jetpack_sharing_enabled":true,"_links":{"self":[{"href":"https:\/\/pontevedra.wordcamp.org\/2024\/wp-json\/wp\/v2\/pages\/7","targetHints":{"allow":["GET"]}}],"collection":[{"href":"https:\/\/pontevedra.wordcamp.org\/2024\/wp-json\/wp\/v2\/pages"}],"about":[{"href":"https:\/\/pontevedra.wordcamp.org\/2024\/wp-json\/wp\/v2\/types\/page"}],"author":[{"embeddable":true,"href":"https:\/\/pontevedra.wordcamp.org\/2024\/wp-json\/wp\/v2\/users\/17330482"}],"replies":[{"embeddable":true,"href":"https:\/\/pontevedra.wordcamp.org\/2024\/wp-json\/wp\/v2\/comments?post=7"}],"version-history":[{"count":25,"href":"https:\/\/pontevedra.wordcamp.org\/2024\/wp-json\/wp\/v2\/pages\/7\/revisions"}],"predecessor-version":[{"id":6234,"href":"https:\/\/pontevedra.wordcamp.org\/2024\/wp-json\/wp\/v2\/pages\/7\/revisions\/6234"}],"wp:attachment":[{"href":"https:\/\/pontevedra.wordcamp.org\/2024\/wp-json\/wp\/v2\/media?parent=7"}],"curies":[{"name":"wp","href":"https:\/\/api.w.org\/{rel}","templated":true}]}}